{"id":17677,"date":"2025-10-18T20:43:53","date_gmt":"2025-10-18T12:43:53","guid":{"rendered":"https:\/\/green-grasshopper-921422.hostingersite.com\/?post_type=product&#038;p=17677"},"modified":"2026-03-31T04:20:40","modified_gmt":"2026-03-31T02:20:40","slug":"razz-bar-30000-puffs-vape-desechable","status":"publish","type":"product","link":"https:\/\/agoravape.com\/es\/product\/razz-bar-30000-puffs-disposable-vape\/","title":{"rendered":"Razz Bar 30000 Puffs - Vape desechable recargable | Gran capacidad. Sabor sencillo."},"content":{"rendered":"<h2 data-v-md-heading=\"what-is-special-about-the-razz-bar-30000-rechargeable-disposable-vape\" data-v-md-line=\"3\"><img loading=\"lazy\" decoding=\"async\" class=\"aligncenter size-full wp-image-17689\" src=\"https:\/\/agoravape.com\/wp-content\/uploads\/2025\/10\/Razz-bar-30000-Puffs-Rechargeable-Disposable-Vape_Agora_vape-3.webp\" alt=\"\" width=\"2000\" height=\"2000\" srcset=\"https:\/\/agoravape.com\/wp-content\/uploads\/2025\/10\/Razz-bar-30000-Puffs-Rechargeable-Disposable-Vape_Agora_vape-3.webp 2000w, https:\/\/agoravape.com\/wp-content\/uploads\/2025\/10\/Razz-bar-30000-Puffs-Rechargeable-Disposable-Vape_Agora_vape-3-600x600.webp 600w, https:\/\/agoravape.com\/wp-content\/uploads\/2025\/10\/Razz-bar-30000-Puffs-Rechargeable-Disposable-Vape_Agora_vape-3-1200x1200.webp 1200w, https:\/\/agoravape.com\/wp-content\/uploads\/2025\/10\/Razz-bar-30000-Puffs-Rechargeable-Disposable-Vape_Agora_vape-3-300x300.webp 300w, https:\/\/agoravape.com\/wp-content\/uploads\/2025\/10\/Razz-bar-30000-Puffs-Rechargeable-Disposable-Vape_Agora_vape-3-1024x1024.webp 1024w, https:\/\/agoravape.com\/wp-content\/uploads\/2025\/10\/Razz-bar-30000-Puffs-Rechargeable-Disposable-Vape_Agora_vape-3-150x150.webp 150w, https:\/\/agoravape.com\/wp-content\/uploads\/2025\/10\/Razz-bar-30000-Puffs-Rechargeable-Disposable-Vape_Agora_vape-3-768x768.webp 768w, https:\/\/agoravape.com\/wp-content\/uploads\/2025\/10\/Razz-bar-30000-Puffs-Rechargeable-Disposable-Vape_Agora_vape-3-1536x1536.webp 1536w\" sizes=\"auto, (max-width: 2000px) 100vw, 2000px\" \/><\/h2>\n<h2 data-v-md-heading=\"what-is-special-about-the-razz-bar-30000-rechargeable-disposable-vape\" data-v-md-line=\"3\">\u00bfQu\u00e9 tiene de especial el vaporizador desechable recargable Razz Bar 30000?<\/h2>\n<p data-v-md-line=\"4\">Si est\u00e1s cansado de los vapeadores que se descatalogan entre semana, este producto sin duda te ayudar\u00e1. El Razz Bar ofrece una capacidad de hasta 30\u00a0000 caladas y una bater\u00eda recargable de 650 mAh, lo que te permite aprovechar al m\u00e1ximo el e-l\u00edquido que compres.<\/p>\n<p data-v-md-line=\"6\">Si buscas un vapeo confiable, delicioso y sin complicaciones, Razz Bar es tu opci\u00f3n ideal. Sin botones ni men\u00fas. Con una succi\u00f3n suave y un sabor estable, es f\u00e1cil de transportar.<\/p>\n<h2 data-v-md-heading=\"excellent-performance-easy-and-convenient\" data-v-md-line=\"8\">Excellent performance, easy and convenient<\/h2>\n<p data-v-md-line=\"9\">La resistencia y la entrada de aire se han ajustado cuidadosamente para ofrecer una experiencia limpia y consistente, haciendo que tu primer bocado sea tan delicioso como el mil\u00e9simo. Cuando la bater\u00eda est\u00e9 baja, simplemente con\u00e9ctalo y c\u00e1rgalo completamente. La carga r\u00e1pida permite restaurar el uso sin necesidad de reemplazar dispositivos ni desperdiciar energ\u00eda.<\/p>\n<p data-v-md-line=\"11\">Puede pensar que un vaporizador de tanta capacidad es voluminoso, pero se sorprender\u00e1 al descubrir que puede llevarse f\u00e1cilmente a casa todos los d\u00edas.<\/p>\n<h2 data-v-md-heading=\"specification-introduction\" data-v-md-line=\"13\">Specification Introduction<\/h2>\n<ul data-v-md-line=\"14\">\n<li>Suction frequency: up to 30000 times<\/li>\n<li>Contenido de nicotina: 2% y 5% opcional<\/li>\n<li>Working principle: Activate with just one puff<\/li>\n<li>M\u00e9todo de carga: Se puede cargar a trav\u00e9s de un puerto USB est\u00e1ndar.<\/li>\n<li>Capacidad de la bater\u00eda: 650 mAh<\/li>\n<li>Status: Ready to use out of the box<\/li>\n<\/ul>\n<h2 data-v-md-heading=\"full-range-of-flavors\" data-v-md-line=\"21\">Gama completa de sabores<\/h2>\n<ul data-v-md-line=\"22\">\n<li>Mel\u00f3n triple dulce<\/li>\n<li>Strawberry Ice<\/li>\n<li>manzanas agrias<\/li>\n<li>Mango, melocot\u00f3n, sand\u00eda<\/li>\n<li>Fresa y pl\u00e1tano<\/li>\n<li>Pista de hielo azul<\/li>\n<li>Peach Ice<\/li>\n<li>Strawberry kiwi fruit<\/li>\n<li>Watermelon Ice<\/li>\n<li>Sue\u00f1os de verano<\/li>\n<li>Sand\u00eda fresa<\/li>\n<li>Mixed berries<\/li>\n<li>Pista de hielo azul<\/li>\n<li>Lemon and lime<\/li>\n<li>Coca Cola Ice<\/li>\n<li>Hielo de mora<\/li>\n<\/ul>\n<h2 data-v-md-heading=\"for-you-and-your-business\" data-v-md-line=\"39\">For you and your business<\/h2>\n<p data-v-md-line=\"40\">Puedes comprar Razz Bar 30000 para uso personal o para tu tienda. Cajas de cart\u00f3n al por mayor de 200 unidades por caja, con precios razonables y f\u00e1cil reposici\u00f3n.<\/p>\n<p data-v-md-line=\"42\">Ofrecemos servicios de entrega DDP en toda Europa a trav\u00e9s de socios de confianza como UPS, DPD y DHL, lo que permite gestionar con antelaci\u00f3n los aranceles y las tasas aduaneras, adem\u00e1s de ofrecer servicios de seguimiento puerta a puerta. Las normativas pueden variar seg\u00fan el pa\u00eds, por lo que le recomendamos consultar la normativa local sobre el tama\u00f1o del dispositivo y la concentraci\u00f3n de nicotina antes de publicar o comprar.<\/p>\n<h2 data-v-md-heading=\"why-do-you-like-it\" data-v-md-line=\"44\">Why do you like it<\/h2>\n<ul data-v-md-line=\"45\">\n<li>Gran capacidad para fumar: mayor duraci\u00f3n de la bater\u00eda, sin necesidad de reemplazar los vaporizadores con frecuencia.<\/li>\n<li>Selecci\u00f3n de concentraci\u00f3n de nicotina: Elija una concentraci\u00f3n de nicotina del 2% o del 5% seg\u00fan su preferencia<\/li>\n<li>Recargable: reponga r\u00e1pidamente el e-l\u00edquido sin desechar la mitad del dispositivo<\/li>\n<li>Rendimiento estable de la bobina: disfrute de una experiencia de succi\u00f3n estable y deliciosa en todo momento.<\/li>\n<\/ul>\n<h2 data-v-md-heading=\"why-choose-to-collaborate-with-agoravape\" data-v-md-line=\"50\">Why choose to collaborate with AgoraVape?<\/h2>\n<p data-v-md-line=\"51\">Ofrecemos \u00fanicamente productos 100 % genuinos, con precios transparentes y un servicio de atenci\u00f3n al cliente r\u00e1pido. Los compradores que adquieran 30\u00a0000 vapeadores desechables recargables de Razz Bar disfrutar\u00e1n de precios al por mayor altamente competitivos, un servicio al cliente confiable y entregas DDP r\u00e1pidas y fiables. Si desea un vape duradero y que valga la pena devolver, cont\u00e1ctenos.<\/p>","protected":false},"excerpt":{"rendered":"<p>&nbsp;<\/p>","protected":false},"featured_media":17694,"comment_status":"open","ping_status":"closed","template":"","meta":[],"product_brand":[236],"product_cat":[124,185,189,1637,194,1674,174,175,193,163,191,173,186,180,190],"product_tag":[],"class_list":{"0":"post-17677","1":"product","2":"type-product","3":"status-publish","4":"has-post-thumbnail","6":"product_brand-razz-bar","7":"product_cat-vape-by-brand","8":"product_cat-10000-puffs-high-capacity","9":"product_cat-20mg-standard-nicotine-vapes","10":"product_cat-30000-puffs","11":"product_cat-adjustable-airflow","12":"product_cat-eu-warehouse","13":"product_cat-fruit-flavors","14":"product_cat-icy-mint","15":"product_cat-mesh-coil","16":"product_cat-razz-bar","17":"product_cat-rechargeable-disposables","18":"product_cat-vape-by-flavor-profile","19":"product_cat-vape-by-nicotine-strength","20":"product_cat-vape-by-puff-count","21":"product_cat-vape-by-feature-or-type","23":"first","24":"instock","25":"shipping-taxable","26":"purchasable","27":"product-type-variable","28":"has-default-attributes"},"tiered_pricing_type":"percentage","tiered_pricing_fixed_rules":[],"tiered_pricing_product_settings":{"layout":"default","base_unit_name":{"singular":null,"plural":null},"default_variation":null},"tiered_pricing_minimum_quantity":50,"tiered_pricing_roles_data":[],"tiered_pricing_percentage_rules":{"100":"40","200":"44","500":"47","1000":"49"},"tiered_pricing_maximum_quantity":null,"tiered_pricing_quantity_step":"10","_links":{"self":[{"href":"https:\/\/agoravape.com\/es\/wp-json\/wp\/v2\/product\/17677","targetHints":{"allow":["GET"]}}],"collection":[{"href":"https:\/\/agoravape.com\/es\/wp-json\/wp\/v2\/product"}],"about":[{"href":"https:\/\/agoravape.com\/es\/wp-json\/wp\/v2\/types\/product"}],"replies":[{"embeddable":true,"href":"https:\/\/agoravape.com\/es\/wp-json\/wp\/v2\/comments?post=17677"}],"version-history":[{"count":1,"href":"https:\/\/agoravape.com\/es\/wp-json\/wp\/v2\/product\/17677\/revisions"}],"predecessor-version":[{"id":29811,"href":"https:\/\/agoravape.com\/es\/wp-json\/wp\/v2\/product\/17677\/revisions\/29811"}],"wp:featuredmedia":[{"embeddable":true,"href":"https:\/\/agoravape.com\/es\/wp-json\/wp\/v2\/media\/17694"}],"wp:attachment":[{"href":"https:\/\/agoravape.com\/es\/wp-json\/wp\/v2\/media?parent=17677"}],"wp:term":[{"taxonomy":"product_brand","embeddable":true,"href":"https:\/\/agoravape.com\/es\/wp-json\/wp\/v2\/product_brand?post=17677"},{"taxonomy":"product_cat","embeddable":true,"href":"https:\/\/agoravape.com\/es\/wp-json\/wp\/v2\/product_cat?post=17677"},{"taxonomy":"product_tag","embeddable":true,"href":"https:\/\/agoravape.com\/es\/wp-json\/wp\/v2\/product_tag?post=17677"}],"curies":[{"name":"wp","href":"https:\/\/api.w.org\/{rel}","templated":true}]}}