{"id":17707,"date":"2025-10-18T21:04:07","date_gmt":"2025-10-18T13:04:07","guid":{"rendered":"https:\/\/green-grasshopper-921422.hostingersite.com\/?post_type=product&#038;p=17707"},"modified":"2026-03-31T04:20:40","modified_gmt":"2026-03-31T02:20:40","slug":"razz-bar-15000-caladas-vape","status":"publish","type":"product","link":"https:\/\/agoravape.com\/es\/product\/razz-bar-15000-puffs-vape\/","title":{"rendered":"Vape desechable Razz Bar de 15\u00a0000 caladas | Gran cantidad de caladas con sabores intensos"},"content":{"rendered":"<h2 data-v-md-heading=\"how-about-razz-bar-15000-disposable-vapes-online-shopping\" data-v-md-line=\"3\"><img loading=\"lazy\" decoding=\"async\" class=\"aligncenter size-full wp-image-17705\" src=\"https:\/\/agoravape.com\/wp-content\/uploads\/2025\/10\/Razz-bar-15000-Puffs-Disposable-Vape-Shop-Online_Agora_vape-1.webp\" alt=\"\" width=\"1250\" height=\"800\" srcset=\"https:\/\/agoravape.com\/wp-content\/uploads\/2025\/10\/Razz-bar-15000-Puffs-Disposable-Vape-Shop-Online_Agora_vape-1.webp 1250w, https:\/\/agoravape.com\/wp-content\/uploads\/2025\/10\/Razz-bar-15000-Puffs-Disposable-Vape-Shop-Online_Agora_vape-1-1200x768.webp 1200w, https:\/\/agoravape.com\/wp-content\/uploads\/2025\/10\/Razz-bar-15000-Puffs-Disposable-Vape-Shop-Online_Agora_vape-1-300x192.webp 300w, https:\/\/agoravape.com\/wp-content\/uploads\/2025\/10\/Razz-bar-15000-Puffs-Disposable-Vape-Shop-Online_Agora_vape-1-1024x655.webp 1024w, https:\/\/agoravape.com\/wp-content\/uploads\/2025\/10\/Razz-bar-15000-Puffs-Disposable-Vape-Shop-Online_Agora_vape-1-768x492.webp 768w\" sizes=\"auto, (max-width: 1250px) 100vw, 1250px\" \/><\/h2>\n<h2 data-v-md-heading=\"how-about-razz-bar-15000-disposable-vapes-online-shopping\" data-v-md-line=\"3\">\u00bfQu\u00e9 te parecen los vapeadores desechables Razz Bar 15000? \u00a1Compra online!<\/h2>\n<p data-v-md-line=\"4\">Si est\u00e1s cansado de usar vaporizadores desechables a mitad de la jornada laboral, este producto es tu opci\u00f3n ideal. El vaporizador de 15\u00a0000 caladas del Razz Bar te permite disfrutar de hasta 15\u00a0000 caladas de placer y te ofrece un refrescante y agradable aroma afrutado.<\/p>\n<p data-v-md-line=\"6\">Ideal para quienes buscan durabilidad y un funcionamiento sin esfuerzo. Listo para usar al abrir la caja. No necesita aceite ni fraguado, ofrece un sabor consistente y una succi\u00f3n suave.<\/p>\n<h2 data-v-md-heading=\"excellent-performance-worry-free\" data-v-md-line=\"8\">Excellent performance, worry free<\/h2>\n<p data-v-md-line=\"9\">Este dispositivo equilibra la potencia y el dise\u00f1o de la resistencia, garantizando un sabor constante en cada bocado de principio a fin. No resultar\u00e1 \u00e1spero ni se quedar\u00e1 sin aceite a la mitad. La bater\u00eda recargable de 650 mAh garantiza que la fiesta contin\u00fae, lo que significa que puedes usar el e-l\u00edquido que compraste. Cuando la bater\u00eda est\u00e9 baja, simplemente c\u00e1rgalo para seguir us\u00e1ndolo.<\/p>\n<h2 data-v-md-heading=\"specification-introduction\" data-v-md-line=\"11\">Specification Introduction<\/h2>\n<p data-v-md-line=\"12\"><strong>N\u00famero de succiones<\/strong>:hasta 15000 succiones<br \/>\n<strong>Contenido de nicotina<\/strong>:2% y 5% opcional<br \/>\n<strong>Principio de funcionamiento<\/strong>:Se activa al inhalar<br \/>\n<strong>Cargando<\/strong>:Bater\u00eda recargable de 650 mAh<br \/>\n<strong>Estado<\/strong>Listo para usar al desempaquetarlo<\/p>\n<h2 data-v-md-heading=\"full-range-of-flavors\" data-v-md-line=\"18\">Gama completa de sabores<\/h2>\n<ul data-v-md-line=\"19\">\n<li>Gomitas de frambuesa<\/li>\n<li>Batido de fresa<\/li>\n<li>Helado Red Bull<\/li>\n<li>Kiwi, passion fruit, guava<\/li>\n<li>Serpiente mamba<\/li>\n<li>Batido de ar\u00e1ndanos<\/li>\n<li>Batido de melocot\u00f3n<\/li>\n<li>Strawberry kiwi fruit<\/li>\n<li>Batido de sand\u00eda<\/li>\n<li>Melocot\u00f3n, mango, pi\u00f1a<\/li>\n<li>Chicle de sand\u00eda<\/li>\n<li>Mixed berries<\/li>\n<li>Ar\u00e1ndanos, frambuesas, limones.<\/li>\n<li>Lemon and lime<\/li>\n<li>Batido de cola<\/li>\n<li>Double Apples<\/li>\n<\/ul>\n<h2 data-v-md-heading=\"for-you-and-your-business\" data-v-md-line=\"36\">For you and your business<\/h2>\n<p data-v-md-line=\"37\">Puedes elegir <a class=\"wpil_keyword_link\" href=\"https:\/\/agoravape.com\/es\/producto\/razz-bar-50k-50000-puffs-vape\/\" target=\"_blank\" rel=\"noopener\" title=\"Vape desechable Razz Bar de 50\u00a0000 bocanadas de alta capacidad | Gran durabilidad, f\u00e1cil de usar\" data-wpil-keyword-link=\"linked\" data-wpil-monitor-id=\"7158\">Bar Razz<\/a> 15000 cigarrillos para uso personal o para abastecer su tienda. Cajas de cart\u00f3n al por mayor de 200 unidades por caja, conveniente para usted para planificar el inventario. Enviamos a trav\u00e9s de socios de confianza como UPS, DPD y DHL en DDP despu\u00e9s del pago de impuestos, por lo que no habr\u00e1 accidentes en la aduana.<\/p>\n<p data-v-md-line=\"39\">El proceso de pedido es sencillo y c\u00f3modo. Utilizamos pasarelas de pago seguras y un proceso de pago con cifrado SSL para garantizar la seguridad de su informaci\u00f3n.<\/p>\n<p data-v-md-line=\"41\">Introducci\u00f3n a la normativa de la UE: Muchos pa\u00edses de la UE establecen el l\u00edmite m\u00e1ximo de nicotina en 20 miligramos por mililitro y limitan la capacidad de los l\u00edquidos desechables para vapear. La versi\u00f3n con 2% cumple con el l\u00edmite de nicotina, pero los dispositivos de alta capacidad y la versi\u00f3n con 5% podr\u00edan no estar permitidos. Consulte la normativa local antes de realizar un pedido y le ayudaremos a enviar el inventario que cumpla con la normativa donde lo necesite.<\/p>\n<h2 data-v-md-heading=\"why-do-you-like-it\" data-v-md-line=\"43\">Why do you like it<\/h2>\n<p data-v-md-line=\"44\"><strong>Gran cantidad de bombas de humo<\/strong>:hasta 15000 bocanadas, lo que significa menos reemplazos y mayor valor.<br \/>\n<strong>Selecci\u00f3n de nicotina<\/strong>:Elija un contenido de nicotina del 2% o del 5% seg\u00fan su preferencia.<br \/>\n<strong>Recargable<\/strong>:No es necesario desechar el e-l\u00edquido no utilizado, simplemente c\u00e1rguelo para usarlo.<br \/>\n<strong>Sabor estable<\/strong>Dise\u00f1ado para brindarte una experiencia consistente y deliciosa desde el primer bocado hasta el \u00faltimo.<\/p>\n<h2 data-v-md-heading=\"why-choose-to-collaborate-with-agoravape\" data-v-md-line=\"49\">Why choose to collaborate with AgoraVape?<\/h2>\n<p data-v-md-line=\"50\">Solo vendemos productos originales, con una cadena de suministro transparente y la verificaci\u00f3n de edad correspondiente. Para clientes comerciales, puede obtener precios competitivos al por mayor, soporte confiable y transporte r\u00e1pido y seguro dentro de Europa. Si desea tener productos desechables en stock y sus clientes seguramente volver\u00e1n, cont\u00e1ctenos y colocaremos el soporte para cigarrillos Razz Bar 15000 en su estanter\u00eda.<\/p>","protected":false},"excerpt":{"rendered":"<p>\u00bfQu\u00e9 le parecen los vaporizadores desechables Razz Bar 15000? \u00a1Compra online! Si est\u00e1 cansado de usar vapeadores desechables a mitad del<\/p>","protected":false},"featured_media":17728,"comment_status":"open","ping_status":"closed","template":"","meta":[],"product_brand":[236],"product_cat":[124,185,1635,189,194,1674,174,175,193,163,191,173,186,180,190],"product_tag":[],"class_list":{"0":"post-17707","1":"product","2":"type-product","3":"status-publish","4":"has-post-thumbnail","6":"product_brand-razz-bar","7":"product_cat-vape-by-brand","8":"product_cat-10000-puffs-high-capacity","9":"product_cat-15000-puffs","10":"product_cat-20mg-standard-nicotine-vapes","11":"product_cat-adjustable-airflow","12":"product_cat-eu-warehouse","13":"product_cat-fruit-flavors","14":"product_cat-icy-mint","15":"product_cat-mesh-coil","16":"product_cat-razz-bar","17":"product_cat-rechargeable-disposables","18":"product_cat-vape-by-flavor-profile","19":"product_cat-vape-by-nicotine-strength","20":"product_cat-vape-by-puff-count","21":"product_cat-vape-by-feature-or-type","23":"first","24":"instock","25":"shipping-taxable","26":"purchasable","27":"product-type-variable","28":"has-default-attributes"},"tiered_pricing_type":"percentage","tiered_pricing_fixed_rules":[],"tiered_pricing_product_settings":{"layout":"default","base_unit_name":{"singular":null,"plural":null},"default_variation":null},"tiered_pricing_minimum_quantity":50,"tiered_pricing_roles_data":[],"tiered_pricing_percentage_rules":{"100":"40","200":"44","500":"47","1000":"49"},"tiered_pricing_maximum_quantity":null,"tiered_pricing_quantity_step":"10","_links":{"self":[{"href":"https:\/\/agoravape.com\/es\/wp-json\/wp\/v2\/product\/17707","targetHints":{"allow":["GET"]}}],"collection":[{"href":"https:\/\/agoravape.com\/es\/wp-json\/wp\/v2\/product"}],"about":[{"href":"https:\/\/agoravape.com\/es\/wp-json\/wp\/v2\/types\/product"}],"replies":[{"embeddable":true,"href":"https:\/\/agoravape.com\/es\/wp-json\/wp\/v2\/comments?post=17707"}],"version-history":[{"count":1,"href":"https:\/\/agoravape.com\/es\/wp-json\/wp\/v2\/product\/17707\/revisions"}],"predecessor-version":[{"id":29810,"href":"https:\/\/agoravape.com\/es\/wp-json\/wp\/v2\/product\/17707\/revisions\/29810"}],"wp:featuredmedia":[{"embeddable":true,"href":"https:\/\/agoravape.com\/es\/wp-json\/wp\/v2\/media\/17728"}],"wp:attachment":[{"href":"https:\/\/agoravape.com\/es\/wp-json\/wp\/v2\/media?parent=17707"}],"wp:term":[{"taxonomy":"product_brand","embeddable":true,"href":"https:\/\/agoravape.com\/es\/wp-json\/wp\/v2\/product_brand?post=17707"},{"taxonomy":"product_cat","embeddable":true,"href":"https:\/\/agoravape.com\/es\/wp-json\/wp\/v2\/product_cat?post=17707"},{"taxonomy":"product_tag","embeddable":true,"href":"https:\/\/agoravape.com\/es\/wp-json\/wp\/v2\/product_tag?post=17707"}],"curies":[{"name":"wp","href":"https:\/\/api.w.org\/{rel}","templated":true}]}}