{"id":17734,"date":"2025-10-18T21:23:18","date_gmt":"2025-10-18T13:23:18","guid":{"rendered":"https:\/\/green-grasshopper-921422.hostingersite.com\/?post_type=product&#038;p=17734"},"modified":"2026-03-31T04:20:39","modified_gmt":"2026-03-31T02:20:39","slug":"razz-bar-crystal-10000-puffs-zero-nicotine-vape","status":"publish","type":"product","link":"https:\/\/agoravape.com\/es\/product\/razz-bar-crystal-10000-puffs-zero-nicotine-vape\/","title":{"rendered":"Barra Razz Crystal de 10\u00a0000 caladas, 0 % de nicotina | Gran sabor, cero nicotina"},"content":{"rendered":"<h2 data-v-md-heading=\"what-s-special-about-the-razz-bar-crystal-10k-0-nicotine-free-vape\" data-v-md-line=\"3\"><img loading=\"lazy\" decoding=\"async\" class=\"aligncenter size-full wp-image-17759\" src=\"https:\/\/agoravape.com\/wp-content\/uploads\/2025\/10\/Razz-bar-crystal-10K-Puffs-0-Nicotine-Free-Vape_Agora_vape-9.webp\" alt=\"\" width=\"2000\" height=\"2000\" srcset=\"https:\/\/agoravape.com\/wp-content\/uploads\/2025\/10\/Razz-bar-crystal-10K-Puffs-0-Nicotine-Free-Vape_Agora_vape-9.webp 2000w, https:\/\/agoravape.com\/wp-content\/uploads\/2025\/10\/Razz-bar-crystal-10K-Puffs-0-Nicotine-Free-Vape_Agora_vape-9-600x600.webp 600w, https:\/\/agoravape.com\/wp-content\/uploads\/2025\/10\/Razz-bar-crystal-10K-Puffs-0-Nicotine-Free-Vape_Agora_vape-9-1200x1200.webp 1200w, https:\/\/agoravape.com\/wp-content\/uploads\/2025\/10\/Razz-bar-crystal-10K-Puffs-0-Nicotine-Free-Vape_Agora_vape-9-300x300.webp 300w, https:\/\/agoravape.com\/wp-content\/uploads\/2025\/10\/Razz-bar-crystal-10K-Puffs-0-Nicotine-Free-Vape_Agora_vape-9-1024x1024.webp 1024w, https:\/\/agoravape.com\/wp-content\/uploads\/2025\/10\/Razz-bar-crystal-10K-Puffs-0-Nicotine-Free-Vape_Agora_vape-9-150x150.webp 150w, https:\/\/agoravape.com\/wp-content\/uploads\/2025\/10\/Razz-bar-crystal-10K-Puffs-0-Nicotine-Free-Vape_Agora_vape-9-768x768.webp 768w, https:\/\/agoravape.com\/wp-content\/uploads\/2025\/10\/Razz-bar-crystal-10K-Puffs-0-Nicotine-Free-Vape_Agora_vape-9-1536x1536.webp 1536w\" sizes=\"auto, (max-width: 2000px) 100vw, 2000px\" \/><\/h2>\n<h2 data-v-md-heading=\"what-s-special-about-the-razz-bar-crystal-10k-0-nicotine-free-vape\" data-v-md-line=\"3\">\u00bfQu\u00e9 tiene de especial el vaporizador Razz Bar Crystal 10K 0 % libre de nicotina?<\/h2>\n<p data-v-md-line=\"4\">Si quieres experimentar un vapeo sin nicotina, este producto te simplificar\u00e1 la vida. El Razz Bar Crystal ofrece hasta 10\u00a0000 caladas, desde el primer sorbo hasta el \u00faltimo, con una textura consistente y suave. No te preocupes, no tienes que adivinar. Simplemente abre la caja y empieza a usarlo.<\/p>\n<p data-v-md-line=\"6\">Si est\u00e1s dejando la nicotina o simplemente quieres disfrutar de un sabor suave, este producto es tu mejor opci\u00f3n. Quiz\u00e1s pienses que tener tantos vapeadores ser\u00eda voluminoso, pero este es ligero y port\u00e1til, perfecto para tu d\u00eda a d\u00eda.<\/p>\n<h2 data-v-md-heading=\"excellent-performance-without-any-complex-operations\" data-v-md-line=\"8\">Excelente rendimiento sin operaciones complejas.<\/h2>\n<p data-v-md-line=\"9\">La resistencia de malla es el n\u00facleo del dispositivo, por lo que cada apertura es tan limpia y ordenada como la primera. Incorpora un e-l\u00edquido de 18 ml y una bater\u00eda de 650 mAh, lo que te proporciona una experiencia de uso duradera y fiable. Cuando la bater\u00eda est\u00e9 baja, simplemente c\u00e1rgalo por USB. Sencillo y pr\u00e1ctico.<\/p>\n<h2 data-v-md-heading=\"specification-introduction\" data-v-md-line=\"11\">Specification Introduction<\/h2>\n<ul data-v-md-line=\"12\">\n<li>Frecuencia de succi\u00f3n: hasta 10000 veces<\/li>\n<li>Contenido de nicotina: 0% (sin nicotina)<\/li>\n<li>Capacidad de e-l\u00edquido: 18 mililitros<\/li>\n<li>Battery: 650mAh<\/li>\n<li>Principio de funcionamiento: Listo para usar nada m\u00e1s sacarlo de la caja, sin necesidad de botones.<\/li>\n<li>M\u00e9todo de carga: carga USB<\/li>\n<li>N\u00facleo de atomizaci\u00f3n: N\u00facleo de atomizaci\u00f3n de malla<\/li>\n<li>Estado: Sellado, listo para usar al llegar.<\/li>\n<\/ul>\n<h2 data-v-md-heading=\"full-range-of-flavors\" data-v-md-line=\"21\">Gama completa de sabores<\/h2>\n<ul data-v-md-line=\"22\">\n<li>Batido de melocot\u00f3n<\/li>\n<li>Fresa y pl\u00e1tano<\/li>\n<li>Uvas Red Bull<\/li>\n<li>Batido de ar\u00e1ndanos<\/li>\n<li>Batido de sand\u00eda<\/li>\n<li>Batido de ar\u00e1ndanos<\/li>\n<li>frutas tropicales<\/li>\n<li>Strawberry kiwi fruit<\/li>\n<li>Batido de fresa<\/li>\n<li>Mixed berries<\/li>\n<li>Batido de fresa, frambuesa y cereza<\/li>\n<li>Amor 66<\/li>\n<li>Arena de hielo del drag\u00f3n negro<\/li>\n<li>Lemon and lime<\/li>\n<li>Sue\u00f1os de verano<\/li>\n<li>Chicle de fresa y sand\u00eda<\/li>\n<\/ul>\n<h2 data-v-md-heading=\"for-you-and-your-business\" data-v-md-line=\"39\">For you and your business<\/h2>\n<p data-v-md-line=\"40\">Si lo necesita, compre un vaporizador sin nicotina, ya sea que lo est\u00e9 probando por primera vez o se est\u00e9 preparando para una semana de compras. Si tiene una tienda f\u00edsica o en l\u00ednea, siempre estamos listos para vender cajas de papel al por mayor. Cont\u00e1ctenos para conocer la cantidad actual de cajas de papel y los precios escalonados.<\/p>\n<p data-v-md-line=\"42\">Ofrecemos servicios de entrega DDP en toda Europa a trav\u00e9s de socios de confianza como UPS, DPD y DHL, por lo que los impuestos y las tasas se procesar\u00e1n con antelaci\u00f3n. As\u00ed, evitaremos problemas aduaneros y retrasos inesperados.<\/p>\n<h2 data-v-md-heading=\"why-do-you-like-it\" data-v-md-line=\"44\">Why do you like it<\/h2>\n<ul data-v-md-line=\"45\">\n<li>Succi\u00f3n masiva: hasta 10000 bocanadas, lo que significa menos pedidos repetidos y m\u00e1s tiempo para disfrutar de tus sabores favoritos.<\/li>\n<li>Sin nicotina: Disfruta delicias y h\u00e1bitos sin necesidad de nicotina.<\/li>\n<li>Gran capacidad: 18 mililitros, lo que garantiza un sabor duradero.<\/li>\n<li>N\u00facleo atomizador de malla: cada succi\u00f3n puede brindar un humo consistente y un sabor puro.<\/li>\n<li>Fuente de alimentaci\u00f3n estable: la bater\u00eda de 650 mAh garantiza un rendimiento confiable.<\/li>\n<\/ul>\n<h2 data-v-md-heading=\"why-choose-to-collaborate-with-agoravape\" data-v-md-line=\"51\">Why choose to collaborate with AgoraVape?<\/h2>\n<p data-v-md-line=\"52\">Solo suministramos productos originales 100% de las marcas que gustan a sus clientes. <a class=\"wpil_keyword_link\" href=\"https:\/\/agoravape.com\/es\/producto\/razz-bar-50k-50000-puffs-vape\/\" target=\"_blank\" rel=\"noopener\" title=\"Vape desechable Razz Bar de 50\u00a0000 bocanadas de alta capacidad | Gran durabilidad, f\u00e1cil de usar\" data-wpil-keyword-link=\"linked\" data-wpil-monitor-id=\"7157\">Barra de razz<\/a> Vaporizador sin nicotina Crystal 10K 0%, con precios al por mayor con descuento, asistencia con respuesta r\u00e1pida y entrega r\u00e1pida con pago de impuestos dentro de Europa. No dude en ponerse en contacto con nosotros y elegir sus productos sin nicotina preferidos.<\/p>","protected":false},"excerpt":{"rendered":"<p>&nbsp;<\/p>","protected":false},"featured_media":17755,"comment_status":"open","ping_status":"closed","template":"","meta":[],"product_brand":[236],"product_cat":[124,187,185,189,174,175,193,163,191,173,186,180,190],"product_tag":[],"class_list":{"0":"post-17734","1":"product","2":"type-product","3":"status-publish","4":"has-post-thumbnail","6":"product_brand-razz-bar","7":"product_cat-vape-by-brand","8":"product_cat-0mg-nicotine-free-vapes","9":"product_cat-10000-puffs-high-capacity","10":"product_cat-20mg-standard-nicotine-vapes","11":"product_cat-fruit-flavors","12":"product_cat-icy-mint","13":"product_cat-mesh-coil","14":"product_cat-razz-bar","15":"product_cat-rechargeable-disposables","16":"product_cat-vape-by-flavor-profile","17":"product_cat-vape-by-nicotine-strength","18":"product_cat-vape-by-puff-count","19":"product_cat-vape-by-feature-or-type","21":"first","22":"onbackorder","23":"shipping-taxable","24":"purchasable","25":"product-type-variable","26":"has-default-attributes"},"tiered_pricing_type":"percentage","tiered_pricing_fixed_rules":[],"tiered_pricing_product_settings":{"layout":"default","base_unit_name":{"singular":null,"plural":null},"default_variation":null},"tiered_pricing_minimum_quantity":50,"tiered_pricing_roles_data":[],"tiered_pricing_percentage_rules":{"100":"40","200":"44","500":"47","1000":"49"},"tiered_pricing_maximum_quantity":null,"tiered_pricing_quantity_step":"10","_links":{"self":[{"href":"https:\/\/agoravape.com\/es\/wp-json\/wp\/v2\/product\/17734","targetHints":{"allow":["GET"]}}],"collection":[{"href":"https:\/\/agoravape.com\/es\/wp-json\/wp\/v2\/product"}],"about":[{"href":"https:\/\/agoravape.com\/es\/wp-json\/wp\/v2\/types\/product"}],"replies":[{"embeddable":true,"href":"https:\/\/agoravape.com\/es\/wp-json\/wp\/v2\/comments?post=17734"}],"version-history":[{"count":1,"href":"https:\/\/agoravape.com\/es\/wp-json\/wp\/v2\/product\/17734\/revisions"}],"predecessor-version":[{"id":29809,"href":"https:\/\/agoravape.com\/es\/wp-json\/wp\/v2\/product\/17734\/revisions\/29809"}],"wp:featuredmedia":[{"embeddable":true,"href":"https:\/\/agoravape.com\/es\/wp-json\/wp\/v2\/media\/17755"}],"wp:attachment":[{"href":"https:\/\/agoravape.com\/es\/wp-json\/wp\/v2\/media?parent=17734"}],"wp:term":[{"taxonomy":"product_brand","embeddable":true,"href":"https:\/\/agoravape.com\/es\/wp-json\/wp\/v2\/product_brand?post=17734"},{"taxonomy":"product_cat","embeddable":true,"href":"https:\/\/agoravape.com\/es\/wp-json\/wp\/v2\/product_cat?post=17734"},{"taxonomy":"product_tag","embeddable":true,"href":"https:\/\/agoravape.com\/es\/wp-json\/wp\/v2\/product_tag?post=17734"}],"curies":[{"name":"wp","href":"https:\/\/api.w.org\/{rel}","templated":true}]}}