{"id":17770,"date":"2025-10-19T19:52:07","date_gmt":"2025-10-19T11:52:07","guid":{"rendered":"https:\/\/green-grasshopper-921422.hostingersite.com\/?post_type=product&#038;p=17770"},"modified":"2026-01-19T22:00:21","modified_gmt":"2026-01-19T14:00:21","slug":"hazey-a40-15000-caladas-vape","status":"publish","type":"product","link":"https:\/\/agoravape.com\/es\/product\/hazey-a40-15000-puffs-vape\/","title":{"rendered":"Vaporizador desechable Hazey A40 de 15\u00a0000 caladas con pantalla dual | Grandes caladas, pantallas transparentes, sin complicaciones"},"content":{"rendered":"<h2 data-v-md-heading=\"what-are-the-characteristics-of-hazey-a40-15000-dual-screen-disposable-vapes\" data-v-md-line=\"3\">\u00bfCu\u00e1les son las caracter\u00edsticas de los vapes desechables de doble pantalla Hazey A40 15000?<\/h2>\n<p data-v-md-line=\"4\">Si est\u00e1s cansado de calcular el nivel de bater\u00eda o e-l\u00edquido restante, este producto te encantar\u00e1. El Hazey A40 ofrece una capacidad de hasta 15\u00a0000 puertos y est\u00e1 equipado con dos pantallas n\u00edtidas que permiten una visibilidad clara del nivel de e-l\u00edquido y bater\u00eda. Sin accidentes ni quemaduras en seco.<\/p>\n<p data-v-md-line=\"6\">Si buscas un sabor duradero y un uso diario sencillo, es la opci\u00f3n ideal. No necesitas modificar la configuraci\u00f3n; simplemente elige tu sabor favorito y empieza a usarlo. Quiz\u00e1s pienses que la pantalla dual es complicada, pero no lo es tanto. Claro, sencillo y pr\u00e1ctico.<\/p>\n<h2 data-v-md-heading=\"excellent-performance-easy-and-convenient\" data-v-md-line=\"8\">Excellent performance, easy and convenient<\/h2>\n<p data-v-md-line=\"9\">Su n\u00facleo atomizador de malla de 0.8 \u03a9 mantiene un sabor intenso y consistente desde el primer bocado hasta el \u00faltimo. El n\u00facleo atomizador de malla se calienta uniformemente, lo que garantiza una succi\u00f3n suave y placentera, refrescando y alegrando la vida. Cuando la bater\u00eda est\u00e9 baja, simplemente con\u00e9ctelo al puerto USB-C de su tel\u00e9fono. Simple y pr\u00e1ctico.<\/p>\n<h2 data-v-md-heading=\"specification-introduction\" data-v-md-line=\"11\">Specification Introduction<\/h2>\n<ul data-v-md-line=\"12\">\n<li>Suction frequency: up to 15000 times<\/li>\n<li>Contenido de nicotina: 2% (20 mg\/mL) o 5% opcional<\/li>\n<li>N\u00facleo atomizador: n\u00facleo atomizador de malla de 0,8 \u03a9<\/li>\n<li>E-liquid capacity: 25 milliliters<\/li>\n<li>Battery: 650mAh rechargeable battery<\/li>\n<li>Pantalla de visualizaci\u00f3n: visualizaci\u00f3n en pantalla dual del e-l\u00edquido y el nivel de bater\u00eda<\/li>\n<li>Working principle: Activate with just one puff<\/li>\n<li>Charging: Type-C USB interface<\/li>\n<li>Status: Ready to use out of the box<\/li>\n<\/ul>\n<p data-v-md-line=\"22\">Aviso para compradores de la UE: Seg\u00fan las normas TPD\/TRRP, el contenido m\u00e1ximo legal de nicotina es del 2 % en la mayor\u00eda de los mercados de la UE. La opci\u00f3n del 5 % aplica a los mercados fuera de la UE. La situaci\u00f3n espec\u00edfica del suministro var\u00eda seg\u00fan el pa\u00eds o la regi\u00f3n; consulte la normativa local.<\/p>\n<h2 data-v-md-heading=\"full-flavor-series\" data-v-md-line=\"24\">Full flavor series<\/h2>\n<ul data-v-md-line=\"25\">\n<li>Strawberry Ice<\/li>\n<li>Watermelon Ice<\/li>\n<li>Pista de hielo azul<\/li>\n<li>Kiwi, passion fruit, guava<\/li>\n<li>Blueberries and raspberries<\/li>\n<li>El hombre de la sand\u00eda<\/li>\n<li>bebidas energ\u00e9ticas<\/li>\n<li>Fresa y pl\u00e1tano<\/li>\n<li>Helado<\/li>\n<li>Chicle de sand\u00eda<\/li>\n<\/ul>\n<p><img loading=\"lazy\" decoding=\"async\" class=\"aligncenter size-full wp-image-17769\" src=\"https:\/\/agoravape.com\/wp-content\/uploads\/2025\/10\/Hazey-A40-15K-Puffs-Dual-Display-Disposable-Vape_Agora_vape-7-scaled.webp\" alt=\"\" width=\"2560\" height=\"2360\" srcset=\"https:\/\/agoravape.com\/wp-content\/uploads\/2025\/10\/Hazey-A40-15K-Puffs-Dual-Display-Disposable-Vape_Agora_vape-7-scaled.webp 2560w, https:\/\/agoravape.com\/wp-content\/uploads\/2025\/10\/Hazey-A40-15K-Puffs-Dual-Display-Disposable-Vape_Agora_vape-7-scaled-1200x1106.webp 1200w, https:\/\/agoravape.com\/wp-content\/uploads\/2025\/10\/Hazey-A40-15K-Puffs-Dual-Display-Disposable-Vape_Agora_vape-7-300x277.webp 300w, https:\/\/agoravape.com\/wp-content\/uploads\/2025\/10\/Hazey-A40-15K-Puffs-Dual-Display-Disposable-Vape_Agora_vape-7-1024x944.webp 1024w, https:\/\/agoravape.com\/wp-content\/uploads\/2025\/10\/Hazey-A40-15K-Puffs-Dual-Display-Disposable-Vape_Agora_vape-7-768x708.webp 768w, https:\/\/agoravape.com\/wp-content\/uploads\/2025\/10\/Hazey-A40-15K-Puffs-Dual-Display-Disposable-Vape_Agora_vape-7-1536x1416.webp 1536w, https:\/\/agoravape.com\/wp-content\/uploads\/2025\/10\/Hazey-A40-15K-Puffs-Dual-Display-Disposable-Vape_Agora_vape-7-2048x1888.webp 2048w\" sizes=\"auto, (max-width: 2560px) 100vw, 2560px\" \/><\/p>\n<h2 data-v-md-heading=\"for-you-for-your-business\" data-v-md-line=\"36\">For you, for your business<\/h2>\n<p data-v-md-line=\"37\">Puedes comprar Hazey A40 para uso personal o a\u00f1adirlo a tu tienda. La caja de cart\u00f3n al por mayor contiene 200 unidades, lo que facilita su reposici\u00f3n. Ofrecemos servicios de entrega DDP a trav\u00e9s de socios de confianza como UPS, DPD y DHL, por lo que los aranceles se procesar\u00e1n con antelaci\u00f3n y no tendr\u00e1s que preocuparte por cargos aduaneros adicionales.<\/p>\n<p data-v-md-line=\"39\">Si su alcance de ventas abarca diferentes mercados europeos, podemos ayudarle a encontrar la concentraci\u00f3n de nicotina adecuada y las etiquetas de cumplimiento. Recibir\u00e1 productos originales con trazabilidad de lotes y datos claros del producto.<\/p>\n<h2 data-v-md-heading=\"why-do-you-like-it\" data-v-md-line=\"41\">Why do you like it<\/h2>\n<ul data-v-md-line=\"42\">\n<li>Succi\u00f3n masiva: hasta 15000 bocanadas, lo que significa menos recargas y compras de \u00faltimo momento.<\/li>\n<li>Selecci\u00f3n de nicotina: el est\u00e1ndar de la UE permite una selecci\u00f3n del 2%, mientras que las regiones con un contenido de nicotina del 5% pueden elegir.<\/li>\n<li>Recargable: Podr\u00e1s utilizar todo el e-l\u00edquido que compres sin desperdiciar ni una gota.<\/li>\n<li>Bobina de malla: desde el primer bocado hasta el \u00faltimo bocado, el sabor es consistente y suave como la seda.<\/li>\n<li>Pantalla dual: los niveles de bater\u00eda y e-l\u00edquido son claros de un vistazo, lo que le permite estar tranquilo y sin preocupaciones.<\/li>\n<\/ul>\n<h2 data-v-md-heading=\"why-choose-agoravape\" data-v-md-line=\"48\">\u00bfPor qu\u00e9 elegir AgoraVape?<\/h2>\n<p data-v-md-line=\"49\">Somos uno de los distribuidores de vaporizadores m\u00e1s confiables de Europa y solo vendemos productos 100 % originales. Los clientes empresariales que adquieran los vaporizadores desechables Hazey A40 15000 de doble pantalla disfrutar\u00e1n de precios al por mayor con descuento, un servicio posventa r\u00e1pido y un servicio de entrega DDP r\u00e1pido. Cont\u00e1ctenos; le ayudaremos a anunciar f\u00e1cilmente este dispositivo confiable y de alta demanda.<\/p>\n<p data-v-md-line=\"51\">Recordatorio de cumplimiento: Las regulaciones TPD\/TRRP sobre concentraci\u00f3n de nicotina, capacidad de e-l\u00edquido, empaquetado y etiquetado se aplican en todos los pa\u00edses. Realizamos una estricta verificaci\u00f3n de edad y proporcionamos informaci\u00f3n completa del producto para garantizar que pueda vender con tranquilidad.<\/p>","protected":false},"excerpt":{"rendered":"<p>&nbsp;<\/p>\n<p><script src=\"chrome-extension:\/\/fpelahbljekknahkcaegamhcndkfpfnc\/iFrame.js\" type=\"text\/javascript\"><\/script><\/p>\n<p><script src=\"chrome-extension:\/\/fpelahbljekknahkcaegamhcndkfpfnc\/iFrame.js\" type=\"text\/javascript\"><\/script><\/p>\n<p><script src=\"chrome-extension:\/\/fpelahbljekknahkcaegamhcndkfpfnc\/iFrame.js\" type=\"text\/javascript\"><\/script><\/p>\n<p><script src=\"chrome-extension:\/\/fpelahbljekknahkcaegamhcndkfpfnc\/iFrame.js\" type=\"text\/javascript\"><\/script><\/p>\n<p><script src=\"chrome-extension:\/\/fpelahbljekknahkcaegamhcndkfpfnc\/iFrame.js\" type=\"text\/javascript\"><\/script><\/p>\n<p><script src=\"chrome-extension:\/\/fpelahbljekknahkcaegamhcndkfpfnc\/iFrame.js\" type=\"text\/javascript\"><\/script><\/p>\n<p><script src=\"chrome-extension:\/\/fpelahbljekknahkcaegamhcndkfpfnc\/iFrame.js\" type=\"text\/javascript\"><\/script><\/p>\n<p><script src=\"chrome-extension:\/\/fpelahbljekknahkcaegamhcndkfpfnc\/iFrame.js\" type=\"text\/javascript\"><\/script><\/p>\n<p><script src=\"chrome-extension:\/\/fpelahbljekknahkcaegamhcndkfpfnc\/iFrame.js\" type=\"text\/javascript\"><\/script><\/p>\n<p><script src=\"chrome-extension:\/\/fpelahbljekknahkcaegamhcndkfpfnc\/iFrame.js\" type=\"text\/javascript\"><\/script><\/p>\n<p><script src=\"chrome-extension:\/\/fpelahbljekknahkcaegamhcndkfpfnc\/iFrame.js\" type=\"text\/javascript\"><\/script><\/p>\n<p><script src=\"chrome-extension:\/\/fpelahbljekknahkcaegamhcndkfpfnc\/iFrame.js\" type=\"text\/javascript\"><\/script><\/p>\n<p><script src=\"chrome-extension:\/\/fpelahbljekknahkcaegamhcndkfpfnc\/iFrame.js\" type=\"text\/javascript\"><\/script><\/p>\n<p><script src=\"chrome-extension:\/\/fpelahbljekknahkcaegamhcndkfpfnc\/iFrame.js\" type=\"text\/javascript\"><\/script><\/p>\n<p><script src=\"chrome-extension:\/\/fpelahbljekknahkcaegamhcndkfpfnc\/iFrame.js\" type=\"text\/javascript\"><\/script><\/p>\n<p><script src=\"chrome-extension:\/\/fpelahbljekknahkcaegamhcndkfpfnc\/iFrame.js\" type=\"text\/javascript\"><\/script><\/p>\n<p><script src=\"chrome-extension:\/\/fpelahbljekknahkcaegamhcndkfpfnc\/iFrame.js\" type=\"text\/javascript\"><\/script><\/p>","protected":false},"featured_media":17768,"comment_status":"open","ping_status":"closed","template":"","meta":[],"product_brand":[237],"product_cat":[124,185,189,174,164,175,193,191,173,186,180,190,192],"product_tag":[],"class_list":{"0":"post-17770","1":"product","2":"type-product","3":"status-publish","4":"has-post-thumbnail","6":"product_brand-hazey","7":"product_cat-vape-by-brand","8":"product_cat-10000-puffs-high-capacity","9":"product_cat-20mg-standard-nicotine-vapes","10":"product_cat-fruit-flavors","11":"product_cat-hazey","12":"product_cat-icy-mint","13":"product_cat-mesh-coil","14":"product_cat-rechargeable-disposables","15":"product_cat-vape-by-flavor-profile","16":"product_cat-vape-by-nicotine-strength","17":"product_cat-vape-by-puff-count","18":"product_cat-vape-by-feature-or-type","19":"product_cat-vapes-with-screens","21":"first","22":"onbackorder","23":"shipping-taxable","24":"purchasable","25":"product-type-variable","26":"has-default-attributes"},"tiered_pricing_type":"percentage","tiered_pricing_fixed_rules":[],"tiered_pricing_product_settings":{"layout":"default","base_unit_name":{"singular":null,"plural":null},"default_variation":null},"tiered_pricing_minimum_quantity":50,"tiered_pricing_roles_data":[],"tiered_pricing_percentage_rules":{"100":"40","200":"44","500":"47","1000":"49"},"tiered_pricing_maximum_quantity":null,"tiered_pricing_quantity_step":"10","_links":{"self":[{"href":"https:\/\/agoravape.com\/es\/wp-json\/wp\/v2\/product\/17770","targetHints":{"allow":["GET"]}}],"collection":[{"href":"https:\/\/agoravape.com\/es\/wp-json\/wp\/v2\/product"}],"about":[{"href":"https:\/\/agoravape.com\/es\/wp-json\/wp\/v2\/types\/product"}],"replies":[{"embeddable":true,"href":"https:\/\/agoravape.com\/es\/wp-json\/wp\/v2\/comments?post=17770"}],"version-history":[{"count":0,"href":"https:\/\/agoravape.com\/es\/wp-json\/wp\/v2\/product\/17770\/revisions"}],"wp:featuredmedia":[{"embeddable":true,"href":"https:\/\/agoravape.com\/es\/wp-json\/wp\/v2\/media\/17768"}],"wp:attachment":[{"href":"https:\/\/agoravape.com\/es\/wp-json\/wp\/v2\/media?parent=17770"}],"wp:term":[{"taxonomy":"product_brand","embeddable":true,"href":"https:\/\/agoravape.com\/es\/wp-json\/wp\/v2\/product_brand?post=17770"},{"taxonomy":"product_cat","embeddable":true,"href":"https:\/\/agoravape.com\/es\/wp-json\/wp\/v2\/product_cat?post=17770"},{"taxonomy":"product_tag","embeddable":true,"href":"https:\/\/agoravape.com\/es\/wp-json\/wp\/v2\/product_tag?post=17770"}],"curies":[{"name":"wp","href":"https:\/\/api.w.org\/{rel}","templated":true}]}}