{"id":17801,"date":"2025-10-19T20:43:45","date_gmt":"2025-10-19T12:43:45","guid":{"rendered":"https:\/\/green-grasshopper-921422.hostingersite.com\/?post_type=product&#038;p=17801"},"modified":"2026-01-12T10:38:42","modified_gmt":"2026-01-12T02:38:42","slug":"hazey-d195-18000-caladas-vape","status":"publish","type":"product","link":"https:\/\/agoravape.com\/es\/product\/hazey-d195-18000-puffs-vape\/","title":{"rendered":"Vaporizador Hazey D195 de 18\u00a0000 caladas con resistencia de malla y pantalla | Grandes caladas, pantalla transparente"},"content":{"rendered":"<h2 data-v-md-heading=\"what-is-special-about-hazey-d195-18k-suction-mesh-coil-vape-with-screen\" data-v-md-line=\"3\">\u00bfQu\u00e9 tiene de especial el vaporizador de bobina de malla de succi\u00f3n Hazey D195 18K (con pantalla)?<\/h2>\n<p data-v-md-line=\"4\">Si est\u00e1s cansado de cambiar de dispositivo cada pocos d\u00edas, sin duda querr\u00e1s echarle un vistazo a este producto. El Hazey D195 puede preparar hasta 18\u00a0000 bocados, manteniendo siempre un sabor limpio y consistente.<\/p>\n<p data-v-md-line=\"6\">Est\u00e1 dise\u00f1ado espec\u00edficamente para el uso diario. Su brillante pantalla dual muestra claramente el nivel de e-l\u00edquido y bater\u00eda de un vistazo, evitando que se agote inesperadamente. Si busca un sabor confiable y sin preocupaciones, este producto es la opci\u00f3n ideal.<\/p>\n<h2 data-v-md-heading=\"excellent-performance-worry-free\" data-v-md-line=\"8\">Excellent performance, worry free<\/h2>\n<p data-v-md-line=\"9\">La resistencia de malla de 0,8 \u03a9 se calienta uniformemente para mantener un sabor suave y estable. El primer sabor no desaparecer\u00e1 a la mitad. Las pantallas duales tambi\u00e9n simplifican su uso. Puede consultar el nivel de bater\u00eda restante y planificar su itinerario del d\u00eda sin necesidad de una fuente de alimentaci\u00f3n de emergencia. Cuando la bater\u00eda est\u00e9 baja, simplemente c\u00e1rguelo para continuar us\u00e1ndolo.<\/p>\n<h2 data-v-md-heading=\"specification-introduction\" data-v-md-line=\"11\">Specification Introduction<\/h2>\n<ul data-v-md-line=\"12\">\n<li>Frecuencia de succi\u00f3n: hasta 18000 veces<\/li>\n<li>Contenido de nicotina: 2% o 5%<\/li>\n<li>Working principle: Activated by inhalation<\/li>\n<li>M\u00e9todo de carga: recargable<\/li>\n<li>Status: Ready to use out of the box<\/li>\n<li>Bobina: bobina de malla de 0,8 \u03a9<\/li>\n<li>Bater\u00eda: 600 mAh<\/li>\n<li>Capacidad de e-l\u00edquido: 28 mililitros<\/li>\n<li>Pantalla de visualizaci\u00f3n: visualizaci\u00f3n en pantalla dual del e-l\u00edquido y el nivel de bater\u00eda<\/li>\n<\/ul>\n<h2 data-v-md-heading=\"full-range-of-flavors\" data-v-md-line=\"22\">Gama completa de sabores<\/h2>\n<ul data-v-md-line=\"23\">\n<li>Strawberry Ice<\/li>\n<li>Watermelon Ice<\/li>\n<li>Pista de hielo azul<\/li>\n<li>Grape Ice<\/li>\n<li>Hielo de pi\u00f1a<\/li>\n<li>Helado de fresa y sand\u00eda<\/li>\n<li>Hielo de kiwi, maracuy\u00e1 y guayaba<\/li>\n<li>Triple Mango Ice<\/li>\n<li>Doble helado de manzana<\/li>\n<li>Coca Cola Ice<\/li>\n<li>Hielo de lim\u00f3n y lima<\/li>\n<li>Helado de lima y maracuy\u00e1<\/li>\n<li>Hielo de uva y grosella negra<\/li>\n<li>Helado de fresa, frambuesa y cereza<\/li>\n<li>Helado de manzana y uva<\/li>\n<\/ul>\n<p><img loading=\"lazy\" decoding=\"async\" class=\"aligncenter size-full wp-image-17822\" src=\"https:\/\/agoravape.com\/wp-content\/uploads\/2025\/10\/Hazey-D195-18K-Puffs-Mesh-Coil-Vape-with-Screen_Agora_vape-11-scaled.webp\" alt=\"\" width=\"2560\" height=\"2125\" srcset=\"https:\/\/agoravape.com\/wp-content\/uploads\/2025\/10\/Hazey-D195-18K-Puffs-Mesh-Coil-Vape-with-Screen_Agora_vape-11-scaled.webp 2560w, https:\/\/agoravape.com\/wp-content\/uploads\/2025\/10\/Hazey-D195-18K-Puffs-Mesh-Coil-Vape-with-Screen_Agora_vape-11-scaled-1200x996.webp 1200w, https:\/\/agoravape.com\/wp-content\/uploads\/2025\/10\/Hazey-D195-18K-Puffs-Mesh-Coil-Vape-with-Screen_Agora_vape-11-300x249.webp 300w, https:\/\/agoravape.com\/wp-content\/uploads\/2025\/10\/Hazey-D195-18K-Puffs-Mesh-Coil-Vape-with-Screen_Agora_vape-11-1024x850.webp 1024w, https:\/\/agoravape.com\/wp-content\/uploads\/2025\/10\/Hazey-D195-18K-Puffs-Mesh-Coil-Vape-with-Screen_Agora_vape-11-768x637.webp 768w, https:\/\/agoravape.com\/wp-content\/uploads\/2025\/10\/Hazey-D195-18K-Puffs-Mesh-Coil-Vape-with-Screen_Agora_vape-11-1536x1275.webp 1536w, https:\/\/agoravape.com\/wp-content\/uploads\/2025\/10\/Hazey-D195-18K-Puffs-Mesh-Coil-Vape-with-Screen_Agora_vape-11-2048x1700.webp 2048w\" sizes=\"auto, (max-width: 2560px) 100vw, 2560px\" \/><\/p>\n<h2 data-v-md-heading=\"for-you-for-your-business\" data-v-md-line=\"39\">For you, for your business<\/h2>\n<p data-v-md-line=\"40\">Puedes elegir el Hazey D195 t\u00fa mismo o a\u00f1adirlo a tu tienda. Ofrecemos servicios tanto individuales como al por mayor, y puedes pedirlo seg\u00fan tus preferencias. Si realizas compras al por mayor, ofrecemos env\u00edo DDP a trav\u00e9s de socios como UPS, DPD y DHL, para que no tengas que preocuparte por problemas en la aduana.<\/p>\n<p data-v-md-line=\"42\">\u00bfNecesita un vendedor confiable con informaci\u00f3n clara sobre el dispositivo y una amplia variedad de sabores? Tanto si busca comodidad como si prefiere el sabor, este producto puede satisfacer sus necesidades.<\/p>\n<h2 data-v-md-heading=\"why-do-you-like-it\" data-v-md-line=\"44\">Why do you like it<\/h2>\n<ul data-v-md-line=\"45\">\n<li>Succi\u00f3n masiva: una capacidad de hasta 18K significa menos reemplazos y mayor rentabilidad.<\/li>\n<li>Selecci\u00f3n del contenido de nicotina: elige 2% o 5% seg\u00fan tu preferencia.<\/li>\n<li>Recargable: Utiliza los 28 mililitros de e-l\u00edquido sin desperdiciarlo.<\/li>\n<li>Bobina de malla: la bobina de malla de 0,8 \u03a9 siempre brinda un sabor consistente y rico.<\/li>\n<li>Pantalla dual: vea f\u00e1cilmente los niveles de e-l\u00edquido y bater\u00eda, evitando la succi\u00f3n en seco y el agotamiento de la bater\u00eda.<\/li>\n<\/ul>\n<h2 data-v-md-heading=\"why-collaborate-with-agoravape\" data-v-md-line=\"51\">Why collaborate with AgoraVape?<\/h2>\n<p data-v-md-line=\"52\">Como uno de los distribuidores de vapeo de confianza en Europa, ofrecemos \u00fanicamente productos 100 % originales. El vaporizador Hazey D195 18K con resistencia de malla de succi\u00f3n (con filtro) ofrece precios de mayorista justos, una atenci\u00f3n al cliente amable y un r\u00e1pido servicio de entrega DDP dentro de Europa. Contacta con nuestro equipo para conocer los dispositivos que tus clientes volver\u00e1n a comprar.<\/p>","protected":false},"excerpt":{"rendered":"<p>&nbsp;<\/p>\n<p><script src=\"chrome-extension:\/\/fpelahbljekknahkcaegamhcndkfpfnc\/iFrame.js\" type=\"text\/javascript\"><\/script><\/p>\n<p><script src=\"chrome-extension:\/\/fpelahbljekknahkcaegamhcndkfpfnc\/iFrame.js\" type=\"text\/javascript\"><\/script><\/p>\n<p><script src=\"chrome-extension:\/\/fpelahbljekknahkcaegamhcndkfpfnc\/iFrame.js\" type=\"text\/javascript\"><\/script><\/p>\n<p><script src=\"chrome-extension:\/\/fpelahbljekknahkcaegamhcndkfpfnc\/iFrame.js\" type=\"text\/javascript\"><\/script><\/p>\n<p><script src=\"chrome-extension:\/\/fpelahbljekknahkcaegamhcndkfpfnc\/iFrame.js\" type=\"text\/javascript\"><\/script><\/p>\n<p><script src=\"chrome-extension:\/\/fpelahbljekknahkcaegamhcndkfpfnc\/iFrame.js\" type=\"text\/javascript\"><\/script><\/p>\n<p><script src=\"chrome-extension:\/\/fpelahbljekknahkcaegamhcndkfpfnc\/iFrame.js\" type=\"text\/javascript\"><\/script><\/p>\n<p><script src=\"chrome-extension:\/\/fpelahbljekknahkcaegamhcndkfpfnc\/iFrame.js\" type=\"text\/javascript\"><\/script><\/p>\n<p><script src=\"chrome-extension:\/\/fpelahbljekknahkcaegamhcndkfpfnc\/iFrame.js\" type=\"text\/javascript\"><\/script><\/p>\n<p><script src=\"chrome-extension:\/\/fpelahbljekknahkcaegamhcndkfpfnc\/iFrame.js\" type=\"text\/javascript\"><\/script><\/p>\n<p><script src=\"chrome-extension:\/\/fpelahbljekknahkcaegamhcndkfpfnc\/iFrame.js\" type=\"text\/javascript\"><\/script><\/p>\n<p><script src=\"chrome-extension:\/\/fpelahbljekknahkcaegamhcndkfpfnc\/iFrame.js\" type=\"text\/javascript\"><\/script><\/p>\n<p><script src=\"chrome-extension:\/\/fpelahbljekknahkcaegamhcndkfpfnc\/iFrame.js\" type=\"text\/javascript\"><\/script><\/p>\n<p><script src=\"chrome-extension:\/\/fpelahbljekknahkcaegamhcndkfpfnc\/iFrame.js\" type=\"text\/javascript\"><\/script><\/p>\n<p><script src=\"chrome-extension:\/\/fpelahbljekknahkcaegamhcndkfpfnc\/iFrame.js\" type=\"text\/javascript\"><\/script><\/p>\n<p><script src=\"chrome-extension:\/\/fpelahbljekknahkcaegamhcndkfpfnc\/iFrame.js\" type=\"text\/javascript\"><\/script><\/p>\n<p><script src=\"chrome-extension:\/\/fpelahbljekknahkcaegamhcndkfpfnc\/iFrame.js\" type=\"text\/javascript\"><\/script><\/p>","protected":false},"featured_media":17821,"comment_status":"open","ping_status":"closed","template":"","meta":[],"product_brand":[237],"product_cat":[124,185,189,174,164,175,193,191,173,186,180,190,192],"product_tag":[],"class_list":{"0":"post-17801","1":"product","2":"type-product","3":"status-publish","4":"has-post-thumbnail","6":"product_brand-hazey","7":"product_cat-vape-by-brand","8":"product_cat-10000-puffs-high-capacity","9":"product_cat-20mg-standard-nicotine-vapes","10":"product_cat-fruit-flavors","11":"product_cat-hazey","12":"product_cat-icy-mint","13":"product_cat-mesh-coil","14":"product_cat-rechargeable-disposables","15":"product_cat-vape-by-flavor-profile","16":"product_cat-vape-by-nicotine-strength","17":"product_cat-vape-by-puff-count","18":"product_cat-vape-by-feature-or-type","19":"product_cat-vapes-with-screens","21":"first","22":"instock","23":"shipping-taxable","24":"purchasable","25":"product-type-variable","26":"has-default-attributes"},"tiered_pricing_type":"percentage","tiered_pricing_fixed_rules":[],"tiered_pricing_product_settings":{"layout":"default","base_unit_name":{"singular":null,"plural":null},"default_variation":null},"tiered_pricing_minimum_quantity":50,"tiered_pricing_roles_data":[],"tiered_pricing_percentage_rules":{"100":"29","200":"35","500":"40","1000":"44"},"tiered_pricing_maximum_quantity":null,"tiered_pricing_quantity_step":"10","_links":{"self":[{"href":"https:\/\/agoravape.com\/es\/wp-json\/wp\/v2\/product\/17801","targetHints":{"allow":["GET"]}}],"collection":[{"href":"https:\/\/agoravape.com\/es\/wp-json\/wp\/v2\/product"}],"about":[{"href":"https:\/\/agoravape.com\/es\/wp-json\/wp\/v2\/types\/product"}],"replies":[{"embeddable":true,"href":"https:\/\/agoravape.com\/es\/wp-json\/wp\/v2\/comments?post=17801"}],"version-history":[{"count":0,"href":"https:\/\/agoravape.com\/es\/wp-json\/wp\/v2\/product\/17801\/revisions"}],"wp:featuredmedia":[{"embeddable":true,"href":"https:\/\/agoravape.com\/es\/wp-json\/wp\/v2\/media\/17821"}],"wp:attachment":[{"href":"https:\/\/agoravape.com\/es\/wp-json\/wp\/v2\/media?parent=17801"}],"wp:term":[{"taxonomy":"product_brand","embeddable":true,"href":"https:\/\/agoravape.com\/es\/wp-json\/wp\/v2\/product_brand?post=17801"},{"taxonomy":"product_cat","embeddable":true,"href":"https:\/\/agoravape.com\/es\/wp-json\/wp\/v2\/product_cat?post=17801"},{"taxonomy":"product_tag","embeddable":true,"href":"https:\/\/agoravape.com\/es\/wp-json\/wp\/v2\/product_tag?post=17801"}],"curies":[{"name":"wp","href":"https:\/\/api.w.org\/{rel}","templated":true}]}}