{"id":17830,"date":"2025-10-19T20:56:20","date_gmt":"2025-10-19T12:56:20","guid":{"rendered":"https:\/\/green-grasshopper-921422.hostingersite.com\/?post_type=product&#038;p=17830"},"modified":"2026-01-12T13:34:43","modified_gmt":"2026-01-12T05:34:43","slug":"hazey-d200-50000-puffs-dual-flavor-vape","status":"publish","type":"product","link":"https:\/\/agoravape.com\/es\/product\/hazey-d200-50000-puffs-dual-flavor-vape\/","title":{"rendered":"Hazey D200 50.000 caladas, doble sabor, modo turbo | Potencia de doble sabor que te durar\u00e1 mucho tiempo"},"content":{"rendered":"<h2 data-v-md-heading=\"what-s-special-about-the-hazey-d200-50k-dual-flavor-turbo-mode-vape\" data-v-md-line=\"3\">\u00bfQu\u00e9 tiene de especial el vaporizador de modo turbo de doble sabor Hazey D200 50K?<\/h2>\n<p data-v-md-line=\"4\">Si est\u00e1s cansado de fumar e-l\u00edquido entre semana, el Hazey D200 te permite seguir us\u00e1ndolo. Este vaporizador desechable duradero de doble sabor te permite cambiar de sabor en cualquier momento. Olv\u00eddate de las tediosas operaciones y men\u00fas. Simplemente desliza el dedo para elegir tu sabor favorito y seguir fumando.<\/p>\n<p data-v-md-line=\"6\">Es ideal para quienes buscan alta resistencia y un funcionamiento sencillo. Puedes disfrutar de hasta 50\u00a0000 asientos en modo normal o elegir el modo turbo para una experiencia m\u00e1s potente. La mayor potencia del modo turbo reduce la capacidad total de succi\u00f3n a aproximadamente 35\u00a0000 puertos. Si buscas una experiencia m\u00e1s potente, este sacrificio merece la pena.<\/p>\n<h2 data-v-md-heading=\"excellent-performance-easy-and-convenient\" data-v-md-line=\"8\">Excellent performance, easy and convenient<\/h2>\n<p data-v-md-line=\"9\">Equipado con un n\u00facleo atomizador de malla de 1.0 \u03a9, el calor se distribuye uniformemente. Por eso, cada succi\u00f3n mantiene un sabor consistente. Los compartimentos dobles para almacenar aceite, cada uno con una capacidad de 28 mililitros, ayudan a mantener un sabor puro y evitan la turbidez. \u00bfQuieres una experiencia m\u00e1s intensa? Activa el modo Turbo para aumentar la potencia al instante. Cuando necesites cargar la bater\u00eda, simplemente c\u00e1rgala y podr\u00e1s seguir us\u00e1ndola.<\/p>\n<h2 data-v-md-heading=\"specification-overview\" data-v-md-line=\"11\">Specification Overview<\/h2>\n<ul data-v-md-line=\"12\">\n<li>Frecuencia de succi\u00f3n: hasta 50000 veces en modo normal; hasta 35000 veces en modo Turbo<\/li>\n<li>Contenido de nicotina: 2% y 5% opcional<\/li>\n<li>Principio de funcionamiento: alternar entre dos sabores; elegir potencia est\u00e1ndar o turbo<\/li>\n<li>M\u00e9todo de carga: recargable; Tipo de interfaz a confirmar.<\/li>\n<li>Status: Ready to use out of the box<\/li>\n<li>Capacidad de e-l\u00edquido: 28 mililitros x 2 (doble compartimento)<\/li>\n<li>N\u00facleo atomizador: malla de 1,0 \u03a9<\/li>\n<li>Bater\u00eda: 600 mAh<\/li>\n<\/ul>\n<h2 data-v-md-heading=\"full-flavor-series\" data-v-md-line=\"21\">Full flavor series<\/h2>\n<ul data-v-md-line=\"22\">\n<li>Ar\u00e1ndanos, cerezas, ar\u00e1ndanos rojos: dulces arco\u00edris<\/li>\n<li>Sand\u00eda, Lim\u00f3n, Lima, Pi\u00f1a, Melocot\u00f3n, Mango<\/li>\n<li>Grosella negra con menta y maracuy\u00e1<\/li>\n<li>Kiwi, granada, manzana y baya<\/li>\n<li>Lim\u00f3n y lima \u2013 Vimto<\/li>\n<li>Batido de melocot\u00f3n blanco, pera y ar\u00e1ndanos<\/li>\n<li>Manzana Pera \u2013 Ar\u00e1ndano Frambuesa<\/li>\n<li>Agua de lim\u00f3n rosa \u2013 Hielo de cola<\/li>\n<li>Gomitas de bayas mixtas<\/li>\n<li>Helado de fresa \u2013 Chicle de fresa y cereza<\/li>\n<li>Mango Melocot\u00f3n Fresa Mango<\/li>\n<li>Fresa Sand\u00eda \u2013 Maracuy\u00e1 Naranja Granada<\/li>\n<li>Batido de ar\u00e1ndanos \u2013 Batido de fresa, frambuesa y cereza<\/li>\n<li>Batido de fresa \u2013 Fresa y kiwi<\/li>\n<li>Batido de uva y sand\u00eda Red Bull<\/li>\n<\/ul>\n<h2 data-v-md-heading=\"for-you-and-for-your-business-as-well\" data-v-md-line=\"38\">For you, and for your business as well<\/h2>\n<p data-v-md-line=\"39\">Puedes comprar uno para uso personal o almacenarlo en tu tienda. Cajas de 200 unidades al por mayor, f\u00e1ciles de planificar y cotizar. Cada caja pesa aproximadamente 24 kilogramos, lo que facilita su clasificaci\u00f3n, almacenamiento y transporte.<\/p>\n<p data-v-md-line=\"41\">Ofrecemos servicios de entrega DDP en toda Europa a trav\u00e9s de socios de confianza como UPS, DPD y DHL. La pretrataci\u00f3n de los aranceles garantiza que su pedido no tenga problemas inesperados durante el despacho de aduanas.<\/p>\n<h2 data-v-md-heading=\"why-do-you-like-it\" data-v-md-line=\"43\">Why do you like it<\/h2>\n<ul data-v-md-line=\"44\">\n<li>Disfrute de beber libremente: reduzca las recargas y los pedidos repetidos.<\/li>\n<li>Selecci\u00f3n de nicotina: elige un contenido de nicotina del 2% o del 5% seg\u00fan tu gusto.<\/li>\n<li>Recargable: utilice el e-l\u00edquido completamente cargado en lugar de desecharlo por adelantado.<\/li>\n<li>Bobina de malla: Sabor suave y uniforme de principio a fin.<\/li>\n<li>Sabores duales: cambia de sabor para eliminar instant\u00e1neamente la fatiga gustativa.<\/li>\n<li>Modo Turbo: obt\u00e9n potencia fuerte en cualquier momento; Modo Normal, alcance m\u00e1ximo.<\/li>\n<\/ul>\n<h2 data-v-md-heading=\"why-choose-to-collaborate-with-agoravape\" data-v-md-line=\"51\">Why choose to collaborate with AgoraVape?<\/h2>\n<p data-v-md-line=\"52\">Ofrecemos inventario 100% genuino, precios de mayoreo con descuento y un amable servicio al cliente. Nuestra red log\u00edstica cubre varias partes de Europa, y el vaporizador Hazey D200 50K de doble sabor con modo turbo ofrece un servicio de entrega confiable con impuestos incluidos. \u00bfBusca un producto popular que atraiga clientes? Perm\u00edtanos abastecerlo.<\/p>","protected":false},"excerpt":{"rendered":"<p>&nbsp;<\/p>","protected":false},"featured_media":17847,"comment_status":"open","ping_status":"closed","template":"","meta":[],"product_brand":[237],"product_cat":[124,185,189,195,174,164,175,193,191,173,186,180,190,192],"product_tag":[],"class_list":{"0":"post-17830","1":"product","2":"type-product","3":"status-publish","4":"has-post-thumbnail","6":"product_brand-hazey","7":"product_cat-vape-by-brand","8":"product_cat-10000-puffs-high-capacity","9":"product_cat-20mg-standard-nicotine-vapes","10":"product_cat-dual-flavor-switch","11":"product_cat-fruit-flavors","12":"product_cat-hazey","13":"product_cat-icy-mint","14":"product_cat-mesh-coil","15":"product_cat-rechargeable-disposables","16":"product_cat-vape-by-flavor-profile","17":"product_cat-vape-by-nicotine-strength","18":"product_cat-vape-by-puff-count","19":"product_cat-vape-by-feature-or-type","20":"product_cat-vapes-with-screens","22":"first","23":"instock","24":"shipping-taxable","25":"purchasable","26":"product-type-variable","27":"has-default-attributes"},"tiered_pricing_type":"percentage","tiered_pricing_fixed_rules":[],"tiered_pricing_product_settings":{"layout":"default","base_unit_name":{"singular":null,"plural":null},"default_variation":null},"tiered_pricing_minimum_quantity":60,"tiered_pricing_roles_data":[],"tiered_pricing_percentage_rules":{"100":"35","200":"44","500":"47","1000":"49"},"tiered_pricing_maximum_quantity":null,"tiered_pricing_quantity_step":"10","_links":{"self":[{"href":"https:\/\/agoravape.com\/es\/wp-json\/wp\/v2\/product\/17830","targetHints":{"allow":["GET"]}}],"collection":[{"href":"https:\/\/agoravape.com\/es\/wp-json\/wp\/v2\/product"}],"about":[{"href":"https:\/\/agoravape.com\/es\/wp-json\/wp\/v2\/types\/product"}],"replies":[{"embeddable":true,"href":"https:\/\/agoravape.com\/es\/wp-json\/wp\/v2\/comments?post=17830"}],"version-history":[{"count":0,"href":"https:\/\/agoravape.com\/es\/wp-json\/wp\/v2\/product\/17830\/revisions"}],"wp:featuredmedia":[{"embeddable":true,"href":"https:\/\/agoravape.com\/es\/wp-json\/wp\/v2\/media\/17847"}],"wp:attachment":[{"href":"https:\/\/agoravape.com\/es\/wp-json\/wp\/v2\/media?parent=17830"}],"wp:term":[{"taxonomy":"product_brand","embeddable":true,"href":"https:\/\/agoravape.com\/es\/wp-json\/wp\/v2\/product_brand?post=17830"},{"taxonomy":"product_cat","embeddable":true,"href":"https:\/\/agoravape.com\/es\/wp-json\/wp\/v2\/product_cat?post=17830"},{"taxonomy":"product_tag","embeddable":true,"href":"https:\/\/agoravape.com\/es\/wp-json\/wp\/v2\/product_tag?post=17830"}],"curies":[{"name":"wp","href":"https:\/\/api.w.org\/{rel}","templated":true}]}}