{"id":17880,"date":"2025-10-19T21:22:15","date_gmt":"2025-10-19T13:22:15","guid":{"rendered":"https:\/\/green-grasshopper-921422.hostingersite.com\/?post_type=product&#038;p=17880"},"modified":"2025-12-15T21:30:09","modified_gmt":"2025-12-15T13:30:09","slug":"lavie-cameo-30000-puffs-doble-malla","status":"publish","type":"product","link":"https:\/\/agoravape.com\/es\/product\/lavie-cameo-30000-puffs-dual-mesh\/","title":{"rendered":"Vape desechable LAVIE CAMEO de 30.000 caladas con doble resistencia de malla (UE) | Caladas potentes, sabor limpio, carga sencilla"},"content":{"rendered":"<h2 data-v-md-heading=\"what-are-the-special-features-of-lavie-cameo-30000-port-dual-mesh-coil-disposable-vape-european-standard\" data-v-md-line=\"3\"><img loading=\"lazy\" decoding=\"async\" class=\"aligncenter size-full wp-image-17908\" src=\"https:\/\/agoravape.com\/wp-content\/uploads\/2025\/10\/LAVIE-CAMEO-30k-Puffs-Dual-Mesh-Coil-Disposable-Vape-EU_Agora_vape-13-scaled.webp\" alt=\"\" width=\"2560\" height=\"1810\" srcset=\"https:\/\/agoravape.com\/wp-content\/uploads\/2025\/10\/LAVIE-CAMEO-30k-Puffs-Dual-Mesh-Coil-Disposable-Vape-EU_Agora_vape-13-scaled.webp 2560w, https:\/\/agoravape.com\/wp-content\/uploads\/2025\/10\/LAVIE-CAMEO-30k-Puffs-Dual-Mesh-Coil-Disposable-Vape-EU_Agora_vape-13-scaled-1200x848.webp 1200w, https:\/\/agoravape.com\/wp-content\/uploads\/2025\/10\/LAVIE-CAMEO-30k-Puffs-Dual-Mesh-Coil-Disposable-Vape-EU_Agora_vape-13-300x212.webp 300w, https:\/\/agoravape.com\/wp-content\/uploads\/2025\/10\/LAVIE-CAMEO-30k-Puffs-Dual-Mesh-Coil-Disposable-Vape-EU_Agora_vape-13-1024x724.webp 1024w, https:\/\/agoravape.com\/wp-content\/uploads\/2025\/10\/LAVIE-CAMEO-30k-Puffs-Dual-Mesh-Coil-Disposable-Vape-EU_Agora_vape-13-768x543.webp 768w, https:\/\/agoravape.com\/wp-content\/uploads\/2025\/10\/LAVIE-CAMEO-30k-Puffs-Dual-Mesh-Coil-Disposable-Vape-EU_Agora_vape-13-1536x1086.webp 1536w, https:\/\/agoravape.com\/wp-content\/uploads\/2025\/10\/LAVIE-CAMEO-30k-Puffs-Dual-Mesh-Coil-Disposable-Vape-EU_Agora_vape-13-2048x1448.webp 2048w\" sizes=\"auto, (max-width: 2560px) 100vw, 2560px\" \/><\/h2>\n<h2 data-v-md-heading=\"what-are-the-special-features-of-lavie-cameo-30000-port-dual-mesh-coil-disposable-vape-european-standard\" data-v-md-line=\"3\">\u00bfCu\u00e1les son las caracter\u00edsticas especiales del vaporizador desechable de bobina de malla dual de 30000 puertos LAVIE CAMEO (est\u00e1ndar europeo)?<\/h2>\n<p data-v-md-line=\"4\">Si est\u00e1s cansado de cambiar tus vaporizadores desechables cada pocos d\u00edas, este producto te facilitar\u00e1 la vida. El LAVIE CAMEO tiene una capacidad de hasta 30\u00a0000 puertos, es compacto y port\u00e1til, y su solidez te har\u00e1 sentir c\u00f3modo.<\/p>\n<p data-v-md-line=\"6\">Si buscas un sabor duradero y una comodidad sencilla, esta es tu opci\u00f3n ideal. Sin botones ni men\u00fas, solo una suave succi\u00f3n para disfrutar. Las espirales de doble malla proporcionan una textura suave y consistente, ofreciendo un sabor excelente desde el primer bocado hasta el \u00faltimo.<\/p>\n<h2 data-v-md-heading=\"excellent-performance-easy-and-convenient\" data-v-md-line=\"8\">Excellent performance, easy and convenient<\/h2>\n<p data-v-md-line=\"9\">En su interior, se utilizan resistencias de doble malla para un calentamiento uniforme, garantizando que cada bocado sea limpio y con un sabor intenso. Cuando la bater\u00eda est\u00e9 baja, puedes cargarlo mediante el cable Tipo C. Es el mismo cable que usas en tu tel\u00e9fono. Sencillo. Quiz\u00e1s pienses que un vaporizador de tanta capacidad es voluminoso, pero el CAMEO es sorprendentemente compacto y f\u00e1cil de transportar.<\/p>\n<h2 data-v-md-heading=\"specification-introduction\" data-v-md-line=\"11\">Specification Introduction<\/h2>\n<ul data-v-md-line=\"12\">\n<li>Suction frequency: up to 30000 times<\/li>\n<li>E-l\u00edquido: 25 ml tipo precargado<\/li>\n<li>N\u00facleo atomizador: doble malla<\/li>\n<li>Bater\u00eda: 950 mAh<\/li>\n<li>Nicotina: La situaci\u00f3n del suministro var\u00eda seg\u00fan el mercado; consulte las opciones actuales al finalizar la compra o consulte a nuestro equipo.<\/li>\n<li>Working principle: Activated by inhalation<\/li>\n<li>Carga: puerto USB tipo C est\u00e1ndar<\/li>\n<li>Status: Ready to use out of the box<\/li>\n<li>Tama\u00f1o y peso: 99,9 \u00d7 28,3 \u00d7 46,4 mil\u00edmetros; 87 gramos<\/li>\n<\/ul>\n<h2 data-v-md-heading=\"full-flavor-series\" data-v-md-line=\"22\">Full flavor series<\/h2>\n<ul data-v-md-line=\"23\">\n<li>Watermelon Ice<\/li>\n<li>Helado de pera y c\u00edtricos<\/li>\n<li>Helado de mango<\/li>\n<li>Strawberry Ice<\/li>\n<li>Caf\u00e9 helado<\/li>\n<li>Helado de cereza<\/li>\n<li>Pista de hielo azul<\/li>\n<li>Hielo de frutas tropicales<\/li>\n<li>Hielo de cola y lim\u00f3n<\/li>\n<li>Grape Ice<\/li>\n<li>Doble helado de manzana<\/li>\n<li>Helado de fresa y sand\u00eda<\/li>\n<\/ul>\n<h2 data-v-md-heading=\"for-you-for-your-business\" data-v-md-line=\"36\">For you, for your business<\/h2>\n<p data-v-md-line=\"37\">Puedes comprar una para ti o abastecer tu tienda. Vendemos al por mayor 200 cajas de cart\u00f3n (con dimensiones de 580 \u00d7 338 \u00d7 264 mil\u00edmetros y un peso bruto aproximado de 25 kilogramos). Esto te facilita planificar el espacio en los estantes y optimizar tus ganancias.<\/p>\n<p data-v-md-line=\"39\">Tambi\u00e9n ofrecemos servicios de transporte DDP con impuestos pagados con socios de confianza como UPS, DPD y DHL para garantizar la entrega fluida de la mercanc\u00eda y evitar problemas aduaneros. Seg\u00fan la TPD2, la normativa var\u00eda seg\u00fan la regi\u00f3n de la Uni\u00f3n Europea. En muchos mercados, los vapeadores desechables precargados de m\u00e1s de 2 mililitros no pueden contener nicotina. Consulte la normativa vigente en su zona y cons\u00faltenos sobre las alternativas de cumplimiento aplicables a su pa\u00eds\/regi\u00f3n.<\/p>\n<h2 data-v-md-heading=\"why-do-you-like-it\" data-v-md-line=\"41\">Why do you like it<\/h2>\n<ul data-v-md-line=\"42\">\n<li>Gran calibre: duradero y de larga duraci\u00f3n, sin necesidad de comprar con frecuencia nuevo e-l\u00edquido.<\/li>\n<li>Selecci\u00f3n de nicotina: elija la nicotina m\u00e1s adecuada para usted seg\u00fan las condiciones de suministro locales.<\/li>\n<li>Recargable: la carga tipo C te ayuda a aprovechar cada gota.<\/li>\n<li>Bobina de malla: sabor consistente.<\/li>\n<\/ul>\n<h2 data-v-md-heading=\"why-collaborate-with-agoravape\" data-v-md-line=\"47\">Why collaborate with AgoraVape?<\/h2>\n<p data-v-md-line=\"48\">Solo vendemos productos originales de proveedores confiables. Para clientes comerciales, esto significa que los vaporizadores desechables LAVIE CAMEO de 30k de calibre con doble resistencia de malla (versi\u00f3n UE) ofrecen precios al por mayor con descuento, soporte t\u00e9cnico de respuesta r\u00e1pida y servicios de entrega r\u00e1pidos y confiables en la UE. Si desea adquirir un dispositivo que los clientes puedan recomprar continuamente, cont\u00e1ctenos.<\/p>\n<p><script src=\"chrome-extension:\/\/fpelahbljekknahkcaegamhcndkfpfnc\/iFrame.js\" type=\"text\/javascript\"><\/script><\/p>\n<p><script src=\"chrome-extension:\/\/fpelahbljekknahkcaegamhcndkfpfnc\/iFrame.js\" type=\"text\/javascript\"><\/script><\/p>","protected":false},"excerpt":{"rendered":"<p>&nbsp;<\/p>\n<p><script src=\"chrome-extension:\/\/fpelahbljekknahkcaegamhcndkfpfnc\/iFrame.js\" type=\"text\/javascript\"><\/script><\/p>\n<p><script src=\"chrome-extension:\/\/fpelahbljekknahkcaegamhcndkfpfnc\/iFrame.js\" type=\"text\/javascript\"><\/script><\/p>\n<p><script src=\"chrome-extension:\/\/fpelahbljekknahkcaegamhcndkfpfnc\/iFrame.js\" type=\"text\/javascript\"><\/script><\/p>\n<p><script src=\"chrome-extension:\/\/fpelahbljekknahkcaegamhcndkfpfnc\/iFrame.js\" type=\"text\/javascript\"><\/script><\/p>\n<p><script src=\"chrome-extension:\/\/fpelahbljekknahkcaegamhcndkfpfnc\/iFrame.js\" type=\"text\/javascript\"><\/script><\/p>\n<p><script src=\"chrome-extension:\/\/fpelahbljekknahkcaegamhcndkfpfnc\/iFrame.js\" type=\"text\/javascript\"><\/script><\/p>\n<p><script src=\"chrome-extension:\/\/fpelahbljekknahkcaegamhcndkfpfnc\/iFrame.js\" type=\"text\/javascript\"><\/script><\/p>\n<p><script src=\"chrome-extension:\/\/fpelahbljekknahkcaegamhcndkfpfnc\/iFrame.js\" type=\"text\/javascript\"><\/script><\/p>\n<p><script src=\"chrome-extension:\/\/fpelahbljekknahkcaegamhcndkfpfnc\/iFrame.js\" type=\"text\/javascript\"><\/script><\/p>\n<p><script src=\"chrome-extension:\/\/fpelahbljekknahkcaegamhcndkfpfnc\/iFrame.js\" type=\"text\/javascript\"><\/script><\/p>\n<p><script src=\"chrome-extension:\/\/fpelahbljekknahkcaegamhcndkfpfnc\/iFrame.js\" type=\"text\/javascript\"><\/script><\/p>\n<p><script src=\"chrome-extension:\/\/fpelahbljekknahkcaegamhcndkfpfnc\/iFrame.js\" type=\"text\/javascript\"><\/script><\/p>\n<p><script src=\"chrome-extension:\/\/fpelahbljekknahkcaegamhcndkfpfnc\/iFrame.js\" type=\"text\/javascript\"><\/script><\/p>\n<p><script src=\"chrome-extension:\/\/fpelahbljekknahkcaegamhcndkfpfnc\/iFrame.js\" type=\"text\/javascript\"><\/script><\/p>\n<p><script src=\"chrome-extension:\/\/fpelahbljekknahkcaegamhcndkfpfnc\/iFrame.js\" type=\"text\/javascript\"><\/script><\/p>\n<p><script src=\"chrome-extension:\/\/fpelahbljekknahkcaegamhcndkfpfnc\/iFrame.js\" type=\"text\/javascript\"><\/script><\/p>\n<p><script src=\"chrome-extension:\/\/fpelahbljekknahkcaegamhcndkfpfnc\/iFrame.js\" type=\"text\/javascript\"><\/script><\/p>","protected":false},"featured_media":17907,"comment_status":"open","ping_status":"closed","template":"","meta":[],"product_brand":[238],"product_cat":[124,185,176,174,175,165,193,191,173,186,180,190,192],"product_tag":[],"class_list":{"0":"post-17880","1":"product","2":"type-product","3":"status-publish","4":"has-post-thumbnail","6":"product_brand-lavie","7":"product_cat-vape-by-brand","8":"product_cat-10000-puffs-high-capacity","9":"product_cat-beverage","10":"product_cat-fruit-flavors","11":"product_cat-icy-mint","12":"product_cat-lavie","13":"product_cat-mesh-coil","14":"product_cat-rechargeable-disposables","15":"product_cat-vape-by-flavor-profile","16":"product_cat-vape-by-nicotine-strength","17":"product_cat-vape-by-puff-count","18":"product_cat-vape-by-feature-or-type","19":"product_cat-vapes-with-screens","21":"first","22":"instock","23":"shipping-taxable","24":"purchasable","25":"product-type-variable","26":"has-default-attributes"},"tiered_pricing_type":"percentage","tiered_pricing_fixed_rules":[],"tiered_pricing_product_settings":{"layout":"default","base_unit_name":{"singular":null,"plural":null},"default_variation":null},"tiered_pricing_minimum_quantity":10,"tiered_pricing_roles_data":[],"tiered_pricing_percentage_rules":{"30":"29","50":"35","100":"40","200":"44","500":"47","1000":"49"},"tiered_pricing_maximum_quantity":null,"tiered_pricing_quantity_step":"10","_links":{"self":[{"href":"https:\/\/agoravape.com\/es\/wp-json\/wp\/v2\/product\/17880","targetHints":{"allow":["GET"]}}],"collection":[{"href":"https:\/\/agoravape.com\/es\/wp-json\/wp\/v2\/product"}],"about":[{"href":"https:\/\/agoravape.com\/es\/wp-json\/wp\/v2\/types\/product"}],"replies":[{"embeddable":true,"href":"https:\/\/agoravape.com\/es\/wp-json\/wp\/v2\/comments?post=17880"}],"version-history":[{"count":0,"href":"https:\/\/agoravape.com\/es\/wp-json\/wp\/v2\/product\/17880\/revisions"}],"wp:featuredmedia":[{"embeddable":true,"href":"https:\/\/agoravape.com\/es\/wp-json\/wp\/v2\/media\/17907"}],"wp:attachment":[{"href":"https:\/\/agoravape.com\/es\/wp-json\/wp\/v2\/media?parent=17880"}],"wp:term":[{"taxonomy":"product_brand","embeddable":true,"href":"https:\/\/agoravape.com\/es\/wp-json\/wp\/v2\/product_brand?post=17880"},{"taxonomy":"product_cat","embeddable":true,"href":"https:\/\/agoravape.com\/es\/wp-json\/wp\/v2\/product_cat?post=17880"},{"taxonomy":"product_tag","embeddable":true,"href":"https:\/\/agoravape.com\/es\/wp-json\/wp\/v2\/product_tag?post=17880"}],"curies":[{"name":"wp","href":"https:\/\/api.w.org\/{rel}","templated":true}]}}