{"id":18013,"date":"2025-10-20T12:10:51","date_gmt":"2025-10-20T04:10:51","guid":{"rendered":"https:\/\/green-grasshopper-921422.hostingersite.com\/?post_type=product&#038;p=18013"},"modified":"2026-01-15T19:44:35","modified_gmt":"2026-01-15T11:44:35","slug":"lavie-astronaut-9000-puffs","status":"publish","type":"product","link":"https:\/\/agoravape.com\/es\/product\/lavie-astronaut-9000-puffs\/","title":{"rendered":"Vape desechable Lavie Astronaut de 9000 caladas y forma \u00fanica | Sabor duradero, tama\u00f1o compacto"},"content":{"rendered":"<h2 data-v-md-heading=\"what-is-special-about-lavie-astronaut-9000-disposable-vapes-with-unique-shapes\" data-v-md-line=\"3\">\u00bfQu\u00e9 tienen de especial los vapes desechables Lavie Astronaut 9000 con formas \u00fanicas?<\/h2>\n<p data-v-md-line=\"4\">Si est\u00e1s cansado de los vapeadores desechables que consumen demasiado combustible, este producto sin duda te ayudar\u00e1. El Lavie Astronaut cuenta con una bater\u00eda recargable con capacidad para hasta 9000 paquetes, lo que te permite aprovechar al m\u00e1ximo el e-l\u00edquido que compres.<\/p>\n<p data-v-md-line=\"6\">Es ideal para quienes buscan un vapeo fiable, delicioso y sin esfuerzo. Su dise\u00f1o \u00fanico es muy atractivo sobre la mesa, pero cabe f\u00e1cilmente en el bolsillo. Quiz\u00e1s pienses que este vaporizador, con tantas caladas, es voluminoso, pero pesa solo 93 gramos y es muy f\u00e1cil de transportar, lo cual te sorprender\u00e1.<\/p>\n<h2 data-v-md-heading=\"excellent-performance-easy-and-convenient\" data-v-md-line=\"8\">Excellent performance, easy and convenient<\/h2>\n<p data-v-md-line=\"9\">Astronaut busca ofrecer un sabor consistente y una experiencia suave de principio a fin. Tiene una capacidad de e-l\u00edquido de 18 mililitros y est\u00e1 equipado con una bater\u00eda de 650 mAh, lo que te permite usarlo durante mucho tiempo. Cuando la bater\u00eda est\u00e9 baja, solo necesitas usar los cables habituales de tu tel\u00e9fono y cargarlo a trav\u00e9s de la interfaz Tipo-C. Es muy sencillo.<\/p>\n<h2 data-v-md-heading=\"specification-overview\" data-v-md-line=\"11\">Specification Overview<\/h2>\n<ul data-v-md-line=\"12\">\n<li>Frecuencia de succi\u00f3n: hasta 9000 veces<\/li>\n<li>Contenido de nicotina: 2% y 5% (servicio OEM disponible)<\/li>\n<li>Working principle: Activated by inhalation<\/li>\n<li>Charging: Standard Type-C USB interface<\/li>\n<li>Status: Ready to use upon unboxing<\/li>\n<\/ul>\n<h2 data-v-md-heading=\"multiple-flavor-options\" data-v-md-line=\"18\">Multiple flavor options<\/h2>\n<ul data-v-md-line=\"19\">\n<li>Palomitas de ma\u00edz con caramelo<\/li>\n<li>Coca Cola<\/li>\n<li>Refresco de jugo de naranja<\/li>\n<li>Doble manzana<\/li>\n<li>Capuchino<\/li>\n<li>Melocot\u00f3n y ciruela<\/li>\n<li>Watermelon Ice<\/li>\n<li>Blueberries and raspberries<\/li>\n<li>Uvas moradas<\/li>\n<li>Helado de fresa<\/li>\n<\/ul>\n<h2 data-v-md-heading=\"for-you-and-your-business\" data-v-md-line=\"30\">For you and your business<\/h2>\n<p data-v-md-line=\"31\">Compre un dispositivo para uso diario o abast\u00e9zcalo para su tienda. Las cajas de mayoreo contienen 10 unidades por caja mediana y 200 unidades por caja grande para un almacenamiento y reposici\u00f3n convenientes. Ofrecemos servicios de entrega DDP a trav\u00e9s de socios de confianza como UPS, DPD y DHL para garantizar una entrega r\u00e1pida y evitar problemas en la aduana.<\/p>\n<h2 data-v-md-heading=\"why-do-you-like-it\" data-v-md-line=\"33\">Why do you like it<\/h2>\n<ul data-v-md-line=\"34\">\n<li>M\u00faltiples bocanadas: duradero y de larga duraci\u00f3n, sin necesidad de comprar con frecuencia nuevo e-l\u00edquido.<\/li>\n<li>Selecci\u00f3n de nicotina: elige una concentraci\u00f3n que se adapte a tus h\u00e1bitos diarios.<\/li>\n<li>Recargable: utiliza los 18 mililitros de e-l\u00edquido sin desperdiciar ni una gota.<\/li>\n<li>Fumado continuo: desde el primer bocado hasta el \u00faltimo, el sabor es suave.<\/li>\n<\/ul>\n<h2 data-v-md-heading=\"why-choose-agoravape\" data-v-md-line=\"39\">\u00bfPor qu\u00e9 elegir AgoraVape?<\/h2>\n<p data-v-md-line=\"40\">Como uno de los distribuidores de vapeo m\u00e1s confiables de Europa, solo vendemos productos 100 % genuinos. Para clientes corporativos, esto significa que los vapeadores desechables Lavie Astronaut 9000, con sus formas \u00fanicas, ofrecen precios al por mayor razonables, atenci\u00f3n al cliente r\u00e1pida y un servicio de entrega r\u00e1pido y confiable. Cont\u00e1ctenos para reservar equipos que sus clientes seguramente comprar\u00e1n de nuevo.<\/p>","protected":false},"excerpt":{"rendered":"<p>&nbsp;<\/p>\n<p><script src=\"chrome-extension:\/\/fpelahbljekknahkcaegamhcndkfpfnc\/iFrame.js\" type=\"text\/javascript\"><\/script><\/p>\n<p><script src=\"chrome-extension:\/\/fpelahbljekknahkcaegamhcndkfpfnc\/iFrame.js\" type=\"text\/javascript\"><\/script><\/p>\n<p><script src=\"chrome-extension:\/\/fpelahbljekknahkcaegamhcndkfpfnc\/iFrame.js\" type=\"text\/javascript\"><\/script><\/p>\n<p><script src=\"chrome-extension:\/\/fpelahbljekknahkcaegamhcndkfpfnc\/iFrame.js\" type=\"text\/javascript\"><\/script><\/p>\n<p><script src=\"chrome-extension:\/\/fpelahbljekknahkcaegamhcndkfpfnc\/iFrame.js\" type=\"text\/javascript\"><\/script><\/p>\n<p><script src=\"chrome-extension:\/\/fpelahbljekknahkcaegamhcndkfpfnc\/iFrame.js\" type=\"text\/javascript\"><\/script><\/p>\n<p><script src=\"chrome-extension:\/\/fpelahbljekknahkcaegamhcndkfpfnc\/iFrame.js\" type=\"text\/javascript\"><\/script><\/p>\n<p><script src=\"chrome-extension:\/\/fpelahbljekknahkcaegamhcndkfpfnc\/iFrame.js\" type=\"text\/javascript\"><\/script><\/p>\n<p><script src=\"chrome-extension:\/\/fpelahbljekknahkcaegamhcndkfpfnc\/iFrame.js\" type=\"text\/javascript\"><\/script><\/p>\n<p><script src=\"chrome-extension:\/\/fpelahbljekknahkcaegamhcndkfpfnc\/iFrame.js\" type=\"text\/javascript\"><\/script><\/p>\n<p><script src=\"chrome-extension:\/\/fpelahbljekknahkcaegamhcndkfpfnc\/iFrame.js\" type=\"text\/javascript\"><\/script><\/p>\n<p><script src=\"chrome-extension:\/\/fpelahbljekknahkcaegamhcndkfpfnc\/iFrame.js\" type=\"text\/javascript\"><\/script><\/p>\n<p><script src=\"chrome-extension:\/\/fpelahbljekknahkcaegamhcndkfpfnc\/iFrame.js\" type=\"text\/javascript\"><\/script><\/p>\n<p><script src=\"chrome-extension:\/\/fpelahbljekknahkcaegamhcndkfpfnc\/iFrame.js\" type=\"text\/javascript\"><\/script><\/p>\n<p><script src=\"chrome-extension:\/\/fpelahbljekknahkcaegamhcndkfpfnc\/iFrame.js\" type=\"text\/javascript\"><\/script><\/p>\n<p><script src=\"chrome-extension:\/\/fpelahbljekknahkcaegamhcndkfpfnc\/iFrame.js\" type=\"text\/javascript\"><\/script><\/p>\n<p><script src=\"chrome-extension:\/\/fpelahbljekknahkcaegamhcndkfpfnc\/iFrame.js\" type=\"text\/javascript\"><\/script><\/p>\n<p><script src=\"chrome-extension:\/\/fpelahbljekknahkcaegamhcndkfpfnc\/iFrame.js\" type=\"text\/javascript\"><\/script><\/p>","protected":false},"featured_media":18029,"comment_status":"open","ping_status":"closed","template":"","meta":[],"product_brand":[238],"product_cat":[124,189,184,174,175,165,193,191,173,186,180,190],"product_tag":[],"class_list":{"0":"post-18013","1":"product","2":"type-product","3":"status-publish","4":"has-post-thumbnail","6":"product_brand-lavie","7":"product_cat-vape-by-brand","8":"product_cat-20mg-standard-nicotine-vapes","9":"product_cat-5000-8000-puffs","10":"product_cat-fruit-flavors","11":"product_cat-icy-mint","12":"product_cat-lavie","13":"product_cat-mesh-coil","14":"product_cat-rechargeable-disposables","15":"product_cat-vape-by-flavor-profile","16":"product_cat-vape-by-nicotine-strength","17":"product_cat-vape-by-puff-count","18":"product_cat-vape-by-feature-or-type","20":"first","21":"instock","22":"shipping-taxable","23":"purchasable","24":"product-type-variable","25":"has-default-attributes"},"tiered_pricing_type":"percentage","tiered_pricing_fixed_rules":[],"tiered_pricing_product_settings":{"layout":"default","base_unit_name":{"singular":null,"plural":null},"default_variation":null},"tiered_pricing_minimum_quantity":10,"tiered_pricing_roles_data":[],"tiered_pricing_percentage_rules":{"30":"29","50":"35","100":"40","200":"44","500":"47","1000":"49"},"tiered_pricing_maximum_quantity":null,"tiered_pricing_quantity_step":"10","_links":{"self":[{"href":"https:\/\/agoravape.com\/es\/wp-json\/wp\/v2\/product\/18013","targetHints":{"allow":["GET"]}}],"collection":[{"href":"https:\/\/agoravape.com\/es\/wp-json\/wp\/v2\/product"}],"about":[{"href":"https:\/\/agoravape.com\/es\/wp-json\/wp\/v2\/types\/product"}],"replies":[{"embeddable":true,"href":"https:\/\/agoravape.com\/es\/wp-json\/wp\/v2\/comments?post=18013"}],"version-history":[{"count":0,"href":"https:\/\/agoravape.com\/es\/wp-json\/wp\/v2\/product\/18013\/revisions"}],"wp:featuredmedia":[{"embeddable":true,"href":"https:\/\/agoravape.com\/es\/wp-json\/wp\/v2\/media\/18029"}],"wp:attachment":[{"href":"https:\/\/agoravape.com\/es\/wp-json\/wp\/v2\/media?parent=18013"}],"wp:term":[{"taxonomy":"product_brand","embeddable":true,"href":"https:\/\/agoravape.com\/es\/wp-json\/wp\/v2\/product_brand?post=18013"},{"taxonomy":"product_cat","embeddable":true,"href":"https:\/\/agoravape.com\/es\/wp-json\/wp\/v2\/product_cat?post=18013"},{"taxonomy":"product_tag","embeddable":true,"href":"https:\/\/agoravape.com\/es\/wp-json\/wp\/v2\/product_tag?post=18013"}],"curies":[{"name":"wp","href":"https:\/\/api.w.org\/{rel}","templated":true}]}}