{"id":18033,"date":"2025-10-20T12:24:56","date_gmt":"2025-10-20T04:24:56","guid":{"rendered":"https:\/\/green-grasshopper-921422.hostingersite.com\/?post_type=product&#038;p=18033"},"modified":"2025-12-15T21:30:08","modified_gmt":"2025-12-15T13:30:08","slug":"lavie-cola-6000-bocanadas","status":"publish","type":"product","link":"https:\/\/agoravape.com\/es\/product\/lavie-cola-6000-puffs\/","title":{"rendered":"Lavie Cola - Vapeador desechable con dise\u00f1o de botella de 6000 inhalaciones | Gran sabor. Vapeo sin complicaciones."},"content":{"rendered":"<h2 data-v-md-heading=\"what-is-special-about-lavie-cola-s-6000-bottle-disposable-vape\" data-v-md-line=\"3\">\u00bfQu\u00e9 tiene de especial el vape desechable de 6000 botellas de Lavie Cola?<\/h2>\n<p data-v-md-line=\"4\">Si est\u00e1s cansado de cambiar de cigarrillo electr\u00f3nico cada pocos d\u00edas, este producto es tu opci\u00f3n ideal. El dise\u00f1o de la botella de cola de Lavie es elegante y pr\u00e1ctico, con un cuerpo compacto de 110 \u00d7 30 mm que cabe f\u00e1cilmente en cualquier bolsillo. Si buscas un sabor duradero sin esfuerzo, sin duda es tu opci\u00f3n ideal.<\/p>\n<p data-v-md-line=\"6\">Puede que el paquete de 6000 cigarrillos electr\u00f3nicos le parezca voluminoso, pero es sorprendentemente ligero: pesa solo 75 gramos. Se siente muy resistente en la mano y se puede usar inmediatamente despu\u00e9s de abrir la caja.<\/p>\n<h2 data-v-md-heading=\"excellent-performance-without-any-complex-operations\" data-v-md-line=\"8\">Excelente rendimiento sin operaciones complejas.<\/h2>\n<p data-v-md-line=\"9\">Dale una calada y empezar\u00e1 a funcionar. La bater\u00eda de 600 mAh y el n\u00facleo atomizador calibrado proporcionan una succi\u00f3n estable, garantizando un sabor consistente con una capacidad de 15 ml. No necesitas usar botones ni aprender men\u00fas.<\/p>\n<h2 data-v-md-heading=\"specification-introduction\" data-v-md-line=\"11\">Specification Introduction<\/h2>\n<ul data-v-md-line=\"12\">\n<li>Frecuencia de succi\u00f3n: hasta 6000 veces<\/li>\n<li>Nicotina: 2 % de sal de nicotina al precio de venta al p\u00fablico de la UE. Si se permite, los fabricantes OEM pueden disfrutar de un 5 % de descuento.<\/li>\n<li>Capacidad de e-l\u00edquido: 15 mililitros<\/li>\n<li>Bater\u00eda: 600 mAh<\/li>\n<li>Working principle: Activated by inhalation<\/li>\n<li>Carga: Interfaz de carga incorporada, dise\u00f1o recargable.<\/li>\n<li>Status: Ready to use upon unboxing<\/li>\n<li>Tama\u00f1o: 110 \u00d7 30 mm<\/li>\n<li>Peso neto: 75 gramos<\/li>\n<\/ul>\n<h2 data-v-md-heading=\"full-range-of-flavors\" data-v-md-line=\"22\">Gama completa de sabores<\/h2>\n<ul data-v-md-line=\"23\">\n<li>Helado de sand\u00eda y fresa<\/li>\n<li>bebidas energ\u00e9ticas<\/li>\n<li>Grape Ice<\/li>\n<li>Helado de mango<\/li>\n<li>Peach Ice<\/li>\n<li>Helado de frutos rojos mixtos<\/li>\n<li>Helado de mango y fresa<\/li>\n<li>Helado de leche de pl\u00e1tano<\/li>\n<li>Helado de manzana y lim\u00f3n<\/li>\n<li>Coca Cola Ice<\/li>\n<\/ul>\n<h2 data-v-md-heading=\"for-you-and-your-business\" data-v-md-line=\"34\">For you and your business<\/h2>\n<p data-v-md-line=\"35\">Puedes comprar un dispositivo para uso diario o abastecerlo para tu tienda. Cada caja contiene 10 unidades para un almacenamiento y manejo c\u00f3modos. Una caja grande de 200 unidades es muy rentable para pedidos al por mayor.<\/p>\n<p data-v-md-line=\"37\">Trabajamos con socios de confianza como UPS, DPD y DHL, con entrega DDP y tarifas preprocesadas, para que no tenga ning\u00fan problema en la aduana. Entrega fiable con seguimiento en toda Europa.<\/p>\n<h2 data-v-md-heading=\"why-do-you-like-it\" data-v-md-line=\"39\">Why do you like it<\/h2>\n<ul data-v-md-line=\"40\">\n<li>Gran capacidad para fumar: duradero y de larga duraci\u00f3n, sin necesidad de comprar cigarrillos nuevos con frecuencia.<\/li>\n<li>Selecci\u00f3n de concentraci\u00f3n de nicotina: Elija la concentraci\u00f3n que se adapte a usted y a su mercado<\/li>\n<li>Recargable: se pueden utilizar 15 mililitros de e-l\u00edquido sin necesidad de desecharlo previamente<\/li>\n<li>N\u00facleo atomizador confiable: desde el primer bocado hasta el \u00faltimo, el sabor se mantiene constante.<\/li>\n<\/ul>\n<h2 data-v-md-heading=\"why-choose-agoravape\" data-v-md-line=\"45\">\u00bfPor qu\u00e9 elegir AgoraVape?<\/h2>\n<p data-v-md-line=\"46\">Solo vendemos productos 100 % genuinos, con precios de mayorista confiables y un servicio de atenci\u00f3n al cliente eficiente. Para clientes de la UE, les ayudaremos a comprender las normativas locales para garantizar que la concentraci\u00f3n de nicotina y el empaque adecuados se entreguen en el pa\u00eds o regi\u00f3n correspondiente. Realizamos env\u00edos r\u00e1pidos y abonamos los aranceles aduaneros a trav\u00e9s de UPS, DPD y DHL. El pago se realiza a trav\u00e9s de una pasarela segura y realizamos una estricta verificaci\u00f3n de edad. Para productos da\u00f1ados o no entregados, les proporcionaremos una pol\u00edtica de devoluciones clara.<\/p>\n<p data-v-md-line=\"48\">\u00bfQuiere saber el precio o la oferta al por mayor de los cigarrillos electr\u00f3nicos desechables Lavie Cola de 6000 unidades? Cont\u00e1ctenos y prepararemos el inventario que sus clientes habituales desean.<\/p>","protected":false},"excerpt":{"rendered":"<p>&nbsp;<\/p>\n<p><script src=\"chrome-extension:\/\/fpelahbljekknahkcaegamhcndkfpfnc\/iFrame.js\" type=\"text\/javascript\"><\/script><\/p>\n<p><script src=\"chrome-extension:\/\/fpelahbljekknahkcaegamhcndkfpfnc\/iFrame.js\" type=\"text\/javascript\"><\/script><\/p>\n<p><script src=\"chrome-extension:\/\/fpelahbljekknahkcaegamhcndkfpfnc\/iFrame.js\" type=\"text\/javascript\"><\/script><\/p>\n<p><script src=\"chrome-extension:\/\/fpelahbljekknahkcaegamhcndkfpfnc\/iFrame.js\" type=\"text\/javascript\"><\/script><\/p>\n<p><script src=\"chrome-extension:\/\/fpelahbljekknahkcaegamhcndkfpfnc\/iFrame.js\" type=\"text\/javascript\"><\/script><\/p>\n<p><script src=\"chrome-extension:\/\/fpelahbljekknahkcaegamhcndkfpfnc\/iFrame.js\" type=\"text\/javascript\"><\/script><\/p>\n<p><script src=\"chrome-extension:\/\/fpelahbljekknahkcaegamhcndkfpfnc\/iFrame.js\" type=\"text\/javascript\"><\/script><\/p>\n<p><script src=\"chrome-extension:\/\/fpelahbljekknahkcaegamhcndkfpfnc\/iFrame.js\" type=\"text\/javascript\"><\/script><\/p>\n<p><script src=\"chrome-extension:\/\/fpelahbljekknahkcaegamhcndkfpfnc\/iFrame.js\" type=\"text\/javascript\"><\/script><\/p>\n<p><script src=\"chrome-extension:\/\/fpelahbljekknahkcaegamhcndkfpfnc\/iFrame.js\" type=\"text\/javascript\"><\/script><\/p>\n<p><script src=\"chrome-extension:\/\/fpelahbljekknahkcaegamhcndkfpfnc\/iFrame.js\" type=\"text\/javascript\"><\/script><\/p>\n<p><script src=\"chrome-extension:\/\/fpelahbljekknahkcaegamhcndkfpfnc\/iFrame.js\" type=\"text\/javascript\"><\/script><\/p>\n<p><script src=\"chrome-extension:\/\/fpelahbljekknahkcaegamhcndkfpfnc\/iFrame.js\" type=\"text\/javascript\"><\/script><\/p>\n<p><script src=\"chrome-extension:\/\/fpelahbljekknahkcaegamhcndkfpfnc\/iFrame.js\" type=\"text\/javascript\"><\/script><\/p>\n<p><script src=\"chrome-extension:\/\/fpelahbljekknahkcaegamhcndkfpfnc\/iFrame.js\" type=\"text\/javascript\"><\/script><\/p>\n<p><script src=\"chrome-extension:\/\/fpelahbljekknahkcaegamhcndkfpfnc\/iFrame.js\" type=\"text\/javascript\"><\/script><\/p>\n<p><script src=\"chrome-extension:\/\/fpelahbljekknahkcaegamhcndkfpfnc\/iFrame.js\" type=\"text\/javascript\"><\/script><\/p>\n<p><script src=\"chrome-extension:\/\/fpelahbljekknahkcaegamhcndkfpfnc\/iFrame.js\" type=\"text\/javascript\"><\/script><\/p>","protected":false},"featured_media":18046,"comment_status":"open","ping_status":"closed","template":"","meta":[],"product_brand":[238],"product_cat":[124,189,184,174,175,165,193,191,173,186,180,190],"product_tag":[],"class_list":{"0":"post-18033","1":"product","2":"type-product","3":"status-publish","4":"has-post-thumbnail","6":"product_brand-lavie","7":"product_cat-vape-by-brand","8":"product_cat-20mg-standard-nicotine-vapes","9":"product_cat-5000-8000-puffs","10":"product_cat-fruit-flavors","11":"product_cat-icy-mint","12":"product_cat-lavie","13":"product_cat-mesh-coil","14":"product_cat-rechargeable-disposables","15":"product_cat-vape-by-flavor-profile","16":"product_cat-vape-by-nicotine-strength","17":"product_cat-vape-by-puff-count","18":"product_cat-vape-by-feature-or-type","20":"first","21":"instock","22":"shipping-taxable","23":"purchasable","24":"product-type-variable","25":"has-default-attributes"},"tiered_pricing_type":"percentage","tiered_pricing_fixed_rules":[],"tiered_pricing_product_settings":{"layout":"default","base_unit_name":{"singular":null,"plural":null},"default_variation":null},"tiered_pricing_minimum_quantity":10,"tiered_pricing_roles_data":[],"tiered_pricing_percentage_rules":{"30":"29","50":"35","100":"40","200":"44","500":"47","1000":"49"},"tiered_pricing_maximum_quantity":null,"tiered_pricing_quantity_step":"10","_links":{"self":[{"href":"https:\/\/agoravape.com\/es\/wp-json\/wp\/v2\/product\/18033","targetHints":{"allow":["GET"]}}],"collection":[{"href":"https:\/\/agoravape.com\/es\/wp-json\/wp\/v2\/product"}],"about":[{"href":"https:\/\/agoravape.com\/es\/wp-json\/wp\/v2\/types\/product"}],"replies":[{"embeddable":true,"href":"https:\/\/agoravape.com\/es\/wp-json\/wp\/v2\/comments?post=18033"}],"version-history":[{"count":0,"href":"https:\/\/agoravape.com\/es\/wp-json\/wp\/v2\/product\/18033\/revisions"}],"wp:featuredmedia":[{"embeddable":true,"href":"https:\/\/agoravape.com\/es\/wp-json\/wp\/v2\/media\/18046"}],"wp:attachment":[{"href":"https:\/\/agoravape.com\/es\/wp-json\/wp\/v2\/media?parent=18033"}],"wp:term":[{"taxonomy":"product_brand","embeddable":true,"href":"https:\/\/agoravape.com\/es\/wp-json\/wp\/v2\/product_brand?post=18033"},{"taxonomy":"product_cat","embeddable":true,"href":"https:\/\/agoravape.com\/es\/wp-json\/wp\/v2\/product_cat?post=18033"},{"taxonomy":"product_tag","embeddable":true,"href":"https:\/\/agoravape.com\/es\/wp-json\/wp\/v2\/product_tag?post=18033"}],"curies":[{"name":"wp","href":"https:\/\/api.w.org\/{rel}","templated":true}]}}