{"id":18140,"date":"2025-10-20T13:38:54","date_gmt":"2025-10-20T05:38:54","guid":{"rendered":"https:\/\/green-grasshopper-921422.hostingersite.com\/?post_type=product&#038;p=18140"},"modified":"2026-03-31T04:20:34","modified_gmt":"2026-03-31T02:20:34","slug":"dispositivo-pluscig-s9-hnb","status":"publish","type":"product","link":"https:\/\/agoravape.com\/es\/product\/pluscig-s9-hnb-device\/","title":{"rendered":"Dispositivo Pluscig S9 HNB con bater\u00eda Samsung de 3500 mAh | Sesiones largas y consistentes sin complicaciones"},"content":{"rendered":"<h2 data-v-md-heading=\"what-are-the-advantages-of-pluscig-s9-heating-non-combustion-device-equipped-with-samsung-3500mah-battery\" data-v-md-line=\"3\">\u00bfCu\u00e1les son las ventajas del dispositivo de calentamiento sin combusti\u00f3n Pluscig S9 equipado con bater\u00eda Samsung 3500mAh?<\/h2>\n<p data-v-md-line=\"4\">Si est\u00e1s cansado de quedarte sin bater\u00eda a mitad de uso, considera el Pluscig S9. Es un dispositivo compacto, calefactor y no combustible, equipado con una bater\u00eda Samsung de 3500 mAh, que te calienta en cualquier momento sin estr\u00e9s.<\/p>\n<p data-v-md-line=\"6\">Es ideal para quienes buscan un calentamiento fiable y uniforme, con un control sencillo. No requiere esfuerzo. Simplemente inserte su cartucho de cigarrillo favorito, ajuste la temperatura y disfrute de una experiencia c\u00e1lida y estable de principio a fin.<\/p>\n<h2 data-v-md-heading=\"excellent-performance-no-need-for-effort\" data-v-md-line=\"8\">Excelente rendimiento, sin necesidad de esfuerzo.<\/h2>\n<p data-v-md-line=\"9\">El S9 calienta el cartucho de humo con precisi\u00f3n en lugar de quemarlo, garantizando un sabor consistente en cada uso. Puedes ajustar la temperatura entre 250 y 390 \u00b0C y elegir la duraci\u00f3n de cada uso (de 3 a 5 minutos). La funci\u00f3n de precalentamiento tambi\u00e9n se puede ajustar, lo que te permite activar el modo de carga libremente. La bater\u00eda Samsung de 3500 mAh completa la carga silenciosamente, y luego puedes cargarla por USB, lo que tarda unos 90 minutos en cargarse por completo. F\u00e1cil de usar. Quiz\u00e1s pienses que una bater\u00eda tan grande en el bolsillo es como un ladrillo, pero el S9 mantiene su aspecto delgado y compacto, con un grosor de tan solo 106 mil\u00edmetros.<\/p>\n<h2 data-v-md-heading=\"specification-introduction\" data-v-md-line=\"11\">Specification Introduction<\/h2>\n<ul data-v-md-line=\"12\">\n<li>N\u00famero de usos por carga: se pueden usar entre 40 y 50 cartuchos de cigarrillos despu\u00e9s de estar completamente cargados<\/li>\n<li>Bater\u00eda: Samsung 3500 mAh<\/li>\n<li>Control de temperatura: ajustable de 250-390 \u00b0 C<\/li>\n<li>Duraci\u00f3n de cada uso: ajustable de 180 a 300 segundos<\/li>\n<li>Tiempo de precalentamiento: ajustable de 5 a 20 segundos<\/li>\n<li>Carga: Carga USB, carga completa en aproximadamente 90 minutos.<\/li>\n<li>Limpieza: Funci\u00f3n de limpieza autom\u00e1tica<\/li>\n<li>Operaci\u00f3n: Inicio con un clic, f\u00e1cil de operar.<\/li>\n<li>Material: PEEK + aluminio de aviaci\u00f3n<\/li>\n<li>Tama\u00f1o y peso: 106 \u00d7 33 \u00d7 22 mil\u00edmetros, 110 gramos<\/li>\n<li>Colores: Negro, Rojo, Verde, Azul, Dorado<\/li>\n<li>Status: Ready to use upon unboxing<\/li>\n<\/ul>\n<h2 data-v-md-heading=\"born-for-you-and-your-business\" data-v-md-line=\"25\">Nacido para ti y tu negocio<\/h2>\n<p data-v-md-line=\"26\">\u00bfLo compras para ti? Recibir\u00e1s un dispositivo de calefacci\u00f3n no combustible, robusto, duradero y port\u00e1til, que podr\u00e1s usar durante mucho tiempo entre dos cargas. Adem\u00e1s, gracias a su estructura de aluminio, ofrece una sensaci\u00f3n de solidez. Es el tipo de equipo que puedes olvidarte de usar con una sola instalaci\u00f3n.<\/p>\n<p data-v-md-line=\"28\">\u00bfInventario minorista? Suministramos dispositivos Pluscig S9 originales a precios de mayorista muy competitivos. Cont\u00e1ctenos para consultar la cantidad m\u00ednima de pedido, el n\u00famero de cajas y los precios regionales. Ofrecemos servicios de entrega DDP en toda Europa a trav\u00e9s de socios de confianza como UPS, DPD y DHL, lo que garantiza una entrega predecible y evita problemas en la aduana.<\/p>\n<h2 data-v-md-heading=\"why-do-you-like-it\" data-v-md-line=\"30\">Why do you like it<\/h2>\n<ul data-v-md-line=\"31\">\n<li>Bater\u00eda Big Day: Se pueden usar entre 40 y 50 cigarrillos en cada carga, lo que significa menos recargas y m\u00e1s tiempo para disfrutar.<\/li>\n<li>Tu calor, a tu manera: temperatura regulable y precalentamiento para adaptarse a diferentes tipos de tabaco.<\/li>\n<li>Establecer ritmo: control de per\u00edodo de tiempo de 3 a 5 minutos, puede elegir ir r\u00e1pido o lento<\/li>\n<li>Rotaci\u00f3n r\u00e1pida: la carga USB demora aproximadamente 90 minutos, lo que le permite restaurar r\u00e1pidamente su uso.<\/li>\n<li>M\u00e1s sin preocupaciones: la limpieza autom\u00e1tica ayuda a mantener un rendimiento estable con el m\u00ednimo esfuerzo.<\/li>\n<li>Durable: la carcasa de aluminio de aviaci\u00f3n est\u00e1 hecha de material PEEK resistente al calor en posiciones importantes.<\/li>\n<li>Compacto y port\u00e1til: tama\u00f1o de bolsillo, no te har\u00e1 sentir pesado.<\/li>\n<\/ul>\n<h2 data-v-md-heading=\"why-collaborate-with-agoravape\" data-v-md-line=\"39\">Why collaborate with AgoraVape?<\/h2>\n<p data-v-md-line=\"40\">Somos una de las marcas de cigarrillos electr\u00f3nicos de mayor confianza en Europa. El dispositivo de calentamiento no combustible Pluscig S9 est\u00e1 equipado con una bater\u00eda Samsung de 3500 mAh, lo que garantiza un inventario 100 % original, precios de mayoreo con descuento y un servicio posventa de r\u00e1pida respuesta. Ofrecemos servicios de entrega DDP a trav\u00e9s de UPS, DPD y DHL para garantizar una entrega r\u00e1pida y sin problemas. \u00bfListo para comprar un dispositivo de calentamiento no combustible confiable? Cont\u00e1ctenos.<\/p>","protected":false},"excerpt":{"rendered":"<p>\u00bfCu\u00e1les son las ventajas de Pluscig S9 dispositivo de calentamiento sin combusti\u00f3n equipado con bater\u00eda Samsung 3500mAh? Si est\u00e1s cansado de<\/p>","protected":false},"featured_media":18149,"comment_status":"open","ping_status":"closed","template":"","meta":[],"product_brand":[239],"product_cat":[124,165,166,191,178,173,190],"product_tag":[],"class_list":{"0":"post-18140","1":"product","2":"type-product","3":"status-publish","4":"has-post-thumbnail","6":"product_brand-pluscig","7":"product_cat-vape-by-brand","8":"product_cat-lavie","9":"product_cat-pluscig","10":"product_cat-rechargeable-disposables","11":"product_cat-tobacco","12":"product_cat-vape-by-flavor-profile","13":"product_cat-vape-by-feature-or-type","15":"first","16":"instock","17":"shipping-taxable","18":"purchasable","19":"product-type-variable","20":"has-default-attributes"},"tiered_pricing_type":"percentage","tiered_pricing_fixed_rules":[],"tiered_pricing_product_settings":{"layout":"default","base_unit_name":{"singular":null,"plural":null},"default_variation":null},"tiered_pricing_minimum_quantity":50,"tiered_pricing_roles_data":[],"tiered_pricing_percentage_rules":{"100":"40","200":"44","500":"47","1000":"49"},"tiered_pricing_maximum_quantity":null,"tiered_pricing_quantity_step":"10","_links":{"self":[{"href":"https:\/\/agoravape.com\/es\/wp-json\/wp\/v2\/product\/18140","targetHints":{"allow":["GET"]}}],"collection":[{"href":"https:\/\/agoravape.com\/es\/wp-json\/wp\/v2\/product"}],"about":[{"href":"https:\/\/agoravape.com\/es\/wp-json\/wp\/v2\/types\/product"}],"replies":[{"embeddable":true,"href":"https:\/\/agoravape.com\/es\/wp-json\/wp\/v2\/comments?post=18140"}],"version-history":[{"count":1,"href":"https:\/\/agoravape.com\/es\/wp-json\/wp\/v2\/product\/18140\/revisions"}],"predecessor-version":[{"id":29807,"href":"https:\/\/agoravape.com\/es\/wp-json\/wp\/v2\/product\/18140\/revisions\/29807"}],"wp:featuredmedia":[{"embeddable":true,"href":"https:\/\/agoravape.com\/es\/wp-json\/wp\/v2\/media\/18149"}],"wp:attachment":[{"href":"https:\/\/agoravape.com\/es\/wp-json\/wp\/v2\/media?parent=18140"}],"wp:term":[{"taxonomy":"product_brand","embeddable":true,"href":"https:\/\/agoravape.com\/es\/wp-json\/wp\/v2\/product_brand?post=18140"},{"taxonomy":"product_cat","embeddable":true,"href":"https:\/\/agoravape.com\/es\/wp-json\/wp\/v2\/product_cat?post=18140"},{"taxonomy":"product_tag","embeddable":true,"href":"https:\/\/agoravape.com\/es\/wp-json\/wp\/v2\/product_tag?post=18140"}],"curies":[{"name":"wp","href":"https:\/\/api.w.org\/{rel}","templated":true}]}}