{"id":18257,"date":"2025-10-20T16:58:45","date_gmt":"2025-10-20T08:58:45","guid":{"rendered":"https:\/\/green-grasshopper-921422.hostingersite.com\/?post_type=product&#038;p=18257"},"modified":"2026-01-19T22:00:15","modified_gmt":"2026-01-19T14:00:15","slug":"bimo-crystal-12000-caladas-vape","status":"publish","type":"product","link":"https:\/\/agoravape.com\/es\/product\/bimo-crystal-12000-puffs-vape\/","title":{"rendered":"Vapeador BIMO CRYSTAL de 12.000 bocanadas con doble resistencia de malla | Gran sabor que dura hasta el final"},"content":{"rendered":"<h2 data-v-md-heading=\"bimo-crystal-12k-double-mesh-coil-vape-20-flavors-what-s-up\" data-v-md-line=\"3\"><img loading=\"lazy\" decoding=\"async\" class=\"size-full wp-image-18241 alignright\" src=\"https:\/\/agoravape.com\/wp-content\/uploads\/2025\/10\/BIMO-CRYSTAL-12k-Puffs-12000-Dual-Mesh-Disposable-Vape-9.webp\" alt=\"\" width=\"1000\" height=\"1000\" srcset=\"https:\/\/agoravape.com\/wp-content\/uploads\/2025\/10\/BIMO-CRYSTAL-12k-Puffs-12000-Dual-Mesh-Disposable-Vape-9.webp 1000w, https:\/\/agoravape.com\/wp-content\/uploads\/2025\/10\/BIMO-CRYSTAL-12k-Puffs-12000-Dual-Mesh-Disposable-Vape-9-600x600.webp 600w, https:\/\/agoravape.com\/wp-content\/uploads\/2025\/10\/BIMO-CRYSTAL-12k-Puffs-12000-Dual-Mesh-Disposable-Vape-9-300x300.webp 300w, https:\/\/agoravape.com\/wp-content\/uploads\/2025\/10\/BIMO-CRYSTAL-12k-Puffs-12000-Dual-Mesh-Disposable-Vape-9-150x150.webp 150w, https:\/\/agoravape.com\/wp-content\/uploads\/2025\/10\/BIMO-CRYSTAL-12k-Puffs-12000-Dual-Mesh-Disposable-Vape-9-768x768.webp 768w\" sizes=\"auto, (max-width: 1000px) 100vw, 1000px\" \/><\/h2>\n<h2 data-v-md-heading=\"bimo-crystal-12k-double-mesh-coil-vape-20-flavors-what-s-up\" data-v-md-line=\"3\">Vapeador de bobina de doble malla BIMO CRYSTAL 12K | M\u00e1s de 20 sabores, \u00bfqu\u00e9 pasa?<\/h2>\n<p data-v-md-line=\"4\">Si est\u00e1s cansado de los vapeadores desechables que desechas a mitad de semana, definitivamente vale la pena echarle un vistazo a este producto. BIMO CRYSTAL 12K ofrece hasta 12\u00a0000 caladas, con un sabor limpio y estable, y no te faltar\u00e1 l\u00edquido ni siquiera al d\u00eda siguiente. Est\u00e1 dise\u00f1ado para usuarios que buscan una experiencia de vapeo fiable sin necesidad de men\u00fas complicados.<\/p>\n<p data-v-md-line=\"6\">La resistencia de doble malla ofrece un sabor m\u00e1s intenso y est\u00e1 equipada con una interfaz recargable tipo C, lo que permite consumir f\u00e1cilmente hasta 20 mililitros de e-l\u00edquido. Es ideal tanto para uso diario como para viajes. Es compacto y port\u00e1til, f\u00e1cil de transportar y se puede usar en cualquier momento.<\/p>\n<h2 data-v-md-heading=\"excellent-performance-without-any-complex-operations\" data-v-md-line=\"8\">Excelente rendimiento sin operaciones complejas.<\/h2>\n<p data-v-md-line=\"9\">El dise\u00f1o de doble malla permite un calentamiento m\u00e1s uniforme, haciendo que cada bocado sea tan delicioso como el primer sorbo. Sin necesidad de botones, solo toma un sorbo. Cuando la bater\u00eda est\u00e9 baja, simplemente conecta el cable de datos tipo C que usas habitualmente en el tel\u00e9fono. Simple y pr\u00e1ctico. La bater\u00eda de 650 mAh se puede cargar continuamente mientras usas e-l\u00edquido, para que no desperdicies ni una gota.<\/p>\n<h2 data-v-md-heading=\"specification-overview\" data-v-md-line=\"11\">Specification Overview<\/h2>\n<p data-v-md-line=\"12\"><strong>N\u00famero de succiones<\/strong>:hasta 12000 succiones<br \/>\n<strong>capacidad de e-l\u00edquido<\/strong>:20 ml<br \/>\n<strong>Nicotina<\/strong>:0%, 2%, 5% opcional (el suministro espec\u00edfico puede variar seg\u00fan el pa\u00eds\/regi\u00f3n)<br \/>\n<strong>Principio de funcionamiento<\/strong>:Se activa por inhalaci\u00f3n<br \/>\n<strong>Cargando<\/strong>: Interfaz USB tipo C est\u00e1ndar<br \/>\n<strong>Bater\u00eda<\/strong>:Bater\u00eda recargable de 650 mAh<br \/>\n<strong>n\u00facleo atomizador<\/strong>: Doble malla<br \/>\n<strong>Estado<\/strong>Listo para usar al desempaquetarlo<\/p>\n<h2 data-v-md-heading=\"full-range-of-flavors\" data-v-md-line=\"21\">Gama completa de sabores<\/h2>\n<ul data-v-md-line=\"22\">\n<li>Sabor a aguacate y pl\u00e1tano<\/li>\n<li>Sabor a mora, cereza y granada.<\/li>\n<li>Sabor a batido de mora<\/li>\n<li>Sabor a batido de ar\u00e1ndanos<\/li>\n<li>Sabor a ar\u00e1ndanos, frambuesas y chicle.<\/li>\n<li>Sabor a batido de Coca-Cola<\/li>\n<li>Doble sabor a manzana<\/li>\n<li>Sabor a menta vitalidad<\/li>\n<li>Sabor a mango y melocot\u00f3n<\/li>\n<li>Sabor a frutos rojos mixtos<\/li>\n<li>Maracuy\u00e1, kiwi, guayaba<\/li>\n<li>Pi\u00f1a Coco<\/li>\n<li>Agua de lim\u00f3n rosa<\/li>\n<li>Caramelos arcoiris<\/li>\n<li>Toro rojo<\/li>\n<li>Uva de nieve<\/li>\n<li>Fresa y coco<\/li>\n<li>Strawberry Ice<\/li>\n<li>Strawberry kiwi fruit<\/li>\n<li>Fresa Frambuesa<\/li>\n<li>Sand\u00eda fresa<\/li>\n<li>Mel\u00f3n triple dulce<\/li>\n<li>Watermelon Ice<\/li>\n<\/ul>\n<h2 data-v-md-heading=\"for-you-and-for-your-business-as-well\" data-v-md-line=\"46\">For you, and for your business as well<\/h2>\n<p data-v-md-line=\"47\">Puedes comprar BIMO CRYSTAL 12K en Europa y disfrutar de un servicio de entrega r\u00e1pido. Si tienes una tienda f\u00edsica o en l\u00ednea, puedes comprar a trav\u00e9s de nuestro programa de mayoristas. Ofrecemos servicios de env\u00edo DDP para UPS, DPD y DHL para garantizar que no tengas ning\u00fan problema en la aduana.<\/p>\n<p data-v-md-line=\"49\">Si necesita mezclar sabores o comprender las regulaciones locales sobre la nicotina, cont\u00e1ctenos. Ofrecemos verificaci\u00f3n de edad y servicios log\u00edsticos que cumplen con las normativas para garantizar la entrega r\u00e1pida de su pedido, adem\u00e1s de un seguimiento completo.<\/p>\n<h2 data-v-md-heading=\"why-do-you-like-it\" data-v-md-line=\"51\">Why do you like it<\/h2>\n<p data-v-md-line=\"52\"><strong>Gran respiraci\u00f3n:<\/strong>\u00a0Mayor duraci\u00f3n de la bater\u00eda, por lo que no es necesario reemplazar frecuentemente su vaporizador.<br \/>\n<strong>Selecci\u00f3n de nicotina:<\/strong>\u00a0Elija la concentraci\u00f3n de nicotina adecuada para su uso diario: 0%, 2% o 5%, seg\u00fan las condiciones de suministro locales.<br \/>\n<strong>Recargable:<\/strong>\u00a0Puedes recargarlo f\u00e1cilmente a trav\u00e9s de la interfaz Tipo-C y usar todo el e-l\u00edquido que compres a la vez.<br \/>\n<strong>Bobina de malla:<\/strong>\u00a0El dise\u00f1o de bobina de doble malla garantiza un sabor suave y consistente.<\/p>\n<h2 data-v-md-heading=\"why-collaborate-with-agoravape\" data-v-md-line=\"57\">Why collaborate with AgoraVape?<\/h2>\n<p data-v-md-line=\"58\">Como uno de los distribuidores de vapeo de confianza en Europa, solo vendemos productos 100 % originales. Para nuestros clientes comerciales, esto significa precios al por mayor con descuento, atenci\u00f3n al cliente confiable y entregas r\u00e1pidas y seguras para los vapeadores BIMO CRYSTAL 12K de doble malla. Cont\u00e1ctanos; tus clientes apreciar\u00e1n tu producto.<\/p>","protected":false},"excerpt":{"rendered":"<p>&nbsp;<\/p>\n<p><script src=\"chrome-extension:\/\/fpelahbljekknahkcaegamhcndkfpfnc\/iFrame.js\" type=\"text\/javascript\"><\/script><\/p>\n<p><script src=\"chrome-extension:\/\/fpelahbljekknahkcaegamhcndkfpfnc\/iFrame.js\" type=\"text\/javascript\"><\/script><\/p>\n<p><script src=\"chrome-extension:\/\/fpelahbljekknahkcaegamhcndkfpfnc\/iFrame.js\" type=\"text\/javascript\"><\/script><\/p>\n<p><script src=\"chrome-extension:\/\/fpelahbljekknahkcaegamhcndkfpfnc\/iFrame.js\" type=\"text\/javascript\"><\/script><\/p>\n<p><script src=\"chrome-extension:\/\/fpelahbljekknahkcaegamhcndkfpfnc\/iFrame.js\" type=\"text\/javascript\"><\/script><\/p>\n<p><script src=\"chrome-extension:\/\/fpelahbljekknahkcaegamhcndkfpfnc\/iFrame.js\" type=\"text\/javascript\"><\/script><\/p>\n<p><script src=\"chrome-extension:\/\/fpelahbljekknahkcaegamhcndkfpfnc\/iFrame.js\" type=\"text\/javascript\"><\/script><\/p>\n<p><script src=\"chrome-extension:\/\/fpelahbljekknahkcaegamhcndkfpfnc\/iFrame.js\" type=\"text\/javascript\"><\/script><\/p>\n<p><script src=\"chrome-extension:\/\/fpelahbljekknahkcaegamhcndkfpfnc\/iFrame.js\" type=\"text\/javascript\"><\/script><\/p>\n<p><script src=\"chrome-extension:\/\/fpelahbljekknahkcaegamhcndkfpfnc\/iFrame.js\" type=\"text\/javascript\"><\/script><\/p>\n<p><script src=\"chrome-extension:\/\/fpelahbljekknahkcaegamhcndkfpfnc\/iFrame.js\" type=\"text\/javascript\"><\/script><\/p>\n<p><script src=\"chrome-extension:\/\/fpelahbljekknahkcaegamhcndkfpfnc\/iFrame.js\" type=\"text\/javascript\"><\/script><\/p>\n<p><script src=\"chrome-extension:\/\/fpelahbljekknahkcaegamhcndkfpfnc\/iFrame.js\" type=\"text\/javascript\"><\/script><\/p>\n<p><script src=\"chrome-extension:\/\/fpelahbljekknahkcaegamhcndkfpfnc\/iFrame.js\" type=\"text\/javascript\"><\/script><\/p>\n<p><script src=\"chrome-extension:\/\/fpelahbljekknahkcaegamhcndkfpfnc\/iFrame.js\" type=\"text\/javascript\"><\/script><\/p>\n<p><script src=\"chrome-extension:\/\/fpelahbljekknahkcaegamhcndkfpfnc\/iFrame.js\" type=\"text\/javascript\"><\/script><\/p>\n<p><script src=\"chrome-extension:\/\/fpelahbljekknahkcaegamhcndkfpfnc\/iFrame.js\" type=\"text\/javascript\"><\/script><\/p>\n<p><script src=\"chrome-extension:\/\/fpelahbljekknahkcaegamhcndkfpfnc\/iFrame.js\" type=\"text\/javascript\"><\/script><\/p>\n<p><script src=\"chrome-extension:\/\/fpelahbljekknahkcaegamhcndkfpfnc\/iFrame.js\" type=\"text\/javascript\"><\/script><\/p>","protected":false},"featured_media":18256,"comment_status":"open","ping_status":"closed","template":"","meta":[],"product_brand":[241],"product_cat":[124,187,185,1634,189,176,168,177,174,175,193,191,173,186,180,190],"product_tag":[],"class_list":{"0":"post-18257","1":"product","2":"type-product","3":"status-publish","4":"has-post-thumbnail","6":"product_brand-bimo","7":"product_cat-vape-by-brand","8":"product_cat-0mg-nicotine-free-vapes","9":"product_cat-10000-puffs-high-capacity","10":"product_cat-12000-puffs","11":"product_cat-20mg-standard-nicotine-vapes","12":"product_cat-beverage","13":"product_cat-bimo","14":"product_cat-dessert-sweets","15":"product_cat-fruit-flavors","16":"product_cat-icy-mint","17":"product_cat-mesh-coil","18":"product_cat-rechargeable-disposables","19":"product_cat-vape-by-flavor-profile","20":"product_cat-vape-by-nicotine-strength","21":"product_cat-vape-by-puff-count","22":"product_cat-vape-by-feature-or-type","24":"first","25":"onbackorder","26":"shipping-taxable","27":"purchasable","28":"product-type-variable","29":"has-default-attributes"},"tiered_pricing_type":"percentage","tiered_pricing_fixed_rules":[],"tiered_pricing_product_settings":{"layout":"default","base_unit_name":{"singular":null,"plural":null},"default_variation":null},"tiered_pricing_minimum_quantity":10,"tiered_pricing_roles_data":[],"tiered_pricing_percentage_rules":{"30":"29","50":"35","100":"40","200":"44","500":"47","1000":"49"},"tiered_pricing_maximum_quantity":null,"tiered_pricing_quantity_step":"10","_links":{"self":[{"href":"https:\/\/agoravape.com\/es\/wp-json\/wp\/v2\/product\/18257","targetHints":{"allow":["GET"]}}],"collection":[{"href":"https:\/\/agoravape.com\/es\/wp-json\/wp\/v2\/product"}],"about":[{"href":"https:\/\/agoravape.com\/es\/wp-json\/wp\/v2\/types\/product"}],"replies":[{"embeddable":true,"href":"https:\/\/agoravape.com\/es\/wp-json\/wp\/v2\/comments?post=18257"}],"version-history":[{"count":0,"href":"https:\/\/agoravape.com\/es\/wp-json\/wp\/v2\/product\/18257\/revisions"}],"wp:featuredmedia":[{"embeddable":true,"href":"https:\/\/agoravape.com\/es\/wp-json\/wp\/v2\/media\/18256"}],"wp:attachment":[{"href":"https:\/\/agoravape.com\/es\/wp-json\/wp\/v2\/media?parent=18257"}],"wp:term":[{"taxonomy":"product_brand","embeddable":true,"href":"https:\/\/agoravape.com\/es\/wp-json\/wp\/v2\/product_brand?post=18257"},{"taxonomy":"product_cat","embeddable":true,"href":"https:\/\/agoravape.com\/es\/wp-json\/wp\/v2\/product_cat?post=18257"},{"taxonomy":"product_tag","embeddable":true,"href":"https:\/\/agoravape.com\/es\/wp-json\/wp\/v2\/product_tag?post=18257"}],"curies":[{"name":"wp","href":"https:\/\/api.w.org\/{rel}","templated":true}]}}