{"id":18300,"date":"2025-10-20T18:03:19","date_gmt":"2025-10-20T10:03:19","guid":{"rendered":"https:\/\/green-grasshopper-921422.hostingersite.com\/?post_type=product&#038;p=18300"},"modified":"2025-12-31T22:59:16","modified_gmt":"2025-12-31T14:59:16","slug":"bimo-30k-puffs-desechables","status":"publish","type":"product","link":"https:\/\/agoravape.com\/es\/product\/bimo-30k-puffs-disposable\/","title":{"rendered":"Vape desechable BIMO 30K Puffs de alta capacidad | 30 ml | Sabor duradero, sin complicaciones"},"content":{"rendered":"<h2 data-v-md-heading=\"bimo-30k-large-capacity-disposable-vape-what-s-special-about-30ml\" data-v-md-line=\"3\"><img loading=\"lazy\" decoding=\"async\" class=\"aligncenter size-full wp-image-18283\" src=\"https:\/\/agoravape.com\/wp-content\/uploads\/2025\/10\/BIMO-30K-Puffs-High-Capacity-Disposable-Vape-30ml_Agora_vape-1.webp\" alt=\"\" width=\"1920\" height=\"900\" srcset=\"https:\/\/agoravape.com\/wp-content\/uploads\/2025\/10\/BIMO-30K-Puffs-High-Capacity-Disposable-Vape-30ml_Agora_vape-1.webp 1920w, https:\/\/agoravape.com\/wp-content\/uploads\/2025\/10\/BIMO-30K-Puffs-High-Capacity-Disposable-Vape-30ml_Agora_vape-1-1200x563.webp 1200w, https:\/\/agoravape.com\/wp-content\/uploads\/2025\/10\/BIMO-30K-Puffs-High-Capacity-Disposable-Vape-30ml_Agora_vape-1-300x141.webp 300w, https:\/\/agoravape.com\/wp-content\/uploads\/2025\/10\/BIMO-30K-Puffs-High-Capacity-Disposable-Vape-30ml_Agora_vape-1-1024x480.webp 1024w, https:\/\/agoravape.com\/wp-content\/uploads\/2025\/10\/BIMO-30K-Puffs-High-Capacity-Disposable-Vape-30ml_Agora_vape-1-768x360.webp 768w, https:\/\/agoravape.com\/wp-content\/uploads\/2025\/10\/BIMO-30K-Puffs-High-Capacity-Disposable-Vape-30ml_Agora_vape-1-1536x720.webp 1536w\" sizes=\"auto, (max-width: 1920px) 100vw, 1920px\" \/> <img loading=\"lazy\" decoding=\"async\" class=\"aligncenter size-full wp-image-18289\" src=\"https:\/\/agoravape.com\/wp-content\/uploads\/2025\/10\/BIMO-30K-Puffs-High-Capacity-Disposable-Vape-30ml_Agora_vape-7.webp\" alt=\"\" width=\"1920\" height=\"900\" srcset=\"https:\/\/agoravape.com\/wp-content\/uploads\/2025\/10\/BIMO-30K-Puffs-High-Capacity-Disposable-Vape-30ml_Agora_vape-7.webp 1920w, https:\/\/agoravape.com\/wp-content\/uploads\/2025\/10\/BIMO-30K-Puffs-High-Capacity-Disposable-Vape-30ml_Agora_vape-7-1200x563.webp 1200w, https:\/\/agoravape.com\/wp-content\/uploads\/2025\/10\/BIMO-30K-Puffs-High-Capacity-Disposable-Vape-30ml_Agora_vape-7-300x141.webp 300w, https:\/\/agoravape.com\/wp-content\/uploads\/2025\/10\/BIMO-30K-Puffs-High-Capacity-Disposable-Vape-30ml_Agora_vape-7-1024x480.webp 1024w, https:\/\/agoravape.com\/wp-content\/uploads\/2025\/10\/BIMO-30K-Puffs-High-Capacity-Disposable-Vape-30ml_Agora_vape-7-768x360.webp 768w, https:\/\/agoravape.com\/wp-content\/uploads\/2025\/10\/BIMO-30K-Puffs-High-Capacity-Disposable-Vape-30ml_Agora_vape-7-1536x720.webp 1536w\" sizes=\"auto, (max-width: 1920px) 100vw, 1920px\" \/> <img loading=\"lazy\" decoding=\"async\" class=\"aligncenter size-full wp-image-18288\" src=\"https:\/\/agoravape.com\/wp-content\/uploads\/2025\/10\/BIMO-30K-Puffs-High-Capacity-Disposable-Vape-30ml_Agora_vape-6.webp\" alt=\"\" width=\"1920\" height=\"900\" srcset=\"https:\/\/agoravape.com\/wp-content\/uploads\/2025\/10\/BIMO-30K-Puffs-High-Capacity-Disposable-Vape-30ml_Agora_vape-6.webp 1920w, https:\/\/agoravape.com\/wp-content\/uploads\/2025\/10\/BIMO-30K-Puffs-High-Capacity-Disposable-Vape-30ml_Agora_vape-6-1200x563.webp 1200w, https:\/\/agoravape.com\/wp-content\/uploads\/2025\/10\/BIMO-30K-Puffs-High-Capacity-Disposable-Vape-30ml_Agora_vape-6-300x141.webp 300w, https:\/\/agoravape.com\/wp-content\/uploads\/2025\/10\/BIMO-30K-Puffs-High-Capacity-Disposable-Vape-30ml_Agora_vape-6-1024x480.webp 1024w, https:\/\/agoravape.com\/wp-content\/uploads\/2025\/10\/BIMO-30K-Puffs-High-Capacity-Disposable-Vape-30ml_Agora_vape-6-768x360.webp 768w, https:\/\/agoravape.com\/wp-content\/uploads\/2025\/10\/BIMO-30K-Puffs-High-Capacity-Disposable-Vape-30ml_Agora_vape-6-1536x720.webp 1536w\" sizes=\"auto, (max-width: 1920px) 100vw, 1920px\" \/> <img loading=\"lazy\" decoding=\"async\" class=\"aligncenter size-full wp-image-18287\" src=\"https:\/\/agoravape.com\/wp-content\/uploads\/2025\/10\/BIMO-30K-Puffs-High-Capacity-Disposable-Vape-30ml_Agora_vape-5.webp\" alt=\"\" width=\"1920\" height=\"900\" srcset=\"https:\/\/agoravape.com\/wp-content\/uploads\/2025\/10\/BIMO-30K-Puffs-High-Capacity-Disposable-Vape-30ml_Agora_vape-5.webp 1920w, https:\/\/agoravape.com\/wp-content\/uploads\/2025\/10\/BIMO-30K-Puffs-High-Capacity-Disposable-Vape-30ml_Agora_vape-5-1200x563.webp 1200w, https:\/\/agoravape.com\/wp-content\/uploads\/2025\/10\/BIMO-30K-Puffs-High-Capacity-Disposable-Vape-30ml_Agora_vape-5-300x141.webp 300w, https:\/\/agoravape.com\/wp-content\/uploads\/2025\/10\/BIMO-30K-Puffs-High-Capacity-Disposable-Vape-30ml_Agora_vape-5-1024x480.webp 1024w, https:\/\/agoravape.com\/wp-content\/uploads\/2025\/10\/BIMO-30K-Puffs-High-Capacity-Disposable-Vape-30ml_Agora_vape-5-768x360.webp 768w, https:\/\/agoravape.com\/wp-content\/uploads\/2025\/10\/BIMO-30K-Puffs-High-Capacity-Disposable-Vape-30ml_Agora_vape-5-1536x720.webp 1536w\" sizes=\"auto, (max-width: 1920px) 100vw, 1920px\" \/> <img loading=\"lazy\" decoding=\"async\" class=\"aligncenter size-full wp-image-18286\" src=\"https:\/\/agoravape.com\/wp-content\/uploads\/2025\/10\/BIMO-30K-Puffs-High-Capacity-Disposable-Vape-30ml_Agora_vape-4.webp\" alt=\"\" width=\"1920\" height=\"900\" srcset=\"https:\/\/agoravape.com\/wp-content\/uploads\/2025\/10\/BIMO-30K-Puffs-High-Capacity-Disposable-Vape-30ml_Agora_vape-4.webp 1920w, https:\/\/agoravape.com\/wp-content\/uploads\/2025\/10\/BIMO-30K-Puffs-High-Capacity-Disposable-Vape-30ml_Agora_vape-4-1200x563.webp 1200w, https:\/\/agoravape.com\/wp-content\/uploads\/2025\/10\/BIMO-30K-Puffs-High-Capacity-Disposable-Vape-30ml_Agora_vape-4-300x141.webp 300w, https:\/\/agoravape.com\/wp-content\/uploads\/2025\/10\/BIMO-30K-Puffs-High-Capacity-Disposable-Vape-30ml_Agora_vape-4-1024x480.webp 1024w, https:\/\/agoravape.com\/wp-content\/uploads\/2025\/10\/BIMO-30K-Puffs-High-Capacity-Disposable-Vape-30ml_Agora_vape-4-768x360.webp 768w, https:\/\/agoravape.com\/wp-content\/uploads\/2025\/10\/BIMO-30K-Puffs-High-Capacity-Disposable-Vape-30ml_Agora_vape-4-1536x720.webp 1536w\" sizes=\"auto, (max-width: 1920px) 100vw, 1920px\" \/> <img loading=\"lazy\" decoding=\"async\" class=\"aligncenter size-full wp-image-18285\" src=\"https:\/\/agoravape.com\/wp-content\/uploads\/2025\/10\/BIMO-30K-Puffs-High-Capacity-Disposable-Vape-30ml_Agora_vape-3.webp\" alt=\"\" width=\"1920\" height=\"900\" srcset=\"https:\/\/agoravape.com\/wp-content\/uploads\/2025\/10\/BIMO-30K-Puffs-High-Capacity-Disposable-Vape-30ml_Agora_vape-3.webp 1920w, https:\/\/agoravape.com\/wp-content\/uploads\/2025\/10\/BIMO-30K-Puffs-High-Capacity-Disposable-Vape-30ml_Agora_vape-3-1200x563.webp 1200w, https:\/\/agoravape.com\/wp-content\/uploads\/2025\/10\/BIMO-30K-Puffs-High-Capacity-Disposable-Vape-30ml_Agora_vape-3-300x141.webp 300w, https:\/\/agoravape.com\/wp-content\/uploads\/2025\/10\/BIMO-30K-Puffs-High-Capacity-Disposable-Vape-30ml_Agora_vape-3-1024x480.webp 1024w, https:\/\/agoravape.com\/wp-content\/uploads\/2025\/10\/BIMO-30K-Puffs-High-Capacity-Disposable-Vape-30ml_Agora_vape-3-768x360.webp 768w, https:\/\/agoravape.com\/wp-content\/uploads\/2025\/10\/BIMO-30K-Puffs-High-Capacity-Disposable-Vape-30ml_Agora_vape-3-1536x720.webp 1536w\" sizes=\"auto, (max-width: 1920px) 100vw, 1920px\" \/> <img loading=\"lazy\" decoding=\"async\" class=\"aligncenter size-full wp-image-18284\" src=\"https:\/\/agoravape.com\/wp-content\/uploads\/2025\/10\/BIMO-30K-Puffs-High-Capacity-Disposable-Vape-30ml_Agora_vape-2.webp\" alt=\"\" width=\"1920\" height=\"900\" srcset=\"https:\/\/agoravape.com\/wp-content\/uploads\/2025\/10\/BIMO-30K-Puffs-High-Capacity-Disposable-Vape-30ml_Agora_vape-2.webp 1920w, https:\/\/agoravape.com\/wp-content\/uploads\/2025\/10\/BIMO-30K-Puffs-High-Capacity-Disposable-Vape-30ml_Agora_vape-2-1200x563.webp 1200w, https:\/\/agoravape.com\/wp-content\/uploads\/2025\/10\/BIMO-30K-Puffs-High-Capacity-Disposable-Vape-30ml_Agora_vape-2-300x141.webp 300w, https:\/\/agoravape.com\/wp-content\/uploads\/2025\/10\/BIMO-30K-Puffs-High-Capacity-Disposable-Vape-30ml_Agora_vape-2-1024x480.webp 1024w, https:\/\/agoravape.com\/wp-content\/uploads\/2025\/10\/BIMO-30K-Puffs-High-Capacity-Disposable-Vape-30ml_Agora_vape-2-768x360.webp 768w, https:\/\/agoravape.com\/wp-content\/uploads\/2025\/10\/BIMO-30K-Puffs-High-Capacity-Disposable-Vape-30ml_Agora_vape-2-1536x720.webp 1536w\" sizes=\"auto, (max-width: 1920px) 100vw, 1920px\" \/><\/h2>\n<h2 data-v-md-heading=\"bimo-30k-large-capacity-disposable-vape-what-s-special-about-30ml\" data-v-md-line=\"3\">BIMO 30K vaporizador desechable de gran capacidad | \u00bfQu\u00e9 tiene de especial 30 ml?<\/h2>\n<p data-v-md-line=\"4\">Si est\u00e1s cansado de cambiar tus vaporizadores desechables cada pocos d\u00edas, te recomendamos este producto. El BIMO 30K tiene una capacidad de hasta 30\u00a0000 puertos y un gran dep\u00f3sito de 30 mililitros, lo que te permite disfrutar de m\u00e1s tiempo sin tener que cambiar de dispositivo.<\/p>\n<p data-v-md-line=\"6\">Es ideal para cualquier usuario de vapeo que busque simplicidad, fiabilidad y una bater\u00eda de larga duraci\u00f3n. No te preocupes. Simplemente elige tu sabor y concentraci\u00f3n de nicotina preferidos y empieza a usarlo. Aunque parezca un dispositivo voluminoso, te sorprender\u00e1 su precio asequible.<\/p>\n<h2 data-v-md-heading=\"excellent-performance-easy-and-convenient\" data-v-md-line=\"8\">Excellent performance, easy and convenient<\/h2>\n<p data-v-md-line=\"9\">BIMO utiliza bobinas de malla para mantener un sabor suave y estable en todo momento. Absorci\u00f3n r\u00e1pida del sudor, calentamiento uniforme, sabor refrescante y no se vuelve f\u00e1cilmente vol\u00e1til. Bater\u00eda recargable integrada de 700 mAh que se carga mediante un puerto USB, lo que permite aprovechar al m\u00e1ximo cada gota de agua de 30 ml. Para cargarlo, simplemente con\u00e9ctelo a la fuente de alimentaci\u00f3n y listo. Simple y pr\u00e1ctico.<\/p>\n<h2 data-v-md-heading=\"specification-introduction\" data-v-md-line=\"11\">Specification Introduction<\/h2>\n<ul data-v-md-line=\"12\">\n<li>E-liquid capacity: 30 milliliters<\/li>\n<li>Suction frequency: up to 30000 times<\/li>\n<li>Contenido de nicotina: Dependiendo del mercado y las regulaciones locales, se puede seleccionar como 2% o 5%.<\/li>\n<li>Working principle: Activated by inhalation<\/li>\n<li>N\u00facleo atomizador: tipo malla<\/li>\n<li>Bater\u00eda: bater\u00eda recargable de 700 mAh<\/li>\n<li>M\u00e9todo de carga: interfaz de carga USB<\/li>\n<li>Status: Ready to use upon unboxing<\/li>\n<\/ul>\n<h2 data-v-md-heading=\"multiple-flavor-options\" data-v-md-line=\"21\">Multiple flavor options<\/h2>\n<ul data-v-md-line=\"22\">\n<li>Maracuy\u00e1, kiwi, guayaba<\/li>\n<li>Menta fresca<\/li>\n<li>Batido de mango<\/li>\n<li>Cherry Cola<\/li>\n<li>Uvas de fresa<\/li>\n<li>Batido de ar\u00e1ndanos<\/li>\n<li>Blackberry Wave<\/li>\n<li>Batido de fresa<\/li>\n<li>Batido de sand\u00eda<\/li>\n<li>Fruta del drag\u00f3n, pl\u00e1tano, cereza<\/li>\n<\/ul>\n<h2 data-v-md-heading=\"for-you-and-your-business\" data-v-md-line=\"33\">For you and your business<\/h2>\n<p data-v-md-line=\"34\">Si busca un producto con alta capacidad y bajos costos de mantenimiento, elija BIMO 30K. Si compra para una tienda o cadena de tiendas, tambi\u00e9n podemos satisfacer sus necesidades. Las cajas para mayoristas contienen 10 piezas por caja, y las cajas est\u00e1ndar, 120 piezas por caja, lo que simplifica y facilita la organizaci\u00f3n y la predicci\u00f3n de productos.<\/p>\n<p data-v-md-line=\"36\">Ofrecemos servicios de entrega DDP dentro de Europa a trav\u00e9s de socios de confianza como UPS, DPD y DHL, lo que garantiza plazos de entrega precisos y sin problemas aduaneros inesperados. Todo el inventario es original y est\u00e1 almacenado correctamente para garantizar que reciba e-l\u00edquido fresco y de larga duraci\u00f3n.<\/p>\n<h2 data-v-md-heading=\"why-do-you-like-it\" data-v-md-line=\"38\">Why do you like it<\/h2>\n<ul data-v-md-line=\"39\">\n<li>Capacidad s\u00faper grande: hasta 30000 puertos, sin necesidad de comprar nuevos productos con frecuencia.<\/li>\n<li>Selecci\u00f3n del contenido de nicotina: elija un contenido de nicotina del 2% o del 5% seg\u00fan sus necesidades y las regulaciones locales.<\/li>\n<li>Recargable: puedes aprovechar al m\u00e1ximo la capacidad de 30 ml.<\/li>\n<li>N\u00facleo atomizador de malla: sabor continuo y rico, que siempre te satisface.<\/li>\n<li>Cero botones: inhale f\u00e1cilmente sin presionar ning\u00fan bot\u00f3n, disfrutando de una experiencia limpia y sin preocupaciones.<\/li>\n<\/ul>\n<h2 data-v-md-heading=\"why-choose-to-collaborate-with-agoravape\" data-v-md-line=\"45\">Why choose to collaborate with AgoraVape?<\/h2>\n<p data-v-md-line=\"46\">Solo vendemos productos 100 % genuinos y nos responsabilizamos de su calidad. Como uno de los distribuidores de vapeo de confianza en Europa, puede disfrutar de precios al por mayor con descuento, atenci\u00f3n al cliente integral y entregas r\u00e1pidas DDP para los vapeadores desechables de alta capacidad BIMO 30K Puffs (30 ml). Le invitamos a conversar con nosotros sobre combinaciones de sabores y planes de reposici\u00f3n, para garantizar que sus estantes siempre tengan los productos que sus clientes realmente necesitan.<\/p>","protected":false},"excerpt":{"rendered":"<p>&nbsp;<\/p>","protected":false},"featured_media":18299,"comment_status":"open","ping_status":"closed","template":"","meta":[],"product_brand":[241],"product_cat":[124,185,189,176,168,174,175,193,191,173,186,180,190],"product_tag":[],"class_list":{"0":"post-18300","1":"product","2":"type-product","3":"status-publish","4":"has-post-thumbnail","6":"product_brand-bimo","7":"product_cat-vape-by-brand","8":"product_cat-10000-puffs-high-capacity","9":"product_cat-20mg-standard-nicotine-vapes","10":"product_cat-beverage","11":"product_cat-bimo","12":"product_cat-fruit-flavors","13":"product_cat-icy-mint","14":"product_cat-mesh-coil","15":"product_cat-rechargeable-disposables","16":"product_cat-vape-by-flavor-profile","17":"product_cat-vape-by-nicotine-strength","18":"product_cat-vape-by-puff-count","19":"product_cat-vape-by-feature-or-type","21":"first","22":"instock","23":"shipping-taxable","24":"purchasable","25":"product-type-variable","26":"has-default-attributes"},"tiered_pricing_type":"percentage","tiered_pricing_fixed_rules":[],"tiered_pricing_product_settings":{"layout":"default","base_unit_name":{"singular":null,"plural":null},"default_variation":null},"tiered_pricing_minimum_quantity":10,"tiered_pricing_roles_data":[],"tiered_pricing_percentage_rules":{"30":"29","50":"35","100":"40","200":"44","500":"47","1000":"49"},"tiered_pricing_maximum_quantity":null,"tiered_pricing_quantity_step":"10","_links":{"self":[{"href":"https:\/\/agoravape.com\/es\/wp-json\/wp\/v2\/product\/18300","targetHints":{"allow":["GET"]}}],"collection":[{"href":"https:\/\/agoravape.com\/es\/wp-json\/wp\/v2\/product"}],"about":[{"href":"https:\/\/agoravape.com\/es\/wp-json\/wp\/v2\/types\/product"}],"replies":[{"embeddable":true,"href":"https:\/\/agoravape.com\/es\/wp-json\/wp\/v2\/comments?post=18300"}],"version-history":[{"count":0,"href":"https:\/\/agoravape.com\/es\/wp-json\/wp\/v2\/product\/18300\/revisions"}],"wp:featuredmedia":[{"embeddable":true,"href":"https:\/\/agoravape.com\/es\/wp-json\/wp\/v2\/media\/18299"}],"wp:attachment":[{"href":"https:\/\/agoravape.com\/es\/wp-json\/wp\/v2\/media?parent=18300"}],"wp:term":[{"taxonomy":"product_brand","embeddable":true,"href":"https:\/\/agoravape.com\/es\/wp-json\/wp\/v2\/product_brand?post=18300"},{"taxonomy":"product_cat","embeddable":true,"href":"https:\/\/agoravape.com\/es\/wp-json\/wp\/v2\/product_cat?post=18300"},{"taxonomy":"product_tag","embeddable":true,"href":"https:\/\/agoravape.com\/es\/wp-json\/wp\/v2\/product_tag?post=18300"}],"curies":[{"name":"wp","href":"https:\/\/api.w.org\/{rel}","templated":true}]}}