{"id":18348,"date":"2025-10-20T18:16:09","date_gmt":"2025-10-20T10:16:09","guid":{"rendered":"https:\/\/green-grasshopper-921422.hostingersite.com\/?post_type=product&#038;p=18348"},"modified":"2026-01-12T13:50:21","modified_gmt":"2026-01-12T05:50:21","slug":"uwin-randm-tornado-60k-triple-flavor-vape","status":"publish","type":"product","link":"https:\/\/agoravape.com\/es\/product\/uwin-randm-tornado-60k-triple-flavor-vape\/","title":{"rendered":"Vape desechable 3 en 1 Uwin RandM Tornado 60\u00a0000 caladas | Tres sabores, hasta 60\u00a0000 caladas"},"content":{"rendered":"<h2 data-v-md-heading=\"what-is-special-about-the-uwin-randm-tornado-60k-disposable-vape\" data-v-md-line=\"3\">\u00bfQu\u00e9 tiene de especial el vaporizador desechable Uwin RandM Tornado 60K?<\/h2>\n<p data-v-md-line=\"4\">Si est\u00e1 cansado del sabor mon\u00f3tono d\u00eda tras d\u00eda, este producto puede resolver perfectamente este problema. Uwin RandM Tornado 60K integra tres sabores en un solo dispositivo, con una capacidad m\u00e1xima de 60000 bocados. Disfrute de una variedad de sabores sin esfuerzo. No hay necesidad de utilizar botellas de e-l\u00edquido, no hay necesidad de reemplazar los cartuchos.<\/p>\n<p data-v-md-line=\"6\">Es adecuado para todos los que persiguen la autonom\u00eda y un estilo de vida relajado. Ya sean usuarios de vapeo diario, viajeros diarios o viajeros. Usted puede pensar que tener tantas bocanadas de vapes lo har\u00eda voluminoso, pero el Tornado 60K puede caber f\u00e1cilmente en un bolsillo y se siente c\u00f3modo de sostener en la mano.<\/p>\n<h2 data-v-md-heading=\"excellent-performance-easy-and-convenient\" data-v-md-line=\"8\">Excellent performance, easy and convenient<\/h2>\n<p data-v-md-line=\"9\">La bobina de malla est\u00e1 situada en su posici\u00f3n central, lo que garantiza una succi\u00f3n suave y fuerte de principio a fin. Cuando la bater\u00eda est\u00e9 baja, basta con enchufar el cable de datos Type-C para cargarla r\u00e1pidamente. Tanto el nivel de la bater\u00eda como el del e-l\u00edquido tienen indicadores luminosos claros, para que puedas verlos f\u00e1cilmente de un vistazo.<\/p>\n<h2 data-v-md-heading=\"specification-introduction\" data-v-md-line=\"11\">Specification Introduction<\/h2>\n<ul data-v-md-line=\"12\">\n<li>Frecuencia de succi\u00f3n: hasta 60000 veces<\/li>\n<li>Contenido de nicotina: 0%, 2%, 3% o 5%<\/li>\n<li>Working principle: Activate with just one puff<\/li>\n<li>M\u00e9todo de carga: Interfaz USB tipo C est\u00e1ndar<\/li>\n<li>Status: Ready to use out of the box<\/li>\n<li>N\u00facleo atomizador: tipo malla<\/li>\n<li>Bater\u00eda: bater\u00eda de cobalto recargable de 650 mAh<\/li>\n<li>Tama\u00f1o: 47 \u00d7 47 \u00d7 116 mil\u00edmetros<\/li>\n<li>Indicadores luminosos: indicador de nivel de bater\u00eda e indicador de nivel de e-l\u00edquido<\/li>\n<li>Triple en uno: Tres combinaciones de sabores<\/li>\n<\/ul>\n<h2 data-v-md-heading=\"complete-flavor-series\" data-v-md-line=\"23\">Serie completa de sabores<\/h2>\n<p data-v-md-line=\"24\">Cada dispositivo est\u00e1 equipado con tres sabores. Diez juegos de sabores para elegir:<\/p>\n<ul data-v-md-line=\"25\">\n<li>Cherry Ice\/Strawberry Red Bull\/Blueberry Raspberry<\/li>\n<li>Hielo de ar\u00e1ndano\/sand\u00eda de fresa\/hielo de frambuesa y cereza<\/li>\n<li>Limonada rosa\/hielo de vainilla\/caramelo de frambuesa y fresa<\/li>\n<li>Fresa kiwi\/Love 66 (mel\u00f3n fruta de la pasi\u00f3n)\/hielo de ar\u00e1ndanos<\/li>\n<li>Lim\u00f3n, lima, fresa, pl\u00e1tano, fruta variada<\/li>\n<li>Hielo de sand\u00eda\/Hielo de cola\/Mr. Blue<\/li>\n<li>Melocot\u00f3n de verano helado\/Ar\u00e1ndanos Frambuesa\/Fresa Red Bull<\/li>\n<li>Kiwi fruta de la pasi\u00f3n guayaba\/melocot\u00f3n mango\/frambuesa sand\u00eda<\/li>\n<li>Red Bull\/Cherry Ice\/Lim\u00f3n lima<\/li>\n<li>Hielo de fresa\/hielo de melocot\u00f3n de verano\/hielo de uva<\/li>\n<\/ul>\n<h2 data-v-md-heading=\"for-you-and-your-business\" data-v-md-line=\"36\">For you and your business<\/h2>\n<p data-v-md-line=\"37\">Si quieres un vaporizador fiable, duradero, f\u00e1cil de cargar y vers\u00e1til, elige el Uwin. <a class=\"wpil_keyword_link\" title=\"Aleatorio\" href=\"https:\/\/agoravape.com\/es\/vapear-por-marca\/randm\/\" data-wpil-keyword-link=\"linked\" data-wpil-monitor-id=\"7\">Aleatorio<\/a> Tornado 60K. Simplifica todo y te permite seguir utiliz\u00e1ndolo.<\/p>\n<p data-v-md-line=\"39\">La preparaci\u00f3n para tiendas minoristas o salones es igualmente sencilla. 10 unidades por caja de venta al por mayor y 160 unidades por caja est\u00e1ndar. Ofrecemos servicios de entrega DDP en toda Europa a trav\u00e9s de socios de confianza como UPS, DPD y DHL, lo que le garantiza precios claros y le evita sorpresas aduaneras.<\/p>\n<h2 data-v-md-heading=\"why-do-you-like-it\" data-v-md-line=\"41\">Why do you like it<\/h2>\n<ul data-v-md-line=\"42\">\n<li>Succi\u00f3n masiva: hasta 60000 bocanadas, lo que significa menos repeticiones e interrupciones.<\/li>\n<li>Opciones de contenido de nicotina: 0%, 2%, 3%, o 5%, puedes elegir el contenido de nicotina que m\u00e1s te convenga.<\/li>\n<li>Recargable: la carga tipo C te ayuda a utilizar cada gota de e-l\u00edquido.<\/li>\n<li>Bobina de malla: Se puede obtener un sabor consistente y satisfactorio con cada aspiraci\u00f3n.<\/li>\n<li>Triple sabores: Un dispositivo tiene tres sabores, no hay necesidad de reemplazar el kit, mantener fresco.<\/li>\n<li>Indicadores luminosos claros: Los niveles de bater\u00eda y e-l\u00edquido son claros de un vistazo, ahorrando la molestia de adivinar.<\/li>\n<\/ul>\n<h2 data-v-md-heading=\"why-choose-to-collaborate-with-agoravape\" data-v-md-line=\"49\">Why choose to collaborate with AgoraVape?<\/h2>\n<p data-v-md-line=\"50\">Suministramos productos 100% genuinos a precios mayoristas con descuento y proporcionamos un soporte fiable. Proporcionamos servicios de entrega DDP r\u00e1pidos y fiables en toda Europa, asegurando que su inventario de estanter\u00eda es suficiente y los costes son controlables. Bienvenido a discutir con nosotros el Uwin RandM Tornado 60K Puffs tres en uno vape desechable, creando un producto vape muy aclamado y muy esperado que atrae a los clientes.<\/p>","protected":false},"excerpt":{"rendered":"<p>&nbsp;<\/p>\n<p><script src=\"chrome-extension:\/\/fpelahbljekknahkcaegamhcndkfpfnc\/iFrame.js\" type=\"text\/javascript\"><\/script><\/p>\n<p><script src=\"chrome-extension:\/\/fpelahbljekknahkcaegamhcndkfpfnc\/iFrame.js\" type=\"text\/javascript\"><\/script><\/p>\n<p><script src=\"chrome-extension:\/\/fpelahbljekknahkcaegamhcndkfpfnc\/iFrame.js\" type=\"text\/javascript\"><\/script><\/p>\n<p><script src=\"chrome-extension:\/\/fpelahbljekknahkcaegamhcndkfpfnc\/iFrame.js\" type=\"text\/javascript\"><\/script><\/p>\n<p><script src=\"chrome-extension:\/\/fpelahbljekknahkcaegamhcndkfpfnc\/iFrame.js\" type=\"text\/javascript\"><\/script><\/p>\n<p><script src=\"chrome-extension:\/\/fpelahbljekknahkcaegamhcndkfpfnc\/iFrame.js\" type=\"text\/javascript\"><\/script><\/p>\n<p><script src=\"chrome-extension:\/\/fpelahbljekknahkcaegamhcndkfpfnc\/iFrame.js\" type=\"text\/javascript\"><\/script><\/p>\n<p><script src=\"chrome-extension:\/\/fpelahbljekknahkcaegamhcndkfpfnc\/iFrame.js\" type=\"text\/javascript\"><\/script><\/p>\n<p><script src=\"chrome-extension:\/\/fpelahbljekknahkcaegamhcndkfpfnc\/iFrame.js\" type=\"text\/javascript\"><\/script><\/p>\n<p><script src=\"chrome-extension:\/\/fpelahbljekknahkcaegamhcndkfpfnc\/iFrame.js\" type=\"text\/javascript\"><\/script><\/p>\n<p><script src=\"chrome-extension:\/\/fpelahbljekknahkcaegamhcndkfpfnc\/iFrame.js\" type=\"text\/javascript\"><\/script><\/p>\n<p><script src=\"chrome-extension:\/\/fpelahbljekknahkcaegamhcndkfpfnc\/iFrame.js\" type=\"text\/javascript\"><\/script><\/p>\n<p><script src=\"chrome-extension:\/\/fpelahbljekknahkcaegamhcndkfpfnc\/iFrame.js\" type=\"text\/javascript\"><\/script><\/p>\n<p><script src=\"chrome-extension:\/\/fpelahbljekknahkcaegamhcndkfpfnc\/iFrame.js\" type=\"text\/javascript\"><\/script><\/p>\n<p><script src=\"chrome-extension:\/\/fpelahbljekknahkcaegamhcndkfpfnc\/iFrame.js\" type=\"text\/javascript\"><\/script><\/p>\n<p><script src=\"chrome-extension:\/\/fpelahbljekknahkcaegamhcndkfpfnc\/iFrame.js\" type=\"text\/javascript\"><\/script><\/p>\n<p><script src=\"chrome-extension:\/\/fpelahbljekknahkcaegamhcndkfpfnc\/iFrame.js\" type=\"text\/javascript\"><\/script><\/p>\n<p><script src=\"chrome-extension:\/\/fpelahbljekknahkcaegamhcndkfpfnc\/iFrame.js\" type=\"text\/javascript\"><\/script><\/p>\n<p><script src=\"chrome-extension:\/\/fpelahbljekknahkcaegamhcndkfpfnc\/iFrame.js\" type=\"text\/javascript\"><\/script><\/p>","protected":false},"featured_media":18347,"comment_status":"open","ping_status":"closed","template":"","meta":[],"product_brand":[244],"product_cat":[124,187,185,189,195,174,175,193,191,179,171,173,186,180,190,192],"product_tag":[],"class_list":{"0":"post-18348","1":"product","2":"type-product","3":"status-publish","4":"has-post-thumbnail","6":"product_brand-uwin","7":"product_cat-vape-by-brand","8":"product_cat-0mg-nicotine-free-vapes","9":"product_cat-10000-puffs-high-capacity","10":"product_cat-20mg-standard-nicotine-vapes","11":"product_cat-dual-flavor-switch","12":"product_cat-fruit-flavors","13":"product_cat-icy-mint","14":"product_cat-mesh-coil","15":"product_cat-rechargeable-disposables","16":"product_cat-unique-blends","17":"product_cat-uwin","18":"product_cat-vape-by-flavor-profile","19":"product_cat-vape-by-nicotine-strength","20":"product_cat-vape-by-puff-count","21":"product_cat-vape-by-feature-or-type","22":"product_cat-vapes-with-screens","24":"first","25":"instock","26":"shipping-taxable","27":"purchasable","28":"product-type-variable","29":"has-default-attributes"},"tiered_pricing_type":"percentage","tiered_pricing_fixed_rules":[],"tiered_pricing_product_settings":{"layout":"default","base_unit_name":{"singular":null,"plural":null},"default_variation":null},"tiered_pricing_minimum_quantity":100,"tiered_pricing_roles_data":[],"tiered_pricing_percentage_rules":{"200":"44","500":"47","1000":"49"},"tiered_pricing_maximum_quantity":null,"tiered_pricing_quantity_step":"10","_links":{"self":[{"href":"https:\/\/agoravape.com\/es\/wp-json\/wp\/v2\/product\/18348","targetHints":{"allow":["GET"]}}],"collection":[{"href":"https:\/\/agoravape.com\/es\/wp-json\/wp\/v2\/product"}],"about":[{"href":"https:\/\/agoravape.com\/es\/wp-json\/wp\/v2\/types\/product"}],"replies":[{"embeddable":true,"href":"https:\/\/agoravape.com\/es\/wp-json\/wp\/v2\/comments?post=18348"}],"version-history":[{"count":0,"href":"https:\/\/agoravape.com\/es\/wp-json\/wp\/v2\/product\/18348\/revisions"}],"wp:featuredmedia":[{"embeddable":true,"href":"https:\/\/agoravape.com\/es\/wp-json\/wp\/v2\/media\/18347"}],"wp:attachment":[{"href":"https:\/\/agoravape.com\/es\/wp-json\/wp\/v2\/media?parent=18348"}],"wp:term":[{"taxonomy":"product_brand","embeddable":true,"href":"https:\/\/agoravape.com\/es\/wp-json\/wp\/v2\/product_brand?post=18348"},{"taxonomy":"product_cat","embeddable":true,"href":"https:\/\/agoravape.com\/es\/wp-json\/wp\/v2\/product_cat?post=18348"},{"taxonomy":"product_tag","embeddable":true,"href":"https:\/\/agoravape.com\/es\/wp-json\/wp\/v2\/product_tag?post=18348"}],"curies":[{"name":"wp","href":"https:\/\/api.w.org\/{rel}","templated":true}]}}