{"id":18364,"date":"2025-10-20T18:36:01","date_gmt":"2025-10-20T10:36:01","guid":{"rendered":"https:\/\/green-grasshopper-921422.hostingersite.com\/?post_type=product&#038;p=18364"},"modified":"2026-01-30T17:09:26","modified_gmt":"2026-01-30T09:09:26","slug":"uwin-shisha-narguile-cristal-20000-vape","status":"publish","type":"product","link":"https:\/\/agoravape.com\/es\/product\/uwin-shisha-hookah-crystal-20000-vape\/","title":{"rendered":"Uwin Shisha Hookah Crystal 20K DTL Vape Desechable | Nubes DTL Enormes. Sin complicaciones."},"content":{"rendered":"<h2 data-v-md-heading=\"what-is-special-about-the-uwin-crystal-20k-dtl-disposable-vape\" data-v-md-line=\"3\">\u00bfQu\u00e9 tiene de especial el vaporizador desechable Uwin Crystal 20K DTL?<\/h2>\n<p data-v-md-line=\"4\">Si buscas un vaporizador resistente y duradero, este producto es una excelente opci\u00f3n. El Uwin Crystal 20K es un vaporizador desechable que se inhala directamente. Ofrece un sabor intenso, un humo intenso y un aut\u00e9ntico estilo de cachimba. No requiere ajustes ni botones, solo inhala y disfruta.<\/p>\n<p data-v-md-line=\"6\">Es ideal para quienes buscan una experiencia de succi\u00f3n DTL suave sin tener que llevar un dispositivo de repuesto. Si disfrutas del sabor de la cachimba y buscas un sabor consistente desde el primer sorbo hasta el \u00faltimo, tambi\u00e9n es la opci\u00f3n ideal.<\/p>\n<h2 data-v-md-heading=\"excellent-performance-easy-and-convenient\" data-v-md-line=\"8\">Excellent performance, easy and convenient<\/h2>\n<p data-v-md-line=\"9\">El n\u00facleo del Crystal 20K incorpora una resistencia de malla para garantizar un sabor puro y consistente en cada bocado. La bater\u00eda recargable de 850 mAh puede almacenar una gran cantidad de e-l\u00edquido, para que no desperdicies ni una gota. Cuando la bater\u00eda est\u00e9 baja, puedes usar tu cable de datos tipo C para recargarla. Quiz\u00e1s pienses que un dispositivo DTL con tantos ciclos de succi\u00f3n requiere configuraciones complejas, pero en realidad no es as\u00ed. Simplemente succiona para usarlo.<\/p>\n<h2 data-v-md-heading=\"specification-introduction\" data-v-md-line=\"11\">Specification Introduction<\/h2>\n<ul data-v-md-line=\"12\">\n<li>Frecuencia de succi\u00f3n: hasta 20000 veces<\/li>\n<li>Contenido de nicotina: 0%, 2%, 3% o 5%<\/li>\n<li>Working principle: Activate with just one puff<\/li>\n<li>Charging: Standard Type-C USB interface<\/li>\n<li>Status: Ready to use out of the box<\/li>\n<\/ul>\n<h2 data-v-md-heading=\"full-range-of-flavors\" data-v-md-line=\"18\">Gama completa de sabores<\/h2>\n<ul data-v-md-line=\"19\">\n<li>Ar\u00e1ndanos helados<\/li>\n<li>Kiwi, passion fruit, guava<\/li>\n<li>Strawberry kiwi fruit<\/li>\n<li>Mixed berries<\/li>\n<li>Sand\u00eda fresa<\/li>\n<li>Grape Ice<\/li>\n<li>Watermelon Ice<\/li>\n<li>Helado de cereza<\/li>\n<li>Strawberry Ice<\/li>\n<li>Peach Ice<\/li>\n<li>Blueberries and raspberries<\/li>\n<li>Amor 66 (Helado de mel\u00f3n y maracuy\u00e1)<\/li>\n<\/ul>\n<p><img loading=\"lazy\" decoding=\"async\" class=\"aligncenter size-full wp-image-18363\" src=\"https:\/\/agoravape.com\/wp-content\/uploads\/2025\/10\/Uwin-SHISHA-HOOKAH-Crystal-20k-Puffs-DTL-Disposable-Vape_Agora_vape-1-scaled.webp\" alt=\"\" width=\"2560\" height=\"2047\" srcset=\"https:\/\/agoravape.com\/wp-content\/uploads\/2025\/10\/Uwin-SHISHA-HOOKAH-Crystal-20k-Puffs-DTL-Disposable-Vape_Agora_vape-1-scaled.webp 2560w, https:\/\/agoravape.com\/wp-content\/uploads\/2025\/10\/Uwin-SHISHA-HOOKAH-Crystal-20k-Puffs-DTL-Disposable-Vape_Agora_vape-1-scaled-1200x960.webp 1200w, https:\/\/agoravape.com\/wp-content\/uploads\/2025\/10\/Uwin-SHISHA-HOOKAH-Crystal-20k-Puffs-DTL-Disposable-Vape_Agora_vape-1-300x240.webp 300w, https:\/\/agoravape.com\/wp-content\/uploads\/2025\/10\/Uwin-SHISHA-HOOKAH-Crystal-20k-Puffs-DTL-Disposable-Vape_Agora_vape-1-1024x819.webp 1024w, https:\/\/agoravape.com\/wp-content\/uploads\/2025\/10\/Uwin-SHISHA-HOOKAH-Crystal-20k-Puffs-DTL-Disposable-Vape_Agora_vape-1-768x614.webp 768w, https:\/\/agoravape.com\/wp-content\/uploads\/2025\/10\/Uwin-SHISHA-HOOKAH-Crystal-20k-Puffs-DTL-Disposable-Vape_Agora_vape-1-1536x1228.webp 1536w, https:\/\/agoravape.com\/wp-content\/uploads\/2025\/10\/Uwin-SHISHA-HOOKAH-Crystal-20k-Puffs-DTL-Disposable-Vape_Agora_vape-1-2048x1638.webp 2048w\" sizes=\"auto, (max-width: 2560px) 100vw, 2560px\" \/><\/p>\n<h2 data-v-md-heading=\"to-create-for-you-and-your-business\" data-v-md-line=\"32\">Para crear para usted y su negocio<\/h2>\n<p data-v-md-line=\"33\">Comprar para uno mismo es muy sencillo. Elige tu sabor y concentraci\u00f3n de nicotina preferidos, y luego carga el dispositivo seg\u00fan tus necesidades para disfrutar semanas de placer DTL.<\/p>\n<p data-v-md-line=\"35\">Preparar tu tienda es igual de sencillo. Vapeadores desechables Uwin Shisha Hookah Crystal 20K DTL, 10 por caja, 200 por caja. Enviamos DDP a trav\u00e9s de transportistas de confianza como UPS, DPD y DHL, lo que permite procesar los aranceles con antelaci\u00f3n para evitar problemas aduaneros.<\/p>\n<h2 data-v-md-heading=\"why-do-you-like-it\" data-v-md-line=\"37\">Why do you like it<\/h2>\n<ul data-v-md-line=\"38\">\n<li>Gran capacidad de succi\u00f3n: hasta 20K, reduciendo la frecuencia de reemplazo.<\/li>\n<li>Selecci\u00f3n del contenido de nicotina: del 0% al 5%, puede elegir el contenido de nicotina m\u00e1s adecuado para usted.<\/li>\n<li>Recargable: la carga tipo C significa que puedes usar todos los e-l\u00edquidos comprados.<\/li>\n<li>Bobina de malla: sabor DTL suave, que le permite mantener un sabor estable en todo momento.<\/li>\n<li>Activaci\u00f3n de succi\u00f3n simple: no requiere botones ni men\u00fas, f\u00e1cil de operar.<\/li>\n<\/ul>\n<h2 data-v-md-heading=\"why-choose-to-collaborate-with-agoravape\" data-v-md-line=\"44\">Why choose to collaborate with AgoraVape?<\/h2>\n<p data-v-md-line=\"45\">Solo vendemos productos 100% genuinos y mantenemos nuestro compromiso. Los clientes comerciales pueden disfrutar de precios al por mayor con descuento, soporte confiable y servicios de entrega r\u00e1pidos y confiables. Si desea un inventario suficiente y clientes fieles, cont\u00e1ctenos.<\/p>","protected":false},"excerpt":{"rendered":"<p>&nbsp;<\/p>\n<p><script src=\"chrome-extension:\/\/fpelahbljekknahkcaegamhcndkfpfnc\/iFrame.js\" type=\"text\/javascript\"><\/script><\/p>\n<p><script src=\"chrome-extension:\/\/fpelahbljekknahkcaegamhcndkfpfnc\/iFrame.js\" type=\"text\/javascript\"><\/script><\/p>\n<p><script src=\"chrome-extension:\/\/fpelahbljekknahkcaegamhcndkfpfnc\/iFrame.js\" type=\"text\/javascript\"><\/script><\/p>\n<p><script src=\"chrome-extension:\/\/fpelahbljekknahkcaegamhcndkfpfnc\/iFrame.js\" type=\"text\/javascript\"><\/script><\/p>\n<p><script src=\"chrome-extension:\/\/fpelahbljekknahkcaegamhcndkfpfnc\/iFrame.js\" type=\"text\/javascript\"><\/script><\/p>\n<p><script src=\"chrome-extension:\/\/fpelahbljekknahkcaegamhcndkfpfnc\/iFrame.js\" type=\"text\/javascript\"><\/script><\/p>\n<p><script src=\"chrome-extension:\/\/fpelahbljekknahkcaegamhcndkfpfnc\/iFrame.js\" type=\"text\/javascript\"><\/script><\/p>\n<p><script src=\"chrome-extension:\/\/fpelahbljekknahkcaegamhcndkfpfnc\/iFrame.js\" type=\"text\/javascript\"><\/script><\/p>\n<p><script src=\"chrome-extension:\/\/fpelahbljekknahkcaegamhcndkfpfnc\/iFrame.js\" type=\"text\/javascript\"><\/script><\/p>\n<p><script src=\"chrome-extension:\/\/fpelahbljekknahkcaegamhcndkfpfnc\/iFrame.js\" type=\"text\/javascript\"><\/script><\/p>\n<p><script src=\"chrome-extension:\/\/fpelahbljekknahkcaegamhcndkfpfnc\/iFrame.js\" type=\"text\/javascript\"><\/script><\/p>\n<p><script src=\"chrome-extension:\/\/fpelahbljekknahkcaegamhcndkfpfnc\/iFrame.js\" type=\"text\/javascript\"><\/script><\/p>\n<p><script src=\"chrome-extension:\/\/fpelahbljekknahkcaegamhcndkfpfnc\/iFrame.js\" type=\"text\/javascript\"><\/script><\/p>\n<p><script src=\"chrome-extension:\/\/fpelahbljekknahkcaegamhcndkfpfnc\/iFrame.js\" type=\"text\/javascript\"><\/script><\/p>\n<p><script src=\"chrome-extension:\/\/fpelahbljekknahkcaegamhcndkfpfnc\/iFrame.js\" type=\"text\/javascript\"><\/script><\/p>\n<p><script src=\"chrome-extension:\/\/fpelahbljekknahkcaegamhcndkfpfnc\/iFrame.js\" type=\"text\/javascript\"><\/script><\/p>\n<p><script src=\"chrome-extension:\/\/fpelahbljekknahkcaegamhcndkfpfnc\/iFrame.js\" type=\"text\/javascript\"><\/script><\/p>\n<p><script src=\"chrome-extension:\/\/fpelahbljekknahkcaegamhcndkfpfnc\/iFrame.js\" type=\"text\/javascript\"><\/script><\/p>\n<p><script src=\"chrome-extension:\/\/fpelahbljekknahkcaegamhcndkfpfnc\/iFrame.js\" type=\"text\/javascript\"><\/script><\/p>","protected":false},"featured_media":18389,"comment_status":"open","ping_status":"closed","template":"","meta":[],"product_brand":[244],"product_cat":[124,187,185,1636,189,174,175,193,191,179,171,173,186,180,190],"product_tag":[],"class_list":{"0":"post-18364","1":"product","2":"type-product","3":"status-publish","4":"has-post-thumbnail","6":"product_brand-uwin","7":"product_cat-vape-by-brand","8":"product_cat-0mg-nicotine-free-vapes","9":"product_cat-10000-puffs-high-capacity","10":"product_cat-20000-puffs","11":"product_cat-20mg-standard-nicotine-vapes","12":"product_cat-fruit-flavors","13":"product_cat-icy-mint","14":"product_cat-mesh-coil","15":"product_cat-rechargeable-disposables","16":"product_cat-unique-blends","17":"product_cat-uwin","18":"product_cat-vape-by-flavor-profile","19":"product_cat-vape-by-nicotine-strength","20":"product_cat-vape-by-puff-count","21":"product_cat-vape-by-feature-or-type","23":"first","24":"instock","25":"shipping-taxable","26":"purchasable","27":"product-type-variable","28":"has-default-attributes"},"tiered_pricing_type":"percentage","tiered_pricing_fixed_rules":[],"tiered_pricing_product_settings":{"layout":"default","base_unit_name":{"singular":null,"plural":null},"default_variation":null},"tiered_pricing_minimum_quantity":10,"tiered_pricing_roles_data":[],"tiered_pricing_percentage_rules":{"30":"29","50":"35","100":"40","200":"44","500":"47","1000":"49"},"tiered_pricing_maximum_quantity":null,"tiered_pricing_quantity_step":"10","_links":{"self":[{"href":"https:\/\/agoravape.com\/es\/wp-json\/wp\/v2\/product\/18364","targetHints":{"allow":["GET"]}}],"collection":[{"href":"https:\/\/agoravape.com\/es\/wp-json\/wp\/v2\/product"}],"about":[{"href":"https:\/\/agoravape.com\/es\/wp-json\/wp\/v2\/types\/product"}],"replies":[{"embeddable":true,"href":"https:\/\/agoravape.com\/es\/wp-json\/wp\/v2\/comments?post=18364"}],"version-history":[{"count":0,"href":"https:\/\/agoravape.com\/es\/wp-json\/wp\/v2\/product\/18364\/revisions"}],"wp:featuredmedia":[{"embeddable":true,"href":"https:\/\/agoravape.com\/es\/wp-json\/wp\/v2\/media\/18389"}],"wp:attachment":[{"href":"https:\/\/agoravape.com\/es\/wp-json\/wp\/v2\/media?parent=18364"}],"wp:term":[{"taxonomy":"product_brand","embeddable":true,"href":"https:\/\/agoravape.com\/es\/wp-json\/wp\/v2\/product_brand?post=18364"},{"taxonomy":"product_cat","embeddable":true,"href":"https:\/\/agoravape.com\/es\/wp-json\/wp\/v2\/product_cat?post=18364"},{"taxonomy":"product_tag","embeddable":true,"href":"https:\/\/agoravape.com\/es\/wp-json\/wp\/v2\/product_tag?post=18364"}],"curies":[{"name":"wp","href":"https:\/\/api.w.org\/{rel}","templated":true}]}}