{"id":18456,"date":"2025-10-20T19:07:47","date_gmt":"2025-10-20T11:07:47","guid":{"rendered":"https:\/\/green-grasshopper-921422.hostingersite.com\/?post_type=product&#038;p=18456"},"modified":"2026-02-14T17:33:10","modified_gmt":"2026-02-14T16:33:10","slug":"uwin-twins-crystal-40k-dual-flavor","status":"publish","type":"product","link":"https:\/\/agoravape.com\/es\/product\/uwin-twins-crystal-40k-dual-flavor\/","title":{"rendered":"Vape desechable Uwin Twins Crystal 40K Puffs de doble sabor | Dos sabores, gran duraci\u00f3n"},"content":{"rendered":"<h2 data-v-md-heading=\"what-is-special-about-the-uwin-twins-crystal-40k-suction-dual-flavored-disposable-vape\" data-v-md-line=\"3\"><img loading=\"lazy\" decoding=\"async\" class=\"aligncenter size-full wp-image-18455\" src=\"https:\/\/agoravape.com\/wp-content\/uploads\/2025\/10\/Uwin-Twins-Crystal-40K-Puffs-Dual-Flavor-Disposable-Vape_Agora_vape-2.webp\" alt=\"\" width=\"1474\" height=\"1020\" srcset=\"https:\/\/agoravape.com\/wp-content\/uploads\/2025\/10\/Uwin-Twins-Crystal-40K-Puffs-Dual-Flavor-Disposable-Vape_Agora_vape-2.webp 1474w, https:\/\/agoravape.com\/wp-content\/uploads\/2025\/10\/Uwin-Twins-Crystal-40K-Puffs-Dual-Flavor-Disposable-Vape_Agora_vape-2-1200x830.webp 1200w, https:\/\/agoravape.com\/wp-content\/uploads\/2025\/10\/Uwin-Twins-Crystal-40K-Puffs-Dual-Flavor-Disposable-Vape_Agora_vape-2-300x208.webp 300w, https:\/\/agoravape.com\/wp-content\/uploads\/2025\/10\/Uwin-Twins-Crystal-40K-Puffs-Dual-Flavor-Disposable-Vape_Agora_vape-2-1024x709.webp 1024w, https:\/\/agoravape.com\/wp-content\/uploads\/2025\/10\/Uwin-Twins-Crystal-40K-Puffs-Dual-Flavor-Disposable-Vape_Agora_vape-2-768x531.webp 768w\" sizes=\"auto, (max-width: 1474px) 100vw, 1474px\" \/><\/h2>\n<h2 data-v-md-heading=\"what-is-special-about-the-uwin-twins-crystal-40k-suction-dual-flavored-disposable-vape\" data-v-md-line=\"3\">\u00bfQu\u00e9 tiene de especial el vaporizador desechable de doble sabor con succi\u00f3n Uwin Twins Crystal 40K?<\/h2>\n<p data-v-md-line=\"4\">Si est\u00e1s cansado de cambiar de dispositivo con frecuencia para cambiar de sabor, este producto te ahorra muchos problemas. Uwin Twins Crystal combina dos sabores en un solo dispositivo, permiti\u00e9ndote disfrutar de una mezcla de sabores que se adapta a tu estado de \u00e1nimo y dura mucho tiempo.<\/p>\n<p data-v-md-line=\"6\">Si buscas un vaporizador desechable recargable, duradero y con sabores estables sin configuraciones complicadas, este producto es la opci\u00f3n ideal. Solo tienes que dar un sorbo para usarlo. No necesitas presionar botones ni aprenderte los men\u00fas.<\/p>\n<h2 data-v-md-heading=\"excellent-performance-without-any-complex-operations\" data-v-md-line=\"8\">Excelente rendimiento sin operaciones complejas.<\/h2>\n<p data-v-md-line=\"9\">La resistencia de malla de 0,6 \u03a9 se encuentra en el n\u00facleo del Twins Crystal, lo que garantiza un vapor suave y un sabor intenso desde el primer bocado hasta el \u00faltimo. Cuando la bater\u00eda est\u00e9 baja, puedes cargarlo a trav\u00e9s de la interfaz Tipo-C para usar todos los e-l\u00edquidos que hayas comprado. El cable de conexi\u00f3n es sencillo y la carga es muy c\u00f3moda.<\/p>\n<h2 data-v-md-heading=\"specification-introduction\" data-v-md-line=\"11\">Specification Introduction<\/h2>\n<ul data-v-md-line=\"12\">\n<li>Frecuencia de succi\u00f3n: hasta 40000 veces<\/li>\n<li>Nicotina: Disponible en cuatro concentraciones: 0%, 2%, 3% y 5% (el suministro espec\u00edfico var\u00eda seg\u00fan el mercado)<\/li>\n<li>E-liquid capacity: 30 milliliters<\/li>\n<li>Bater\u00eda: bater\u00eda recargable de 850 mAh<\/li>\n<li>N\u00facleo atomizador: malla de 0,6 \u03a9<\/li>\n<li>Working principle: Activate with just one puff<\/li>\n<li>Charging: Type-C USB interface<\/li>\n<li>Status: Ready to use out of the box<\/li>\n<li>Formato: Cada dispositivo contiene dos combinaciones de sabores.<\/li>\n<\/ul>\n<h2 data-v-md-heading=\"complete-flavor-lineup\" data-v-md-line=\"22\">L\u00ednea completa de sabores<\/h2>\n<ul data-v-md-line=\"23\">\n<li>Ar\u00e1ndanos helados\/Helado de melocot\u00f3n de verano<\/li>\n<li>Kiwi maracuy\u00e1 guayaba\/ar\u00e1ndano frambuesa<\/li>\n<li>Helado de fresa, kiwi y uva<\/li>\n<li>Kiwi maracuy\u00e1 guayaba\/manzana doble<\/li>\n<li>Fresa Sand\u00eda\/Lim\u00f3n Lima<\/li>\n<li>Helado de ar\u00e1ndanos, frambuesa y cereza<\/li>\n<li>Fresa Frambuesa Cereza\/Mr. Blue<\/li>\n<li>Melocot\u00f3n, Mango, Pi\u00f1a\/Red Bull<\/li>\n<li>Helado de sand\u00eda\/bayas mixtas<\/li>\n<li>Fresa Pl\u00e1tano\/Amor 66 (Helado de Mel\u00f3n y Maracuy\u00e1)<\/li>\n<\/ul>\n<p><img loading=\"lazy\" decoding=\"async\" class=\"aligncenter size-full wp-image-18454\" src=\"https:\/\/agoravape.com\/wp-content\/uploads\/2025\/10\/Uwin-Twins-Crystal-40K-Puffs-Dual-Flavor-Disposable-Vape_Agora_vape-1.webp\" alt=\"\" width=\"1200\" height=\"1200\" srcset=\"https:\/\/agoravape.com\/wp-content\/uploads\/2025\/10\/Uwin-Twins-Crystal-40K-Puffs-Dual-Flavor-Disposable-Vape_Agora_vape-1.webp 1200w, https:\/\/agoravape.com\/wp-content\/uploads\/2025\/10\/Uwin-Twins-Crystal-40K-Puffs-Dual-Flavor-Disposable-Vape_Agora_vape-1-600x600.webp 600w, https:\/\/agoravape.com\/wp-content\/uploads\/2025\/10\/Uwin-Twins-Crystal-40K-Puffs-Dual-Flavor-Disposable-Vape_Agora_vape-1-300x300.webp 300w, https:\/\/agoravape.com\/wp-content\/uploads\/2025\/10\/Uwin-Twins-Crystal-40K-Puffs-Dual-Flavor-Disposable-Vape_Agora_vape-1-1024x1024.webp 1024w, https:\/\/agoravape.com\/wp-content\/uploads\/2025\/10\/Uwin-Twins-Crystal-40K-Puffs-Dual-Flavor-Disposable-Vape_Agora_vape-1-150x150.webp 150w, https:\/\/agoravape.com\/wp-content\/uploads\/2025\/10\/Uwin-Twins-Crystal-40K-Puffs-Dual-Flavor-Disposable-Vape_Agora_vape-1-768x768.webp 768w\" sizes=\"auto, (max-width: 1200px) 100vw, 1200px\" \/><\/p>\n<h2 data-v-md-heading=\"for-you-and-for-your-business-as-well\" data-v-md-line=\"34\">For you, and for your business as well<\/h2>\n<p data-v-md-line=\"35\">Puedes comprar uno por separado para tu propio uso o almacenarlo en tu tienda. El empaque al por mayor es de 10 unidades por caja, con 160 unidades por caja, lo que facilita el reabastecimiento. Cada caja pesa 18,5 kilogramos. Los pedidos de sabores mixtos se env\u00edan aleatoriamente cada 10 unidades, por lo que no podemos garantizar que cada caja contenga un sabor espec\u00edfico.<\/p>\n<p data-v-md-line=\"37\">Colaboramos con socios de confianza como UPS, DPD y DHL para ofrecer servicios de env\u00edo DDP con impuestos en toda Europa, lo que garantiza que no tenga ning\u00fan problema en la aduana. Aviso de cumplimiento: Twins Crystal tiene una capacidad de hasta 30 mililitros y ofrece la opci\u00f3n de un mayor contenido de nicotina. Si opera en un mercado regulado por TPD, aseg\u00farese de consultar la normativa local. En muchos pa\u00edses de la UE, una concentraci\u00f3n de nicotina del 0 % suele ser una ruta de venta conforme, mientras que concentraciones superiores al 0 % y grandes vol\u00famenes de nicotina podr\u00edan no estar permitidos.<\/p>\n<h2 data-v-md-heading=\"why-do-you-like-it\" data-v-md-line=\"39\">Why do you like it<\/h2>\n<ul data-v-md-line=\"40\">\n<li>Succi\u00f3n masiva: menos tiempos de reemplazo y menos problemas.<\/li>\n<li>Selecci\u00f3n de concentraci\u00f3n de nicotina: elija una concentraci\u00f3n que se adapte a sus h\u00e1bitos diarios.<\/li>\n<li>Recargable: cuando la bater\u00eda se agote, no desperdiciar\u00e1 e-l\u00edquido.<\/li>\n<li>Bobina de malla: mantiene un sabor constante, satisfaciendo cada succi\u00f3n.<\/li>\n<li>Configuraci\u00f3n de doble sabor: un dispositivo proporciona dos configuraciones, que se pueden cambiar sin cambiar el vaporizador.<\/li>\n<\/ul>\n<h2 data-v-md-heading=\"why-collaborate-with-agoravape\" data-v-md-line=\"46\">Why collaborate with AgoraVape?<\/h2>\n<p data-v-md-line=\"47\">Solo compramos y vendemos productos 100% genuinos para garantizar la satisfacci\u00f3n del cliente y fortalecer su reputaci\u00f3n. Con el vaporizador desechable Uwin Twins Crystal 40K de doble sabor, disfrutar\u00e1 de precios al por mayor con descuento, excelente soporte y entrega r\u00e1pida DDP. Si necesita productos con buen sabor y buenas ventas, cont\u00e1ctenos.<\/p>","protected":false},"excerpt":{"rendered":"<p>&nbsp;<\/p>","protected":false},"featured_media":18498,"comment_status":"open","ping_status":"closed","template":"","meta":[],"product_brand":[244],"product_cat":[124,187,185,189,176,1674,174,175,193,191,171,173,186,180,190],"product_tag":[],"class_list":{"0":"post-18456","1":"product","2":"type-product","3":"status-publish","4":"has-post-thumbnail","6":"product_brand-uwin","7":"product_cat-vape-by-brand","8":"product_cat-0mg-nicotine-free-vapes","9":"product_cat-10000-puffs-high-capacity","10":"product_cat-20mg-standard-nicotine-vapes","11":"product_cat-beverage","12":"product_cat-eu-warehouse","13":"product_cat-fruit-flavors","14":"product_cat-icy-mint","15":"product_cat-mesh-coil","16":"product_cat-rechargeable-disposables","17":"product_cat-uwin","18":"product_cat-vape-by-flavor-profile","19":"product_cat-vape-by-nicotine-strength","20":"product_cat-vape-by-puff-count","21":"product_cat-vape-by-feature-or-type","23":"first","24":"instock","25":"shipping-taxable","26":"purchasable","27":"product-type-variable","28":"has-default-attributes"},"tiered_pricing_type":"percentage","tiered_pricing_fixed_rules":[],"tiered_pricing_product_settings":{"layout":"default","base_unit_name":{"singular":null,"plural":null},"default_variation":null},"tiered_pricing_minimum_quantity":10,"tiered_pricing_roles_data":[],"tiered_pricing_percentage_rules":{"30":"29","50":"35","100":"40","200":"44","500":"47","1000":"49"},"tiered_pricing_maximum_quantity":null,"tiered_pricing_quantity_step":"10","_links":{"self":[{"href":"https:\/\/agoravape.com\/es\/wp-json\/wp\/v2\/product\/18456","targetHints":{"allow":["GET"]}}],"collection":[{"href":"https:\/\/agoravape.com\/es\/wp-json\/wp\/v2\/product"}],"about":[{"href":"https:\/\/agoravape.com\/es\/wp-json\/wp\/v2\/types\/product"}],"replies":[{"embeddable":true,"href":"https:\/\/agoravape.com\/es\/wp-json\/wp\/v2\/comments?post=18456"}],"version-history":[{"count":0,"href":"https:\/\/agoravape.com\/es\/wp-json\/wp\/v2\/product\/18456\/revisions"}],"wp:featuredmedia":[{"embeddable":true,"href":"https:\/\/agoravape.com\/es\/wp-json\/wp\/v2\/media\/18498"}],"wp:attachment":[{"href":"https:\/\/agoravape.com\/es\/wp-json\/wp\/v2\/media?parent=18456"}],"wp:term":[{"taxonomy":"product_brand","embeddable":true,"href":"https:\/\/agoravape.com\/es\/wp-json\/wp\/v2\/product_brand?post=18456"},{"taxonomy":"product_cat","embeddable":true,"href":"https:\/\/agoravape.com\/es\/wp-json\/wp\/v2\/product_cat?post=18456"},{"taxonomy":"product_tag","embeddable":true,"href":"https:\/\/agoravape.com\/es\/wp-json\/wp\/v2\/product_tag?post=18456"}],"curies":[{"name":"wp","href":"https:\/\/api.w.org\/{rel}","templated":true}]}}