{"id":18992,"date":"2025-10-29T12:21:25","date_gmt":"2025-10-29T04:21:25","guid":{"rendered":"https:\/\/agoravape.com\/?post_type=product&#038;p=18992"},"modified":"2026-01-19T22:00:08","modified_gmt":"2026-01-19T14:00:08","slug":"bang-b50k-50000-caladas-vape-desechable","status":"publish","type":"product","link":"https:\/\/agoravape.com\/es\/product\/bang-b50k-50000-puffs-disposable-vape\/","title":{"rendered":"Bang B50K - Vape desechable de alta capacidad (50\u00a0000 bocanadas) | Gran capacidad, f\u00e1cil de cargar"},"content":{"rendered":"<h2 data-v-md-heading=\"what-is-special-about-bang-b50k-50000-capacity-disposable-vape\" data-v-md-line=\"3\">\u00bfQu\u00e9 tiene de especial el vaporizador desechable Bang B50K con capacidad de 50000?<\/h2>\n<p data-v-md-line=\"5\">Si est\u00e1s cansado de los vapeadores desechables que se agotan en pocos d\u00edas, este producto te simplificar\u00e1 la vida. El Bang B50K tiene una bater\u00eda con una duraci\u00f3n de hasta 50\u00a0000 unidades, est\u00e1 equipado con una gran capacidad de 36 ml de e-l\u00edquido y una bater\u00eda recargable. Resistente y duradero, sin necesidad de un uso tedioso.<\/p>\n<p data-v-md-line=\"7\">Si buscas un vaporizador fiable, delicioso y f\u00e1cil de usar, este es tu mejor opci\u00f3n. Sin men\u00fas, sin inyecci\u00f3n de aceite y sin necesidad de reemplazar el n\u00facleo atomizador. Quiz\u00e1s pienses que un dispositivo de tanta capacidad es voluminoso, pero cabe f\u00e1cilmente en un bolsillo y luce elegante y elegante sobre el escritorio.<\/p>\n<h2 data-v-md-heading=\"excellent-performance-and-easy-operation\" data-v-md-line=\"9\">Excelente rendimiento y f\u00e1cil operaci\u00f3n.<\/h2>\n<p data-v-md-line=\"11\">El componente principal del B50K es el n\u00facleo atomizador de malla, lo que garantiza que el sabor se mantenga constante desde el primer bocado hasta el \u00faltimo. Las bebidas con sabor a frutas se derriten en la boca con un sabor refrescante, y el mentol tambi\u00e9n. Cuando la bater\u00eda est\u00e9 baja, puedes usar el cable de datos tipo C que hayas usado en tu tel\u00e9fono para cargarlo. Con\u00e9ctalo y sigue disfrutando.<\/p>\n<h2 data-v-md-heading=\"quick-specifications\" data-v-md-line=\"13\">Especificaciones r\u00e1pidas<\/h2>\n<ul data-v-md-line=\"15\">\n<li>\n<p data-v-md-line=\"15\">Frecuencia de fumado: hasta 50000 bocanadas<\/p>\n<\/li>\n<li>\n<p data-v-md-line=\"17\">Concentraci\u00f3n de nicotina: 0%, 2%, 3%, 5% opcional<\/p>\n<\/li>\n<li>\n<p data-v-md-line=\"19\">Capacidad de e-l\u00edquido: 36 ml<\/p>\n<\/li>\n<li>\n<p data-v-md-line=\"21\">Battery: 650mAh rechargeable battery<\/p>\n<\/li>\n<li>\n<p data-v-md-line=\"23\">Bobina: bobina de malla de 1,09 \u03a9<\/p>\n<\/li>\n<li>\n<p data-v-md-line=\"25\">Uso: Inhalar para activar.<\/p>\n<\/li>\n<li>\n<p data-v-md-line=\"27\">M\u00e9todo de carga: Interfaz USB tipo C est\u00e1ndar<\/p>\n<\/li>\n<li>\n<p data-v-md-line=\"29\">Status: Ready to use out of the box<\/p>\n<\/li>\n<\/ul>\n<h2 data-v-md-heading=\"complete-flavor-lineup\" data-v-md-line=\"31\">L\u00ednea completa de sabores<\/h2>\n<ul data-v-md-line=\"33\">\n<li>\n<p data-v-md-line=\"33\">Como<\/p>\n<\/li>\n<li>\n<p data-v-md-line=\"35\">Menta y ar\u00e1ndanos<\/p>\n<\/li>\n<li>\n<p data-v-md-line=\"37\">Double Apples<\/p>\n<\/li>\n<li>\n<p data-v-md-line=\"39\">Peach Ice<\/p>\n<\/li>\n<li>\n<p data-v-md-line=\"41\">Blueberries and raspberries<\/p>\n<\/li>\n<li>\n<p data-v-md-line=\"43\">Pista de hielo azul<\/p>\n<\/li>\n<li>\n<p data-v-md-line=\"45\">Ar\u00e1ndanos y melocotones<\/p>\n<\/li>\n<li>\n<p data-v-md-line=\"47\">Sand\u00eda<\/p>\n<\/li>\n<li>\n<p data-v-md-line=\"49\">Sand\u00eda fresa<\/p>\n<\/li>\n<li>\n<p data-v-md-line=\"51\">Lichi de fresa<\/p>\n<\/li>\n<li>\n<p data-v-md-line=\"53\">Grape mint<\/p>\n<\/li>\n<li>\n<p data-v-md-line=\"55\">Frutas mixtas<\/p>\n<\/li>\n<\/ul>\n<h2 data-v-md-heading=\"suitable-for-individuals-and-businesses\" data-v-md-line=\"57\">Adecuado para particulares y empresas.<\/h2>\n<p data-v-md-line=\"59\">\u00bfCompras para ti? Elige tu sabor y concentraci\u00f3n de nicotina preferidos para satisfacer tus necesidades a largo plazo. La bater\u00eda recargable te permite usar hasta 36 mililitros de e-l\u00edquido sin desperdiciarlo.<\/p>\n<p data-v-md-line=\"61\">\u00bfTiene una tienda f\u00edsica o en l\u00ednea? Bang B50K se vende al por mayor, con 10 unidades por caja. Tambi\u00e9n ofrecemos embalaje completo de 20 unidades por caja para un almacenamiento y transporte c\u00f3modos y eficientes. Colaboramos con socios como UPS, DPD y DHL para ofrecer servicios de env\u00edo DDP en Europa, gestionar el despacho de aduanas con antelaci\u00f3n y evitar cualquier imprevisto durante la recepci\u00f3n.<\/p>\n<h2 data-v-md-heading=\"reasons-why-you-will-like-it\" data-v-md-line=\"63\">Razones por las que te gustar\u00e1<\/h2>\n<ul data-v-md-line=\"65\">\n<li>\n<p data-v-md-line=\"65\">Bater\u00eda de ultra larga duraci\u00f3n: hasta 50000 unidades, reduciendo el n\u00famero de reemplazos y viajes a la tienda.<\/p>\n<\/li>\n<li>\n<p data-v-md-line=\"67\">Hay m\u00faltiples concentraciones de nicotina disponibles: 0%, 2%, 3% o 5% para satisfacer sus necesidades personalizadas.<\/p>\n<\/li>\n<li>\n<p data-v-md-line=\"69\">Recargable: Interfaz de carga tipo C, que le permite aprovechar cada gota de e-l\u00edquido.<\/p>\n<\/li>\n<li>\n<p data-v-md-line=\"71\">N\u00facleo atomizador de malla: cada inhalaci\u00f3n brinda un sabor suave y estable.<\/p>\n<\/li>\n<li>\n<p data-v-md-line=\"73\">C\u00f3modo de usar: dise\u00f1o de activaci\u00f3n por inhalaci\u00f3n, f\u00e1cil de operar.<\/p>\n<\/li>\n<\/ul>\n<h2 data-v-md-heading=\"why-choose-to-collaborate-with-agoravape\" data-v-md-line=\"75\">Why choose to collaborate with AgoraVape?<\/h2>\n<p data-v-md-line=\"77\">Solo vendemos productos 100% originales y nos responsabilizamos de los productos que vendemos. Los clientes empresariales pueden disfrutar de precios al por mayor con descuento, soporte t\u00e9cnico de respuesta r\u00e1pida y servicio de entrega DDP para los vaporizadores desechables Bang B50K 50000 de gran capacidad. Cont\u00e1ctenos de inmediato para obtener este confiable vaporizador desechable de gran capacidad que encantar\u00e1 a sus clientes.<\/p>\n<p><script src=\"chrome-extension:\/\/fpelahbljekknahkcaegamhcndkfpfnc\/iFrame.js\" type=\"text\/javascript\"><\/script><\/p>","protected":false},"excerpt":{"rendered":"<p>Bang B50K con sus 50.000 caladas y 36 ml de capacidad de e-l\u00edquido. Cuenta con una bater\u00eda recargable y una bobina de malla para un sabor suave y consistente. Vapeo f\u00e1cil y duradero.<\/p>","protected":false},"featured_media":19004,"comment_status":"open","ping_status":"closed","template":"","meta":[],"product_brand":[197],"product_cat":[124,187,185,189,1641,123,174,175,193,191,173,186,180,190],"product_tag":[],"class_list":{"0":"post-18992","1":"product","2":"type-product","3":"status-publish","4":"has-post-thumbnail","6":"product_brand-bang","7":"product_cat-vape-by-brand","8":"product_cat-0mg-nicotine-free-vapes","9":"product_cat-10000-puffs-high-capacity","10":"product_cat-20mg-standard-nicotine-vapes","11":"product_cat-50000-puffs","12":"product_cat-bang","13":"product_cat-fruit-flavors","14":"product_cat-icy-mint","15":"product_cat-mesh-coil","16":"product_cat-rechargeable-disposables","17":"product_cat-vape-by-flavor-profile","18":"product_cat-vape-by-nicotine-strength","19":"product_cat-vape-by-puff-count","20":"product_cat-vape-by-feature-or-type","22":"first","23":"onbackorder","24":"shipping-taxable","25":"purchasable","26":"product-type-variable","27":"has-default-attributes"},"tiered_pricing_type":"percentage","tiered_pricing_fixed_rules":[],"tiered_pricing_product_settings":{"layout":"default","base_unit_name":{"singular":null,"plural":null},"default_variation":null},"tiered_pricing_minimum_quantity":10,"tiered_pricing_roles_data":[],"tiered_pricing_percentage_rules":{"30":"29","50":"35","100":"40","200":"44","500":"47","1000":"49"},"tiered_pricing_maximum_quantity":null,"tiered_pricing_quantity_step":"10","_links":{"self":[{"href":"https:\/\/agoravape.com\/es\/wp-json\/wp\/v2\/product\/18992","targetHints":{"allow":["GET"]}}],"collection":[{"href":"https:\/\/agoravape.com\/es\/wp-json\/wp\/v2\/product"}],"about":[{"href":"https:\/\/agoravape.com\/es\/wp-json\/wp\/v2\/types\/product"}],"replies":[{"embeddable":true,"href":"https:\/\/agoravape.com\/es\/wp-json\/wp\/v2\/comments?post=18992"}],"version-history":[{"count":0,"href":"https:\/\/agoravape.com\/es\/wp-json\/wp\/v2\/product\/18992\/revisions"}],"wp:featuredmedia":[{"embeddable":true,"href":"https:\/\/agoravape.com\/es\/wp-json\/wp\/v2\/media\/19004"}],"wp:attachment":[{"href":"https:\/\/agoravape.com\/es\/wp-json\/wp\/v2\/media?parent=18992"}],"wp:term":[{"taxonomy":"product_brand","embeddable":true,"href":"https:\/\/agoravape.com\/es\/wp-json\/wp\/v2\/product_brand?post=18992"},{"taxonomy":"product_cat","embeddable":true,"href":"https:\/\/agoravape.com\/es\/wp-json\/wp\/v2\/product_cat?post=18992"},{"taxonomy":"product_tag","embeddable":true,"href":"https:\/\/agoravape.com\/es\/wp-json\/wp\/v2\/product_tag?post=18992"}],"curies":[{"name":"wp","href":"https:\/\/api.w.org\/{rel}","templated":true}]}}