{"id":19088,"date":"2025-10-29T13:23:47","date_gmt":"2025-10-29T05:23:47","guid":{"rendered":"https:\/\/agoravape.com\/?post_type=product&#038;p=19088"},"modified":"2026-01-19T21:59:56","modified_gmt":"2026-01-19T13:59:56","slug":"bang-15000-bocanadas-vape-desechable","status":"publish","type":"product","link":"https:\/\/agoravape.com\/es\/product\/bang-15000-puffs-disposable-vape\/","title":{"rendered":"Bang 15000 Puffs | Un sabor intenso que dura much\u00edsimo"},"content":{"rendered":"<h2 data-v-md-heading=\"how-great-is-bang-15000-mesh-coil-disposable-vape\" data-v-md-line=\"3\"><img loading=\"lazy\" decoding=\"async\" class=\"aligncenter size-full wp-image-19063\" src=\"https:\/\/agoravape.com\/wp-content\/uploads\/2025\/10\/Bang-15000-Puffs-Massive-Flavour-That-Just-Keeps-Going_Agora_vape-2-scaled.webp\" alt=\"\" width=\"2560\" height=\"1438\" srcset=\"https:\/\/agoravape.com\/wp-content\/uploads\/2025\/10\/Bang-15000-Puffs-Massive-Flavour-That-Just-Keeps-Going_Agora_vape-2-scaled.webp 2560w, https:\/\/agoravape.com\/wp-content\/uploads\/2025\/10\/Bang-15000-Puffs-Massive-Flavour-That-Just-Keeps-Going_Agora_vape-2-scaled-1200x674.webp 1200w, https:\/\/agoravape.com\/wp-content\/uploads\/2025\/10\/Bang-15000-Puffs-Massive-Flavour-That-Just-Keeps-Going_Agora_vape-2-300x169.webp 300w, https:\/\/agoravape.com\/wp-content\/uploads\/2025\/10\/Bang-15000-Puffs-Massive-Flavour-That-Just-Keeps-Going_Agora_vape-2-1024x575.webp 1024w, https:\/\/agoravape.com\/wp-content\/uploads\/2025\/10\/Bang-15000-Puffs-Massive-Flavour-That-Just-Keeps-Going_Agora_vape-2-768x431.webp 768w, https:\/\/agoravape.com\/wp-content\/uploads\/2025\/10\/Bang-15000-Puffs-Massive-Flavour-That-Just-Keeps-Going_Agora_vape-2-1536x863.webp 1536w, https:\/\/agoravape.com\/wp-content\/uploads\/2025\/10\/Bang-15000-Puffs-Massive-Flavour-That-Just-Keeps-Going_Agora_vape-2-2048x1150.webp 2048w\" sizes=\"auto, (max-width: 2560px) 100vw, 2560px\" \/><\/h2>\n<h2 data-v-md-heading=\"how-great-is-bang-15000-mesh-coil-disposable-vape\" data-v-md-line=\"3\"><img loading=\"lazy\" decoding=\"async\" class=\"aligncenter size-full wp-image-19086\" src=\"https:\/\/agoravape.com\/wp-content\/uploads\/2025\/10\/Bang-15000-Puffs-Massive-Flavour-That-Just-Keeps-Going_Agora_vape-25.webp\" alt=\"\" width=\"1923\" height=\"1080\" srcset=\"https:\/\/agoravape.com\/wp-content\/uploads\/2025\/10\/Bang-15000-Puffs-Massive-Flavour-That-Just-Keeps-Going_Agora_vape-25.webp 1923w, https:\/\/agoravape.com\/wp-content\/uploads\/2025\/10\/Bang-15000-Puffs-Massive-Flavour-That-Just-Keeps-Going_Agora_vape-25-1200x674.webp 1200w, https:\/\/agoravape.com\/wp-content\/uploads\/2025\/10\/Bang-15000-Puffs-Massive-Flavour-That-Just-Keeps-Going_Agora_vape-25-300x168.webp 300w, https:\/\/agoravape.com\/wp-content\/uploads\/2025\/10\/Bang-15000-Puffs-Massive-Flavour-That-Just-Keeps-Going_Agora_vape-25-1024x575.webp 1024w, https:\/\/agoravape.com\/wp-content\/uploads\/2025\/10\/Bang-15000-Puffs-Massive-Flavour-That-Just-Keeps-Going_Agora_vape-25-768x431.webp 768w, https:\/\/agoravape.com\/wp-content\/uploads\/2025\/10\/Bang-15000-Puffs-Massive-Flavour-That-Just-Keeps-Going_Agora_vape-25-1536x863.webp 1536w\" sizes=\"auto, (max-width: 1923px) 100vw, 1923px\" \/><\/h2>\n<h2 data-v-md-heading=\"how-great-is-bang-15000-mesh-coil-disposable-vape\" data-v-md-line=\"3\"><\/h2>\n<h2 data-v-md-heading=\"how-great-is-bang-15000-mesh-coil-disposable-vape\" data-v-md-line=\"3\">\u00bfQu\u00e9 tan bueno es el vaporizador desechable de malla Bang 15000?<\/h2>\n<p data-v-md-line=\"4\">Si est\u00e1s cansado de los vapeadores desechables que se estropean en menos de media semana, sin duda querr\u00e1s echarle un vistazo a este producto. El concepto de dise\u00f1o del Bang 15000 es simple: larga duraci\u00f3n. Cada dispositivo tiene una capacidad de 15000 caladas, dise\u00f1ado espec\u00edficamente para quienes buscan disfrutar f\u00e1cilmente de vapeos fiables y deliciosos. No tendr\u00e1s que preocuparte por a\u00f1adir e-l\u00edquido ni cambiar resistencias; est\u00e1 listo para usar.<\/p>\n<p data-v-md-line=\"6\">Quiz\u00e1s pienses que un vaporizador de tanta capacidad ser\u00eda voluminoso e inc\u00f3modo de llevar, pero te sorprender\u00e1 su ligereza y portabilidad. Ya sea para salir con amigos o para relajarte en casa, es perfecto para llevar contigo, lo que te garantiza un vaporizador confiable que no te decepcionar\u00e1.<\/p>\n<h2 data-v-md-heading=\"excellent-performance-worry-free\" data-v-md-line=\"8\">Excellent performance, worry free<\/h2>\n<p data-v-md-line=\"9\">El secreto de su sabor consistente reside en las resistencias de malla integradas. En resumen, esta tecnolog\u00eda calienta el e-l\u00edquido de manera uniforme, garantizando que cada bocado sea tan delicioso como la primera calada. No desprende un olor acre ni a quemado, y siempre ofrece una experiencia suave y satisfactoria. Cuando la bater\u00eda se agota, se puede cargar con un cable de datos tipo C est\u00e1ndar, que puede ser el mismo que el de tu tel\u00e9fono. As\u00ed de simple.<\/p>\n<h2 data-v-md-heading=\"specification-introduction\" data-v-md-line=\"11\">Specification Introduction<\/h2>\n<p data-v-md-line=\"12\"><strong>N\u00famero de succiones<\/strong>:hasta 15000 succiones<br \/>\n<strong>Nicotina<\/strong>:Proporciona concentraciones de 0%, 2%, 3% y 5%.<br \/>\n<strong>Uso<\/strong>:Toma una bocanada para activar<br \/>\n<strong>Cargando<\/strong>: Interfaz USB tipo C est\u00e1ndar<br \/>\n<strong>Estado<\/strong>Listo para usar al desempaquetarlo<\/p>\n<h2 data-v-md-heading=\"complete-flavor-lineup\" data-v-md-line=\"18\">L\u00ednea completa de sabores<\/h2>\n<ul data-v-md-line=\"19\">\n<li>Hielo de pi\u00f1a<\/li>\n<li>Chicle de sand\u00eda<\/li>\n<li>Triple Berry Ice<\/li>\n<li>Peach Ice<\/li>\n<li>Hielo de granada<\/li>\n<li>Pista de hielo azul<\/li>\n<li>Sand\u00eda fresa<\/li>\n<li>Me gusta el mel\u00f3n<\/li>\n<li>Copo de nieve arco\u00edris<\/li>\n<li>Mango fresa<\/li>\n<li>Uvas reales<\/li>\n<li>Beso apasionado<\/li>\n<li>Doble manzana<\/li>\n<li>Melocot\u00f3n y mango<\/li>\n<li>Strawberry kiwi fruit<\/li>\n<li>Watermelon Ice<\/li>\n<li>Mel\u00f3n azul<\/li>\n<li>Amor 66<\/li>\n<li>Playa sexy<\/li>\n<li>Melocotones y frutos rojos<\/li>\n<li>Menta fresca<\/li>\n<li>Sabor a fresa y lichi<\/li>\n<\/ul>\n<p>&nbsp;<\/p>\n<p><img loading=\"lazy\" decoding=\"async\" class=\"aligncenter size-full wp-image-19087\" src=\"https:\/\/agoravape.com\/wp-content\/uploads\/2025\/10\/Bang-15000-Puffs-Massive-Flavour-That-Just-Keeps-Going_Agora_vape-26.webp\" alt=\"\" width=\"1296\" height=\"1080\" srcset=\"https:\/\/agoravape.com\/wp-content\/uploads\/2025\/10\/Bang-15000-Puffs-Massive-Flavour-That-Just-Keeps-Going_Agora_vape-26.webp 1296w, https:\/\/agoravape.com\/wp-content\/uploads\/2025\/10\/Bang-15000-Puffs-Massive-Flavour-That-Just-Keeps-Going_Agora_vape-26-1200x1000.webp 1200w, https:\/\/agoravape.com\/wp-content\/uploads\/2025\/10\/Bang-15000-Puffs-Massive-Flavour-That-Just-Keeps-Going_Agora_vape-26-300x250.webp 300w, https:\/\/agoravape.com\/wp-content\/uploads\/2025\/10\/Bang-15000-Puffs-Massive-Flavour-That-Just-Keeps-Going_Agora_vape-26-1024x853.webp 1024w, https:\/\/agoravape.com\/wp-content\/uploads\/2025\/10\/Bang-15000-Puffs-Massive-Flavour-That-Just-Keeps-Going_Agora_vape-26-768x640.webp 768w\" sizes=\"auto, (max-width: 1296px) 100vw, 1296px\" \/><\/p>\n<h2 data-v-md-heading=\"for-you-and-for-your-business-as-well\" data-v-md-line=\"42\">For you, and for your business as well<\/h2>\n<p data-v-md-line=\"43\">Ofrecemos la compra por separado de Bang 15000, pero si tiene un negocio, tambi\u00e9n puede abastecerse. Ofrecemos empaques al por mayor de 200 unidades por caja, y cada caja expositora contiene 10 dispositivos. Nos encargamos de todo el transporte log\u00edstico con socios de confianza como UPS, DPD y DHL, y ofrecemos servicios de entrega con IVA pagado en toda Europa para garantizar que no tenga ning\u00fan problema en la aduana.<\/p>\n<h2 data-v-md-heading=\"why-do-you-like-it\" data-v-md-line=\"45\">Why do you like it<\/h2>\n<p data-v-md-line=\"46\"><strong>Succi\u00f3n masiva<\/strong>:Dura m\u00e1s, por lo que no es necesario comprar otros nuevos con frecuencia.<br \/>\n<strong>Selecci\u00f3n de nicotina<\/strong>:Puedes elegir la concentraci\u00f3n de nicotina que m\u00e1s te convenga, desde sin nicotina hasta con 5% de nicotina.<br \/>\n<strong>Recargable<\/strong>: significa que puedes usar cada gota de e-l\u00edquido que compres.<br \/>\n<strong>Bobina de malla<\/strong>:Proporciona un sabor consistente y rico de principio a fin.<\/p>\n<h2 data-v-md-heading=\"why-collaborate-with-agoravape\" data-v-md-line=\"51\">Why collaborate with AgoraVape?<\/h2>\n<p data-v-md-line=\"52\">Como uno de los distribuidores de vapeo m\u00e1s confiables de Europa, solo vendemos productos 100 % genuinos. Para nuestros clientes comerciales, esto significa que los vapeadores Bang 15000 ofrecen precios de mayorista con descuento, soporte confiable y servicios de entrega r\u00e1pidos y confiables. Cont\u00e1ctenos y prepararemos un producto que realmente satisfaga a nuestros clientes.<\/p>\n<p data-v-md-line=\"52\">","protected":false},"excerpt":{"rendered":"<p>How great is Bang 15000 mesh coil disposable vape? If you\u2019re tired of disposable vapes that break down in less<\/p>","protected":false},"featured_media":19085,"comment_status":"open","ping_status":"closed","template":"","meta":[],"product_brand":[197],"product_cat":[124,187,185,1635,189,123,174,175,193,191,179,173,186,180,190],"product_tag":[],"class_list":{"0":"post-19088","1":"product","2":"type-product","3":"status-publish","4":"has-post-thumbnail","6":"product_brand-bang","7":"product_cat-vape-by-brand","8":"product_cat-0mg-nicotine-free-vapes","9":"product_cat-10000-puffs-high-capacity","10":"product_cat-15000-puffs","11":"product_cat-20mg-standard-nicotine-vapes","12":"product_cat-bang","13":"product_cat-fruit-flavors","14":"product_cat-icy-mint","15":"product_cat-mesh-coil","16":"product_cat-rechargeable-disposables","17":"product_cat-unique-blends","18":"product_cat-vape-by-flavor-profile","19":"product_cat-vape-by-nicotine-strength","20":"product_cat-vape-by-puff-count","21":"product_cat-vape-by-feature-or-type","23":"first","24":"onbackorder","25":"shipping-taxable","26":"purchasable","27":"product-type-variable","28":"has-default-attributes"},"tiered_pricing_type":"percentage","tiered_pricing_fixed_rules":[],"tiered_pricing_product_settings":{"layout":"default","base_unit_name":{"singular":null,"plural":null},"default_variation":null},"tiered_pricing_minimum_quantity":10,"tiered_pricing_roles_data":[],"tiered_pricing_percentage_rules":{"30":"29","50":"35","100":"40","200":"44","500":"47","1000":"49"},"tiered_pricing_maximum_quantity":null,"tiered_pricing_quantity_step":"10","_links":{"self":[{"href":"https:\/\/agoravape.com\/es\/wp-json\/wp\/v2\/product\/19088","targetHints":{"allow":["GET"]}}],"collection":[{"href":"https:\/\/agoravape.com\/es\/wp-json\/wp\/v2\/product"}],"about":[{"href":"https:\/\/agoravape.com\/es\/wp-json\/wp\/v2\/types\/product"}],"replies":[{"embeddable":true,"href":"https:\/\/agoravape.com\/es\/wp-json\/wp\/v2\/comments?post=19088"}],"version-history":[{"count":0,"href":"https:\/\/agoravape.com\/es\/wp-json\/wp\/v2\/product\/19088\/revisions"}],"wp:featuredmedia":[{"embeddable":true,"href":"https:\/\/agoravape.com\/es\/wp-json\/wp\/v2\/media\/19085"}],"wp:attachment":[{"href":"https:\/\/agoravape.com\/es\/wp-json\/wp\/v2\/media?parent=19088"}],"wp:term":[{"taxonomy":"product_brand","embeddable":true,"href":"https:\/\/agoravape.com\/es\/wp-json\/wp\/v2\/product_brand?post=19088"},{"taxonomy":"product_cat","embeddable":true,"href":"https:\/\/agoravape.com\/es\/wp-json\/wp\/v2\/product_cat?post=19088"},{"taxonomy":"product_tag","embeddable":true,"href":"https:\/\/agoravape.com\/es\/wp-json\/wp\/v2\/product_tag?post=19088"}],"curies":[{"name":"wp","href":"https:\/\/api.w.org\/{rel}","templated":true}]}}