{"id":19113,"date":"2025-10-29T13:42:12","date_gmt":"2025-10-29T05:42:12","guid":{"rendered":"https:\/\/agoravape.com\/?post_type=product&#038;p=19113"},"modified":"2026-03-21T12:44:22","modified_gmt":"2026-03-21T11:44:22","slug":"bang-20000-puffs-pantalla-digital-vape","status":"publish","type":"product","link":"https:\/\/agoravape.com\/es\/product\/bang-20000-puffs-digital-screen-vape\/","title":{"rendered":"Bang 20000 Puffs - Vape desechable con pantalla digital | Potencia y sabor duraderos"},"content":{"rendered":"<h2 data-v-md-heading=\"what-is-the-special-feature-of-bang-20000-digital-disposable-vapes\" data-v-md-line=\"3\">\u00bfCu\u00e1l es la caracter\u00edstica especial de los vapes desechables digitales Bang 20000?<\/h2>\n<p data-v-md-line=\"5\">Si est\u00e1s cansado de los vapeadores desechables que se agotan antes de una semana, este producto sin duda merece tu atenci\u00f3n. El Bang 20000 est\u00e1 dise\u00f1ado para un uso prolongado, es robusto y duradero, tiene un agarre c\u00f3modo y te permite disfrutar de hasta 20\u00a0000 caladas de una sola vez. Siendo sinceros, quedarse sin bater\u00eda o e-l\u00edquido de repente es realmente frustrante. Este vapeador est\u00e1 equipado con una pantalla digital n\u00edtida que muestra simult\u00e1neamente el nivel de e-l\u00edquido restante y el de bater\u00eda, para que no te pille desprevenido.<\/p>\n<p data-v-md-line=\"7\">Para quienes buscan un vaporizador fiable, delicioso y f\u00e1cil de usar, es la opci\u00f3n ideal. No requiere botones ni ajustes, solo un sorbo y disfruta. Combina el rendimiento de un vaporizador profesional con la comodidad de un desechable.<\/p>\n<h2 data-v-md-heading=\"excellent-performance-easy-and-convenient\" data-v-md-line=\"9\">Excellent performance, easy and convenient<\/h2>\n<p data-v-md-line=\"11\">El secreto del excelente sabor de este vaporizador reside en su n\u00facleo atomizador de malla integrado. Calienta el e-l\u00edquido de manera uniforme, garantizando que cada bocado sea tan delicioso como el primero, sin sabor a quemado. El sabor se mantiene constante de principio a fin. Quiz\u00e1s pienses que este vaporizador puede dar muchas caladas y que su tama\u00f1o no deber\u00eda ser grande, pero su ligereza y portabilidad te sorprender\u00e1n.<\/p>\n<p data-v-md-line=\"13\">Incluso con poca bater\u00eda, puedes usar un cable de datos tipo C est\u00e1ndar para cargarlo, igual que el que usas para cargar tu tel\u00e9fono. Su pr\u00e1ctico dise\u00f1o te permite aprovechar al m\u00e1ximo los 28 ml de e-l\u00edquido.<\/p>\n<h2 data-v-md-heading=\"quick-specifications\" data-v-md-line=\"15\">Especificaciones r\u00e1pidas<\/h2>\n<p data-v-md-line=\"17\"><strong>Frecuencia de fumar:<\/strong>\u00a0hasta 20000 bocanadas<\/p>\n<p data-v-md-line=\"19\"><strong>Concentraci\u00f3n de nicotina:<\/strong>\u00a0Disponible en cuatro opciones de concentraci\u00f3n: 0%, 2%, 3% y 5%.<\/p>\n<p data-v-md-line=\"21\"><strong>Uso:<\/strong>\u00a0Inhalar para activar<\/p>\n<p data-v-md-line=\"23\"><strong>Capacidad de e-l\u00edquido:<\/strong>\u00a0E-l\u00edquido precargado de 28 ml<\/p>\n<p data-v-md-line=\"25\"><strong>N\u00facleo del nebulizador:<\/strong>\u00a0N\u00facleo nebulizador de malla, que proporciona una experiencia consistente y deliciosa<\/p>\n<p data-v-md-line=\"27\"><strong>Pantalla de visualizaci\u00f3n:<\/strong>\u00a0Pantalla digital que muestra el nivel de bater\u00eda y el nivel de e-l\u00edquido.<\/p>\n<p data-v-md-line=\"29\"><strong>M\u00e9todo de carga:<\/strong>\u00a0Interfaz USB tipo C est\u00e1ndar<\/p>\n<p data-v-md-line=\"31\"><strong>Estado:<\/strong>\u00a0Listo para usar nada m\u00e1s sacarlo de la caja<\/p>\n<h2 data-v-md-heading=\"complete-flavor-lineup\" data-v-md-line=\"33\">L\u00ednea completa de sabores<\/h2>\n<ul data-v-md-line=\"35\">\n<li>Hielo de mentol<\/li>\n<li>Lichi de fresa<\/li>\n<li>Strawberry kiwi fruit<\/li>\n<li>Sand\u00eda fresa<\/li>\n<li>Toro rojo<\/li>\n<li>Frutas mixtas<\/li>\n<li>Pista de hielo azul<\/li>\n<li>Blueberries and raspberries<\/li>\n<li>Ar\u00e1ndanos y sand\u00edas<\/li>\n<li>Grape Ice<\/li>\n<li>Peach Ice<\/li>\n<li>Watermelon Ice<\/li>\n<li>Sand\u00eda frambuesa<\/li>\n<li>Sabor a fresa y mango<\/li>\n<li>Doble sabor a manzana<\/li>\n<li>Sabor a melocot\u00f3n y sand\u00eda<\/li>\n<\/ul>\n<p><img loading=\"lazy\" decoding=\"async\" class=\"wp-image-19137 size-full aligncenter\" src=\"https:\/\/agoravape.com\/wp-content\/uploads\/2025\/10\/Bang-20000-Puffs-Digital-Screen-Disposable-Vape-Power-and-Flavour-That-Lasts_Agora_vape-1.webp\" alt=\"\" width=\"1080\" height=\"2158\" srcset=\"https:\/\/agoravape.com\/wp-content\/uploads\/2025\/10\/Bang-20000-Puffs-Digital-Screen-Disposable-Vape-Power-and-Flavour-That-Lasts_Agora_vape-1.webp 1080w, https:\/\/agoravape.com\/wp-content\/uploads\/2025\/10\/Bang-20000-Puffs-Digital-Screen-Disposable-Vape-Power-and-Flavour-That-Lasts_Agora_vape-1-150x300.webp 150w, https:\/\/agoravape.com\/wp-content\/uploads\/2025\/10\/Bang-20000-Puffs-Digital-Screen-Disposable-Vape-Power-and-Flavour-That-Lasts_Agora_vape-1-512x1024.webp 512w, https:\/\/agoravape.com\/wp-content\/uploads\/2025\/10\/Bang-20000-Puffs-Digital-Screen-Disposable-Vape-Power-and-Flavour-That-Lasts_Agora_vape-1-768x1535.webp 768w, https:\/\/agoravape.com\/wp-content\/uploads\/2025\/10\/Bang-20000-Puffs-Digital-Screen-Disposable-Vape-Power-and-Flavour-That-Lasts_Agora_vape-1-769x1536.webp 769w, https:\/\/agoravape.com\/wp-content\/uploads\/2025\/10\/Bang-20000-Puffs-Digital-Screen-Disposable-Vape-Power-and-Flavour-That-Lasts_Agora_vape-1-1025x2048.webp 1025w\" sizes=\"auto, (max-width: 1080px) 100vw, 1080px\" \/><\/p>\n<h2 data-v-md-heading=\"tailored-for-you-and-your-business\" data-v-md-line=\"52\">Dise\u00f1ado para usted y su negocio<\/h2>\n<p data-v-md-line=\"54\">Hemos lanzado los vapeadores digitales desechables Bang 20000, que puedes comprar por separado o al por mayor. Ofrecemos envases de 200 unidades al por mayor, lo que te permite ofrecer a tus clientes productos de vapeo duraderos y de alto rendimiento.<\/p>\n<p data-v-md-line=\"56\">Colaboramos con socios de confianza con entrega con derechos pagados (DDP), como UPS, DPD y DHL, para transportar productos a diversos puntos de Europa. Esto significa que el precio que ves es el precio final que pagas, sin preocuparte por los aranceles aduaneros. Garant\u00eda de autenticidad del producto y entrega a domicilio.<\/p>\n<h2 data-v-md-heading=\"reasons-why-you-will-like-it\" data-v-md-line=\"58\">Razones por las que te gustar\u00e1<\/h2>\n<p data-v-md-line=\"60\"><strong>Bater\u00eda de ultra larga duraci\u00f3n:<\/strong>\u00a0Duradero y de larga duraci\u00f3n, sin necesidad de compras frecuentes.<br \/>\n<strong>Pantalla digital:<\/strong>\u00a0El nivel de bater\u00eda y la cantidad restante de e-l\u00edquido se ven claros de un vistazo.<br \/>\n<strong>Selecci\u00f3n de nicotina:<\/strong>\u00a0Podr\u00e1s elegir la concentraci\u00f3n de nicotina que m\u00e1s te convenga, desde cero nicotina hasta el 5%.<br \/>\n<strong>Recargable:<\/strong>\u00a0Esto significa que puedes aprovechar al m\u00e1ximo todos los e-l\u00edquidos que compres.<br \/>\n<strong>N\u00facleo atomizador de malla:<\/strong>\u00a0Puede aportar un sabor estable y rico en todo momento.<\/p>\n<h2 data-v-md-heading=\"why-choose-agoravape\" data-v-md-line=\"66\">\u00bfPor qu\u00e9 elegir AgoraVape?<\/h2>\n<p data-v-md-line=\"68\">Como uno de los distribuidores de vapeo m\u00e1s confiables de Europa, solo vendemos productos 100 % genuinos. Para nuestros clientes corporativos, esto significa que los 20\u00a0000 vapeadores desechables digitales de Bang ofrecen precios al por mayor con descuento, soporte t\u00e9cnico integral y entregas r\u00e1pidas y fiables. Cont\u00e1ctenos para que sus clientes realmente valoren los productos que ofrece.<\/p>\n<p><script src=\"chrome-extension:\/\/fpelahbljekknahkcaegamhcndkfpfnc\/iFrame.js\" type=\"text\/javascript\"><\/script><\/p>","protected":false},"excerpt":{"rendered":"<p>\u00bfCu\u00e1l es la caracter\u00edstica especial de los vaporizadores digitales desechables Bang 20000? Si est\u00e1s cansado de los vapes desechables que se acaban<\/p>","protected":false},"featured_media":19153,"comment_status":"open","ping_status":"closed","template":"","meta":[],"product_brand":[197],"product_cat":[124,187,185,1636,189,123,176,174,175,193,191,173,186,180,190,192],"product_tag":[],"class_list":{"0":"post-19113","1":"product","2":"type-product","3":"status-publish","4":"has-post-thumbnail","6":"product_brand-bang","7":"product_cat-vape-by-brand","8":"product_cat-0mg-nicotine-free-vapes","9":"product_cat-10000-puffs-high-capacity","10":"product_cat-20000-puffs","11":"product_cat-20mg-standard-nicotine-vapes","12":"product_cat-bang","13":"product_cat-beverage","14":"product_cat-fruit-flavors","15":"product_cat-icy-mint","16":"product_cat-mesh-coil","17":"product_cat-rechargeable-disposables","18":"product_cat-vape-by-flavor-profile","19":"product_cat-vape-by-nicotine-strength","20":"product_cat-vape-by-puff-count","21":"product_cat-vape-by-feature-or-type","22":"product_cat-vapes-with-screens","24":"first","25":"instock","26":"shipping-taxable","27":"purchasable","28":"product-type-variable","29":"has-default-attributes"},"tiered_pricing_type":"percentage","tiered_pricing_fixed_rules":[],"tiered_pricing_product_settings":{"layout":"default","base_unit_name":{"singular":null,"plural":null},"default_variation":null},"tiered_pricing_minimum_quantity":10,"tiered_pricing_roles_data":[],"tiered_pricing_percentage_rules":{"30":"29","50":"35","100":"40","200":"44","500":"47","1000":"49"},"tiered_pricing_maximum_quantity":null,"tiered_pricing_quantity_step":"10","_links":{"self":[{"href":"https:\/\/agoravape.com\/es\/wp-json\/wp\/v2\/product\/19113","targetHints":{"allow":["GET"]}}],"collection":[{"href":"https:\/\/agoravape.com\/es\/wp-json\/wp\/v2\/product"}],"about":[{"href":"https:\/\/agoravape.com\/es\/wp-json\/wp\/v2\/types\/product"}],"replies":[{"embeddable":true,"href":"https:\/\/agoravape.com\/es\/wp-json\/wp\/v2\/comments?post=19113"}],"version-history":[{"count":0,"href":"https:\/\/agoravape.com\/es\/wp-json\/wp\/v2\/product\/19113\/revisions"}],"wp:featuredmedia":[{"embeddable":true,"href":"https:\/\/agoravape.com\/es\/wp-json\/wp\/v2\/media\/19153"}],"wp:attachment":[{"href":"https:\/\/agoravape.com\/es\/wp-json\/wp\/v2\/media?parent=19113"}],"wp:term":[{"taxonomy":"product_brand","embeddable":true,"href":"https:\/\/agoravape.com\/es\/wp-json\/wp\/v2\/product_brand?post=19113"},{"taxonomy":"product_cat","embeddable":true,"href":"https:\/\/agoravape.com\/es\/wp-json\/wp\/v2\/product_cat?post=19113"},{"taxonomy":"product_tag","embeddable":true,"href":"https:\/\/agoravape.com\/es\/wp-json\/wp\/v2\/product_tag?post=19113"}],"curies":[{"name":"wp","href":"https:\/\/api.w.org\/{rel}","templated":true}]}}