{"id":19156,"date":"2025-10-29T14:01:35","date_gmt":"2025-10-29T06:01:35","guid":{"rendered":"https:\/\/agoravape.com\/?post_type=product&#038;p=19156"},"modified":"2026-03-14T16:22:20","modified_gmt":"2026-03-14T15:22:20","slug":"cartucho-de-vape-bang-b20hd-20000-puffs","status":"publish","type":"product","link":"https:\/\/agoravape.com\/es\/product\/bang-b20hd-20000-puffs-vape-cartridge\/","title":{"rendered":"Cartucho desechable Bang B20HD de 20\u00a0000 caladas | Gran cantidad de caladas, f\u00e1cil de usar"},"content":{"rendered":"<h2 data-v-md-heading=\"what-is-special-about-bang-b20hd-20000\" data-v-md-line=\"3\"><img loading=\"lazy\" decoding=\"async\" class=\"aligncenter size-full wp-image-19174\" src=\"https:\/\/agoravape.com\/wp-content\/uploads\/2025\/10\/Bang-B20HD-20000-Puffs-Disposable-Vape-Cartridge-Massive-Puff-Count-Made-Easy_Agora_vape-1-scaled.webp\" alt=\"\" width=\"2560\" height=\"1700\" srcset=\"https:\/\/agoravape.com\/wp-content\/uploads\/2025\/10\/Bang-B20HD-20000-Puffs-Disposable-Vape-Cartridge-Massive-Puff-Count-Made-Easy_Agora_vape-1-scaled.webp 2560w, https:\/\/agoravape.com\/wp-content\/uploads\/2025\/10\/Bang-B20HD-20000-Puffs-Disposable-Vape-Cartridge-Massive-Puff-Count-Made-Easy_Agora_vape-1-scaled-1200x797.webp 1200w, https:\/\/agoravape.com\/wp-content\/uploads\/2025\/10\/Bang-B20HD-20000-Puffs-Disposable-Vape-Cartridge-Massive-Puff-Count-Made-Easy_Agora_vape-1-300x199.webp 300w, https:\/\/agoravape.com\/wp-content\/uploads\/2025\/10\/Bang-B20HD-20000-Puffs-Disposable-Vape-Cartridge-Massive-Puff-Count-Made-Easy_Agora_vape-1-1024x680.webp 1024w, https:\/\/agoravape.com\/wp-content\/uploads\/2025\/10\/Bang-B20HD-20000-Puffs-Disposable-Vape-Cartridge-Massive-Puff-Count-Made-Easy_Agora_vape-1-768x510.webp 768w, https:\/\/agoravape.com\/wp-content\/uploads\/2025\/10\/Bang-B20HD-20000-Puffs-Disposable-Vape-Cartridge-Massive-Puff-Count-Made-Easy_Agora_vape-1-1536x1020.webp 1536w, https:\/\/agoravape.com\/wp-content\/uploads\/2025\/10\/Bang-B20HD-20000-Puffs-Disposable-Vape-Cartridge-Massive-Puff-Count-Made-Easy_Agora_vape-1-2048x1360.webp 2048w\" sizes=\"auto, (max-width: 2560px) 100vw, 2560px\" \/><\/h2>\n<h2 data-v-md-heading=\"what-is-special-about-bang-b20hd-20000\" data-v-md-line=\"3\">\u00bfQu\u00e9 tiene de especial el Bang B20HD 20000?<\/h2>\n<p data-v-md-line=\"5\">Bien, hablemos del Bang B20HD. Si est\u00e1s cansado de los vaporizadores desechables que hacen efecto al poco tiempo de usarlo, debes echarle un vistazo a este. En primer lugar, notar\u00e1s su asombrosa duraci\u00f3n de bater\u00eda de 20\u00a0000 puertos. Este producto est\u00e1 dise\u00f1ado espec\u00edficamente para usuarios que buscan un vaporizador fiable, delicioso, duradero y f\u00e1cil de usar.<\/p>\n<p data-v-md-line=\"7\">Quiz\u00e1s pienses que una bater\u00eda tan larga es voluminosa, pero el B20HD no es as\u00ed. Adopta un ingenioso dise\u00f1o de dos componentes: una bater\u00eda recargable y un cartucho de e-l\u00edquido precargado independiente. Tras agotar el cartucho, simplemente reempl\u00e1zalo por uno nuevo. Esta forma m\u00e1s inteligente de usar los vaporizadores no solo reduce los residuos, sino que tambi\u00e9n es f\u00e1cil de usar y transportar.<\/p>\n<h2 data-v-md-heading=\"excellent-performance-easy-and-convenient\" data-v-md-line=\"9\">Excellent performance, easy and convenient<\/h2>\n<p data-v-md-line=\"11\">Este vaporizador ofrece un sabor excelente gracias a su n\u00facleo atomizador de malla de 1.2 \u03a9. En resumen, calienta el e-l\u00edquido de manera uniforme, garantizando que cada bocado conserve el mejor sabor de principio a fin. No pierde sabor, solo una satisfacci\u00f3n constante.<\/p>\n<p data-v-md-line=\"13\">Cuando la bater\u00eda est\u00e9 baja, simplemente usa un cable de datos tipo C est\u00e1ndar para cargar, igual que el que usas para cargar tu tel\u00e9fono. No necesitas un cargador espec\u00edfico: es f\u00e1cil y pr\u00e1ctico. Simplemente con\u00e9ctalo y \u00fasalo, aprovechando hasta la \u00faltima gota de 20 ml de e-l\u00edquido del cartucho.<\/p>\n<h2 data-v-md-heading=\"quick-overview-of-product-specifications\" data-v-md-line=\"15\">Descripci\u00f3n r\u00e1pida de las especificaciones del producto<\/h2>\n<p data-v-md-line=\"17\"><strong>Frecuencia de fumar:<\/strong>\u00a0hasta 20000 bocanadas<br \/>\n<strong>Concentraci\u00f3n de nicotina:<\/strong> Disponible en cuatro opciones de concentraci\u00f3n: 0%, 2%, 3% y 5%.<br \/>\n<strong>Uso:<\/strong>\u00a0Inhalar para activar<br \/>\n<strong>M\u00e9todo de carga:<\/strong>\u00a0Interfaz USB tipo C est\u00e1ndar<br \/>\n<strong>Estado:<\/strong>\u00a0Listo para usar nada m\u00e1s sacarlo de la caja<\/p>\n<h2 data-v-md-heading=\"complete-flavor-lineup\" data-v-md-line=\"23\">L\u00ednea completa de sabores<\/h2>\n<ul data-v-md-line=\"25\">\n<li>Melocot\u00f3n y mango<\/li>\n<li>Mango fresa<\/li>\n<li>Fresa y pl\u00e1tano<\/li>\n<li>manzanas agrias<\/li>\n<li>Watermelon Ice<\/li>\n<li>Toro rojo<\/li>\n<li>Ar\u00e1ndanos y uvas<\/li>\n<li>Drag\u00f3n Negro de Hielo<\/li>\n<li>Frutas mixtas<\/li>\n<li>Kiwi y maracuy\u00e1<\/li>\n<\/ul>\n<h2 data-v-md-heading=\"tailored-for-you-and-your-business\" data-v-md-line=\"36\">Dise\u00f1ado para usted y su negocio<\/h2>\n<p data-v-md-line=\"38\">Si tiene un negocio, puede comprar Bang B20HD 20000 por separado o al por mayor. El equipo y los cartuchos se suministran en paquetes de 200 unidades por caja. Trabajamos con socios de confianza de DDP como UPS, DPD y DHL para enviar productos a diversas partes de Europa mediante env\u00edo con derechos pagados (DDP), as\u00ed que no tendr\u00e1 que preocuparse por los aranceles aduaneros.<\/p>\n<h2 data-v-md-heading=\"reasons-why-you-will-like-it\" data-v-md-line=\"40\">Razones por las que te gustar\u00e1<\/h2>\n<p data-v-md-line=\"42\"><strong>Tiempos de ahumado extra largos:<\/strong>\u00a0Mayor duraci\u00f3n de la bater\u00eda, sin necesidad de comprar cartuchos nuevos con frecuencia.<br \/>\n<strong>Sistema de cartucho de cigarrillo inteligente:<\/strong>\u00a0Es m\u00e1s ecol\u00f3gico y c\u00f3modo que los vaporizadores desechables tradicionales.<br \/>\n<strong>Selecci\u00f3n de la concentraci\u00f3n de nicotina:<\/strong>\u00a0Podr\u00e1s elegir la concentraci\u00f3n de nicotina que m\u00e1s te convenga.<br \/>\n<strong>Recargable:<\/strong>\u00a0te permite utilizar todo el e-l\u00edquido que compres.<br \/>\n<strong>N\u00facleo atomizador de malla:<\/strong>\u00a0Puede aportar un sabor estable y rico en todo momento.<\/p>\n<h2 data-v-md-heading=\"why-choose-agoravape\" data-v-md-line=\"48\">\u00bfPor qu\u00e9 elegir AgoraVape?<\/h2>\n<p data-v-md-line=\"50\">Como uno de los distribuidores de vapeo m\u00e1s confiables de Europa, solo vendemos productos 100 % genuinos. Para nuestros clientes comerciales, esto significa descuentos al por mayor de Bang B20HD 20000, soporte confiable y env\u00edos r\u00e1pidos. Cont\u00e1ctenos y sus clientes apreciar\u00e1n su producto al comprarlo.<\/p>\n<p><script src=\"chrome-extension:\/\/fpelahbljekknahkcaegamhcndkfpfnc\/iFrame.js\" type=\"text\/javascript\"><\/script><\/p>\n<p><script src=\"chrome-extension:\/\/fpelahbljekknahkcaegamhcndkfpfnc\/iFrame.js\" type=\"text\/javascript\"><\/script><\/p>\n<p><script src=\"chrome-extension:\/\/fpelahbljekknahkcaegamhcndkfpfnc\/iFrame.js\" type=\"text\/javascript\"><\/script><\/p>\n<p><script src=\"chrome-extension:\/\/fpelahbljekknahkcaegamhcndkfpfnc\/iFrame.js\" type=\"text\/javascript\"><\/script><\/p>","protected":false},"excerpt":{"rendered":"<p>&nbsp;<\/p>\n<p><script src=\"chrome-extension:\/\/fpelahbljekknahkcaegamhcndkfpfnc\/iFrame.js\" type=\"text\/javascript\"><\/script><\/p>","protected":false},"featured_media":19185,"comment_status":"open","ping_status":"closed","template":"","meta":[],"product_brand":[197],"product_cat":[124,187,185,1636,189,123,176,174,175,193,191,173,186,180,190],"product_tag":[],"class_list":{"0":"post-19156","1":"product","2":"type-product","3":"status-publish","4":"has-post-thumbnail","6":"product_brand-bang","7":"product_cat-vape-by-brand","8":"product_cat-0mg-nicotine-free-vapes","9":"product_cat-10000-puffs-high-capacity","10":"product_cat-20000-puffs","11":"product_cat-20mg-standard-nicotine-vapes","12":"product_cat-bang","13":"product_cat-beverage","14":"product_cat-fruit-flavors","15":"product_cat-icy-mint","16":"product_cat-mesh-coil","17":"product_cat-rechargeable-disposables","18":"product_cat-vape-by-flavor-profile","19":"product_cat-vape-by-nicotine-strength","20":"product_cat-vape-by-puff-count","21":"product_cat-vape-by-feature-or-type","23":"first","24":"instock","25":"shipping-taxable","26":"purchasable","27":"product-type-variable","28":"has-default-attributes"},"tiered_pricing_type":"percentage","tiered_pricing_fixed_rules":[],"tiered_pricing_product_settings":{"layout":"default","base_unit_name":{"singular":null,"plural":null},"default_variation":null},"tiered_pricing_minimum_quantity":10,"tiered_pricing_roles_data":[],"tiered_pricing_percentage_rules":{"30":"29","50":"35","100":"40","200":"44","500":"47","1000":"49"},"tiered_pricing_maximum_quantity":null,"tiered_pricing_quantity_step":"10","_links":{"self":[{"href":"https:\/\/agoravape.com\/es\/wp-json\/wp\/v2\/product\/19156","targetHints":{"allow":["GET"]}}],"collection":[{"href":"https:\/\/agoravape.com\/es\/wp-json\/wp\/v2\/product"}],"about":[{"href":"https:\/\/agoravape.com\/es\/wp-json\/wp\/v2\/types\/product"}],"replies":[{"embeddable":true,"href":"https:\/\/agoravape.com\/es\/wp-json\/wp\/v2\/comments?post=19156"}],"version-history":[{"count":0,"href":"https:\/\/agoravape.com\/es\/wp-json\/wp\/v2\/product\/19156\/revisions"}],"wp:featuredmedia":[{"embeddable":true,"href":"https:\/\/agoravape.com\/es\/wp-json\/wp\/v2\/media\/19185"}],"wp:attachment":[{"href":"https:\/\/agoravape.com\/es\/wp-json\/wp\/v2\/media?parent=19156"}],"wp:term":[{"taxonomy":"product_brand","embeddable":true,"href":"https:\/\/agoravape.com\/es\/wp-json\/wp\/v2\/product_brand?post=19156"},{"taxonomy":"product_cat","embeddable":true,"href":"https:\/\/agoravape.com\/es\/wp-json\/wp\/v2\/product_cat?post=19156"},{"taxonomy":"product_tag","embeddable":true,"href":"https:\/\/agoravape.com\/es\/wp-json\/wp\/v2\/product_tag?post=19156"}],"curies":[{"name":"wp","href":"https:\/\/api.w.org\/{rel}","templated":true}]}}