{"id":19202,"date":"2025-10-29T14:20:51","date_gmt":"2025-10-29T06:20:51","guid":{"rendered":"https:\/\/agoravape.com\/?post_type=product&#038;p=19202"},"modified":"2026-01-19T21:59:49","modified_gmt":"2026-01-19T13:59:49","slug":"bang-gear-20000-caladas-vape","status":"publish","type":"product","link":"https:\/\/agoravape.com\/es\/product\/bang-gear-20000-puffs-vape\/","title":{"rendered":"Bang Gear 20000 caladas | Gran cantidad de caladas, vapeo sencillo"},"content":{"rendered":"<h2 data-v-md-heading=\"what-s-so-special-about-bang-gear-20000\" data-v-md-line=\"3\"><img loading=\"lazy\" decoding=\"async\" class=\"size-full wp-image-19214 alignright\" src=\"https:\/\/agoravape.com\/wp-content\/uploads\/2025\/10\/Bang-Gear-20000-Puffs-Massive-Puff-Count-Simple-Vaping_Agora_vape-1.webp\" alt=\"\" width=\"1180\" height=\"1920\" srcset=\"https:\/\/agoravape.com\/wp-content\/uploads\/2025\/10\/Bang-Gear-20000-Puffs-Massive-Puff-Count-Simple-Vaping_Agora_vape-1.webp 1180w, https:\/\/agoravape.com\/wp-content\/uploads\/2025\/10\/Bang-Gear-20000-Puffs-Massive-Puff-Count-Simple-Vaping_Agora_vape-1-184x300.webp 184w, https:\/\/agoravape.com\/wp-content\/uploads\/2025\/10\/Bang-Gear-20000-Puffs-Massive-Puff-Count-Simple-Vaping_Agora_vape-1-629x1024.webp 629w, https:\/\/agoravape.com\/wp-content\/uploads\/2025\/10\/Bang-Gear-20000-Puffs-Massive-Puff-Count-Simple-Vaping_Agora_vape-1-768x1250.webp 768w, https:\/\/agoravape.com\/wp-content\/uploads\/2025\/10\/Bang-Gear-20000-Puffs-Massive-Puff-Count-Simple-Vaping_Agora_vape-1-944x1536.webp 944w\" sizes=\"auto, (max-width: 1180px) 100vw, 1180px\" \/><\/h2>\n<h2 data-v-md-heading=\"what-s-so-special-about-bang-gear-20000\" data-v-md-line=\"3\">\u00bfQu\u00e9 tiene de especial Bang Gear 20000?<\/h2>\n<p data-v-md-line=\"5\">Si est\u00e1s cansado de los vapeadores desechables que se agotan antes de una semana, debes echarle un vistazo a este producto. El concepto de dise\u00f1o del Bang Gear 20000 es solo uno: durabilidad. Tiene una incre\u00edble duraci\u00f3n de bater\u00eda de 20000 puertos, lo que significa que puedes disfrutarlo al m\u00e1ximo sin preocuparte por problemas de reemplazo. Quiz\u00e1s pienses que los cigarrillos electr\u00f3nicos con una bater\u00eda tan larga ser\u00edan voluminosos, pero este producto es sorprendentemente ligero y port\u00e1til.<\/p>\n<p data-v-md-line=\"7\">Para quienes buscan un cigarrillo electr\u00f3nico confiable, delicioso y f\u00e1cil de usar, es la opci\u00f3n perfecta. Olv\u00eddate de configuraciones o botones complejos; simplemente abre la caja y \u00fasalo. Este dispositivo simple y f\u00e1cil de usar te ofrece una experiencia deliciosa y pr\u00e1ctica.<\/p>\n<h2 data-v-md-heading=\"excellent-performance-easy-to-operate\" data-v-md-line=\"9\">Excelente rendimiento, f\u00e1cil de operar.<\/h2>\n<p data-v-md-line=\"11\">El secreto de su sabor duradero y estable reside en su n\u00facleo atomizador de malla de 1.0 ohmios. Esta tecnolog\u00eda garantiza que cada bocado sea tan delicioso como el primero, sin sabor a quemado. De principio a fin, el sabor es siempre suave y equilibrado.<\/p>\n<p data-v-md-line=\"13\">Gracias a su capacidad para una gran cantidad de e-l\u00edquido, el dispositivo cuenta con una bater\u00eda recargable integrada. Cuando la bater\u00eda est\u00e9 baja, simplemente use un cable de datos tipo C est\u00e1ndar para cargarlo, como si cargara su tel\u00e9fono. Esto significa que puede aprovechar al m\u00e1ximo cada gota de 25 mililitros de e-l\u00edquido que compre.<\/p>\n<h2 data-v-md-heading=\"brief-specifications\" data-v-md-line=\"15\">Especificaciones breves<\/h2>\n<p data-v-md-line=\"17\"><strong>N\u00famero de puertos:<\/strong>\u00a0hasta 20000 puertos.<\/p>\n<p data-v-md-line=\"19\"><strong>Concentraci\u00f3n de nicotina:<\/strong>\u00a0Disponible en cuatro opciones de concentraci\u00f3n: 0%, 2%, 3% y 5%.<\/p>\n<p data-v-md-line=\"21\"><strong>Uso:<\/strong>\u00a0Inhala para activar.<\/p>\n<p data-v-md-line=\"23\"><em>M\u00e9todo de carga:<\/em>* Interfaz USB tipo C est\u00e1ndar.<\/p>\n<p data-v-md-line=\"25\"><strong>Estado:<\/strong>\u00a0Listo para usar al desembalarlo.<\/p>\n<h2 data-v-md-heading=\"complete-flavor-series\" data-v-md-line=\"27\">Serie completa de sabores<\/h2>\n<ul data-v-md-line=\"29\">\n<li>Strawberry kiwi fruit<\/li>\n<li>Watermelon Ice<\/li>\n<li>Blueberries and raspberries<\/li>\n<li>Sand\u00eda fresa<\/li>\n<li>Mango fresa<\/li>\n<li>bebidas energ\u00e9ticas<\/li>\n<li>Ar\u00e1ndanos, cerezas, limones<\/li>\n<li>Drag\u00f3n Negro de Hielo<\/li>\n<li>Frutas mixtas<\/li>\n<li>Fresa y pl\u00e1tano<\/li>\n<li>Peach Ice<\/li>\n<li>Pista de hielo azul<\/li>\n<\/ul>\n<h2 data-v-md-heading=\"tailored-for-you-and-your-business\" data-v-md-line=\"42\">Dise\u00f1ado para usted y su negocio<\/h2>\n<p data-v-md-line=\"44\">Bang Gear 20000 se puede comprar por separado o al por mayor si tiene un negocio. El producto se vende en paquetes de 200 unidades por caja, con 10 unidades por caja para facilitar su presentaci\u00f3n.<\/p>\n<p data-v-md-line=\"46\">Como distribuidor europeo de confianza, le ofrecemos servicios convenientes. Trabajamos con socios confiables de entrega con derechos pagados (DDP) como UPS, DPD y DHL, por lo que el precio final que ve es el precio final que paga. No habr\u00e1 accidentes durante el despacho de aduanas; solo productos de alta calidad que pueden colocarse en los estantes en cualquier momento.<\/p>\n<h2 data-v-md-heading=\"reasons-why-you-will-like-it\" data-v-md-line=\"48\">Razones por las que te gustar\u00e1<\/h2>\n<p data-v-md-line=\"50\"><strong>Bater\u00eda de ultra larga duraci\u00f3n:<\/strong>\u00a0Duradero y de larga duraci\u00f3n, sin necesidad de compras frecuentes.<\/p>\n<p data-v-md-line=\"52\"><strong>Selecci\u00f3n de la concentraci\u00f3n de nicotina:<\/strong>\u00a0Puede elegir la concentraci\u00f3n de nicotina m\u00e1s adecuada para usted.<\/p>\n<p data-v-md-line=\"54\"><strong>Recargable:<\/strong>\u00a0La interfaz Tipo-C le permite utilizar completamente todos los e-l\u00edquidos dentro del dispositivo.<\/p>\n<p data-v-md-line=\"56\"><strong>N\u00facleo atomizador de malla:<\/strong>\u00a0Puede aportar un sabor estable y rico en todo momento.<\/p>\n<h2 data-v-md-heading=\"why-choose-agoravape\" data-v-md-line=\"58\">\u00bfPor qu\u00e9 elegir AgoraVape?<\/h2>\n<p data-v-md-line=\"60\">Como uno de los distribuidores de cigarrillos electr\u00f3nicos m\u00e1s confiables de Europa, solo vendemos productos 100 % genuinos. Para nuestros clientes corporativos, esto significa que Bang Gear 20000 Puffs ofrece precios al por mayor con descuento, soporte t\u00e9cnico integral y entregas r\u00e1pidas y confiables. Cont\u00e1ctenos para agradecer sinceramente a sus clientes por proporcionar este producto.<\/p>","protected":false},"excerpt":{"rendered":"<p>\u00bfQu\u00e9 tiene de especial Bang Gear 20000? Si est\u00e1s cansado de los vaporizadores desechables que se quedan sin bater\u00eda antes de un<\/p>","protected":false},"featured_media":19225,"comment_status":"open","ping_status":"closed","template":"","meta":[],"product_brand":[197],"product_cat":[124,187,185,1636,189,123,176,174,175,193,191,173,186,180,190,192],"product_tag":[],"class_list":{"0":"post-19202","1":"product","2":"type-product","3":"status-publish","4":"has-post-thumbnail","6":"product_brand-bang","7":"product_cat-vape-by-brand","8":"product_cat-0mg-nicotine-free-vapes","9":"product_cat-10000-puffs-high-capacity","10":"product_cat-20000-puffs","11":"product_cat-20mg-standard-nicotine-vapes","12":"product_cat-bang","13":"product_cat-beverage","14":"product_cat-fruit-flavors","15":"product_cat-icy-mint","16":"product_cat-mesh-coil","17":"product_cat-rechargeable-disposables","18":"product_cat-vape-by-flavor-profile","19":"product_cat-vape-by-nicotine-strength","20":"product_cat-vape-by-puff-count","21":"product_cat-vape-by-feature-or-type","22":"product_cat-vapes-with-screens","24":"first","25":"onbackorder","26":"shipping-taxable","27":"purchasable","28":"product-type-variable","29":"has-default-attributes"},"tiered_pricing_type":"percentage","tiered_pricing_fixed_rules":[],"tiered_pricing_product_settings":{"layout":"default","base_unit_name":{"singular":null,"plural":null},"default_variation":null},"tiered_pricing_minimum_quantity":10,"tiered_pricing_roles_data":[],"tiered_pricing_percentage_rules":{"30":"29","50":"35","100":"40","200":"44","500":"47","1000":"49"},"tiered_pricing_maximum_quantity":null,"tiered_pricing_quantity_step":"10","_links":{"self":[{"href":"https:\/\/agoravape.com\/es\/wp-json\/wp\/v2\/product\/19202","targetHints":{"allow":["GET"]}}],"collection":[{"href":"https:\/\/agoravape.com\/es\/wp-json\/wp\/v2\/product"}],"about":[{"href":"https:\/\/agoravape.com\/es\/wp-json\/wp\/v2\/types\/product"}],"replies":[{"embeddable":true,"href":"https:\/\/agoravape.com\/es\/wp-json\/wp\/v2\/comments?post=19202"}],"version-history":[{"count":0,"href":"https:\/\/agoravape.com\/es\/wp-json\/wp\/v2\/product\/19202\/revisions"}],"wp:featuredmedia":[{"embeddable":true,"href":"https:\/\/agoravape.com\/es\/wp-json\/wp\/v2\/media\/19225"}],"wp:attachment":[{"href":"https:\/\/agoravape.com\/es\/wp-json\/wp\/v2\/media?parent=19202"}],"wp:term":[{"taxonomy":"product_brand","embeddable":true,"href":"https:\/\/agoravape.com\/es\/wp-json\/wp\/v2\/product_brand?post=19202"},{"taxonomy":"product_cat","embeddable":true,"href":"https:\/\/agoravape.com\/es\/wp-json\/wp\/v2\/product_cat?post=19202"},{"taxonomy":"product_tag","embeddable":true,"href":"https:\/\/agoravape.com\/es\/wp-json\/wp\/v2\/product_tag?post=19202"}],"curies":[{"name":"wp","href":"https:\/\/api.w.org\/{rel}","templated":true}]}}