{"id":19258,"date":"2025-10-29T15:14:53","date_gmt":"2025-10-29T07:14:53","guid":{"rendered":"https:\/\/agoravape.com\/?post_type=product&#038;p=19258"},"modified":"2026-03-26T13:22:49","modified_gmt":"2026-03-26T12:22:49","slug":"bang-28000-caladas-mesh-vape","status":"publish","type":"product","link":"https:\/\/agoravape.com\/es\/product\/bang-28000-puffs-mesh-vape\/","title":{"rendered":"Vape desechable Bang de 28\u00a0000 bocanadas | Sabor incre\u00edblemente duradero"},"content":{"rendered":"<h2 data-v-md-heading=\"what-s-special-about-bang-28000\" data-v-md-line=\"3\">\u00bfQu\u00e9 tiene de especial el Bang 28000?<\/h2>\n<p data-v-md-line=\"5\">Si est\u00e1s cansado de los vapeadores desechables que se agotan en menos de una semana, debes considerar este producto. La filosof\u00eda de dise\u00f1o del Bang 28000 es una sola: durabilidad. Su bater\u00eda dura hasta 28\u00a0000 caladas, lo que te permite disfrutar de infinitas experiencias de fumar. Quiz\u00e1s pienses que un vapeador tan duradero es voluminoso, pero te sorprender\u00e1 gratamente su comodidad. Para quienes solo buscan fiabilidad, excelente sabor y facilidad de uso, es la opci\u00f3n ideal.<\/p>\n<h2 data-v-md-heading=\"excellent-performance-simple-and-easy-to-use\" data-v-md-line=\"7\">Excelente rendimiento, simple y f\u00e1cil de usar.<\/h2>\n<p data-v-md-line=\"9\">El secreto del excelente sabor del Bang 28000 reside en su n\u00facleo atomizador de malla integrado. Esta tecnolog\u00eda garantiza un sabor rico y consistente, permiti\u00e9ndote disfrutar del mismo sabor del primer bocado con cada bocado. No requiere botones ni ajustes; solo inhala para empezar. Cuando la bater\u00eda est\u00e9 baja, simplemente usa un cable de datos tipo C est\u00e1ndar para cargarlo, igual que cargas tu tel\u00e9fono. Simple y pr\u00e1ctico.<\/p>\n<h2 data-v-md-heading=\"quick-specifications\" data-v-md-line=\"11\">Especificaciones r\u00e1pidas<\/h2>\n<p data-v-md-line=\"13\"><strong>N\u00famero de puertos de succi\u00f3n:<\/strong>\u00a0hasta 28000.<br \/>\n<strong>Concentraci\u00f3n de nicotina:<\/strong>\u00a0Disponible en cuatro opciones de concentraci\u00f3n: 0%, 2%, 3% y 5%.<br \/>\n<strong>Principio de funcionamiento:<\/strong>\u00a0Simplemente inhale para activar.<br \/>\n<em>M\u00e9todo de carga:<\/em>* Interfaz USB tipo C est\u00e1ndar.<br \/>\n<strong>Estado:<\/strong>\u00a0Listo para usar al desembalarlo.<\/p>\n<h2 data-v-md-heading=\"full-range-of-flavors\" data-v-md-line=\"19\">Gama completa de sabores<\/h2>\n<ul data-v-md-line=\"20\">\n<li>Helado de fresa y sand\u00eda<\/li>\n<li>Pista de hielo azul<\/li>\n<li>Sangre de tigre (Sangre y arena)<\/li>\n<li>Pi\u00f1a Coco<\/li>\n<li>Fresa y pl\u00e1tano<\/li>\n<li>Frutas mixtas<\/li>\n<li>Blueberries and raspberries<\/li>\n<li>Peach Ice<\/li>\n<li>Mango y melocot\u00f3n<\/li>\n<li>Sand\u00eda<\/li>\n<li>Grape Ice<\/li>\n<li>Strawberry kiwi fruit<\/li>\n<\/ul>\n<h2 data-v-md-heading=\"for-you-for-your-business\" data-v-md-line=\"33\">For you, for your business<\/h2>\n<p data-v-md-line=\"34\">Ofrecemos la compra por separado de Bang 28000, pero si tienes un negocio, tambi\u00e9n puedes abastecerte. Se venden a un precio mayorista de 200 unidades por caja, lo que facilita su colocaci\u00f3n en los estantes. Realizamos env\u00edos a trav\u00e9s de socios DDP de confianza como UPS, DPD y DHL en toda Europa, para que puedas recibir tus pedidos de forma r\u00e1pida y fiable, evitando imprevistos en la aduana.<\/p>\n<h2 data-v-md-heading=\"why-do-you-like-it\" data-v-md-line=\"36\">Why do you like it<\/h2>\n<p data-v-md-line=\"37\"><strong>Succi\u00f3n adicional:<\/strong>\u00a0Se siente como si lo estuvieran absorbiendo para siempre, por lo que no es necesario comprar otros nuevos con frecuencia.<br \/>\n<strong>Selecci\u00f3n de nicotina:<\/strong>\u00a0Puedes elegir la concentraci\u00f3n de nicotina que m\u00e1s te convenga, desde sin nicotina hasta nicotina m\u00e1s fuerte.<br \/>\n<strong>Recargable:<\/strong>\u00a0significa que puedes usar cada gota de e-l\u00edquido que compres.<br \/>\n<strong>Bobina de malla:<\/strong>\u00a0Aporta un sabor consistente y rico en todo momento.<\/p>\n<h2 data-v-md-heading=\"why-collaborate-with-agoravape\" data-v-md-line=\"42\">Why collaborate with AgoraVape?<\/h2>\n<p data-v-md-line=\"43\">Como uno de los distribuidores de vapeo m\u00e1s confiables de Europa, solo vendemos productos 100 % genuinos. Para nuestros clientes comerciales, esto significa que los vapeadores Bang 28000 ofrecen precios de mayorista con descuento, soporte confiable y transporte r\u00e1pido y seguro. Cont\u00e1ctenos y le proporcionaremos un producto que nuestros clientes realmente aprecian.<\/p>","protected":false},"excerpt":{"rendered":"<p>What\u2019s special about Bang 28000? If you\u2019re tired of disposable vapes that run out of battery before a week, then<\/p>","protected":false},"featured_media":19280,"comment_status":"open","ping_status":"closed","template":"","meta":[],"product_brand":[197],"product_cat":[124,187,185,189,123,174,175,193,191,179,173,186,180,190],"product_tag":[],"class_list":{"0":"post-19258","1":"product","2":"type-product","3":"status-publish","4":"has-post-thumbnail","6":"product_brand-bang","7":"product_cat-vape-by-brand","8":"product_cat-0mg-nicotine-free-vapes","9":"product_cat-10000-puffs-high-capacity","10":"product_cat-20mg-standard-nicotine-vapes","11":"product_cat-bang","12":"product_cat-fruit-flavors","13":"product_cat-icy-mint","14":"product_cat-mesh-coil","15":"product_cat-rechargeable-disposables","16":"product_cat-unique-blends","17":"product_cat-vape-by-flavor-profile","18":"product_cat-vape-by-nicotine-strength","19":"product_cat-vape-by-puff-count","20":"product_cat-vape-by-feature-or-type","22":"first","23":"instock","24":"shipping-taxable","25":"purchasable","26":"product-type-variable","27":"has-default-attributes"},"tiered_pricing_type":"percentage","tiered_pricing_fixed_rules":[],"tiered_pricing_product_settings":{"layout":"default","base_unit_name":{"singular":null,"plural":null},"default_variation":null},"tiered_pricing_minimum_quantity":10,"tiered_pricing_roles_data":[],"tiered_pricing_percentage_rules":{"30":"29","50":"35","100":"40","200":"44","500":"47","1000":"49"},"tiered_pricing_maximum_quantity":null,"tiered_pricing_quantity_step":"10","_links":{"self":[{"href":"https:\/\/agoravape.com\/es\/wp-json\/wp\/v2\/product\/19258","targetHints":{"allow":["GET"]}}],"collection":[{"href":"https:\/\/agoravape.com\/es\/wp-json\/wp\/v2\/product"}],"about":[{"href":"https:\/\/agoravape.com\/es\/wp-json\/wp\/v2\/types\/product"}],"replies":[{"embeddable":true,"href":"https:\/\/agoravape.com\/es\/wp-json\/wp\/v2\/comments?post=19258"}],"version-history":[{"count":0,"href":"https:\/\/agoravape.com\/es\/wp-json\/wp\/v2\/product\/19258\/revisions"}],"wp:featuredmedia":[{"embeddable":true,"href":"https:\/\/agoravape.com\/es\/wp-json\/wp\/v2\/media\/19280"}],"wp:attachment":[{"href":"https:\/\/agoravape.com\/es\/wp-json\/wp\/v2\/media?parent=19258"}],"wp:term":[{"taxonomy":"product_brand","embeddable":true,"href":"https:\/\/agoravape.com\/es\/wp-json\/wp\/v2\/product_brand?post=19258"},{"taxonomy":"product_cat","embeddable":true,"href":"https:\/\/agoravape.com\/es\/wp-json\/wp\/v2\/product_cat?post=19258"},{"taxonomy":"product_tag","embeddable":true,"href":"https:\/\/agoravape.com\/es\/wp-json\/wp\/v2\/product_tag?post=19258"}],"curies":[{"name":"wp","href":"https:\/\/api.w.org\/{rel}","templated":true}]}}