{"id":19282,"date":"2025-10-29T17:00:15","date_gmt":"2025-10-29T09:00:15","guid":{"rendered":"https:\/\/agoravape.com\/?post_type=product&#038;p=19282"},"modified":"2026-03-26T13:22:49","modified_gmt":"2026-03-26T12:22:49","slug":"bang-30000-puffs-doble-sabor-vape","status":"publish","type":"product","link":"https:\/\/agoravape.com\/es\/product\/bang-30000-puffs-dual-flavor-vape\/","title":{"rendered":"Bang 30000 Puffs Doble Sabor | Dos sabores, un dispositivo sencillo"},"content":{"rendered":"<h2 data-v-md-heading=\"what-s-special-about-bang-s-30000-dual-flavored-vapes\" data-v-md-line=\"3\"><img loading=\"lazy\" decoding=\"async\" class=\"size-full wp-image-19311 alignright\" src=\"https:\/\/agoravape.com\/wp-content\/uploads\/2025\/10\/Bang-30000-Puffs-Dual-Flavor-Two-Flavours-One-Simple-Device_Agora_vape-16.webp\" alt=\"\" width=\"800\" height=\"800\" srcset=\"https:\/\/agoravape.com\/wp-content\/uploads\/2025\/10\/Bang-30000-Puffs-Dual-Flavor-Two-Flavours-One-Simple-Device_Agora_vape-16.webp 800w, https:\/\/agoravape.com\/wp-content\/uploads\/2025\/10\/Bang-30000-Puffs-Dual-Flavor-Two-Flavours-One-Simple-Device_Agora_vape-16-600x600.webp 600w, https:\/\/agoravape.com\/wp-content\/uploads\/2025\/10\/Bang-30000-Puffs-Dual-Flavor-Two-Flavours-One-Simple-Device_Agora_vape-16-300x300.webp 300w, https:\/\/agoravape.com\/wp-content\/uploads\/2025\/10\/Bang-30000-Puffs-Dual-Flavor-Two-Flavours-One-Simple-Device_Agora_vape-16-150x150.webp 150w, https:\/\/agoravape.com\/wp-content\/uploads\/2025\/10\/Bang-30000-Puffs-Dual-Flavor-Two-Flavours-One-Simple-Device_Agora_vape-16-768x768.webp 768w\" sizes=\"auto, (max-width: 800px) 100vw, 800px\" \/><\/h2>\n<h2 data-v-md-heading=\"what-s-special-about-bang-s-30000-dual-flavored-vapes\" data-v-md-line=\"3\">\u00bfQu\u00e9 tienen de especial los 30.000 vapes de doble sabor de Bang?<\/h2>\n<p data-v-md-line=\"5\">\u00bfAlguna vez has comprado un vaporizador desechable de gran capacidad pero te cansaste del sabor antes de terminar de fumar? Bang 30000 ofrece una soluci\u00f3n inteligente y sencilla. No solo ofrece un sabor, sino dos. Con solo presionarlo suavemente, puedes cambiar de sabor en cualquier momento, una caracter\u00edstica realmente maravillosa. Mantendr\u00e1 tu experiencia fresca e interesante hasta el \u00faltimo bocado.<\/p>\n<p data-v-md-line=\"7\">Para quienes disfrutan probando diferentes sabores pero no quieren llevar dos dispositivos diferentes, es la opci\u00f3n perfecta. Este vaporizador est\u00e1 dise\u00f1ado para ofrecer una excelente relaci\u00f3n calidad-precio y un sabor excepcional, adem\u00e1s de ser extremadamente f\u00e1cil de usar. Tendr\u00e1s un vaporizador confiable y duradero que nunca te decepcionar\u00e1.<\/p>\n<h2 data-v-md-heading=\"excellent-performance-and-simple-operation\" data-v-md-line=\"9\">Excelente rendimiento y operaci\u00f3n sencilla.<\/h2>\n<p data-v-md-line=\"11\">El secreto de su excelente sabor reside en sus resistencias internas de malla. Adopta un dise\u00f1o de calentamiento uniforme para garantizar que el e-l\u00edquido se caliente de forma uniforme, ya sea en la primera o en miles de caladas, obtendr\u00e1 un sabor pleno y estable. Quiz\u00e1s piense que este vaporizador admite tantas caladas y que su funcionamiento es muy complejo, pero en realidad es sorprendentemente sencillo.<\/p>\n<p data-v-md-line=\"13\">Cuando la bater\u00eda est\u00e1 baja, cuenta con una interfaz de carga tipo C est\u00e1ndar. Solo necesitas usar el mismo cable de datos que usas habitualmente para cargar tu tel\u00e9fono u otros dispositivos electr\u00f3nicos. Este peque\u00f1o detalle hace que la experiencia de usuario sea m\u00e1s c\u00f3moda.<\/p>\n<h2 data-v-md-heading=\"quick-specifications\" data-v-md-line=\"15\">Especificaciones r\u00e1pidas<\/h2>\n<p data-v-md-line=\"17\"><strong>N\u00famero de puertos de succi\u00f3n:<\/strong>\u00a0hasta 30000 puertos<\/p>\n<p data-v-md-line=\"19\"><strong>Capacidad de e-l\u00edquido:<\/strong>\u00a0E-l\u00edquido preinstalado de 36 ml<\/p>\n<p data-v-md-line=\"21\"><strong>Concentraci\u00f3n de nicotina:<\/strong>\u00a0Disponible en cuatro opciones de concentraci\u00f3n: 0%, 2%, 3% y 5%.<\/p>\n<p data-v-md-line=\"23\"><strong>Uso:<\/strong>\u00a0Inhalar para activar<\/p>\n<p data-v-md-line=\"25\"><strong>M\u00e9todo de carga:<\/strong>\u00a0Interfaz USB tipo C est\u00e1ndar<\/p>\n<p data-v-md-line=\"27\"><strong>Estado:<\/strong>\u00a0Listo para usar nada m\u00e1s sacarlo de la caja<\/p>\n<h2 data-v-md-heading=\"complete-flavor-lineup\" data-v-md-line=\"29\">L\u00ednea completa de sabores<\/h2>\n<ul data-v-md-line=\"31\">\n<li>Sand\u00eda\/Ar\u00e1ndano Menta<\/li>\n<li>Manzana \u00e1cida\/frambuesa ar\u00e1ndano<\/li>\n<li>Red Bull\/Fresa y Mango<\/li>\n<li>Hielo de uva\/Cola de cereza<\/li>\n<li>Helado de melocot\u00f3n\/fresa y sand\u00eda<\/li>\n<li>Love66\/Fresa Kiwi<\/li>\n<li>Uva de flor de cerezo\/lichi de fresa<\/li>\n<li>Helado de frutas variadas\/ar\u00e1ndanos<\/li>\n<li>Drag\u00f3n Negro Hielo\/Fresa Pl\u00e1tano<\/li>\n<li>Helado de mango, melocot\u00f3n y pl\u00e1tano<\/li>\n<li>Doble manzana\/kiwi maracuy\u00e1 guayaba<\/li>\n<li>Hielo de menta\/Triple baya<\/li>\n<li>Ar\u00e1ndanos, cerezas, ar\u00e1ndanos rojos\/bayas de sand\u00eda<\/li>\n<li>Hielo de pi\u00f1a\/ar\u00e1ndano Frambuesa Mora<\/li>\n<li>Purple Rain\/Fresa Frambuesa Cereza Helado<\/li>\n<li>Mora, ar\u00e1ndano, helado\/mango, pi\u00f1a y melocot\u00f3n<\/li>\n<\/ul>\n<h2 data-v-md-heading=\"suitable-for-you-and-your-business\" data-v-md-line=\"48\">Adecuado para usted y su negocio<\/h2>\n<p data-v-md-line=\"50\">Hemos lanzado los vapeadores Bang 30000 de doble sabor, que puedes comprar por separado. Si eres comerciante, tambi\u00e9n puedes comprar al por mayor. Ofrecemos envases de 200 unidades, la opci\u00f3n ideal para cualquier tienda de vapeo.<\/p>\n<p data-v-md-line=\"52\">Colaboramos con socios log\u00edsticos de confianza como UPS, DPD y DHL para gestionar todos los aspectos log\u00edsticos. Todos los productos se entregan despu\u00e9s de impuestos (DDP), lo que significa que el precio que ve es el precio final que paga. No tiene que preocuparse por cargos o impuestos adicionales en la aduana.<\/p>\n<h2 data-v-md-heading=\"the-reason-why-you-will-like-it\" data-v-md-line=\"54\">The reason why you will like it<\/h2>\n<p data-v-md-line=\"56\"><strong>Bater\u00eda de ultra larga duraci\u00f3n:<\/strong>\u00a0Duradero y de larga duraci\u00f3n, ahorr\u00e1ndote gastos y reduciendo el n\u00famero de veces que vas a la tienda.<\/p>\n<p data-v-md-line=\"58\"><strong>Sabores duales:<\/strong>\u00a0\u00bfCansado de un sabor? Cambia de opci\u00f3n. Es como tener dos vaporizadores.<\/p>\n<p data-v-md-line=\"60\"><strong>Selecci\u00f3n de nicotina:<\/strong>\u00a0Puede elegir la concentraci\u00f3n de nicotina adecuada seg\u00fan sus propias necesidades, desde sin nicotina hasta con un sabor m\u00e1s fuerte, todo est\u00e1 disponible.<\/p>\n<p data-v-md-line=\"62\"><strong>Recargable:<\/strong>\u00a0Esto significa que puedes aprovechar al m\u00e1ximo los 36 mililitros de e-l\u00edquido que compraste.<\/p>\n<p data-v-md-line=\"64\"><strong>N\u00facleo atomizador de malla:<\/strong>\u00a0Puede aportar un sabor estable y rico en todo momento.<\/p>\n<h2 data-v-md-heading=\"why-choose-to-collaborate-with-agoravape\" data-v-md-line=\"66\">Why choose to collaborate with AgoraVape?<\/h2>\n<p data-v-md-line=\"68\">Como uno de los distribuidores de vapeo m\u00e1s confiables de Europa, solo vendemos productos 100 % genuinos. Para nuestros clientes corporativos, esto significa que los vapeadores Bang 30000 de doble sabor les ofrecer\u00e1n precios al por mayor altamente competitivos, soporte t\u00e9cnico confiable y servicios de entrega r\u00e1pidos y estables. Cont\u00e1ctenos de inmediato para agradecerles sinceramente por proporcionarles este producto.<\/p>\n<p><script src=\"chrome-extension:\/\/fpelahbljekknahkcaegamhcndkfpfnc\/iFrame.js\" type=\"text\/javascript\"><\/script><\/p>","protected":false},"excerpt":{"rendered":"<p>&nbsp;<\/p>\n<p><script src=\"chrome-extension:\/\/fpelahbljekknahkcaegamhcndkfpfnc\/iFrame.js\" type=\"text\/javascript\"><\/script><\/p>","protected":false},"featured_media":19296,"comment_status":"open","ping_status":"closed","template":"","meta":[],"product_brand":[197],"product_cat":[124,187,185,189,123,176,195,174,175,193,191,173,186,180,190],"product_tag":[],"class_list":{"0":"post-19282","1":"product","2":"type-product","3":"status-publish","4":"has-post-thumbnail","6":"product_brand-bang","7":"product_cat-vape-by-brand","8":"product_cat-0mg-nicotine-free-vapes","9":"product_cat-10000-puffs-high-capacity","10":"product_cat-20mg-standard-nicotine-vapes","11":"product_cat-bang","12":"product_cat-beverage","13":"product_cat-dual-flavor-switch","14":"product_cat-fruit-flavors","15":"product_cat-icy-mint","16":"product_cat-mesh-coil","17":"product_cat-rechargeable-disposables","18":"product_cat-vape-by-flavor-profile","19":"product_cat-vape-by-nicotine-strength","20":"product_cat-vape-by-puff-count","21":"product_cat-vape-by-feature-or-type","23":"first","24":"instock","25":"shipping-taxable","26":"purchasable","27":"product-type-variable","28":"has-default-attributes"},"tiered_pricing_type":"percentage","tiered_pricing_fixed_rules":[],"tiered_pricing_product_settings":{"layout":"default","base_unit_name":{"singular":null,"plural":null},"default_variation":null},"tiered_pricing_minimum_quantity":10,"tiered_pricing_roles_data":[],"tiered_pricing_percentage_rules":{"30":"29","50":"35","100":"40","200":"44","500":"47","1000":"49"},"tiered_pricing_maximum_quantity":null,"tiered_pricing_quantity_step":"10","_links":{"self":[{"href":"https:\/\/agoravape.com\/es\/wp-json\/wp\/v2\/product\/19282","targetHints":{"allow":["GET"]}}],"collection":[{"href":"https:\/\/agoravape.com\/es\/wp-json\/wp\/v2\/product"}],"about":[{"href":"https:\/\/agoravape.com\/es\/wp-json\/wp\/v2\/types\/product"}],"replies":[{"embeddable":true,"href":"https:\/\/agoravape.com\/es\/wp-json\/wp\/v2\/comments?post=19282"}],"version-history":[{"count":0,"href":"https:\/\/agoravape.com\/es\/wp-json\/wp\/v2\/product\/19282\/revisions"}],"wp:featuredmedia":[{"embeddable":true,"href":"https:\/\/agoravape.com\/es\/wp-json\/wp\/v2\/media\/19296"}],"wp:attachment":[{"href":"https:\/\/agoravape.com\/es\/wp-json\/wp\/v2\/media?parent=19282"}],"wp:term":[{"taxonomy":"product_brand","embeddable":true,"href":"https:\/\/agoravape.com\/es\/wp-json\/wp\/v2\/product_brand?post=19282"},{"taxonomy":"product_cat","embeddable":true,"href":"https:\/\/agoravape.com\/es\/wp-json\/wp\/v2\/product_cat?post=19282"},{"taxonomy":"product_tag","embeddable":true,"href":"https:\/\/agoravape.com\/es\/wp-json\/wp\/v2\/product_tag?post=19282"}],"curies":[{"name":"wp","href":"https:\/\/api.w.org\/{rel}","templated":true}]}}