{"id":19349,"date":"2025-10-29T18:26:18","date_gmt":"2025-10-29T10:26:18","guid":{"rendered":"https:\/\/agoravape.com\/?post_type=product&#038;p=19349"},"modified":"2026-03-14T16:22:20","modified_gmt":"2026-03-14T15:22:20","slug":"bang-36000-dtl-shisha-hookah-vape","status":"publish","type":"product","link":"https:\/\/agoravape.com\/es\/product\/bang-36000-dtl-shisha-hookah-vape\/","title":{"rendered":"Cachimba Bang 36000 DTL Shisha | Nubes grandes y sabor duradero"},"content":{"rendered":"<h2 data-v-md-heading=\"what-is-the-special-feature-of-bang-36000-dtl-disposable-vape\" data-v-md-line=\"3\"><img loading=\"lazy\" decoding=\"async\" class=\"aligncenter size-full wp-image-19374\" src=\"https:\/\/agoravape.com\/wp-content\/uploads\/2025\/10\/Bang-36000-DTL-Shisha-Hookah-Big-Clouds-and-Flavour-That-Lasts_Agora_vape-12-scaled.webp\" alt=\"\" width=\"1126\" height=\"2560\" srcset=\"https:\/\/agoravape.com\/wp-content\/uploads\/2025\/10\/Bang-36000-DTL-Shisha-Hookah-Big-Clouds-and-Flavour-That-Lasts_Agora_vape-12-scaled.webp 1126w, https:\/\/agoravape.com\/wp-content\/uploads\/2025\/10\/Bang-36000-DTL-Shisha-Hookah-Big-Clouds-and-Flavour-That-Lasts_Agora_vape-12-132x300.webp 132w, https:\/\/agoravape.com\/wp-content\/uploads\/2025\/10\/Bang-36000-DTL-Shisha-Hookah-Big-Clouds-and-Flavour-That-Lasts_Agora_vape-12-450x1024.webp 450w, https:\/\/agoravape.com\/wp-content\/uploads\/2025\/10\/Bang-36000-DTL-Shisha-Hookah-Big-Clouds-and-Flavour-That-Lasts_Agora_vape-12-768x1746.webp 768w, https:\/\/agoravape.com\/wp-content\/uploads\/2025\/10\/Bang-36000-DTL-Shisha-Hookah-Big-Clouds-and-Flavour-That-Lasts_Agora_vape-12-676x1536.webp 676w, https:\/\/agoravape.com\/wp-content\/uploads\/2025\/10\/Bang-36000-DTL-Shisha-Hookah-Big-Clouds-and-Flavour-That-Lasts_Agora_vape-12-901x2048.webp 901w, https:\/\/agoravape.com\/wp-content\/uploads\/2025\/10\/Bang-36000-DTL-Shisha-Hookah-Big-Clouds-and-Flavour-That-Lasts_Agora_vape-12-1200x2728.webp 1200w\" sizes=\"auto, (max-width: 1126px) 100vw, 1126px\" \/><\/h2>\n<h2 data-v-md-heading=\"what-is-the-special-feature-of-bang-36000-dtl-disposable-vape\" data-v-md-line=\"3\">\u00bfCu\u00e1l es la caracter\u00edstica especial del vaporizador desechable Bang 36000 DTL?<\/h2>\n<p data-v-md-line=\"5\">Si est\u00e1s cansado de los vapeadores desechables que pierden su atractivo en pocos d\u00edas, definitivamente vale la pena echarle un vistazo a este producto. El Bang 36000 est\u00e1 dise\u00f1ado espec\u00edficamente para usuarios que buscan durabilidad y una aut\u00e9ntica experiencia de cachimba. Como su nombre indica, es un vapeador que se inhala directamente a los pulmones (DTL), lo que significa que utiliza un m\u00e9todo de inhalaci\u00f3n m\u00e1s abierto y transparente para producir un humo intenso e intenso.<\/p>\n<p data-v-md-line=\"7\">Este dispositivo es perfecto para quienes desean experimentar la atm\u00f3sfera de una cachimba con una experiencia pr\u00e1ctica y port\u00e1til. Cuenta con una gran capacidad de 40 ml de e-l\u00edquido y ofrece hasta 36\u00a0000 caladas, lo que sin duda no te decepcionar\u00e1. Este vaporizador es ideal para quienes buscan fiabilidad, un sabor excelente y un funcionamiento sencillo.<\/p>\n<h2 data-v-md-heading=\"excellent-performance-and-simple-operation\" data-v-md-line=\"9\">Excelente rendimiento y operaci\u00f3n sencilla.<\/h2>\n<p data-v-md-line=\"11\">Quiz\u00e1s pienses que usar un vaporizador con tantas caladas es complicado, pero te sorprender\u00e1 su simplicidad y facilidad de uso. El secreto de su sabor rico y consistente reside en el n\u00facleo atomizador de malla de 0,6 \u03a9. Garantiza que cada bocado sea tan delicioso como el primero, sin sabor a quemado. De principio a fin, el sabor es suave y pleno.<\/p>\n<p data-v-md-line=\"13\">Este dispositivo funciona con una bater\u00eda recargable confiable, para que aproveches al m\u00e1ximo cada gota de e-l\u00edquido que compres. Cuando la bater\u00eda est\u00e9 baja, simplemente usa un cable de datos tipo C est\u00e1ndar para cargarlo, igual que cargas tu tel\u00e9fono. \u00a1Muy pr\u00e1ctico!<\/p>\n<h2 data-v-md-heading=\"quick-specifications\" data-v-md-line=\"15\">Especificaciones r\u00e1pidas<\/h2>\n<p data-v-md-line=\"17\"><strong>N\u00famero de puertos:<\/strong>\u00a0hasta 36000 puertos.<\/p>\n<p data-v-md-line=\"19\"><strong>Concentraci\u00f3n de nicotina:<\/strong>\u00a0Disponible en cuatro opciones de concentraci\u00f3n: 0%, 2%, 3% y 5%.<\/p>\n<p data-v-md-line=\"21\"><strong>Uso:<\/strong>\u00a0Simplemente inhale para activar.<\/p>\n<p data-v-md-line=\"23\"><strong>M\u00e9todo de carga:<\/strong>\u00a0Interfaz USB tipo C est\u00e1ndar.<\/p>\n<p data-v-md-line=\"25\"><strong>Estado:<\/strong>\u00a0Listo para usar al desembalarlo.<\/p>\n<h2 data-v-md-heading=\"complete-flavor-series\" data-v-md-line=\"27\">Serie completa de sabores<\/h2>\n<ul data-v-md-line=\"29\">\n<li>Strawberry kiwi fruit<\/li>\n<li>Mango, Melocot\u00f3n, Sand\u00eda<\/li>\n<li>Frutas mixtas<\/li>\n<li>Hielo de mentol<\/li>\n<li>Mango y melocot\u00f3n<\/li>\n<li>Grape Ice<\/li>\n<li>Double Apples<\/li>\n<li>Blueberries and raspberries<\/li>\n<li>Sand\u00eda fresa<\/li>\n<li>Watermelon Ice<\/li>\n<li>Mango fresa<\/li>\n<li>Pista de hielo azul<\/li>\n<\/ul>\n<h2 data-v-md-heading=\"tailored-for-you-and-your-business\" data-v-md-line=\"42\">Dise\u00f1ado para usted y su negocio<\/h2>\n<p data-v-md-line=\"44\">Si tiene un negocio, puede comprar la cachimba Bang 36000 DTL por separado o al por mayor. Ofrecemos empaques al por mayor de 80 unidades. Garantizamos una entrega sin problemas de su pedido a trav\u00e9s de socios log\u00edsticos de confianza con entrega con derechos pagados (DDP), como UPS, DPD y DHL. Esto significa que no tendr\u00e1 que preocuparse por aranceles aduaneros adicionales; simplemente disfrute de un servicio de entrega c\u00f3modo y confiable.<\/p>\n<h2 data-v-md-heading=\"reasons-why-you-will-like-it\" data-v-md-line=\"46\">Razones por las que te gustar\u00e1<\/h2>\n<p data-v-md-line=\"48\"><strong>Bater\u00eda de ultra larga duraci\u00f3n:<\/strong>\u00a0Duradero y de larga duraci\u00f3n, sin necesidad de compras frecuentes.<\/p>\n<p data-v-md-line=\"50\"><strong>Selecci\u00f3n de la concentraci\u00f3n de nicotina:<\/strong>\u00a0Podr\u00e1s elegir la concentraci\u00f3n de nicotina que m\u00e1s te convenga, desde cero nicotina hasta el 5%.<\/p>\n<p data-v-md-line=\"52\"><strong>Recargable:<\/strong>\u00a0E-l\u00edquido de 40 ml, se puede utilizar una vez completamente cargado.<\/p>\n<p data-v-md-line=\"54\"><strong>N\u00facleo atomizador de malla:<\/strong>\u00a0Puede aportar un sabor estable y rico en todo momento.<\/p>\n<p data-v-md-line=\"56\"><strong>Flujo de aire DTL apropiado:<\/strong>\u00a0Puede producir un humo rico como el de una cachimba tradicional.<\/p>\n<h2 data-v-md-heading=\"why-choose-agoravape\" data-v-md-line=\"58\">\u00bfPor qu\u00e9 elegir AgoraVape?<\/h2>\n<p data-v-md-line=\"60\">Como uno de los distribuidores de vapeo m\u00e1s confiables de Europa, solo vendemos productos 100 % genuinos. Para nuestros clientes corporativos, esto significa que los vapeadores desechables Bang 36000 DTL les ofrecer\u00e1n precios al por mayor altamente competitivos, un servicio posventa confiable y un servicio de entrega r\u00e1pido y estable. Cont\u00e1ctenos de inmediato y compre este producto. Sus clientes lo agradecer\u00e1n.<\/p>","protected":false},"excerpt":{"rendered":"<p>&nbsp;<\/p>\n<p><script src=\"chrome-extension:\/\/fpelahbljekknahkcaegamhcndkfpfnc\/iFrame.js\" type=\"text\/javascript\"><\/script><\/p>","protected":false},"featured_media":19375,"comment_status":"open","ping_status":"closed","template":"","meta":[],"product_brand":[197],"product_cat":[124,187,185,189,123,174,175,193,191,173,186,180,190],"product_tag":[],"class_list":{"0":"post-19349","1":"product","2":"type-product","3":"status-publish","4":"has-post-thumbnail","6":"product_brand-bang","7":"product_cat-vape-by-brand","8":"product_cat-0mg-nicotine-free-vapes","9":"product_cat-10000-puffs-high-capacity","10":"product_cat-20mg-standard-nicotine-vapes","11":"product_cat-bang","12":"product_cat-fruit-flavors","13":"product_cat-icy-mint","14":"product_cat-mesh-coil","15":"product_cat-rechargeable-disposables","16":"product_cat-vape-by-flavor-profile","17":"product_cat-vape-by-nicotine-strength","18":"product_cat-vape-by-puff-count","19":"product_cat-vape-by-feature-or-type","21":"first","22":"instock","23":"shipping-taxable","24":"purchasable","25":"product-type-variable","26":"has-default-attributes"},"tiered_pricing_type":"percentage","tiered_pricing_fixed_rules":[],"tiered_pricing_product_settings":{"layout":"default","base_unit_name":{"singular":null,"plural":null},"default_variation":null},"tiered_pricing_minimum_quantity":10,"tiered_pricing_roles_data":[],"tiered_pricing_percentage_rules":{"30":"29","50":"35","100":"40","200":"44","500":"47","1000":"49"},"tiered_pricing_maximum_quantity":null,"tiered_pricing_quantity_step":"10","_links":{"self":[{"href":"https:\/\/agoravape.com\/es\/wp-json\/wp\/v2\/product\/19349","targetHints":{"allow":["GET"]}}],"collection":[{"href":"https:\/\/agoravape.com\/es\/wp-json\/wp\/v2\/product"}],"about":[{"href":"https:\/\/agoravape.com\/es\/wp-json\/wp\/v2\/types\/product"}],"replies":[{"embeddable":true,"href":"https:\/\/agoravape.com\/es\/wp-json\/wp\/v2\/comments?post=19349"}],"version-history":[{"count":0,"href":"https:\/\/agoravape.com\/es\/wp-json\/wp\/v2\/product\/19349\/revisions"}],"wp:featuredmedia":[{"embeddable":true,"href":"https:\/\/agoravape.com\/es\/wp-json\/wp\/v2\/media\/19375"}],"wp:attachment":[{"href":"https:\/\/agoravape.com\/es\/wp-json\/wp\/v2\/media?parent=19349"}],"wp:term":[{"taxonomy":"product_brand","embeddable":true,"href":"https:\/\/agoravape.com\/es\/wp-json\/wp\/v2\/product_brand?post=19349"},{"taxonomy":"product_cat","embeddable":true,"href":"https:\/\/agoravape.com\/es\/wp-json\/wp\/v2\/product_cat?post=19349"},{"taxonomy":"product_tag","embeddable":true,"href":"https:\/\/agoravape.com\/es\/wp-json\/wp\/v2\/product_tag?post=19349"}],"curies":[{"name":"wp","href":"https:\/\/api.w.org\/{rel}","templated":true}]}}