{"id":19379,"date":"2025-10-29T21:14:24","date_gmt":"2025-10-29T13:14:24","guid":{"rendered":"https:\/\/agoravape.com\/?post_type=product&#038;p=19379"},"modified":"2026-03-26T13:22:39","modified_gmt":"2026-03-26T12:22:39","slug":"bang-36000-bocanadas-bobina-de-malla-vape","status":"publish","type":"product","link":"https:\/\/agoravape.com\/es\/product\/bang-36000-puffs-mesh-coil-vape\/","title":{"rendered":"Bang 36000 Puffs | Un vapeo de larga duraci\u00f3n"},"content":{"rendered":"<h2 data-v-md-heading=\"what-is-special-about-bang-36000\" data-v-md-line=\"3\"><img loading=\"lazy\" decoding=\"async\" class=\"size-full wp-image-19393 alignright\" src=\"https:\/\/agoravape.com\/wp-content\/uploads\/2025\/10\/Bang-36000-Puffs-A-Seriously-Long-Lasting-Vape_Agora_vape-1.webp\" alt=\"\" width=\"721\" height=\"1192\" srcset=\"https:\/\/agoravape.com\/wp-content\/uploads\/2025\/10\/Bang-36000-Puffs-A-Seriously-Long-Lasting-Vape_Agora_vape-1.webp 721w, https:\/\/agoravape.com\/wp-content\/uploads\/2025\/10\/Bang-36000-Puffs-A-Seriously-Long-Lasting-Vape_Agora_vape-1-181x300.webp 181w, https:\/\/agoravape.com\/wp-content\/uploads\/2025\/10\/Bang-36000-Puffs-A-Seriously-Long-Lasting-Vape_Agora_vape-1-619x1024.webp 619w\" sizes=\"auto, (max-width: 721px) 100vw, 721px\" \/><\/h2>\n<h2 data-v-md-heading=\"what-is-special-about-bang-36000\" data-v-md-line=\"3\">\u00bfQu\u00e9 tiene de especial el Bang 36000?<\/h2>\n<p data-v-md-line=\"5\">Si est\u00e1s cansado de los vapeadores desechables que se agotan en menos de una semana, debes considerar este producto. La filosof\u00eda de dise\u00f1o del Bang 36000 es solo una: durabilidad. Su incre\u00edble duraci\u00f3n de bater\u00eda de 36000 puertos te permite evitar tener que reemplazarlo con frecuencia.<\/p>\n<p data-v-md-line=\"7\">Para quienes buscan un vaporizador confiable, delicioso y f\u00e1cil de usar, es la opci\u00f3n perfecta. Sin necesidad de tediosos pasos de lubricaci\u00f3n ni configuraciones complejas. Simplemente s\u00e1calo de la caja y disfruta de una experiencia interminable y duradera. As\u00ed de simple.<\/p>\n<h2 data-v-md-heading=\"excellent-performance-and-easy-operation\" data-v-md-line=\"9\">Excelente rendimiento y f\u00e1cil operaci\u00f3n.<\/h2>\n<p data-v-md-line=\"11\">Quiz\u00e1s pienses que este vaporizador tiene muchos puertos de succi\u00f3n, pero no es peque\u00f1o y su funcionamiento es relativamente complejo. Te sorprender\u00e1 gratamente lo c\u00f3modo que es sostenerlo en la mano. El secreto de su excelente sabor reside en su n\u00facleo atomizador de malla de 1.0 \u03a9. En resumen, esto significa que cada bocanada es tan pura y rica como la primera, sin ning\u00fan sabor a quemado a la mitad.<\/p>\n<p data-v-md-line=\"13\">Incluso con poca bater\u00eda, puedes usar un cable de datos tipo C est\u00e1ndar para cargarlo, igual que cargas tu tel\u00e9fono. Este dise\u00f1o sencillo te permite disfrutar al m\u00e1ximo de los 36 ml de e-l\u00edquido que compraste.<\/p>\n<h2 data-v-md-heading=\"brief-specifications\" data-v-md-line=\"15\">Especificaciones breves<\/h2>\n<p data-v-md-line=\"17\"><strong>N\u00famero de puertos de succi\u00f3n:<\/strong>\u00a0hasta 36000 puertos<\/p>\n<p data-v-md-line=\"19\"><strong>Concentraci\u00f3n de nicotina:<\/strong>\u00a0Disponible en cuatro opciones de concentraci\u00f3n: 0%, 2%, 3% y 5%.<\/p>\n<p data-v-md-line=\"21\"><strong>Uso:<\/strong>\u00a0Inhalar para activar<\/p>\n<p data-v-md-line=\"23\"><strong>M\u00e9todo de carga:<\/strong>\u00a0Interfaz USB tipo C est\u00e1ndar<\/p>\n<p data-v-md-line=\"25\"><strong>Estado:<\/strong>\u00a0Listo para usar nada m\u00e1s sacarlo de la caja<\/p>\n<h2 data-v-md-heading=\"complete-flavor-lineup\" data-v-md-line=\"27\">L\u00ednea completa de sabores<\/h2>\n<ul data-v-md-line=\"29\">\n<li>Watermelon Ice<\/li>\n<li>Sand\u00eda fresa<\/li>\n<li>Strawberry kiwi fruit<\/li>\n<li>Mango fresa<\/li>\n<li>Fresa y pl\u00e1tano<\/li>\n<li>Drag\u00f3n Negro de Hielo<\/li>\n<li>Grape Ice<\/li>\n<li>Pista de hielo azul<\/li>\n<li>Blueberries and raspberries<\/li>\n<li>Frutas mixtas<\/li>\n<li>El hombre de la sand\u00eda<\/li>\n<li>Triple baya<\/li>\n<\/ul>\n<h2 data-v-md-heading=\"tailored-for-you-and-your-business\" data-v-md-line=\"42\">Dise\u00f1ado para usted y su negocio<\/h2>\n<p data-v-md-line=\"44\">Bang 36000 est\u00e1 disponible para compra individual, y si eres empresario, tambi\u00e9n puedes comprarlo al por mayor. Ofrecemos empaques al por mayor de 160 unidades, lo que lo hace irresistible para tus clientes.<\/p>\n<p data-v-md-line=\"46\">Hacemos que comprar sea tan f\u00e1cil como usarlo. Gracias a que colaboramos con socios DDP (Entrega con Derechos Pagados) de confianza, como UPS, DPD y DHL, para env\u00edos a toda Europa, no tendr\u00e1 que preocuparse por problemas aduaneros con su pedido. Ofrecemos servicios sencillos y fiables.<\/p>\n<h2 data-v-md-heading=\"reasons-why-you-will-like-it\" data-v-md-line=\"48\">Razones por las que te gustar\u00e1<\/h2>\n<p data-v-md-line=\"50\"><strong>Bater\u00eda de ultra larga duraci\u00f3n:<\/strong>\u00a0Duradero y de larga duraci\u00f3n, ahorr\u00e1ndole dinero y energ\u00eda.<\/p>\n<p data-v-md-line=\"52\"><strong>Selecci\u00f3n de la concentraci\u00f3n de nicotina:<\/strong>\u00a0Podr\u00e1s elegir la concentraci\u00f3n de nicotina que m\u00e1s te convenga.<\/p>\n<p data-v-md-line=\"54\"><strong>Recargable:<\/strong>\u00a0permite aprovechar hasta la \u00faltima gota de e-l\u00edquido.<\/p>\n<p data-v-md-line=\"56\"><strong>N\u00facleo atomizador de malla:<\/strong>\u00a0Puede aportar un sabor suave y rico en todo momento.<\/p>\n<p data-v-md-line=\"58\"><strong>F\u00e1cil de usar:<\/strong>\u00a0No se necesitan botones ni configuraciones. Solo \u00e1brelo y disfr\u00fatalo.<\/p>\n<h2 data-v-md-heading=\"why-choose-to-collaborate-with-agoravape\" data-v-md-line=\"60\">Why choose to collaborate with AgoraVape?<\/h2>\n<p data-v-md-line=\"62\">Como uno de los distribuidores de vapeo m\u00e1s confiables de Europa, solo vendemos productos 100 % genuinos. Para nuestros clientes corporativos, esto significa que los vapeadores Bang 36000 Puffs ofrecen precios al por mayor con descuento, excelente soporte t\u00e9cnico y entregas r\u00e1pidas y confiables. Cont\u00e1ctenos de inmediato y compre este producto. Sus clientes lo agradecer\u00e1n.<\/p>\n<p><script src=\"chrome-extension:\/\/fpelahbljekknahkcaegamhcndkfpfnc\/iFrame.js\" type=\"text\/javascript\"><\/script><\/p>","protected":false},"excerpt":{"rendered":"<p>&nbsp;<\/p>\n<p><script src=\"chrome-extension:\/\/fpelahbljekknahkcaegamhcndkfpfnc\/iFrame.js\" type=\"text\/javascript\"><\/script><\/p>\n<p><script src=\"chrome-extension:\/\/fpelahbljekknahkcaegamhcndkfpfnc\/iFrame.js\" type=\"text\/javascript\"><\/script><\/p>","protected":false},"featured_media":19398,"comment_status":"open","ping_status":"closed","template":"","meta":[],"product_brand":[197],"product_cat":[124,187,185,189,123,174,175,193,191,173,186,180,190],"product_tag":[],"class_list":{"0":"post-19379","1":"product","2":"type-product","3":"status-publish","4":"has-post-thumbnail","6":"product_brand-bang","7":"product_cat-vape-by-brand","8":"product_cat-0mg-nicotine-free-vapes","9":"product_cat-10000-puffs-high-capacity","10":"product_cat-20mg-standard-nicotine-vapes","11":"product_cat-bang","12":"product_cat-fruit-flavors","13":"product_cat-icy-mint","14":"product_cat-mesh-coil","15":"product_cat-rechargeable-disposables","16":"product_cat-vape-by-flavor-profile","17":"product_cat-vape-by-nicotine-strength","18":"product_cat-vape-by-puff-count","19":"product_cat-vape-by-feature-or-type","21":"first","22":"instock","23":"shipping-taxable","24":"purchasable","25":"product-type-variable","26":"has-default-attributes"},"tiered_pricing_type":"percentage","tiered_pricing_fixed_rules":[],"tiered_pricing_product_settings":{"layout":"default","base_unit_name":{"singular":null,"plural":null},"default_variation":null},"tiered_pricing_minimum_quantity":10,"tiered_pricing_roles_data":[],"tiered_pricing_percentage_rules":{"30":"29","50":"35","100":"40","200":"44","500":"47","1000":"49"},"tiered_pricing_maximum_quantity":null,"tiered_pricing_quantity_step":"10","_links":{"self":[{"href":"https:\/\/agoravape.com\/es\/wp-json\/wp\/v2\/product\/19379","targetHints":{"allow":["GET"]}}],"collection":[{"href":"https:\/\/agoravape.com\/es\/wp-json\/wp\/v2\/product"}],"about":[{"href":"https:\/\/agoravape.com\/es\/wp-json\/wp\/v2\/types\/product"}],"replies":[{"embeddable":true,"href":"https:\/\/agoravape.com\/es\/wp-json\/wp\/v2\/comments?post=19379"}],"version-history":[{"count":0,"href":"https:\/\/agoravape.com\/es\/wp-json\/wp\/v2\/product\/19379\/revisions"}],"wp:featuredmedia":[{"embeddable":true,"href":"https:\/\/agoravape.com\/es\/wp-json\/wp\/v2\/media\/19398"}],"wp:attachment":[{"href":"https:\/\/agoravape.com\/es\/wp-json\/wp\/v2\/media?parent=19379"}],"wp:term":[{"taxonomy":"product_brand","embeddable":true,"href":"https:\/\/agoravape.com\/es\/wp-json\/wp\/v2\/product_brand?post=19379"},{"taxonomy":"product_cat","embeddable":true,"href":"https:\/\/agoravape.com\/es\/wp-json\/wp\/v2\/product_cat?post=19379"},{"taxonomy":"product_tag","embeddable":true,"href":"https:\/\/agoravape.com\/es\/wp-json\/wp\/v2\/product_tag?post=19379"}],"curies":[{"name":"wp","href":"https:\/\/api.w.org\/{rel}","templated":true}]}}