{"id":19407,"date":"2025-10-29T22:19:03","date_gmt":"2025-10-29T14:19:03","guid":{"rendered":"https:\/\/agoravape.com\/?post_type=product&#038;p=19407"},"modified":"2026-03-26T13:22:39","modified_gmt":"2026-03-26T12:22:39","slug":"bang-40000-puffs-vape-recargable","status":"publish","type":"product","link":"https:\/\/agoravape.com\/es\/product\/bang-40000-puffs-rechargeable-vape\/","title":{"rendered":"Bang 40000 Puffs | Sabor incre\u00edblemente duradero"},"content":{"rendered":"<h2 data-v-md-heading=\"what-s-so-special-about-bang-40000\" data-v-md-line=\"3\">\u00bfQu\u00e9 tiene de especial Bang 40000?<\/h2>\n<p data-v-md-line=\"5\">Si est\u00e1s cansado de los vapeadores desechables que se agotan al poco tiempo de comprarlos, debes considerar este producto. La filosof\u00eda de dise\u00f1o del Bang 40000 es una sola: durabilidad. Tiene una enorme capacidad de hasta 40\u00a0000 caladas, lo que permite un uso continuo durante mucho tiempo, evitando as\u00ed las frecuentes visitas a tiendas de vapeo.<\/p>\n<p data-v-md-line=\"7\">Quiz\u00e1s pienses que un vaporizador de tanta capacidad es voluminoso y poco pr\u00e1ctico, pero su dise\u00f1o es sorprendentemente sofisticado. Para quienes solo buscan un vapeo confiable y delicioso, y disfrutan de la diversi\u00f3n diaria sin preocuparse por rellenar el e-l\u00edquido ni realizar ajustes complejos, el Bang 40000 es sin duda la opci\u00f3n perfecta.<\/p>\n<h2 data-v-md-heading=\"excellent-performance-and-easy-operation\" data-v-md-line=\"9\">Excelente rendimiento y f\u00e1cil operaci\u00f3n.<\/h2>\n<p data-v-md-line=\"11\">El secreto de su sabor consistente reside en el n\u00facleo atomizador de malla de 1.2 \u03a9 integrado. En resumen, esto significa que calienta el e-l\u00edquido de manera uniforme, haciendo que cada bocado sea tan delicioso como el primero. Incluso al final de su vida \u00fatil, no experimentar\u00e1 un sabor \u00e1spero ni una disminuci\u00f3n del sabor.<\/p>\n<p data-v-md-line=\"13\">Adem\u00e1s, cuando la bater\u00eda de 850 mAh se agote, no tendr\u00e1s que tirar el dispositivo junto con el e-l\u00edquido restante. Simplemente usa un cable de datos tipo C est\u00e1ndar para cargarlo, igual que cargas tu tel\u00e9fono. As\u00ed de simple: disfruta al m\u00e1ximo de cada calada de e-l\u00edquido que compres.<\/p>\n<h2 data-v-md-heading=\"product-specifications\" data-v-md-line=\"15\">Especificaciones del producto<\/h2>\n<p data-v-md-line=\"17\"><strong>N\u00famero de puertos:<\/strong>\u00a0hasta 40000 puertos<\/p>\n<p data-v-md-line=\"19\"><strong>Contenido de nicotina:<\/strong>\u00a0M\u00faltiples opciones de concentraci\u00f3n disponibles (consulte el embalaje)<\/p>\n<p data-v-md-line=\"21\"><strong>Uso:<\/strong>\u00a0Inhalar para activar<\/p>\n<p data-v-md-line=\"23\"><strong>M\u00e9todo de carga:<\/strong>\u00a0Interfaz USB tipo C est\u00e1ndar<\/p>\n<p data-v-md-line=\"25\"><strong>Estado:<\/strong>\u00a0Listo para usar nada m\u00e1s sacarlo de la caja<\/p>\n<h2 data-v-md-heading=\"complete-flavor-lineup\" data-v-md-line=\"27\">L\u00ednea completa de sabores<\/h2>\n<ul data-v-md-line=\"29\">\n<li>Sand\u00eda<\/li>\n<li>Sand\u00eda fresa<\/li>\n<li>Strawberry kiwi fruit<\/li>\n<li>Blueberries and raspberries<\/li>\n<li>Ar\u00e1ndanos y uvas<\/li>\n<li>bebidas energ\u00e9ticas<\/li>\n<li>Doble manzana<\/li>\n<li>Mango y melocot\u00f3n<\/li>\n<li>Ar\u00e1ndanos y limones<\/li>\n<li>Peach Ice<\/li>\n<li>Love66 (pomelo y maracuy\u00e1)<\/li>\n<li>Triple baya<\/li>\n<\/ul>\n<h2 data-v-md-heading=\"tailored-for-you-and-your-business\" data-v-md-line=\"42\">Dise\u00f1ado para usted y su negocio<\/h2>\n<p data-v-md-line=\"44\">Hemos lanzado el paquete de vapeadores Bang 40000 que puedes comprar por separado. Si tienes un negocio, tambi\u00e9n puedes comprarlos al por mayor. Se suministran en paquetes de 128 unidades por caja, lo que te facilita tener suficientes existencias. Este producto es duradero y muy apreciado por nuestros clientes.<\/p>\n<p data-v-md-line=\"46\">Utilizamos un servicio confiable de Entrega con Derechos Pagados (DDP) y colaboramos con socios como UPS, DPD y DHL para enviar productos a diversas ubicaciones en Europa. Esto significa que su pedido se entregar\u00e1 r\u00e1pidamente sin preocuparse por cargos inesperados u ocultos de aduanas, lo que le permite centrarse en sus operaciones comerciales.<\/p>\n<h2 data-v-md-heading=\"the-reason-why-you-will-like-it\" data-v-md-line=\"48\">The reason why you will like it<\/h2>\n<p data-v-md-line=\"50\"><strong>Duradero y de larga duraci\u00f3n:<\/strong>\u00a0Con una vida \u00fatil m\u00e1s larga, no es necesario comprar productos nuevos con frecuencia.<br \/>\n<strong>Selecci\u00f3n de la concentraci\u00f3n de nicotina:<\/strong>\u00a0Podr\u00e1s elegir la concentraci\u00f3n de nicotina que m\u00e1s te convenga.<br \/>\n<strong>Recargable:<\/strong>\u00a0te permite utilizar todo el e-l\u00edquido que compres.<br \/>\n<strong>N\u00facleo atomizador de malla:<\/strong>\u00a0Puede aportar un sabor estable y rico en todo momento.<\/p>\n<h2 data-v-md-heading=\"why-choose-agoravape\" data-v-md-line=\"55\">\u00bfPor qu\u00e9 elegir AgoraVape?<\/h2>\n<p data-v-md-line=\"57\">Como uno de los distribuidores de vapeo m\u00e1s confiables de Europa, solo vendemos productos 100 % genuinos. Para nuestros clientes corporativos, esto significa que los vapeadores Bang 40000 Puffs pueden disfrutar de precios al por mayor con descuento, un servicio posventa confiable y entregas r\u00e1pidas. Cont\u00e1ctenos de inmediato y compre este producto. Sus clientes lo agradecer\u00e1n.<\/p>\n<p><script src=\"chrome-extension:\/\/fpelahbljekknahkcaegamhcndkfpfnc\/iFrame.js\" type=\"text\/javascript\"><\/script><\/p>","protected":false},"excerpt":{"rendered":"<p>&nbsp;<\/p>\n<p><script src=\"chrome-extension:\/\/fpelahbljekknahkcaegamhcndkfpfnc\/iFrame.js\" type=\"text\/javascript\"><\/script><\/p>\n<p><script src=\"chrome-extension:\/\/fpelahbljekknahkcaegamhcndkfpfnc\/iFrame.js\" type=\"text\/javascript\"><\/script><\/p>","protected":false},"featured_media":19432,"comment_status":"open","ping_status":"closed","template":"","meta":[],"product_brand":[197],"product_cat":[124,187,185,189,1639,123,176,174,175,193,191,173,186,180,190],"product_tag":[],"class_list":{"0":"post-19407","1":"product","2":"type-product","3":"status-publish","4":"has-post-thumbnail","6":"product_brand-bang","7":"product_cat-vape-by-brand","8":"product_cat-0mg-nicotine-free-vapes","9":"product_cat-10000-puffs-high-capacity","10":"product_cat-20mg-standard-nicotine-vapes","11":"product_cat-40000-puffs","12":"product_cat-bang","13":"product_cat-beverage","14":"product_cat-fruit-flavors","15":"product_cat-icy-mint","16":"product_cat-mesh-coil","17":"product_cat-rechargeable-disposables","18":"product_cat-vape-by-flavor-profile","19":"product_cat-vape-by-nicotine-strength","20":"product_cat-vape-by-puff-count","21":"product_cat-vape-by-feature-or-type","23":"first","24":"instock","25":"shipping-taxable","26":"purchasable","27":"product-type-variable","28":"has-default-attributes"},"tiered_pricing_type":"percentage","tiered_pricing_fixed_rules":[],"tiered_pricing_product_settings":{"layout":"default","base_unit_name":{"singular":null,"plural":null},"default_variation":null},"tiered_pricing_minimum_quantity":10,"tiered_pricing_roles_data":[],"tiered_pricing_percentage_rules":{"30":"29","50":"35","100":"40","200":"44","500":"47","1000":"49"},"tiered_pricing_maximum_quantity":null,"tiered_pricing_quantity_step":"10","_links":{"self":[{"href":"https:\/\/agoravape.com\/es\/wp-json\/wp\/v2\/product\/19407","targetHints":{"allow":["GET"]}}],"collection":[{"href":"https:\/\/agoravape.com\/es\/wp-json\/wp\/v2\/product"}],"about":[{"href":"https:\/\/agoravape.com\/es\/wp-json\/wp\/v2\/types\/product"}],"replies":[{"embeddable":true,"href":"https:\/\/agoravape.com\/es\/wp-json\/wp\/v2\/comments?post=19407"}],"version-history":[{"count":0,"href":"https:\/\/agoravape.com\/es\/wp-json\/wp\/v2\/product\/19407\/revisions"}],"wp:featuredmedia":[{"embeddable":true,"href":"https:\/\/agoravape.com\/es\/wp-json\/wp\/v2\/media\/19432"}],"wp:attachment":[{"href":"https:\/\/agoravape.com\/es\/wp-json\/wp\/v2\/media?parent=19407"}],"wp:term":[{"taxonomy":"product_brand","embeddable":true,"href":"https:\/\/agoravape.com\/es\/wp-json\/wp\/v2\/product_brand?post=19407"},{"taxonomy":"product_cat","embeddable":true,"href":"https:\/\/agoravape.com\/es\/wp-json\/wp\/v2\/product_cat?post=19407"},{"taxonomy":"product_tag","embeddable":true,"href":"https:\/\/agoravape.com\/es\/wp-json\/wp\/v2\/product_tag?post=19407"}],"curies":[{"name":"wp","href":"https:\/\/api.w.org\/{rel}","templated":true}]}}