{"id":19458,"date":"2025-10-30T10:15:31","date_gmt":"2025-10-30T02:15:31","guid":{"rendered":"https:\/\/agoravape.com\/?post_type=product&#038;p=19458"},"modified":"2026-01-30T17:05:21","modified_gmt":"2026-01-30T09:05:21","slug":"bang-blaze-20000-caladas-vape","status":"publish","type":"product","link":"https:\/\/agoravape.com\/es\/product\/bang-blaze-20000-puffs-vape\/","title":{"rendered":"Bang Blaze 20000 caladas | Gran capacidad, simplificado"},"content":{"rendered":"<h2 data-v-md-heading=\"what-is-special-about-bang-blaze-20000\" data-v-md-line=\"3\"><img loading=\"lazy\" decoding=\"async\" class=\"size-full wp-image-19472 alignright\" src=\"https:\/\/agoravape.com\/wp-content\/uploads\/2025\/10\/Bang-Blaze-20000-Puffs-Massive-Capacity-Made-Simple_Agora_vape-1-scaled.webp\" alt=\"\" width=\"1434\" height=\"2560\" srcset=\"https:\/\/agoravape.com\/wp-content\/uploads\/2025\/10\/Bang-Blaze-20000-Puffs-Massive-Capacity-Made-Simple_Agora_vape-1-scaled.webp 1434w, https:\/\/agoravape.com\/wp-content\/uploads\/2025\/10\/Bang-Blaze-20000-Puffs-Massive-Capacity-Made-Simple_Agora_vape-1-scaled-1200x2142.webp 1200w, https:\/\/agoravape.com\/wp-content\/uploads\/2025\/10\/Bang-Blaze-20000-Puffs-Massive-Capacity-Made-Simple_Agora_vape-1-168x300.webp 168w, https:\/\/agoravape.com\/wp-content\/uploads\/2025\/10\/Bang-Blaze-20000-Puffs-Massive-Capacity-Made-Simple_Agora_vape-1-574x1024.webp 574w, https:\/\/agoravape.com\/wp-content\/uploads\/2025\/10\/Bang-Blaze-20000-Puffs-Massive-Capacity-Made-Simple_Agora_vape-1-768x1371.webp 768w, https:\/\/agoravape.com\/wp-content\/uploads\/2025\/10\/Bang-Blaze-20000-Puffs-Massive-Capacity-Made-Simple_Agora_vape-1-860x1536.webp 860w, https:\/\/agoravape.com\/wp-content\/uploads\/2025\/10\/Bang-Blaze-20000-Puffs-Massive-Capacity-Made-Simple_Agora_vape-1-1147x2048.webp 1147w\" sizes=\"auto, (max-width: 1434px) 100vw, 1434px\" \/><\/h2>\n<h2 data-v-md-heading=\"what-is-special-about-bang-blaze-20000\" data-v-md-line=\"3\">\u00bfQu\u00e9 tiene de especial Bang Blaze 20000?<\/h2>\n<p data-v-md-line=\"5\">Si est\u00e1s cansado de los vapeadores desechables que se quedan sin bater\u00eda a la mitad de la semana, debes echarle un vistazo a este producto. El concepto de dise\u00f1o del Bang Blaze 20000 es solo uno: durabilidad. Tiene una enorme capacidad de hasta 20000 puertos, lo que te permite disfrutar de una experiencia duradera. Para quienes buscan un vapeador confiable, delicioso y f\u00e1cil de usar, es la opci\u00f3n ideal. Listo para usar desde el primer momento, sin necesidad de operaciones complicadas.<\/p>\n<p data-v-md-line=\"7\">Quiz\u00e1s pienses que un vaporizador de tanta capacidad es voluminoso, pero te sorprender\u00e1 su exquisito tama\u00f1o y facilidad de transporte. Es un dispositivo sencillo y pr\u00e1ctico, dise\u00f1ado para quienes saben exactamente lo que buscan: un vaporizador fiable y duradero. Algunos modelos incluso cuentan con pr\u00e1cticas pantallas peque\u00f1as que muestran el nivel de bater\u00eda y el e-l\u00edquido restante, lo que te permite controlar el estado de la bater\u00eda en cualquier momento.<\/p>\n<h2 data-v-md-heading=\"excellent-performance-and-easy-operation\" data-v-md-line=\"9\">Excelente rendimiento y f\u00e1cil operaci\u00f3n.<\/h2>\n<p data-v-md-line=\"11\">El secreto de su excelente sabor reside en su n\u00facleo atomizador de malla integrado. En resumen, calienta el e-l\u00edquido de forma m\u00e1s uniforme, garantizando que cada bocado sea tan delicioso como el primero. No sentir\u00e1 un sabor a quemado, solo una textura suave y uniforme. De principio a fin, el sabor es rico y suave.<\/p>\n<p data-v-md-line=\"13\">Incluso con poca bater\u00eda, puedes usar un cable de datos tipo C est\u00e1ndar para cargarlo, igual que cargas tu tel\u00e9fono. Aunque es un peque\u00f1o detalle, ya no tendr\u00e1s que preocuparte por encontrar un cable de datos espec\u00edfico. Simple y pr\u00e1ctico.<\/p>\n<h2 data-v-md-heading=\"product-specifications\" data-v-md-line=\"15\">Especificaciones del producto<\/h2>\n<p data-v-md-line=\"17\"><strong>Frecuencia de fumar:<\/strong>\u00a0hasta 20000 bocanadas<\/p>\n<p data-v-md-line=\"19\"><strong>Concentraci\u00f3n de nicotina:<\/strong>\u00a0Disponible en cuatro opciones de concentraci\u00f3n: 0%, 2%, 3% y 5%.<\/p>\n<p data-v-md-line=\"21\"><strong>Uso:<\/strong>\u00a0Inhalar para activar<\/p>\n<p data-v-md-line=\"23\"><strong>M\u00e9todo de carga:<\/strong>\u00a0Interfaz USB tipo C est\u00e1ndar<\/p>\n<p data-v-md-line=\"25\"><strong>Estado:<\/strong>\u00a0Listo para usar nada m\u00e1s sacarlo de la caja<\/p>\n<h2 data-v-md-heading=\"complete-flavor-lineup\" data-v-md-line=\"27\">L\u00ednea completa de sabores<\/h2>\n<ul data-v-md-line=\"29\">\n<li>Sabor a sand\u00eda<\/li>\n<li>Sabor a fresa y sand\u00eda<\/li>\n<li>Sabor a helado de ar\u00e1ndanos<\/li>\n<li>Sabor a ar\u00e1ndano y frambuesa<\/li>\n<li>Sabor a helado de fresa<\/li>\n<li>Sabor a fruta extra\u00f1a de fresa<\/li>\n<li>Sabor a mango, melocot\u00f3n y sand\u00eda.<\/li>\n<li>Sabor a kiwi, maracuy\u00e1 y guayaba<\/li>\n<li>Sabor a helado de melocot\u00f3n<\/li>\n<li>Sabor a frutos rojos mixtos<\/li>\n<li>Sabor a ar\u00e1ndanos y uva<\/li>\n<li>Chicle con sabor a sand\u00eda<\/li>\n<\/ul>\n<h2 data-v-md-heading=\"tailored-for-you-and-your-business\" data-v-md-line=\"42\">Dise\u00f1ado para usted y su negocio<\/h2>\n<p data-v-md-line=\"44\">Bang Blaze 20000 ya est\u00e1 disponible para compra personal, y si tienes un negocio, tambi\u00e9n puedes comprarlo al por mayor. Se suministra en cajas de 10 unidades y en cajas grandes de 200 unidades, lo que te facilita colocar productos de alta calidad en los estantes.<\/p>\n<p data-v-md-line=\"46\">Colaboramos con socios log\u00edsticos de confianza como UPS, DPD y DHL para gestionar todos los aspectos log\u00edsticos. Todos los productos se env\u00edan con entrega con derechos pagados (DDP), por lo que no tendr\u00e1 que preocuparse por los aranceles aduaneros. Nos comprometemos a ofrecerle un proceso sencillo y fiable, permiti\u00e9ndole obtener f\u00e1cilmente productos aut\u00e9nticos y populares.<\/p>\n<h2 data-v-md-heading=\"reasons-why-you-will-like-it\" data-v-md-line=\"48\">Razones por las que te gustar\u00e1<\/h2>\n<p data-v-md-line=\"50\"><strong>Bater\u00eda de ultra larga duraci\u00f3n:<\/strong>\u00a0Duradero y de larga duraci\u00f3n, sin necesidad de compras frecuentes.<\/p>\n<p data-v-md-line=\"52\"><strong>Selecci\u00f3n de la concentraci\u00f3n de nicotina:<\/strong>\u00a0Podr\u00e1s elegir la concentraci\u00f3n de nicotina que m\u00e1s te convenga, desde sin nicotina hasta con 5% de nicotina.<\/p>\n<p data-v-md-line=\"54\"><strong>Recargable:<\/strong>\u00a0te permite aprovechar hasta la \u00faltima gota de e-l\u00edquido que compres.<\/p>\n<p data-v-md-line=\"56\"><strong>N\u00facleo atomizador de malla:<\/strong>\u00a0Puede aportar un sabor estable y rico en todo momento.<\/p>\n<h2 data-v-md-heading=\"why-choose-to-collaborate-with-agoravape\" data-v-md-line=\"58\">Why choose to collaborate with AgoraVape?<\/h2>\n<p data-v-md-line=\"60\">Como uno de los distribuidores de vapeo m\u00e1s confiables de Europa, solo vendemos productos 100 % genuinos. Para nuestros clientes corporativos, esto significa descuentos de Bang Blaze de 20\u00a0000 sobre el precio al por mayor, soporte t\u00e9cnico integral y entregas r\u00e1pidas y fiables. Cont\u00e1ctenos de inmediato para que sus clientes realmente aprecien los productos que ofrece.<\/p>\n<p><script src=\"chrome-extension:\/\/fpelahbljekknahkcaegamhcndkfpfnc\/iFrame.js\" type=\"text\/javascript\"><\/script><\/p>","protected":false},"excerpt":{"rendered":"<p>&nbsp;<\/p>\n<p><script src=\"chrome-extension:\/\/fpelahbljekknahkcaegamhcndkfpfnc\/iFrame.js\" type=\"text\/javascript\"><\/script><\/p>\n<p><script src=\"chrome-extension:\/\/fpelahbljekknahkcaegamhcndkfpfnc\/iFrame.js\" type=\"text\/javascript\"><\/script><\/p>\n<p><script src=\"chrome-extension:\/\/fpelahbljekknahkcaegamhcndkfpfnc\/iFrame.js\" type=\"text\/javascript\"><\/script><\/p>\n<p><script src=\"chrome-extension:\/\/fpelahbljekknahkcaegamhcndkfpfnc\/iFrame.js\" type=\"text\/javascript\"><\/script><\/p>","protected":false},"featured_media":19483,"comment_status":"open","ping_status":"closed","template":"","meta":[],"product_brand":[197],"product_cat":[124,187,185,1636,189,123,174,175,193,191,173,186,180,190],"product_tag":[],"class_list":{"0":"post-19458","1":"product","2":"type-product","3":"status-publish","4":"has-post-thumbnail","6":"product_brand-bang","7":"product_cat-vape-by-brand","8":"product_cat-0mg-nicotine-free-vapes","9":"product_cat-10000-puffs-high-capacity","10":"product_cat-20000-puffs","11":"product_cat-20mg-standard-nicotine-vapes","12":"product_cat-bang","13":"product_cat-fruit-flavors","14":"product_cat-icy-mint","15":"product_cat-mesh-coil","16":"product_cat-rechargeable-disposables","17":"product_cat-vape-by-flavor-profile","18":"product_cat-vape-by-nicotine-strength","19":"product_cat-vape-by-puff-count","20":"product_cat-vape-by-feature-or-type","22":"first","23":"onbackorder","24":"shipping-taxable","25":"purchasable","26":"product-type-variable","27":"has-default-attributes"},"tiered_pricing_type":"percentage","tiered_pricing_fixed_rules":[],"tiered_pricing_product_settings":{"layout":"default","base_unit_name":{"singular":null,"plural":null},"default_variation":null},"tiered_pricing_minimum_quantity":10,"tiered_pricing_roles_data":[],"tiered_pricing_percentage_rules":{"30":"29","50":"35","100":"40","200":"44","500":"47","1000":"49"},"tiered_pricing_maximum_quantity":null,"tiered_pricing_quantity_step":"10","_links":{"self":[{"href":"https:\/\/agoravape.com\/es\/wp-json\/wp\/v2\/product\/19458","targetHints":{"allow":["GET"]}}],"collection":[{"href":"https:\/\/agoravape.com\/es\/wp-json\/wp\/v2\/product"}],"about":[{"href":"https:\/\/agoravape.com\/es\/wp-json\/wp\/v2\/types\/product"}],"replies":[{"embeddable":true,"href":"https:\/\/agoravape.com\/es\/wp-json\/wp\/v2\/comments?post=19458"}],"version-history":[{"count":0,"href":"https:\/\/agoravape.com\/es\/wp-json\/wp\/v2\/product\/19458\/revisions"}],"wp:featuredmedia":[{"embeddable":true,"href":"https:\/\/agoravape.com\/es\/wp-json\/wp\/v2\/media\/19483"}],"wp:attachment":[{"href":"https:\/\/agoravape.com\/es\/wp-json\/wp\/v2\/media?parent=19458"}],"wp:term":[{"taxonomy":"product_brand","embeddable":true,"href":"https:\/\/agoravape.com\/es\/wp-json\/wp\/v2\/product_brand?post=19458"},{"taxonomy":"product_cat","embeddable":true,"href":"https:\/\/agoravape.com\/es\/wp-json\/wp\/v2\/product_cat?post=19458"},{"taxonomy":"product_tag","embeddable":true,"href":"https:\/\/agoravape.com\/es\/wp-json\/wp\/v2\/product_tag?post=19458"}],"curies":[{"name":"wp","href":"https:\/\/api.w.org\/{rel}","templated":true}]}}