{"id":19485,"date":"2025-10-30T10:34:52","date_gmt":"2025-10-30T02:34:52","guid":{"rendered":"https:\/\/agoravape.com\/?post_type=product&#038;p=19485"},"modified":"2026-01-13T01:03:16","modified_gmt":"2026-01-12T17:03:16","slug":"bang-blaze-bk40s-40000-caladas-doble-sabor","status":"publish","type":"product","link":"https:\/\/agoravape.com\/es\/product\/bang-blaze-bk40s-40000-puffs-dual-flavor\/","title":{"rendered":"Bang Blaze BK40S 40000 inhalaciones | Dos sabores en uno, sin complicaciones"},"content":{"rendered":"<h2 data-v-md-heading=\"what-is-the-special-feature-of-bang-blaze-bk40s-40000-dual-flavored-vape\" data-v-md-line=\"3\"><img loading=\"lazy\" decoding=\"async\" class=\"size-full wp-image-19499 alignright\" src=\"https:\/\/agoravape.com\/wp-content\/uploads\/2025\/10\/Bang-Blaze-BK40S-40000-Puffs-Two-Flavours-in-One-Zero-Hassle_Agora_vape-1-scaled.webp\" alt=\"\" width=\"828\" height=\"2560\" srcset=\"https:\/\/agoravape.com\/wp-content\/uploads\/2025\/10\/Bang-Blaze-BK40S-40000-Puffs-Two-Flavours-in-One-Zero-Hassle_Agora_vape-1-scaled.webp 828w, https:\/\/agoravape.com\/wp-content\/uploads\/2025\/10\/Bang-Blaze-BK40S-40000-Puffs-Two-Flavours-in-One-Zero-Hassle_Agora_vape-1-97x300.webp 97w, https:\/\/agoravape.com\/wp-content\/uploads\/2025\/10\/Bang-Blaze-BK40S-40000-Puffs-Two-Flavours-in-One-Zero-Hassle_Agora_vape-1-331x1024.webp 331w, https:\/\/agoravape.com\/wp-content\/uploads\/2025\/10\/Bang-Blaze-BK40S-40000-Puffs-Two-Flavours-in-One-Zero-Hassle_Agora_vape-1-497x1536.webp 497w, https:\/\/agoravape.com\/wp-content\/uploads\/2025\/10\/Bang-Blaze-BK40S-40000-Puffs-Two-Flavours-in-One-Zero-Hassle_Agora_vape-1-662x2048.webp 662w, https:\/\/agoravape.com\/wp-content\/uploads\/2025\/10\/Bang-Blaze-BK40S-40000-Puffs-Two-Flavours-in-One-Zero-Hassle_Agora_vape-1-1200x3712.webp 1200w\" sizes=\"auto, (max-width: 828px) 100vw, 828px\" \/><\/h2>\n<h2 data-v-md-heading=\"what-is-the-special-feature-of-bang-blaze-bk40s-40000-dual-flavored-vape\" data-v-md-line=\"3\">\u00bfCu\u00e1l es la caracter\u00edstica especial del vaporizador de doble sabor Bang Blaze BK40S 40000?<\/h2>\n<p data-v-md-line=\"5\">Bien, hablemos del aburrimiento. Compraste un vaporizador desechable de gran capacidad con la esperanza de que durara mucho tiempo, pero despu\u00e9s de unos d\u00edas, te cansar\u00e1s del mismo sabor. En ese punto, el Bang Blaze BK40S te vino de maravilla. Este dispositivo revoluciona la experiencia tradicional del vapeo al combinar dos sabores completamente diferentes y exquisitos en uno solo. \u00bfQuieres un cambio de sabor? Simplemente presiona el interruptor suavemente.<\/p>\n<p data-v-md-line=\"7\">Para quienes disfrutan de sabores variados pero no quieren llevar dos dispositivos consigo, es la opci\u00f3n perfecta. Si buscas un vapeo confiable, delicioso y fresco, este producto sin duda merece tu atenci\u00f3n. Este vape est\u00e1 dise\u00f1ado para durar y ofrece una experiencia de hasta 40\u00a0000 caladas.<\/p>\n<h2 data-v-md-heading=\"excellent-performance-and-easy-operation\" data-v-md-line=\"9\">Excelente rendimiento y f\u00e1cil operaci\u00f3n.<\/h2>\n<p data-v-md-line=\"11\">Quiz\u00e1s pienses que un vaporizador con tantos puertos y dos sabores es complicado, pero en realidad es muy sencillo. El misterio reside en el dise\u00f1o de la resistencia de doble malla. Esto significa que, independientemente del sabor que elijas, cada bocado es tan delicioso como el primero: el sabor es consistente, suave y delicado, hasta el \u00faltimo bocado.<\/p>\n<p data-v-md-line=\"13\">Incluso si la bater\u00eda est\u00e1 baja, no hay de qu\u00e9 preocuparse. Simplemente usa un cable de datos tipo C est\u00e1ndar para cargar, igual que cargas tu tel\u00e9fono. Esto significa que puedes usar completamente los 40 ml de e-l\u00edquido que compraste sin dejar una sola gota. Todo est\u00e1 pensado para hacerte la vida m\u00e1s f\u00e1cil.<\/p>\n<h2 data-v-md-heading=\"quick-specifications\" data-v-md-line=\"15\">Especificaciones r\u00e1pidas<\/h2>\n<p data-v-md-line=\"17\"><strong>Frecuencia de fumar:<\/strong>\u00a0hasta 40000 bocanadas<\/p>\n<p data-v-md-line=\"19\"><strong>Concentraci\u00f3n de nicotina:<\/strong>\u00a0Disponible en tres concentraciones: 2%, 3% y 5%.<\/p>\n<p data-v-md-line=\"21\"><strong>Uso:<\/strong>\u00a0Activaci\u00f3n por inhalaci\u00f3n, que se puede cambiar mediante un simple interruptor de sabor.<\/p>\n<p data-v-md-line=\"23\"><strong>M\u00e9todo de carga:<\/strong>\u00a0Interfaz USB tipo C est\u00e1ndar<\/p>\n<p data-v-md-line=\"25\"><strong>Estado:<\/strong>\u00a0Listo para usar nada m\u00e1s sacarlo de la caja<\/p>\n<h2 data-v-md-heading=\"complete-flavor-lineup\" data-v-md-line=\"27\">L\u00ednea completa de sabores<\/h2>\n<p data-v-md-line=\"29\">La emoci\u00f3n est\u00e1 aqu\u00ed. Cada dispositivo viene preinstalado con dos sabores perfectamente combinados.<\/p>\n<ul data-v-md-line=\"31\">\n<li>Sabor a sand\u00eda\/Sabor a sand\u00eda fresa<\/li>\n<li>Sabor a helado de ar\u00e1ndano\/sabor a frambuesa y ar\u00e1ndano<\/li>\n<li>Sabor a helado de mango\/Sabor a mango y fresa<\/li>\n<li>Sabor a sand\u00eda\/Sabor a chicle de sand\u00eda<\/li>\n<li>Sabor a Pi\u00f1a Helada\/Sabor a Pi\u00f1a y Coco<\/li>\n<li>Sabor a frutas mixtas\/Sabor a tres bayas<\/li>\n<li>Sabor a helado de melocot\u00f3n\/Sabor a mango y melocot\u00f3n<\/li>\n<li>Sabor a cereza\/Sabor a cola de cereza<\/li>\n<li>Sabor a uva\/Sabor a uva y ar\u00e1ndano<\/li>\n<li>Sabor a menta\/Sabor a menta y ar\u00e1ndano<\/li>\n<li>Sabor a hielo de Black Dragon\/Sabor a Red Bull<\/li>\n<li>Sabor a helado de fresa\/Sabor a fruta extra\u00f1a de fresa<\/li>\n<\/ul>\n<h2 data-v-md-heading=\"tailored-for-you-and-your-business\" data-v-md-line=\"44\">Dise\u00f1ado para usted y su negocio<\/h2>\n<p data-v-md-line=\"46\">Bang Blaze BK40S ya est\u00e1 disponible para comprar por unidad. Si tiene un negocio, tambi\u00e9n puede comprarlo al por mayor. Ofrecemos envases al por mayor de 200 botellas\/caja, lo que le facilita ofrecer a sus clientes productos verdaderamente \u00fanicos.<\/p>\n<p data-v-md-line=\"48\">Colaboramos con socios de confianza con entrega con derechos pagados (DDP), como UPS, DPD y DHL, para transportar productos a diversas ubicaciones en Europa. Esto significa que puede recibir pedidos r\u00e1pidamente, realizar un seguimiento de la informaci\u00f3n log\u00edstica durante todo el proceso y no preocuparse por aranceles aduaneros adicionales. Todo es simple y claro, igual que los productos que vendemos.<\/p>\n<h2 data-v-md-heading=\"reasons-why-you-will-like-it\" data-v-md-line=\"50\">Razones por las que te gustar\u00e1<\/h2>\n<p data-v-md-line=\"52\"><strong>Bater\u00eda de ultra larga duraci\u00f3n:<\/strong>\u00a0Duradero y de larga duraci\u00f3n, sin necesidad de compras frecuentes.<\/p>\n<p data-v-md-line=\"54\"><strong>Sabores duales:<\/strong>\u00a0permite cambiar de sabor en cualquier momento, diciendo adi\u00f3s a la monoton\u00eda.<\/p>\n<p data-v-md-line=\"56\"><strong>Recargable:<\/strong>\u00a0Con una capacidad de bater\u00eda de 650 mAh, podr\u00e1s disfrutar plenamente del e-l\u00edquido.<\/p>\n<p data-v-md-line=\"58\"><strong>N\u00facleo atomizador de doble malla:<\/strong>\u00a0Puede aportar un sabor estable y rico en todo momento.<\/p>\n<h2 data-v-md-heading=\"why-choose-agoravape\" data-v-md-line=\"60\">\u00bfPor qu\u00e9 elegir AgoraVape?<\/h2>\n<p data-v-md-line=\"62\">Como uno de los distribuidores de vapeo m\u00e1s confiables de Europa, solo vendemos productos 100 % genuinos. Para nuestros clientes corporativos, esto significa que Bang Blaze BK40S ofrece precios de mayorista con descuento, soporte t\u00e9cnico integral y entregas r\u00e1pidas y confiables. Cont\u00e1ctanos para que tus clientes realmente aprecien tus productos.<\/p>","protected":false},"excerpt":{"rendered":"<p>&nbsp;<\/p>\n<p><script src=\"chrome-extension:\/\/fpelahbljekknahkcaegamhcndkfpfnc\/iFrame.js\" type=\"text\/javascript\"><\/script><\/p>\n<p><script src=\"chrome-extension:\/\/fpelahbljekknahkcaegamhcndkfpfnc\/iFrame.js\" type=\"text\/javascript\"><\/script><\/p>\n<p><script src=\"chrome-extension:\/\/fpelahbljekknahkcaegamhcndkfpfnc\/iFrame.js\" type=\"text\/javascript\"><\/script><\/p>","protected":false},"featured_media":19509,"comment_status":"open","ping_status":"closed","template":"","meta":[],"product_brand":[197],"product_cat":[124,187,185,189,1639,123,176,195,174,175,193,191,173,186,180,190],"product_tag":[],"class_list":{"0":"post-19485","1":"product","2":"type-product","3":"status-publish","4":"has-post-thumbnail","6":"product_brand-bang","7":"product_cat-vape-by-brand","8":"product_cat-0mg-nicotine-free-vapes","9":"product_cat-10000-puffs-high-capacity","10":"product_cat-20mg-standard-nicotine-vapes","11":"product_cat-40000-puffs","12":"product_cat-bang","13":"product_cat-beverage","14":"product_cat-dual-flavor-switch","15":"product_cat-fruit-flavors","16":"product_cat-icy-mint","17":"product_cat-mesh-coil","18":"product_cat-rechargeable-disposables","19":"product_cat-vape-by-flavor-profile","20":"product_cat-vape-by-nicotine-strength","21":"product_cat-vape-by-puff-count","22":"product_cat-vape-by-feature-or-type","24":"first","25":"instock","26":"shipping-taxable","27":"purchasable","28":"product-type-variable","29":"has-default-attributes"},"tiered_pricing_type":"percentage","tiered_pricing_fixed_rules":[],"tiered_pricing_product_settings":{"layout":"default","base_unit_name":{"singular":null,"plural":null},"default_variation":null},"tiered_pricing_minimum_quantity":10,"tiered_pricing_roles_data":[],"tiered_pricing_percentage_rules":{"30":"29","50":"35","100":"40","200":"44","500":"47","1000":"49"},"tiered_pricing_maximum_quantity":null,"tiered_pricing_quantity_step":"10","_links":{"self":[{"href":"https:\/\/agoravape.com\/es\/wp-json\/wp\/v2\/product\/19485","targetHints":{"allow":["GET"]}}],"collection":[{"href":"https:\/\/agoravape.com\/es\/wp-json\/wp\/v2\/product"}],"about":[{"href":"https:\/\/agoravape.com\/es\/wp-json\/wp\/v2\/types\/product"}],"replies":[{"embeddable":true,"href":"https:\/\/agoravape.com\/es\/wp-json\/wp\/v2\/comments?post=19485"}],"version-history":[{"count":0,"href":"https:\/\/agoravape.com\/es\/wp-json\/wp\/v2\/product\/19485\/revisions"}],"wp:featuredmedia":[{"embeddable":true,"href":"https:\/\/agoravape.com\/es\/wp-json\/wp\/v2\/media\/19509"}],"wp:attachment":[{"href":"https:\/\/agoravape.com\/es\/wp-json\/wp\/v2\/media?parent=19485"}],"wp:term":[{"taxonomy":"product_brand","embeddable":true,"href":"https:\/\/agoravape.com\/es\/wp-json\/wp\/v2\/product_brand?post=19485"},{"taxonomy":"product_cat","embeddable":true,"href":"https:\/\/agoravape.com\/es\/wp-json\/wp\/v2\/product_cat?post=19485"},{"taxonomy":"product_tag","embeddable":true,"href":"https:\/\/agoravape.com\/es\/wp-json\/wp\/v2\/product_tag?post=19485"}],"curies":[{"name":"wp","href":"https:\/\/api.w.org\/{rel}","templated":true}]}}