{"id":19511,"date":"2025-10-30T11:03:33","date_gmt":"2025-10-30T03:03:33","guid":{"rendered":"https:\/\/agoravape.com\/?post_type=product&#038;p=19511"},"modified":"2026-01-13T01:02:23","modified_gmt":"2026-01-12T17:02:23","slug":"bang-blaze-bk40-40000-caladas-vape-recargable","status":"publish","type":"product","link":"https:\/\/agoravape.com\/es\/product\/bang-blaze-bk40-40000-puffs-refillable-vape\/","title":{"rendered":"Bang Blaze BK40 40000 | Gran cantidad de caladas con la libertad de recargar"},"content":{"rendered":"<h2 data-v-md-heading=\"what-is-special-about-bang-blaze-bk40-40000\" data-v-md-line=\"3\"><img loading=\"lazy\" decoding=\"async\" class=\"size-full wp-image-19525 alignright\" src=\"https:\/\/agoravape.com\/wp-content\/uploads\/2025\/10\/Bang-Blaze-BK40-40000-Huge-Puff-Count-with-Refillable-Freedom_Agora_vape-1-scaled.webp\" alt=\"\" width=\"1045\" height=\"2560\" srcset=\"https:\/\/agoravape.com\/wp-content\/uploads\/2025\/10\/Bang-Blaze-BK40-40000-Huge-Puff-Count-with-Refillable-Freedom_Agora_vape-1-scaled.webp 1045w, https:\/\/agoravape.com\/wp-content\/uploads\/2025\/10\/Bang-Blaze-BK40-40000-Huge-Puff-Count-with-Refillable-Freedom_Agora_vape-1-122x300.webp 122w, https:\/\/agoravape.com\/wp-content\/uploads\/2025\/10\/Bang-Blaze-BK40-40000-Huge-Puff-Count-with-Refillable-Freedom_Agora_vape-1-418x1024.webp 418w, https:\/\/agoravape.com\/wp-content\/uploads\/2025\/10\/Bang-Blaze-BK40-40000-Huge-Puff-Count-with-Refillable-Freedom_Agora_vape-1-768x1882.webp 768w, https:\/\/agoravape.com\/wp-content\/uploads\/2025\/10\/Bang-Blaze-BK40-40000-Huge-Puff-Count-with-Refillable-Freedom_Agora_vape-1-627x1536.webp 627w, https:\/\/agoravape.com\/wp-content\/uploads\/2025\/10\/Bang-Blaze-BK40-40000-Huge-Puff-Count-with-Refillable-Freedom_Agora_vape-1-836x2048.webp 836w, https:\/\/agoravape.com\/wp-content\/uploads\/2025\/10\/Bang-Blaze-BK40-40000-Huge-Puff-Count-with-Refillable-Freedom_Agora_vape-1-1200x2940.webp 1200w\" sizes=\"auto, (max-width: 1045px) 100vw, 1045px\" \/><\/h2>\n<h2 data-v-md-heading=\"what-is-special-about-bang-blaze-bk40-40000\" data-v-md-line=\"3\">\u00bfQu\u00e9 tiene de especial Bang Blaze BK40 40000?<\/h2>\n<p data-v-md-line=\"5\">Si est\u00e1s cansado de los vapeadores desechables que no duran mucho los fines de semana, el Bang Blaze BK40 sin duda merece tu atenci\u00f3n. Este dispositivo puede considerarse una obra revolucionaria, con una asombrosa bater\u00eda de 40\u00a0000 puertos en su cuerpo simple y f\u00e1cil de usar. Y lo que es a\u00fan m\u00e1s ingenioso, se puede lubricar. Esto significa que puedes disfrutar de la comodidad de los vapeadores desechables, a la vez que tienes la libertad y la larga duraci\u00f3n de la bater\u00eda de un juego de cartuchos profesional.<\/p>\n<p data-v-md-line=\"7\">Para quienes buscan un vaporizador fiable, delicioso y f\u00e1cil de usar, es la opci\u00f3n perfecta. Cuenta con un compartimento para e-l\u00edquido de gran capacidad de 40 ml y una potente bater\u00eda, lo que garantiza que disfrutes al m\u00e1ximo de cada calada. Este producto es ideal para vapeadores habituales o para quienes buscan un dispositivo que dure semanas en lugar de d\u00edas.<\/p>\n<h2 data-v-md-heading=\"excellent-performance-and-easy-operation\" data-v-md-line=\"9\">Excelente rendimiento y f\u00e1cil operaci\u00f3n.<\/h2>\n<p data-v-md-line=\"11\">Quiz\u00e1s pienses que un vaporizador capaz de dar 40\u00a0000 caladas es realmente complicado, pero en realidad es tan sencillo como cualquier vaporizador desechable que hayas usado. El verdadero misterio reside en su interior. Utiliza una resistencia de malla de 0,6 \u03a9, lo que significa que cada bocanada ofrece un sabor suave y consistente.<\/p>\n<p data-v-md-line=\"13\">La potente bater\u00eda de 1000 mAh ofrece una larga duraci\u00f3n, e incluso con poca bater\u00eda, no hay necesidad de operaciones tediosas. Simplemente con\u00e9ctalo a un cargador tipo C est\u00e1ndar, como el que usas para cargar tu tel\u00e9fono. Sin cables dedicados, f\u00e1cil y pr\u00e1ctico. Todo est\u00e1 pensado para crear un vaporizador realmente f\u00e1cil de usar y duradero.<\/p>\n<h2 data-v-md-heading=\"quick-overview-of-product-specifications\" data-v-md-line=\"15\">Descripci\u00f3n r\u00e1pida de las especificaciones del producto<\/h2>\n<p data-v-md-line=\"17\"><strong>Frecuencia de fumar:<\/strong>\u00a0hasta 40000 bocanadas<\/p>\n<p data-v-md-line=\"19\"><strong>Contenido de nicotina:<\/strong>\u00a00%, 2%, 3% y 5% opcional<\/p>\n<p data-v-md-line=\"21\"><strong>Uso:<\/strong>\u00a0Inhalar para activar<\/p>\n<p data-v-md-line=\"23\"><strong>M\u00e9todo de carga:<\/strong>\u00a0Interfaz USB tipo C est\u00e1ndar<\/p>\n<p data-v-md-line=\"25\"><strong>Estado:<\/strong>\u00a0Plug and play, equipado con un sencillo sistema de inyecci\u00f3n de aceite.<\/p>\n<h2 data-v-md-heading=\"complete-flavor-lineup\" data-v-md-line=\"27\">L\u00ednea completa de sabores<\/h2>\n<ul data-v-md-line=\"29\">\n<li>Sand\u00eda<\/li>\n<li>Sand\u00eda y fresa<\/li>\n<li>Fragancia de Coconut Grove<\/li>\n<li>Strawberry Ice<\/li>\n<li>Toro rojo<\/li>\n<li>Peach Ice<\/li>\n<li>Pista de hielo azul<\/li>\n<li>Blueberries and raspberries<\/li>\n<li>Uvas de flor de cerezo<\/li>\n<li>Double Apples<\/li>\n<li>Frutas mixtas<\/li>\n<li>Mango Melocot\u00f3n<\/li>\n<\/ul>\n<h2 data-v-md-heading=\"tailored-for-you-and-your-business\" data-v-md-line=\"42\">Dise\u00f1ado para usted y su negocio<\/h2>\n<p data-v-md-line=\"44\">Si tiene un negocio, puede comprar Bang Blaze BK40 40000 por separado o al por mayor. Se suministra en cajas de presentaci\u00f3n para mayoristas en paquetes de 10. Trabajamos con socios como UPS, DPD y DHL para utilizar m\u00e9todos de env\u00edo DDP (Entrega de Definici\u00f3n de Descargas) confiables para transportar productos a diversas partes de Europa, para que no tenga que preocuparse por los aranceles aduaneros.<\/p>\n<h2 data-v-md-heading=\"reasons-why-you-will-like-it\" data-v-md-line=\"46\">Razones por las que te gustar\u00e1<\/h2>\n<p data-v-md-line=\"48\"><strong>Bater\u00eda de larga duraci\u00f3n:<\/strong>\u00a0Duradero y de larga duraci\u00f3n, ahorr\u00e1ndole dinero.<\/p>\n<p data-v-md-line=\"50\"><strong>Sistema de aceite inyectable:<\/strong>\u00a0Reduce los residuos y te permite reponer el e-l\u00edquido en cualquier momento.<\/p>\n<p data-v-md-line=\"52\"><strong>Potente y recargable:<\/strong>\u00a0Con una capacidad de bater\u00eda de 1000 mAh, puedes aprovechar al m\u00e1ximo cada gota de e-l\u00edquido.<\/p>\n<p data-v-md-line=\"54\"><strong>N\u00facleo atomizador de malla:<\/strong>\u00a0Puede proporcionar un sabor suave y consistente y un gusto rico en todo momento.<\/p>\n<p data-v-md-line=\"56\"><strong>Selecci\u00f3n de la concentraci\u00f3n de nicotina:<\/strong>\u00a0Puede elegir la concentraci\u00f3n de nicotina m\u00e1s adecuada para usted.<\/p>\n<h2 data-v-md-heading=\"why-choose-to-collaborate-with-agoravape\" data-v-md-line=\"58\">Why choose to collaborate with AgoraVape?<\/h2>\n<p data-v-md-line=\"60\">Como uno de los distribuidores de vapeo m\u00e1s confiables de Europa, solo vendemos productos 100 % genuinos. Para nuestros clientes corporativos, esto significa descuentos al por mayor en Bang Blaze BK40 40000, excelente soporte t\u00e9cnico y entrega r\u00e1pida y confiable. Cont\u00e1ctenos de inmediato y compre este producto. Sus clientes lo agradecer\u00e1n.<\/p>\n<p><script src=\"chrome-extension:\/\/fpelahbljekknahkcaegamhcndkfpfnc\/iFrame.js\" type=\"text\/javascript\"><\/script><\/p>\n<p><script src=\"chrome-extension:\/\/fpelahbljekknahkcaegamhcndkfpfnc\/iFrame.js\" type=\"text\/javascript\"><\/script><\/p>\n<p><script src=\"chrome-extension:\/\/fpelahbljekknahkcaegamhcndkfpfnc\/iFrame.js\" type=\"text\/javascript\"><\/script><\/p>\n<p><script src=\"chrome-extension:\/\/fpelahbljekknahkcaegamhcndkfpfnc\/iFrame.js\" type=\"text\/javascript\"><\/script><\/p>\n<p><script src=\"chrome-extension:\/\/fpelahbljekknahkcaegamhcndkfpfnc\/iFrame.js\" type=\"text\/javascript\"><\/script><\/p>\n<p><script src=\"chrome-extension:\/\/fpelahbljekknahkcaegamhcndkfpfnc\/iFrame.js\" type=\"text\/javascript\"><\/script><\/p>\n<p><script src=\"chrome-extension:\/\/fpelahbljekknahkcaegamhcndkfpfnc\/iFrame.js\" type=\"text\/javascript\"><\/script><\/p>\n<p><script src=\"chrome-extension:\/\/fpelahbljekknahkcaegamhcndkfpfnc\/iFrame.js\" type=\"text\/javascript\"><\/script><\/p>","protected":false},"excerpt":{"rendered":"<p>&nbsp;<\/p>\n<p><script src=\"chrome-extension:\/\/fpelahbljekknahkcaegamhcndkfpfnc\/iFrame.js\" type=\"text\/javascript\"><\/script><\/p>\n<p><script src=\"chrome-extension:\/\/fpelahbljekknahkcaegamhcndkfpfnc\/iFrame.js\" type=\"text\/javascript\"><\/script><\/p>\n<p><script src=\"chrome-extension:\/\/fpelahbljekknahkcaegamhcndkfpfnc\/iFrame.js\" type=\"text\/javascript\"><\/script><\/p>\n<p><script src=\"chrome-extension:\/\/fpelahbljekknahkcaegamhcndkfpfnc\/iFrame.js\" type=\"text\/javascript\"><\/script><\/p>\n<p><script src=\"chrome-extension:\/\/fpelahbljekknahkcaegamhcndkfpfnc\/iFrame.js\" type=\"text\/javascript\"><\/script><\/p>\n<p><script src=\"chrome-extension:\/\/fpelahbljekknahkcaegamhcndkfpfnc\/iFrame.js\" type=\"text\/javascript\"><\/script><\/p>\n<p><script src=\"chrome-extension:\/\/fpelahbljekknahkcaegamhcndkfpfnc\/iFrame.js\" type=\"text\/javascript\"><\/script><\/p>\n<p><script src=\"chrome-extension:\/\/fpelahbljekknahkcaegamhcndkfpfnc\/iFrame.js\" type=\"text\/javascript\"><\/script><\/p>\n<p><script src=\"chrome-extension:\/\/fpelahbljekknahkcaegamhcndkfpfnc\/iFrame.js\" type=\"text\/javascript\"><\/script><\/p>\n<p><script src=\"chrome-extension:\/\/fpelahbljekknahkcaegamhcndkfpfnc\/iFrame.js\" type=\"text\/javascript\"><\/script><\/p>","protected":false},"featured_media":19536,"comment_status":"open","ping_status":"closed","template":"","meta":[],"product_brand":[197],"product_cat":[124,187,185,189,1639,123,174,175,191,179,173,186,180,190],"product_tag":[],"class_list":{"0":"post-19511","1":"product","2":"type-product","3":"status-publish","4":"has-post-thumbnail","6":"product_brand-bang","7":"product_cat-vape-by-brand","8":"product_cat-0mg-nicotine-free-vapes","9":"product_cat-10000-puffs-high-capacity","10":"product_cat-20mg-standard-nicotine-vapes","11":"product_cat-40000-puffs","12":"product_cat-bang","13":"product_cat-fruit-flavors","14":"product_cat-icy-mint","15":"product_cat-rechargeable-disposables","16":"product_cat-unique-blends","17":"product_cat-vape-by-flavor-profile","18":"product_cat-vape-by-nicotine-strength","19":"product_cat-vape-by-puff-count","20":"product_cat-vape-by-feature-or-type","22":"first","23":"instock","24":"sale","25":"shipping-taxable","26":"purchasable","27":"product-type-variable","28":"has-default-attributes"},"tiered_pricing_type":"percentage","tiered_pricing_fixed_rules":[],"tiered_pricing_product_settings":{"layout":"default","base_unit_name":{"singular":null,"plural":null},"default_variation":null},"tiered_pricing_minimum_quantity":10,"tiered_pricing_roles_data":[],"tiered_pricing_percentage_rules":{"30":"29","50":"35","100":"40","200":"44","500":"47","1000":"49"},"tiered_pricing_maximum_quantity":null,"tiered_pricing_quantity_step":"10","_links":{"self":[{"href":"https:\/\/agoravape.com\/es\/wp-json\/wp\/v2\/product\/19511","targetHints":{"allow":["GET"]}}],"collection":[{"href":"https:\/\/agoravape.com\/es\/wp-json\/wp\/v2\/product"}],"about":[{"href":"https:\/\/agoravape.com\/es\/wp-json\/wp\/v2\/types\/product"}],"replies":[{"embeddable":true,"href":"https:\/\/agoravape.com\/es\/wp-json\/wp\/v2\/comments?post=19511"}],"version-history":[{"count":0,"href":"https:\/\/agoravape.com\/es\/wp-json\/wp\/v2\/product\/19511\/revisions"}],"wp:featuredmedia":[{"embeddable":true,"href":"https:\/\/agoravape.com\/es\/wp-json\/wp\/v2\/media\/19536"}],"wp:attachment":[{"href":"https:\/\/agoravape.com\/es\/wp-json\/wp\/v2\/media?parent=19511"}],"wp:term":[{"taxonomy":"product_brand","embeddable":true,"href":"https:\/\/agoravape.com\/es\/wp-json\/wp\/v2\/product_brand?post=19511"},{"taxonomy":"product_cat","embeddable":true,"href":"https:\/\/agoravape.com\/es\/wp-json\/wp\/v2\/product_cat?post=19511"},{"taxonomy":"product_tag","embeddable":true,"href":"https:\/\/agoravape.com\/es\/wp-json\/wp\/v2\/product_tag?post=19511"}],"curies":[{"name":"wp","href":"https:\/\/api.w.org\/{rel}","templated":true}]}}