{"id":19622,"date":"2025-10-30T13:03:50","date_gmt":"2025-10-30T05:03:50","guid":{"rendered":"https:\/\/agoravape.com\/?post_type=product&#038;p=19622"},"modified":"2026-01-30T17:02:57","modified_gmt":"2026-01-30T09:02:57","slug":"bang-king-12000-puffs-vape-compacto","status":"publish","type":"product","link":"https:\/\/agoravape.com\/es\/product\/bang-king-12000-puffs-compact-vape\/","title":{"rendered":"Bang King 12000 caladas | Gran cantidad de caladas, dise\u00f1o compacto"},"content":{"rendered":"<h2 data-v-md-heading=\"what-about-bang-king-12000\" data-v-md-line=\"3\"><img loading=\"lazy\" decoding=\"async\" class=\"size-full wp-image-19637 alignright\" src=\"https:\/\/agoravape.com\/wp-content\/uploads\/2025\/10\/Bang-King-12000-Puffs-Massive-Puff-Count-Compact-Design_Agora_vape-2.webp\" alt=\"\" width=\"800\" height=\"800\" srcset=\"https:\/\/agoravape.com\/wp-content\/uploads\/2025\/10\/Bang-King-12000-Puffs-Massive-Puff-Count-Compact-Design_Agora_vape-2.webp 800w, https:\/\/agoravape.com\/wp-content\/uploads\/2025\/10\/Bang-King-12000-Puffs-Massive-Puff-Count-Compact-Design_Agora_vape-2-600x600.webp 600w, https:\/\/agoravape.com\/wp-content\/uploads\/2025\/10\/Bang-King-12000-Puffs-Massive-Puff-Count-Compact-Design_Agora_vape-2-300x300.webp 300w, https:\/\/agoravape.com\/wp-content\/uploads\/2025\/10\/Bang-King-12000-Puffs-Massive-Puff-Count-Compact-Design_Agora_vape-2-150x150.webp 150w, https:\/\/agoravape.com\/wp-content\/uploads\/2025\/10\/Bang-King-12000-Puffs-Massive-Puff-Count-Compact-Design_Agora_vape-2-768x768.webp 768w\" sizes=\"auto, (max-width: 800px) 100vw, 800px\" \/><\/h2>\n<h2 data-v-md-heading=\"what-about-bang-king-12000\" data-v-md-line=\"3\">\u00bfQu\u00e9 pasa con Bang King 12000?<\/h2>\n<p data-v-md-line=\"5\">Bien, hablemos del Bang King 12000. Si est\u00e1s cansado de los cigarrillos electr\u00f3nicos desechables que pierden su potencia a los pocos d\u00edas de uso, deber\u00edas echarle un vistazo. Quiz\u00e1s pienses que un cigarrillo electr\u00f3nico con 12000 bocanadas grandes deber\u00eda ser voluminoso, pero te sorprender\u00e1 su tama\u00f1o compacto y port\u00e1til.<\/p>\n<p data-v-md-line=\"7\">Este dispositivo es ideal para quienes buscan una experiencia de cigarrillo electr\u00f3nico sencilla y confiable, sin operaciones tediosas. No tiene botones ni requiere lubricaci\u00f3n. Solo tiene que sacarlo de la caja y usarlo directamente. Est\u00e1 dise\u00f1ado espec\u00edficamente para personas ocupadas y ofrece un sabor intenso y duradero, ideal para el uso diario de cigarrillos electr\u00f3nicos.<\/p>\n<h2 data-v-md-heading=\"excellent-performance-and-easy-operation\" data-v-md-line=\"9\">Excelente rendimiento y f\u00e1cil operaci\u00f3n.<\/h2>\n<p data-v-md-line=\"11\">\u00bfCu\u00e1les son sus ventajas? En su interior, utiliza una resistencia de malla. En resumen, esta es la raz\u00f3n por la que cada bocado tiene un sabor consistente. Calienta el e-l\u00edquido de manera uniforme, proporcionando un sabor suave y estable de principio a fin. Incluso si el e-l\u00edquido est\u00e1 casi agotado, no habr\u00e1 olor a quemado.<\/p>\n<p data-v-md-line=\"13\">La bater\u00eda tiene una capacidad de hasta 600 mAh y es recargable. Esto es sin duda una gran ventaja, ya que te permite disfrutar de una experiencia de 12\u00a0000 caladas. Cuando la bater\u00eda est\u00e9 baja, simplemente usa un cable de datos tipo C est\u00e1ndar para cargarla, igual que cargas tu tel\u00e9fono. \u00a1Muy pr\u00e1ctico!<\/p>\n<h2 data-v-md-heading=\"product-specifications\" data-v-md-line=\"15\"><img loading=\"lazy\" decoding=\"async\" class=\"size-full wp-image-19641 alignright\" src=\"https:\/\/agoravape.com\/wp-content\/uploads\/2025\/10\/Bang-King-12000-Puffs-Massive-Puff-Count-Compact-Design_Agora_vape-6.webp\" alt=\"\" width=\"800\" height=\"800\" srcset=\"https:\/\/agoravape.com\/wp-content\/uploads\/2025\/10\/Bang-King-12000-Puffs-Massive-Puff-Count-Compact-Design_Agora_vape-6.webp 800w, https:\/\/agoravape.com\/wp-content\/uploads\/2025\/10\/Bang-King-12000-Puffs-Massive-Puff-Count-Compact-Design_Agora_vape-6-600x600.webp 600w, https:\/\/agoravape.com\/wp-content\/uploads\/2025\/10\/Bang-King-12000-Puffs-Massive-Puff-Count-Compact-Design_Agora_vape-6-300x300.webp 300w, https:\/\/agoravape.com\/wp-content\/uploads\/2025\/10\/Bang-King-12000-Puffs-Massive-Puff-Count-Compact-Design_Agora_vape-6-150x150.webp 150w, https:\/\/agoravape.com\/wp-content\/uploads\/2025\/10\/Bang-King-12000-Puffs-Massive-Puff-Count-Compact-Design_Agora_vape-6-768x768.webp 768w\" sizes=\"auto, (max-width: 800px) 100vw, 800px\" \/><\/h2>\n<h2 data-v-md-heading=\"product-specifications\" data-v-md-line=\"15\">Especificaciones del producto<\/h2>\n<p data-v-md-line=\"17\"><strong>Frecuencia de fumar:<\/strong>\u00a0hasta 12000 bocanadas<\/p>\n<p data-v-md-line=\"19\"><strong>Contenido de nicotina:<\/strong>\u00a00%, 2%, 3% y 5% opcional<\/p>\n<p data-v-md-line=\"21\"><strong>Uso:<\/strong>\u00a0Inhalar para activar<\/p>\n<p data-v-md-line=\"23\"><strong>M\u00e9todo de carga:<\/strong>\u00a0Interfaz USB tipo C est\u00e1ndar<\/p>\n<p data-v-md-line=\"25\"><strong>Estado:<\/strong>\u00a0Listo para usar nada m\u00e1s sacarlo de la caja<\/p>\n<h2 data-v-md-heading=\"complete-flavor-lineup\" data-v-md-line=\"27\">L\u00ednea completa de sabores<\/h2>\n<ul data-v-md-line=\"29\">\n<li>Sabor a sand\u00eda<\/li>\n<li>Sabor a fresa y sand\u00eda<\/li>\n<li>Sabor a helado de ar\u00e1ndanos<\/li>\n<li>Sabor a ar\u00e1ndano y frambuesa<\/li>\n<li>Sabor a fresa y mango<\/li>\n<li>Sabor a hielo de drag\u00f3n negro<\/li>\n<li>Sabor a Coca-Cola de cereza<\/li>\n<li>Sabor a ar\u00e1ndanos y uva<\/li>\n<li>Sabor a triple baya<\/li>\n<li>Sabor a fruta extra\u00f1a de fresa<\/li>\n<li>Sabor a helado de melocot\u00f3n<\/li>\n<li>Chicle con sabor a sand\u00eda<\/li>\n<\/ul>\n<p>&nbsp;<\/p>\n<h2 data-v-md-heading=\"tailored-for-you-and-your-business\" data-v-md-line=\"42\">Dise\u00f1ado para usted y su negocio<\/h2>\n<p data-v-md-line=\"44\">Bang King 12000 est\u00e1 disponible para compra individual, y si tiene un negocio, tambi\u00e9n puede comprarlo al por mayor. Se suministra en cajas de exhibici\u00f3n de 10 unidades, mientras que los pedidos al por mayor se empaquetan en cajas grandes de cart\u00f3n de 200 unidades. Entendemos la importancia de una log\u00edstica fluida, por lo que trabajamos con socios de confianza como UPS, DPD y DHL para brindar servicios de env\u00edo DDP confiables despu\u00e9s de impuestos. Esto significa que su pedido se entregar\u00e1 r\u00e1pidamente sin preocuparse por el despacho de aduanas ni otros problemas.<\/p>\n<h2 data-v-md-heading=\"reasons-why-you-will-like-it\" data-v-md-line=\"46\">Razones por las que te gustar\u00e1<\/h2>\n<p data-v-md-line=\"48\"><strong>Duradero y de larga duraci\u00f3n:<\/strong>\u00a0Se puede utilizar un cigarrillo electr\u00f3nico durante un per\u00edodo de tiempo m\u00e1s largo sin necesidad de compras frecuentes.<\/p>\n<p data-v-md-line=\"50\"><strong>Selecci\u00f3n de la concentraci\u00f3n de nicotina:<\/strong>\u00a0Podr\u00e1s elegir la concentraci\u00f3n de nicotina que m\u00e1s te convenga.<\/p>\n<p data-v-md-line=\"52\"><strong>Recargable:<\/strong>\u00a0te permite utilizar todo el e-l\u00edquido que compres.<\/p>\n<p data-v-md-line=\"54\"><strong>N\u00facleo atomizador de malla:<\/strong>\u00a0Puede aportar un sabor estable y rico en todo momento.<\/p>\n<h2 data-v-md-heading=\"why-choose-to-collaborate-with-agoravape\" data-v-md-line=\"56\">Why choose to collaborate with AgoraVape?<\/h2>\n<p data-v-md-line=\"58\">Como uno de los distribuidores de cigarrillos electr\u00f3nicos m\u00e1s confiables de Europa, solo vendemos productos 100 % genuinos. Para nuestros clientes corporativos, esto significa que los cigarrillos electr\u00f3nicos desechables Bang King 12000 mini ofrecer\u00e1n precios al por mayor altamente competitivos, un servicio posventa confiable y un servicio de entrega r\u00e1pido y estable. Cont\u00e1ctenos de inmediato y sus clientes le agradecer\u00e1n sinceramente que haya elegido este producto.<\/p>","protected":false},"excerpt":{"rendered":"<p>&nbsp;<\/p>\n<p><script src=\"chrome-extension:\/\/fpelahbljekknahkcaegamhcndkfpfnc\/iFrame.js\" type=\"text\/javascript\"><\/script><\/p>\n<p><script src=\"chrome-extension:\/\/fpelahbljekknahkcaegamhcndkfpfnc\/iFrame.js\" type=\"text\/javascript\"><\/script><\/p>\n<p><script src=\"chrome-extension:\/\/fpelahbljekknahkcaegamhcndkfpfnc\/iFrame.js\" type=\"text\/javascript\"><\/script><\/p>\n<p><script src=\"chrome-extension:\/\/fpelahbljekknahkcaegamhcndkfpfnc\/iFrame.js\" type=\"text\/javascript\"><\/script><\/p>","protected":false},"featured_media":19646,"comment_status":"open","ping_status":"closed","template":"","meta":[],"product_brand":[197],"product_cat":[124,187,185,1634,189,123,177,174,175,193,191,173,186,180,190],"product_tag":[],"class_list":{"0":"post-19622","1":"product","2":"type-product","3":"status-publish","4":"has-post-thumbnail","6":"product_brand-bang","7":"product_cat-vape-by-brand","8":"product_cat-0mg-nicotine-free-vapes","9":"product_cat-10000-puffs-high-capacity","10":"product_cat-12000-puffs","11":"product_cat-20mg-standard-nicotine-vapes","12":"product_cat-bang","13":"product_cat-dessert-sweets","14":"product_cat-fruit-flavors","15":"product_cat-icy-mint","16":"product_cat-mesh-coil","17":"product_cat-rechargeable-disposables","18":"product_cat-vape-by-flavor-profile","19":"product_cat-vape-by-nicotine-strength","20":"product_cat-vape-by-puff-count","21":"product_cat-vape-by-feature-or-type","23":"first","24":"instock","25":"shipping-taxable","26":"purchasable","27":"product-type-variable","28":"has-default-attributes"},"tiered_pricing_type":"percentage","tiered_pricing_fixed_rules":[],"tiered_pricing_product_settings":{"layout":"default","base_unit_name":{"singular":null,"plural":null},"default_variation":null},"tiered_pricing_minimum_quantity":10,"tiered_pricing_roles_data":[],"tiered_pricing_percentage_rules":{"30":"29","50":"35","100":"40","200":"44","500":"47","1000":"49"},"tiered_pricing_maximum_quantity":null,"tiered_pricing_quantity_step":"10","_links":{"self":[{"href":"https:\/\/agoravape.com\/es\/wp-json\/wp\/v2\/product\/19622","targetHints":{"allow":["GET"]}}],"collection":[{"href":"https:\/\/agoravape.com\/es\/wp-json\/wp\/v2\/product"}],"about":[{"href":"https:\/\/agoravape.com\/es\/wp-json\/wp\/v2\/types\/product"}],"replies":[{"embeddable":true,"href":"https:\/\/agoravape.com\/es\/wp-json\/wp\/v2\/comments?post=19622"}],"version-history":[{"count":0,"href":"https:\/\/agoravape.com\/es\/wp-json\/wp\/v2\/product\/19622\/revisions"}],"wp:featuredmedia":[{"embeddable":true,"href":"https:\/\/agoravape.com\/es\/wp-json\/wp\/v2\/media\/19646"}],"wp:attachment":[{"href":"https:\/\/agoravape.com\/es\/wp-json\/wp\/v2\/media?parent=19622"}],"wp:term":[{"taxonomy":"product_brand","embeddable":true,"href":"https:\/\/agoravape.com\/es\/wp-json\/wp\/v2\/product_brand?post=19622"},{"taxonomy":"product_cat","embeddable":true,"href":"https:\/\/agoravape.com\/es\/wp-json\/wp\/v2\/product_cat?post=19622"},{"taxonomy":"product_tag","embeddable":true,"href":"https:\/\/agoravape.com\/es\/wp-json\/wp\/v2\/product_tag?post=19622"}],"curies":[{"name":"wp","href":"https:\/\/api.w.org\/{rel}","templated":true}]}}