{"id":19648,"date":"2025-10-30T14:00:29","date_gmt":"2025-10-30T06:00:29","guid":{"rendered":"https:\/\/agoravape.com\/?post_type=product&#038;p=19648"},"modified":"2026-01-30T17:01:56","modified_gmt":"2026-01-30T09:01:56","slug":"bang-king-15000-puffs-display-vape","status":"publish","type":"product","link":"https:\/\/agoravape.com\/es\/product\/bang-king-15000-puffs-display-vape\/","title":{"rendered":"Bang King 15000 | El vaporizador inteligente que te dice qu\u00e9 est\u00e1 pasando"},"content":{"rendered":"<h2 data-v-md-heading=\"what-is-special-about-the-bang-king-15000-vape-equipped-with-a-display-screen\" data-v-md-line=\"3\"><img loading=\"lazy\" decoding=\"async\" class=\"aligncenter size-full wp-image-19662\" src=\"https:\/\/agoravape.com\/wp-content\/uploads\/2025\/10\/Bang-King-15000-The-Smart-Vape-That-Actually-Tells-You-Whats-Going-On_Agora_vape-1.webp\" alt=\"\" width=\"2000\" height=\"2500\" srcset=\"https:\/\/agoravape.com\/wp-content\/uploads\/2025\/10\/Bang-King-15000-The-Smart-Vape-That-Actually-Tells-You-Whats-Going-On_Agora_vape-1.webp 2000w, https:\/\/agoravape.com\/wp-content\/uploads\/2025\/10\/Bang-King-15000-The-Smart-Vape-That-Actually-Tells-You-Whats-Going-On_Agora_vape-1-1200x1500.webp 1200w, https:\/\/agoravape.com\/wp-content\/uploads\/2025\/10\/Bang-King-15000-The-Smart-Vape-That-Actually-Tells-You-Whats-Going-On_Agora_vape-1-240x300.webp 240w, https:\/\/agoravape.com\/wp-content\/uploads\/2025\/10\/Bang-King-15000-The-Smart-Vape-That-Actually-Tells-You-Whats-Going-On_Agora_vape-1-819x1024.webp 819w, https:\/\/agoravape.com\/wp-content\/uploads\/2025\/10\/Bang-King-15000-The-Smart-Vape-That-Actually-Tells-You-Whats-Going-On_Agora_vape-1-768x960.webp 768w, https:\/\/agoravape.com\/wp-content\/uploads\/2025\/10\/Bang-King-15000-The-Smart-Vape-That-Actually-Tells-You-Whats-Going-On_Agora_vape-1-1229x1536.webp 1229w, https:\/\/agoravape.com\/wp-content\/uploads\/2025\/10\/Bang-King-15000-The-Smart-Vape-That-Actually-Tells-You-Whats-Going-On_Agora_vape-1-1638x2048.webp 1638w\" sizes=\"auto, (max-width: 2000px) 100vw, 2000px\" \/><\/h2>\n<h2 data-v-md-heading=\"what-is-special-about-the-bang-king-15000-vape-equipped-with-a-display-screen\" data-v-md-line=\"3\">\u00bfQu\u00e9 tiene de especial el vaporizador Bang King 15000 equipado con una pantalla de visualizaci\u00f3n?<\/h2>\n<p data-v-md-line=\"5\">Este vaporizador desechable cuenta con una pantalla real, algo poco com\u00fan. El Bang King 15000 no pretende romper con la tradici\u00f3n, sino resolver el molesto problema que todos hemos tenido: no saber cu\u00e1nta bater\u00eda o e-l\u00edquido queda. Este dispositivo tiene una duraci\u00f3n de bater\u00eda de 15000 puertos, lo que te permite disfrutar de semanas de vapeo sin tener que adivinar.<\/p>\n<p data-v-md-line=\"7\">Si no te gustan las situaciones inesperadas, como quedarse sin bater\u00eda repentinamente y no tener un cargador cerca, este producto es simplemente perfecto. Su pantalla compacta te permite controlar la bater\u00eda restante y el nivel de e-l\u00edquido en cualquier momento. Siendo sinceros, una vez que pruebas un vapeo que te indica la duraci\u00f3n de la bater\u00eda y el nivel de e-l\u00edquido, es dif\u00edcil volver a la era de la especulaci\u00f3n para obtener informaci\u00f3n.<\/p>\n<h2 data-v-md-heading=\"excellent-performance-and-easy-operation\" data-v-md-line=\"9\">Excelente rendimiento y f\u00e1cil operaci\u00f3n.<\/h2>\n<p data-v-md-line=\"11\">El n\u00facleo atomizador de malla de 1.1 \u03a9 integrado cumple a la perfecci\u00f3n su funci\u00f3n: calentar el e-l\u00edquido de manera uniforme, evitando el inc\u00f3modo sabor a quemado y permiti\u00e9ndote disfrutar de una experiencia placentera. Su capacidad de 25 ml de e-l\u00edquido merece la pena. Ya sea que tomes el d\u00e9cimo o el mil\u00e9simo sorbo, cada sorbo es tan suave como el primero. Para cargar una bater\u00eda de 650 mAh, simplemente conecta el cable de datos tipo C, igual que el que usas para cargar tu tel\u00e9fono. Simple y pr\u00e1ctico.<\/p>\n<h2 data-v-md-heading=\"quick-specifications\" data-v-md-line=\"13\"><\/h2>\n<h2 data-v-md-heading=\"quick-specifications\" data-v-md-line=\"13\">Especificaciones r\u00e1pidas<\/h2>\n<p data-v-md-line=\"15\"><strong>Frecuencia de fumar:<\/strong>\u00a0hasta 15000 bocanadas<\/p>\n<p data-v-md-line=\"17\"><strong>Capacidad de e-l\u00edquido:<\/strong>\u00a025 ml de aceite precargado<\/p>\n<p data-v-md-line=\"19\"><strong>Bater\u00eda:<\/strong>\u00a0Bater\u00eda recargable de 650 mAh<\/p>\n<p data-v-md-line=\"21\"><strong>Pantalla de visualizaci\u00f3n:<\/strong>\u00a0La pantalla LED muestra el nivel de bater\u00eda y la cantidad restante de e-l\u00edquido.<\/p>\n<p data-v-md-line=\"23\"><strong>Uso:<\/strong>\u00a0Inhalar para activar<\/p>\n<p data-v-md-line=\"25\"><strong>M\u00e9todo de carga:<\/strong>\u00a0Interfaz USB tipo C est\u00e1ndar<\/p>\n<p data-v-md-line=\"27\"><strong>N\u00facleo atomizador:<\/strong>\u00a0N\u00facleo atomizador de malla de 1,1 \u03a9 que proporciona una experiencia consistente y deliciosa.<\/p>\n<p data-v-md-line=\"29\"><strong>Estado:<\/strong>\u00a0Listo para usar nada m\u00e1s sacarlo de la caja<\/p>\n<h2 data-v-md-heading=\"complete-flavor-lineup\" data-v-md-line=\"31\">L\u00ednea completa de sabores<\/h2>\n<ul data-v-md-line=\"33\">\n<li>Los ar\u00e1ndanos son refrescantes y refrescantes.<\/li>\n<li>Explosi\u00f3n de bayas<\/li>\n<li>Ar\u00e1ndanos, cerezas, limones<\/li>\n<li>El melocot\u00f3n es refrescante y refrescante.<\/li>\n<li>Las uvas son refrescantes<\/li>\n<li>Melocotones y frutos rojos<\/li>\n<li>Ar\u00e1ndano y manzana \u00e1cida<\/li>\n<li>frutas tropicales<\/li>\n<li>Fresas crujientes<\/li>\n<li>Sand\u00eda y fresa<\/li>\n<li>Uvas heladas<\/li>\n<\/ul>\n<p><img loading=\"lazy\" decoding=\"async\" class=\"aligncenter size-full wp-image-19671\" src=\"https:\/\/agoravape.com\/wp-content\/uploads\/2025\/10\/Bang-King-15000-The-Smart-Vape-That-Actually-Tells-You-Whats-Going-On_Agora_vape-10.webp\" alt=\"\" width=\"2560\" height=\"1200\" srcset=\"https:\/\/agoravape.com\/wp-content\/uploads\/2025\/10\/Bang-King-15000-The-Smart-Vape-That-Actually-Tells-You-Whats-Going-On_Agora_vape-10.webp 2560w, https:\/\/agoravape.com\/wp-content\/uploads\/2025\/10\/Bang-King-15000-The-Smart-Vape-That-Actually-Tells-You-Whats-Going-On_Agora_vape-10-1200x563.webp 1200w, https:\/\/agoravape.com\/wp-content\/uploads\/2025\/10\/Bang-King-15000-The-Smart-Vape-That-Actually-Tells-You-Whats-Going-On_Agora_vape-10-300x141.webp 300w, https:\/\/agoravape.com\/wp-content\/uploads\/2025\/10\/Bang-King-15000-The-Smart-Vape-That-Actually-Tells-You-Whats-Going-On_Agora_vape-10-1024x480.webp 1024w, https:\/\/agoravape.com\/wp-content\/uploads\/2025\/10\/Bang-King-15000-The-Smart-Vape-That-Actually-Tells-You-Whats-Going-On_Agora_vape-10-768x360.webp 768w, https:\/\/agoravape.com\/wp-content\/uploads\/2025\/10\/Bang-King-15000-The-Smart-Vape-That-Actually-Tells-You-Whats-Going-On_Agora_vape-10-1536x720.webp 1536w, https:\/\/agoravape.com\/wp-content\/uploads\/2025\/10\/Bang-King-15000-The-Smart-Vape-That-Actually-Tells-You-Whats-Going-On_Agora_vape-10-2048x960.webp 2048w\" sizes=\"auto, (max-width: 2560px) 100vw, 2560px\" \/><\/p>\n<h2 data-v-md-heading=\"to-create-for-you-and-your-business\" data-v-md-line=\"45\">Para crear para usted y su negocio<\/h2>\n<p data-v-md-line=\"47\">Hemos creado Bang King y ofrecemos 15\u00a0000 productos para que los compre individualmente. Si tiene un negocio, tambi\u00e9n puede comprar al por mayor. El producto se envasa al por mayor, lo que facilita su reposici\u00f3n. Ofrecemos servicios DDP a trav\u00e9s de UPS, DPD y DHL para gestionar todos los env\u00edos y evitar cargos adicionales de aduanas. Su pedido ya incluye los aranceles aduaneros al llegar y puede venderse directamente.<\/p>\n<p data-v-md-line=\"49\">Para los comerciantes, este producto puede atraer clientes pr\u00e1cticamente sin necesidad de promoci\u00f3n. A los clientes les encanta su funci\u00f3n de exposici\u00f3n, lo que lo convierte en un producto llamativo y destaca entre los numerosos productos desechables comunes en los estantes.<\/p>\n<h2 data-v-md-heading=\"reasons-why-you-will-like-it\" data-v-md-line=\"51\">Razones por las que te gustar\u00e1<\/h2>\n<p data-v-md-line=\"53\"><strong>Pantalla de visualizaci\u00f3n:<\/strong>\u00a0No es necesario adivinar: puede verificar con precisi\u00f3n el nivel restante de bater\u00eda y de e-l\u00edquido.<\/p>\n<p data-v-md-line=\"55\"><strong>15000 unidades:<\/strong>\u00a0Disfrute de semanas de experiencia de vapeo con un solo dispositivo<\/p>\n<p data-v-md-line=\"57\"><strong>Almacenamiento de e-l\u00edquido de gran capacidad de 25 ml:<\/strong>\u00a0Value for money<\/p>\n<p data-v-md-line=\"59\"><strong>Bater\u00eda recargable:<\/strong>\u00a0Aprovecha al m\u00e1ximo cada gota de e-l\u00edquido que gastes<\/p>\n<p data-v-md-line=\"61\"><strong>N\u00facleo atomizador de malla:<\/strong>\u00a0Puede aportar un sabor estable y rico en todo momento.<\/p>\n<p data-v-md-line=\"63\"><strong>Carga tipo C:<\/strong>\u00a0Utilice el mismo cable de carga que la mayor\u00eda de los dispositivos modernos<\/p>\n<h2 data-v-md-heading=\"why-choose-agoravape\" data-v-md-line=\"65\">\u00bfPor qu\u00e9 elegir AgoraVape?<\/h2>\n<p data-v-md-line=\"67\">Como uno de los distribuidores de vapeo m\u00e1s confiables de Europa, solo vendemos productos 100 % genuinos. Para nuestros clientes corporativos, esto significa que Bang King 15000 ofrece precios al por mayor con descuento, soporte t\u00e9cnico integral y entregas r\u00e1pidas y confiables. Cont\u00e1ctenos para que sus clientes realmente aprecien sus productos.<\/p>","protected":false},"excerpt":{"rendered":"<p>&nbsp;<\/p>\n<p><script src=\"chrome-extension:\/\/fpelahbljekknahkcaegamhcndkfpfnc\/iFrame.js\" type=\"text\/javascript\"><\/script><\/p>\n<p><script src=\"chrome-extension:\/\/fpelahbljekknahkcaegamhcndkfpfnc\/iFrame.js\" type=\"text\/javascript\"><\/script><\/p>\n<p><script src=\"chrome-extension:\/\/fpelahbljekknahkcaegamhcndkfpfnc\/iFrame.js\" type=\"text\/javascript\"><\/script><\/p>\n<p><script src=\"chrome-extension:\/\/fpelahbljekknahkcaegamhcndkfpfnc\/iFrame.js\" type=\"text\/javascript\"><\/script><\/p>","protected":false},"featured_media":19673,"comment_status":"open","ping_status":"closed","template":"","meta":[],"product_brand":[197],"product_cat":[124,187,185,1635,189,123,174,175,193,191,173,186,180,190,192],"product_tag":[],"class_list":{"0":"post-19648","1":"product","2":"type-product","3":"status-publish","4":"has-post-thumbnail","6":"product_brand-bang","7":"product_cat-vape-by-brand","8":"product_cat-0mg-nicotine-free-vapes","9":"product_cat-10000-puffs-high-capacity","10":"product_cat-15000-puffs","11":"product_cat-20mg-standard-nicotine-vapes","12":"product_cat-bang","13":"product_cat-fruit-flavors","14":"product_cat-icy-mint","15":"product_cat-mesh-coil","16":"product_cat-rechargeable-disposables","17":"product_cat-vape-by-flavor-profile","18":"product_cat-vape-by-nicotine-strength","19":"product_cat-vape-by-puff-count","20":"product_cat-vape-by-feature-or-type","21":"product_cat-vapes-with-screens","23":"first","24":"instock","25":"shipping-taxable","26":"purchasable","27":"product-type-variable","28":"has-default-attributes"},"tiered_pricing_type":"percentage","tiered_pricing_fixed_rules":[],"tiered_pricing_product_settings":{"layout":"default","base_unit_name":{"singular":null,"plural":null},"default_variation":null},"tiered_pricing_minimum_quantity":10,"tiered_pricing_roles_data":[],"tiered_pricing_percentage_rules":{"30":"29","50":"35","100":"40","200":"44","500":"47","1000":"49"},"tiered_pricing_maximum_quantity":null,"tiered_pricing_quantity_step":"10","_links":{"self":[{"href":"https:\/\/agoravape.com\/es\/wp-json\/wp\/v2\/product\/19648","targetHints":{"allow":["GET"]}}],"collection":[{"href":"https:\/\/agoravape.com\/es\/wp-json\/wp\/v2\/product"}],"about":[{"href":"https:\/\/agoravape.com\/es\/wp-json\/wp\/v2\/types\/product"}],"replies":[{"embeddable":true,"href":"https:\/\/agoravape.com\/es\/wp-json\/wp\/v2\/comments?post=19648"}],"version-history":[{"count":0,"href":"https:\/\/agoravape.com\/es\/wp-json\/wp\/v2\/product\/19648\/revisions"}],"wp:featuredmedia":[{"embeddable":true,"href":"https:\/\/agoravape.com\/es\/wp-json\/wp\/v2\/media\/19673"}],"wp:attachment":[{"href":"https:\/\/agoravape.com\/es\/wp-json\/wp\/v2\/media?parent=19648"}],"wp:term":[{"taxonomy":"product_brand","embeddable":true,"href":"https:\/\/agoravape.com\/es\/wp-json\/wp\/v2\/product_brand?post=19648"},{"taxonomy":"product_cat","embeddable":true,"href":"https:\/\/agoravape.com\/es\/wp-json\/wp\/v2\/product_cat?post=19648"},{"taxonomy":"product_tag","embeddable":true,"href":"https:\/\/agoravape.com\/es\/wp-json\/wp\/v2\/product_tag?post=19648"}],"curies":[{"name":"wp","href":"https:\/\/api.w.org\/{rel}","templated":true}]}}