{"id":19675,"date":"2025-10-30T14:10:22","date_gmt":"2025-10-30T06:10:22","guid":{"rendered":"https:\/\/agoravape.com\/?post_type=product&#038;p=19675"},"modified":"2026-01-30T17:01:28","modified_gmt":"2026-01-30T09:01:28","slug":"bang-king-15000-bocanadas-vape","status":"publish","type":"product","link":"https:\/\/agoravape.com\/es\/product\/bang-king-15000-puffs-vape\/","title":{"rendered":"Bang King 15000 inhalaciones | Durabilidad excepcional, cero complicaciones"},"content":{"rendered":"<h2 data-v-md-heading=\"what-is-the-bang-king-15000-port-mesh-coil-disposable-vape\" data-v-md-line=\"3\"><img loading=\"lazy\" decoding=\"async\" class=\"size-full wp-image-19703 alignright\" src=\"https:\/\/agoravape.com\/wp-content\/uploads\/2025\/10\/Bang-King-15000-Puffs-Serious-Longevity-Zero-Hassle_Agora_vape-16.webp\" alt=\"\" width=\"1440\" height=\"1206\" srcset=\"https:\/\/agoravape.com\/wp-content\/uploads\/2025\/10\/Bang-King-15000-Puffs-Serious-Longevity-Zero-Hassle_Agora_vape-16.webp 1440w, https:\/\/agoravape.com\/wp-content\/uploads\/2025\/10\/Bang-King-15000-Puffs-Serious-Longevity-Zero-Hassle_Agora_vape-16-1200x1005.webp 1200w, https:\/\/agoravape.com\/wp-content\/uploads\/2025\/10\/Bang-King-15000-Puffs-Serious-Longevity-Zero-Hassle_Agora_vape-16-300x251.webp 300w, https:\/\/agoravape.com\/wp-content\/uploads\/2025\/10\/Bang-King-15000-Puffs-Serious-Longevity-Zero-Hassle_Agora_vape-16-1024x858.webp 1024w, https:\/\/agoravape.com\/wp-content\/uploads\/2025\/10\/Bang-King-15000-Puffs-Serious-Longevity-Zero-Hassle_Agora_vape-16-768x643.webp 768w\" sizes=\"auto, (max-width: 1440px) 100vw, 1440px\" \/><\/h2>\n<h2 data-v-md-heading=\"what-is-the-bang-king-15000-port-mesh-coil-disposable-vape\" data-v-md-line=\"3\">\u00bfQu\u00e9 es el vaporizador desechable Bang King con bobina de malla de 15000 puertos?<\/h2>\n<p data-v-md-line=\"5\">Bien, hablemos de este vaporizador realmente duradero. El Bang King 15000 no busca la sofisticaci\u00f3n ni la complejidad; solo se centra en la durabilidad. Un dispositivo permite 15000 caladas, lo que significa que puedes usarlo continuamente durante semanas sin preocuparte por cambiar los cartuchos. Adem\u00e1s, tiene una capacidad de e-l\u00edquido de hasta 25 ml, que, siendo sinceros, supera la capacidad de la mayor\u00eda de los cigarrillos electr\u00f3nicos desechables del mercado.<\/p>\n<p data-v-md-line=\"7\">Lo que m\u00e1s valoro de este vaporizador es que no sacrifica la calidad por la cantidad. Quiz\u00e1s pienses que despu\u00e9s de tantos sorbos, el sabor se volver\u00e1 m\u00e1s suave, pero la resistencia de malla mantiene el sabor fresco hasta el final. Si est\u00e1s cansado de comprar constantemente cigarrillos electr\u00f3nicos nuevos o de encontrarte con dispositivos que se estropean antes de que se acabe el l\u00edquido, este producto es sin duda tu opci\u00f3n ideal.<\/p>\n<h2 data-v-md-heading=\"excellent-performance-and-easy-operation\" data-v-md-line=\"9\">Excelente rendimiento y f\u00e1cil operaci\u00f3n.<\/h2>\n<p data-v-md-line=\"11\">La tecnolog\u00eda de este producto es simple pero inteligente. El n\u00facleo atomizador de malla de 1.0 \u03a9 no es un truco, sino que puede aportar mejoras significativas. Tanto si lo usas por primera vez como si ya lo has usado 5000 veces, disfrutar\u00e1s de un sabor intenso y consistente y un humo intenso en cada bocado. La bater\u00eda de 550 mAh puede no parecer grande, pero con un puerto de carga tipo C, es m\u00e1s que suficiente. Para cargarlo, simplemente usa el cable de datos que usas habitualmente para cargar tu tel\u00e9fono. No necesitas buscar un cargador espec\u00edfico; adem\u00e1s, es muy c\u00f3modo de usar.<\/p>\n<h2 data-v-md-heading=\"product-specifications\" data-v-md-line=\"13\">Especificaciones del producto<\/h2>\n<p data-v-md-line=\"15\"><strong>Frecuencia de fumar:<\/strong>\u00a0hasta 15000 bocanadas<\/p>\n<p data-v-md-line=\"17\"><strong>Capacidad de e-l\u00edquido:<\/strong>\u00a025 ml de aceite precargado<\/p>\n<p data-v-md-line=\"19\"><strong>Bater\u00eda:<\/strong>\u00a0Bater\u00eda recargable de 550 mAh (tipo 13350)<\/p>\n<p data-v-md-line=\"21\"><strong>Uso:<\/strong>\u00a0Inhalar para activar<\/p>\n<p data-v-md-line=\"23\"><strong>M\u00e9todo de carga:<\/strong>\u00a0Interfaz USB tipo C est\u00e1ndar<\/p>\n<p data-v-md-line=\"25\"><strong>N\u00facleo atomizador:<\/strong>\u00a0N\u00facleo atomizador de malla de 1,0 \u03a9 que proporciona un sabor delicioso y constante.<\/p>\n<p data-v-md-line=\"27\"><strong>Estado:<\/strong>\u00a0Listo para usar nada m\u00e1s sacarlo de la caja<\/p>\n<h2 data-v-md-heading=\"complete-flavor-lineup\" data-v-md-line=\"29\">L\u00ednea completa de sabores<\/h2>\n<ul data-v-md-line=\"31\">\n<li>Melocot\u00f3n y mango<\/li>\n<li>Triple baya<\/li>\n<li>Sand\u00eda fresa<\/li>\n<li>Fresas crujientes<\/li>\n<li>Blueberries and raspberries<\/li>\n<li>Aloe Vera Uva<\/li>\n<li>Doble manzana<\/li>\n<li>Peach Ice<\/li>\n<li>Strawberry kiwi fruit<\/li>\n<li>Frutas mixtas<\/li>\n<li>Fresa y pl\u00e1tano<\/li>\n<li>Kiwi, passion fruit, guava<\/li>\n<li>Frambuesa y manzana \u00e1cida<\/li>\n<li>Chicle de sand\u00eda<\/li>\n<li>Yogur de fresa<\/li>\n<li>Drag\u00f3n Negro de Hielo<\/li>\n<li>Agua de lim\u00f3n rosa<\/li>\n<li>Palomitas de ma\u00edz con cerezas<\/li>\n<li>Hielo de mentol<\/li>\n<li>Algod\u00f3n de az\u00facar<\/li>\n<\/ul>\n<h2 data-v-md-heading=\"tailored-for-you-and-your-business\" data-v-md-line=\"52\">Dise\u00f1ado para usted y su negocio<\/h2>\n<p data-v-md-line=\"54\">Hemos lanzado Bang King 15000 inhalaciones para que las compre por separado. Si tiene una tienda f\u00edsica o necesita comprar en grandes cantidades, ofrecemos soluciones profesionales de venta al por mayor para satisfacer sus necesidades. Los productos se empaquetan en cajas de 100 o 200 unidades, de forma ordenada y se pueden enviar en cualquier momento. Cada caja de cart\u00f3n est\u00e1 embalada profesionalmente (200 unidades con dimensiones de 55 \u00d7 29,5 \u00d7 26 cent\u00edmetros y un peso aproximado de 18,85 kilogramos, lo que facilita la comprensi\u00f3n de las especificaciones del producto).<\/p>\n<p data-v-md-line=\"56\">Y lo que es m\u00e1s importante, nos encargamos de toda la log\u00edstica. Ofrecemos servicios de env\u00edo DDP a trav\u00e9s de UPS, DPD y DHL, y todos los aranceles est\u00e1n prepagados. No tiene que preocuparse por aranceles aduaneros ni costos ocultos. Tanto si pide una como cien piezas, podemos entreg\u00e1rselas directamente a su domicilio.<\/p>\n<h2 data-v-md-heading=\"reasons-why-you-will-like-it\" data-v-md-line=\"58\">Razones por las que te gustar\u00e1<\/h2>\n<p data-v-md-line=\"60\"><strong>15000 bocanadas:<\/strong>\u00a0Suficiente para usar durante varias semanas, sin necesidad de comprar cartuchos de repuesto con frecuencia<\/p>\n<p data-v-md-line=\"62\"><strong>25 ml de e-l\u00edquido:<\/strong>\u00a0Mayor capacidad de e-l\u00edquido que la mayor\u00eda de los cigarrillos electr\u00f3nicos desechables, excelente relaci\u00f3n calidad-precio.<\/p>\n<p data-v-md-line=\"64\"><strong>Carga tipo C:<\/strong>\u00a0Utilice el mismo cable de carga que la mayor\u00eda de los tel\u00e9fonos modernos: c\u00f3modo y r\u00e1pido<\/p>\n<p data-v-md-line=\"66\"><strong>N\u00facleo del atomizador de malla:<\/strong>\u00a0garantiza un sabor consistente de principio a fin, no solo en los primeros cientos de bocados<\/p>\n<p data-v-md-line=\"68\"><strong>20 sabores:<\/strong>\u00a0Desde el cl\u00e1sico helado de menta hasta los divertidos malvaviscos rellenos: siempre hay uno que se adapta a ti.<\/p>\n<h2 data-v-md-heading=\"why-choose-to-collaborate-with-agoravape\" data-v-md-line=\"70\">Why choose to collaborate with AgoraVape?<\/h2>\n<p data-v-md-line=\"72\">Como uno de los distribuidores de cigarrillos electr\u00f3nicos m\u00e1s confiables de Europa, solo vendemos productos 100 % genuinos. Para nuestros clientes corporativos, esto significa que Bang King 15000 cigarrillos electr\u00f3nicos les ofrecer\u00e1 precios al por mayor altamente competitivos, soporte t\u00e9cnico confiable y servicios de entrega r\u00e1pidos y estables. Cont\u00e1ctenos y compre un producto que sus clientes realmente apreciar\u00e1n.<\/p>","protected":false},"excerpt":{"rendered":"<p>&nbsp;<\/p>\n<p><script src=\"chrome-extension:\/\/fpelahbljekknahkcaegamhcndkfpfnc\/iFrame.js\" type=\"text\/javascript\"><\/script><\/p>\n<p><script src=\"chrome-extension:\/\/fpelahbljekknahkcaegamhcndkfpfnc\/iFrame.js\" type=\"text\/javascript\"><\/script><\/p>\n<p><script src=\"chrome-extension:\/\/fpelahbljekknahkcaegamhcndkfpfnc\/iFrame.js\" type=\"text\/javascript\"><\/script><\/p>\n<p><script src=\"chrome-extension:\/\/fpelahbljekknahkcaegamhcndkfpfnc\/iFrame.js\" type=\"text\/javascript\"><\/script><\/p>","protected":false},"featured_media":19707,"comment_status":"open","ping_status":"closed","template":"","meta":[],"product_brand":[197],"product_cat":[124,187,185,1635,189,123,176,177,174,175,193,191,173,186,180,190],"product_tag":[],"class_list":{"0":"post-19675","1":"product","2":"type-product","3":"status-publish","4":"has-post-thumbnail","6":"product_brand-bang","7":"product_cat-vape-by-brand","8":"product_cat-0mg-nicotine-free-vapes","9":"product_cat-10000-puffs-high-capacity","10":"product_cat-15000-puffs","11":"product_cat-20mg-standard-nicotine-vapes","12":"product_cat-bang","13":"product_cat-beverage","14":"product_cat-dessert-sweets","15":"product_cat-fruit-flavors","16":"product_cat-icy-mint","17":"product_cat-mesh-coil","18":"product_cat-rechargeable-disposables","19":"product_cat-vape-by-flavor-profile","20":"product_cat-vape-by-nicotine-strength","21":"product_cat-vape-by-puff-count","22":"product_cat-vape-by-feature-or-type","24":"first","25":"instock","26":"shipping-taxable","27":"purchasable","28":"product-type-variable","29":"has-default-attributes"},"tiered_pricing_type":"percentage","tiered_pricing_fixed_rules":[],"tiered_pricing_product_settings":{"layout":"default","base_unit_name":{"singular":null,"plural":null},"default_variation":null},"tiered_pricing_minimum_quantity":10,"tiered_pricing_roles_data":[],"tiered_pricing_percentage_rules":{"30":"29","50":"35","100":"40","200":"44","500":"47","1000":"49"},"tiered_pricing_maximum_quantity":null,"tiered_pricing_quantity_step":"10","_links":{"self":[{"href":"https:\/\/agoravape.com\/es\/wp-json\/wp\/v2\/product\/19675","targetHints":{"allow":["GET"]}}],"collection":[{"href":"https:\/\/agoravape.com\/es\/wp-json\/wp\/v2\/product"}],"about":[{"href":"https:\/\/agoravape.com\/es\/wp-json\/wp\/v2\/types\/product"}],"replies":[{"embeddable":true,"href":"https:\/\/agoravape.com\/es\/wp-json\/wp\/v2\/comments?post=19675"}],"version-history":[{"count":0,"href":"https:\/\/agoravape.com\/es\/wp-json\/wp\/v2\/product\/19675\/revisions"}],"wp:featuredmedia":[{"embeddable":true,"href":"https:\/\/agoravape.com\/es\/wp-json\/wp\/v2\/media\/19707"}],"wp:attachment":[{"href":"https:\/\/agoravape.com\/es\/wp-json\/wp\/v2\/media?parent=19675"}],"wp:term":[{"taxonomy":"product_brand","embeddable":true,"href":"https:\/\/agoravape.com\/es\/wp-json\/wp\/v2\/product_brand?post=19675"},{"taxonomy":"product_cat","embeddable":true,"href":"https:\/\/agoravape.com\/es\/wp-json\/wp\/v2\/product_cat?post=19675"},{"taxonomy":"product_tag","embeddable":true,"href":"https:\/\/agoravape.com\/es\/wp-json\/wp\/v2\/product_tag?post=19675"}],"curies":[{"name":"wp","href":"https:\/\/api.w.org\/{rel}","templated":true}]}}