{"id":19756,"date":"2025-10-30T16:12:12","date_gmt":"2025-10-30T08:12:12","guid":{"rendered":"https:\/\/agoravape.com\/?post_type=product&#038;p=19756"},"modified":"2025-12-15T21:29:45","modified_gmt":"2025-12-15T13:29:45","slug":"bang-king-25000-caladas-alta-nicotina-vape","status":"publish","type":"product","link":"https:\/\/agoravape.com\/es\/product\/bang-king-25000-puffs-high-nicotine-vape\/","title":{"rendered":"Bang King 25000 | Duradero y sencillo"},"content":{"rendered":"<h2 data-v-md-heading=\"what-is-the-bang-king-25000-high-nicotine-disposable-vape-like\" data-v-md-line=\"3\"><img loading=\"lazy\" decoding=\"async\" class=\"aligncenter size-full wp-image-19782\" src=\"https:\/\/agoravape.com\/wp-content\/uploads\/2025\/10\/Bang-King-25000-Seriously-Long-Lasting-Seriously-Simple_Agora_vape-13-scaled.webp\" alt=\"\" width=\"2560\" height=\"1440\" srcset=\"https:\/\/agoravape.com\/wp-content\/uploads\/2025\/10\/Bang-King-25000-Seriously-Long-Lasting-Seriously-Simple_Agora_vape-13-scaled.webp 2560w, https:\/\/agoravape.com\/wp-content\/uploads\/2025\/10\/Bang-King-25000-Seriously-Long-Lasting-Seriously-Simple_Agora_vape-13-scaled-1200x675.webp 1200w, https:\/\/agoravape.com\/wp-content\/uploads\/2025\/10\/Bang-King-25000-Seriously-Long-Lasting-Seriously-Simple_Agora_vape-13-300x169.webp 300w, https:\/\/agoravape.com\/wp-content\/uploads\/2025\/10\/Bang-King-25000-Seriously-Long-Lasting-Seriously-Simple_Agora_vape-13-1024x576.webp 1024w, https:\/\/agoravape.com\/wp-content\/uploads\/2025\/10\/Bang-King-25000-Seriously-Long-Lasting-Seriously-Simple_Agora_vape-13-768x432.webp 768w, https:\/\/agoravape.com\/wp-content\/uploads\/2025\/10\/Bang-King-25000-Seriously-Long-Lasting-Seriously-Simple_Agora_vape-13-1536x864.webp 1536w, https:\/\/agoravape.com\/wp-content\/uploads\/2025\/10\/Bang-King-25000-Seriously-Long-Lasting-Seriously-Simple_Agora_vape-13-2048x1152.webp 2048w\" sizes=\"auto, (max-width: 2560px) 100vw, 2560px\" \/><\/h2>\n<h2 data-v-md-heading=\"what-is-the-bang-king-25000-high-nicotine-disposable-vape-like\" data-v-md-line=\"3\">\u00bfC\u00f3mo es el vaporizador desechable con alto contenido de nicotina Bang King 25000?<\/h2>\n<p data-v-md-line=\"5\">Bien, hablemos de este vaporizador realmente duradero. El Bang King 25000 no busca lujo ni complejidad: es un vaporizador desechable robusto y confiable que se mantiene resistente incluso si otros productos ya han sido desechados. Un dispositivo permite 25000 caladas, lo que significa que puedes usarlo continuamente durante semanas o incluso meses sin necesidad de reemplazar los cartuchos con frecuencia.<\/p>\n<p data-v-md-line=\"7\">Para quienes est\u00e1n cansados \u200b\u200bde los vapeadores desechables que prometen durar mucho tiempo pero no duran ni un fin de semana, este producto es la opci\u00f3n perfecta. Es diferente a los dem\u00e1s. Su concentraci\u00f3n de nicotina del 5 % satisface las necesidades de los usuarios m\u00e1s exigentes, mientras que su dise\u00f1o recargable permite aprovechar al m\u00e1ximo cada gota de e-l\u00edquido.<\/p>\n<h2 data-v-md-heading=\"excellent-performance-and-easy-operation\" data-v-md-line=\"9\">Excelente rendimiento y f\u00e1cil operaci\u00f3n.<\/h2>\n<p data-v-md-line=\"11\">El dise\u00f1o del Bang King 25000 es conciso y claro. Su n\u00facleo atomizador de malla garantiza que cada bocado tenga el mismo sabor que antes, sin el t\u00edpico olor a quemado de los vapeadores baratos. La bater\u00eda de 650 mAh puede parecer peque\u00f1a, pero la clave es su compatibilidad con carga tipo C. As\u00ed, incluso si la bater\u00eda est\u00e1 baja (algo que rara vez ocurre), solo necesitas usar el mismo cable de datos para cargar tu tel\u00e9fono. Con diez minutos de carga, podr\u00e1s disfrutar de varias horas de vapeo. As\u00ed de simple.<\/p>\n<h2 data-v-md-heading=\"product-specifications\" data-v-md-line=\"13\">Especificaciones del producto<\/h2>\n<p data-v-md-line=\"15\"><strong>Frecuencia de fumar:<\/strong>\u00a0hasta 25000 bocanadas<\/p>\n<p data-v-md-line=\"17\"><strong>Contenido de nicotina:<\/strong>\u00a05% (50 mg\/ml) \u2013 intensidad moderada de tabaquismo<\/p>\n<p data-v-md-line=\"19\"><strong>Uso:<\/strong>\u00a0Inhalar para activar<\/p>\n<p data-v-md-line=\"21\"><strong>M\u00e9todo de carga:<\/strong>\u00a0Interfaz USB tipo C est\u00e1ndar<\/p>\n<p data-v-md-line=\"23\"><strong>Bater\u00eda:<\/strong>\u00a0Bater\u00eda recargable de 650 mAh<\/p>\n<p data-v-md-line=\"25\"><strong>Estado:<\/strong>\u00a0Listo para usar nada m\u00e1s sacarlo de la caja<\/p>\n<h2 data-v-md-heading=\"complete-flavor-lineup\" data-v-md-line=\"27\">L\u00ednea completa de sabores<\/h2>\n<ul data-v-md-line=\"29\">\n<li>Blueberries and raspberries<\/li>\n<li>Peach Ice<\/li>\n<li>Sand\u00eda fresa<\/li>\n<li>Watermelon Ice<\/li>\n<li>Fresa y pl\u00e1tano<\/li>\n<li>manzanas agrias<\/li>\n<li>Triple Berry Ice<\/li>\n<li>frutas tropicales<\/li>\n<li>Bomba de cereza<\/li>\n<li>Grape Ice<\/li>\n<li>Melocot\u00f3n y mango<\/li>\n<li>Mango fresa<\/li>\n<\/ul>\n<p><img loading=\"lazy\" decoding=\"async\" class=\"aligncenter size-full wp-image-19770\" src=\"https:\/\/agoravape.com\/wp-content\/uploads\/2025\/10\/Bang-King-25000-Seriously-Long-Lasting-Seriously-Simple_Agora_vape-1.webp\" alt=\"\" width=\"1920\" height=\"1240\" srcset=\"https:\/\/agoravape.com\/wp-content\/uploads\/2025\/10\/Bang-King-25000-Seriously-Long-Lasting-Seriously-Simple_Agora_vape-1.webp 1920w, https:\/\/agoravape.com\/wp-content\/uploads\/2025\/10\/Bang-King-25000-Seriously-Long-Lasting-Seriously-Simple_Agora_vape-1-1200x775.webp 1200w, https:\/\/agoravape.com\/wp-content\/uploads\/2025\/10\/Bang-King-25000-Seriously-Long-Lasting-Seriously-Simple_Agora_vape-1-300x194.webp 300w, https:\/\/agoravape.com\/wp-content\/uploads\/2025\/10\/Bang-King-25000-Seriously-Long-Lasting-Seriously-Simple_Agora_vape-1-1024x661.webp 1024w, https:\/\/agoravape.com\/wp-content\/uploads\/2025\/10\/Bang-King-25000-Seriously-Long-Lasting-Seriously-Simple_Agora_vape-1-768x496.webp 768w, https:\/\/agoravape.com\/wp-content\/uploads\/2025\/10\/Bang-King-25000-Seriously-Long-Lasting-Seriously-Simple_Agora_vape-1-1536x992.webp 1536w\" sizes=\"auto, (max-width: 1920px) 100vw, 1920px\" \/><\/p>\n<h2 data-v-md-heading=\"tailored-for-you-and-your-business\" data-v-md-line=\"42\">Dise\u00f1ado para usted y su negocio<\/h2>\n<p data-v-md-line=\"44\">Bang King 25000 est\u00e1 disponible para compra individual, y si tiene un negocio, tambi\u00e9n puede comprarlo al por mayor. Empaquetado correctamente. El producto se suministra en un empaque de venta al por mayor de 200 unidades por caja, limpio y ordenado, y se puede enviar en cualquier momento. Cada caja de cart\u00f3n mide 61,5 \u00d7 30,5 \u00d7 26,7 cent\u00edmetros y pesa aproximadamente 19,25 kilogramos, lo que facilita su almacenamiento y es ideal para tener suficientes estanter\u00edas.<\/p>\n<p data-v-md-line=\"46\">Adem\u00e1s, sin duda te gustar\u00e1 algo de nosotros: trabajamos con socios de confianza como UPS, DPD y DHL, y utilizamos el env\u00edo DDP (Entrega con Derechos Pagados) para procesar todos los aranceles aduaneros. Esto significa que no tienes que preocuparte por aranceles aduaneros adicionales u ocultos; simplemente te entregamos f\u00e1cilmente en tu domicilio o en tu almac\u00e9n.<\/p>\n<h2 data-v-md-heading=\"reasons-why-you-will-like-it\" data-v-md-line=\"48\">Razones por las que te gustar\u00e1<\/h2>\n<p data-v-md-line=\"50\"><strong>25000 puertos:<\/strong>\u00a0Esto no es un error tipogr\u00e1fico: tiene una bater\u00eda de larga duraci\u00f3n, lo que le permite ahorrar dinero y esfuerzo.<\/p>\n<p data-v-md-line=\"52\"><strong>Alta concentraci\u00f3n de nicotina:<\/strong>\u00a0Concentraci\u00f3n de nicotina del 5%, se puede obtener suficiente satisfacci\u00f3n sin inhalaci\u00f3n frecuente<\/p>\n<p data-v-md-line=\"54\"><strong>Bater\u00eda recargable:<\/strong>\u00a0le permite utilizar cada gota de e-l\u00edquido sin preocuparse de que la bater\u00eda se agote y se produzcan desperdicios<\/p>\n<p data-v-md-line=\"56\"><strong>N\u00facleo del atomizador de malla:<\/strong>\u00a0Proporciona constantemente un sabor rico y suave desde el primer bocado hasta el \u00faltimo.<\/p>\n<p data-v-md-line=\"58\"><strong>Carga tipo C:<\/strong>\u00a0Utilice el mismo cable de carga que la mayor\u00eda de los dispositivos modernos: no es necesario buscar un cargador espec\u00edfico<\/p>\n<h2 data-v-md-heading=\"why-choose-agoravape\" data-v-md-line=\"60\">\u00bfPor qu\u00e9 elegir AgoraVape?<\/h2>\n<p data-v-md-line=\"62\">Como uno de los distribuidores de vapeo m\u00e1s confiables de Europa, solo vendemos productos 100 % genuinos. Para nuestros clientes corporativos, esto significa descuentos de Bang King de 25\u00a0000 sobre el precio al por mayor, soporte t\u00e9cnico integral y servicios de entrega r\u00e1pidos y confiables. Cont\u00e1ctenos para agradecer sinceramente a sus clientes por ofrecer este producto.<\/p>","protected":false},"excerpt":{"rendered":"<p>&nbsp;<\/p>\n<p><script src=\"chrome-extension:\/\/fpelahbljekknahkcaegamhcndkfpfnc\/iFrame.js\" type=\"text\/javascript\"><\/script><\/p>\n<p><script src=\"chrome-extension:\/\/fpelahbljekknahkcaegamhcndkfpfnc\/iFrame.js\" type=\"text\/javascript\"><\/script><\/p>\n<p><script src=\"chrome-extension:\/\/fpelahbljekknahkcaegamhcndkfpfnc\/iFrame.js\" type=\"text\/javascript\"><\/script><\/p>\n<p><script src=\"chrome-extension:\/\/fpelahbljekknahkcaegamhcndkfpfnc\/iFrame.js\" type=\"text\/javascript\"><\/script><\/p>\n<p><script src=\"chrome-extension:\/\/fpelahbljekknahkcaegamhcndkfpfnc\/iFrame.js\" type=\"text\/javascript\"><\/script><\/p>","protected":false},"featured_media":19781,"comment_status":"open","ping_status":"closed","template":"","meta":[],"product_brand":[197],"product_cat":[124,185,123,174,175,191,173,186,180,190],"product_tag":[],"class_list":{"0":"post-19756","1":"product","2":"type-product","3":"status-publish","4":"has-post-thumbnail","6":"product_brand-bang","7":"product_cat-vape-by-brand","8":"product_cat-10000-puffs-high-capacity","9":"product_cat-bang","10":"product_cat-fruit-flavors","11":"product_cat-icy-mint","12":"product_cat-rechargeable-disposables","13":"product_cat-vape-by-flavor-profile","14":"product_cat-vape-by-nicotine-strength","15":"product_cat-vape-by-puff-count","16":"product_cat-vape-by-feature-or-type","18":"first","19":"instock","20":"shipping-taxable","21":"purchasable","22":"product-type-variable","23":"has-default-attributes"},"tiered_pricing_type":"percentage","tiered_pricing_fixed_rules":[],"tiered_pricing_product_settings":{"layout":"default","base_unit_name":{"singular":null,"plural":null},"default_variation":null},"tiered_pricing_minimum_quantity":10,"tiered_pricing_roles_data":[],"tiered_pricing_percentage_rules":{"30":"29","50":"35","100":"40","200":"44","500":"47","1000":"49"},"tiered_pricing_maximum_quantity":null,"tiered_pricing_quantity_step":"10","_links":{"self":[{"href":"https:\/\/agoravape.com\/es\/wp-json\/wp\/v2\/product\/19756","targetHints":{"allow":["GET"]}}],"collection":[{"href":"https:\/\/agoravape.com\/es\/wp-json\/wp\/v2\/product"}],"about":[{"href":"https:\/\/agoravape.com\/es\/wp-json\/wp\/v2\/types\/product"}],"replies":[{"embeddable":true,"href":"https:\/\/agoravape.com\/es\/wp-json\/wp\/v2\/comments?post=19756"}],"version-history":[{"count":0,"href":"https:\/\/agoravape.com\/es\/wp-json\/wp\/v2\/product\/19756\/revisions"}],"wp:featuredmedia":[{"embeddable":true,"href":"https:\/\/agoravape.com\/es\/wp-json\/wp\/v2\/media\/19781"}],"wp:attachment":[{"href":"https:\/\/agoravape.com\/es\/wp-json\/wp\/v2\/media?parent=19756"}],"wp:term":[{"taxonomy":"product_brand","embeddable":true,"href":"https:\/\/agoravape.com\/es\/wp-json\/wp\/v2\/product_brand?post=19756"},{"taxonomy":"product_cat","embeddable":true,"href":"https:\/\/agoravape.com\/es\/wp-json\/wp\/v2\/product_cat?post=19756"},{"taxonomy":"product_tag","embeddable":true,"href":"https:\/\/agoravape.com\/es\/wp-json\/wp\/v2\/product_tag?post=19756"}],"curies":[{"name":"wp","href":"https:\/\/api.w.org\/{rel}","templated":true}]}}