{"id":19805,"date":"2025-10-30T16:51:05","date_gmt":"2025-10-30T08:51:05","guid":{"rendered":"https:\/\/agoravape.com\/?post_type=product&#038;p=19805"},"modified":"2026-01-30T16:55:44","modified_gmt":"2026-01-30T08:55:44","slug":"bang-king-b35k-duo-35000-puffs-vape","status":"publish","type":"product","link":"https:\/\/agoravape.com\/es\/product\/bang-king-b35k-duo-35000-puffs-vape\/","title":{"rendered":"Bang King B35K Duo 35000 inhalaciones | Dos sabores, un solo dispositivo, sin complicaciones"},"content":{"rendered":"<h2 data-v-md-heading=\"what-is-the-special-feature-of-bang-king-b35k-duo-35000-dual-flavor-electronic-cigarette\" data-v-md-line=\"3\"><img loading=\"lazy\" decoding=\"async\" class=\"size-full wp-image-19830 alignright\" src=\"https:\/\/agoravape.com\/wp-content\/uploads\/2025\/10\/Bang-King-B35K-Duo-35000-Puffs-Two-Flavours-One-Device-Zero-Hassle_Agora_vape-1-scaled.webp\" alt=\"\" width=\"853\" height=\"2560\" srcset=\"https:\/\/agoravape.com\/wp-content\/uploads\/2025\/10\/Bang-King-B35K-Duo-35000-Puffs-Two-Flavours-One-Device-Zero-Hassle_Agora_vape-1-scaled.webp 853w, https:\/\/agoravape.com\/wp-content\/uploads\/2025\/10\/Bang-King-B35K-Duo-35000-Puffs-Two-Flavours-One-Device-Zero-Hassle_Agora_vape-1-100x300.webp 100w, https:\/\/agoravape.com\/wp-content\/uploads\/2025\/10\/Bang-King-B35K-Duo-35000-Puffs-Two-Flavours-One-Device-Zero-Hassle_Agora_vape-1-341x1024.webp 341w, https:\/\/agoravape.com\/wp-content\/uploads\/2025\/10\/Bang-King-B35K-Duo-35000-Puffs-Two-Flavours-One-Device-Zero-Hassle_Agora_vape-1-768x2304.webp 768w, https:\/\/agoravape.com\/wp-content\/uploads\/2025\/10\/Bang-King-B35K-Duo-35000-Puffs-Two-Flavours-One-Device-Zero-Hassle_Agora_vape-1-512x1536.webp 512w, https:\/\/agoravape.com\/wp-content\/uploads\/2025\/10\/Bang-King-B35K-Duo-35000-Puffs-Two-Flavours-One-Device-Zero-Hassle_Agora_vape-1-1200x3600.webp 1200w\" sizes=\"auto, (max-width: 853px) 100vw, 853px\" \/><\/h2>\n<h2 data-v-md-heading=\"what-is-the-special-feature-of-bang-king-b35k-duo-35000-dual-flavor-electronic-cigarette\" data-v-md-line=\"3\">\u00bfCu\u00e1l es la caracter\u00edstica especial del cigarrillo electr\u00f3nico de doble sabor Bang King B35K Duo 35000?<\/h2>\n<p data-v-md-line=\"5\">Este cigarrillo electr\u00f3nico es \u00fanico: parece imposible elegir el sabor, y esa es precisamente su sutileza. El Bang King B35K Duo cuenta con dos compartimentos independientes de 28 ml de e-l\u00edquido, cada uno con diferentes sabores. As\u00ed, puedes cambiar libremente en cualquier momento, por ejemplo, entre helado de ar\u00e1ndano y helado de melocot\u00f3n. Olv\u00eddate de la fatiga gustativa y de la molestia de llevar dos dispositivos. Con solo una suave presi\u00f3n, podr\u00e1s experimentar sabores completamente diferentes.<\/p>\n<p data-v-md-line=\"7\">Si te aburres f\u00e1cilmente o no logras decidirte por un solo sabor, este cigarrillo electr\u00f3nico es perfecto para ti. Es perfecto para quienes desean disfrutar de sabores frutales por la ma\u00f1ana, sabores mentolados por la tarde o d\u00edas largos en los que no pueden apegarse a un solo sabor durante varias semanas.<\/p>\n<h2 data-v-md-heading=\"excellent-performance-and-easy-operation\" data-v-md-line=\"9\">Excelente rendimiento y f\u00e1cil operaci\u00f3n.<\/h2>\n<p data-v-md-line=\"11\">El sistema de doble resistencia de malla (cada atomizador est\u00e1 equipado con una resistencia de 1.0 \u03a9) garantiza que ambos sabores se presenten a la perfecci\u00f3n: desde el primer bocado hasta el \u00faltimo, el sabor es suave, consistente y con cuerpo. Una bater\u00eda de 650 mAh es suficiente para satisfacer las necesidades de hasta 35,000 puertos. Para cargar, simplemente conecte el cable de datos tipo C, igual que el que usa para cargar su tel\u00e9fono. Simple y pr\u00e1ctico.<\/p>\n<h2 data-v-md-heading=\"quick-specifications\" data-v-md-line=\"13\">Especificaciones r\u00e1pidas<\/h2>\n<p data-v-md-line=\"15\"><strong>N\u00famero de sorbos:<\/strong>\u00a0Hasta 35000 sorbos (17500 sorbos por sabor)<\/p>\n<p data-v-md-line=\"17\"><strong>Concentraci\u00f3n de nicotina:<\/strong>\u00a0Disponible en cuatro opciones de concentraci\u00f3n: 0%, 2%, 3% y 5%.<\/p>\n<p data-v-md-line=\"19\"><strong>Uso:<\/strong>\u00a0Inhalar para activar, bot\u00f3n para cambiar sabores.<\/p>\n<p data-v-md-line=\"21\"><strong>M\u00e9todo de carga:<\/strong>\u00a0Interfaz USB tipo C est\u00e1ndar<\/p>\n<p data-v-md-line=\"23\"><strong>Capacidad de e-l\u00edquido:<\/strong>\u00a028 ml x 2 compartimentos independientes para e-l\u00edquido<\/p>\n<p data-v-md-line=\"25\"><strong>Estado:<\/strong>\u00a0Listo para usar nada m\u00e1s sacarlo de la caja<\/p>\n<h2 data-v-md-heading=\"complete-taste-list\" data-v-md-line=\"27\">Lista completa de sabores<\/h2>\n<ul data-v-md-line=\"29\">\n<li>Batido de ar\u00e1ndanos\/batido de melocot\u00f3n jugoso<\/li>\n<li>Batido de fresa y sand\u00eda<\/li>\n<li>Fresa Pl\u00e1tano\/Doble Manzana<\/li>\n<li>Batido de tres bayas\/frutas tropicales<\/li>\n<li>Bombas de cereza\/batidos de uva<\/li>\n<li>Mango melocot\u00f3n\/mango fresa<\/li>\n<li>Lima Mango\/Menta Fresca<\/li>\n<li>Palomitas de ma\u00edz con cerezas\/ar\u00e1ndanos Mr.<\/li>\n<li>Drag\u00f3n Negro Arena Hielo\/Fresa Kiwi<\/li>\n<li>Red Bull\/Melocot\u00f3n y bayas<\/li>\n<li>Agua de lim\u00f3n rosa\/Mr. Blue<\/li>\n<li>Kiwi, maracuy\u00e1, guayaba\/cereza azul, lim\u00f3n<\/li>\n<\/ul>\n<h2 data-v-md-heading=\"tailored-for-you-and-your-business\" data-v-md-line=\"42\">Dise\u00f1ado para usted y su negocio<\/h2>\n<p data-v-md-line=\"44\">La barrita energ\u00e9tica Bang King B35K de doble sabor ya est\u00e1 disponible para la venta por unidad. Si tiene un negocio, tambi\u00e9n puede comprar al por mayor. El producto se presenta en una caja de 10 unidades, con una caja exterior de 200 unidades. Ofrecemos servicios de env\u00edo DDP despu\u00e9s de impuestos con socios como UPS, DPD y DHL para garantizar que no tenga ning\u00fan problema durante el despacho de aduanas. Todos los tr\u00e1mites se realizan correctamente antes de su entrega.<\/p>\n<p data-v-md-line=\"46\">El dise\u00f1o de doble sabor es sin duda un atractivo para los clientes. No es un producto desechable, sino que resuelve el problema de \"estoy harto de este sabor\".<\/p>\n<h2 data-v-md-heading=\"reasons-why-you-will-like-it\" data-v-md-line=\"48\">Razones por las que te gustar\u00e1<\/h2>\n<p data-v-md-line=\"50\"><strong>Doble sabor en uno:<\/strong>\u00a0No es necesario llevar varios dispositivos, puedes cambiar de sabor en cualquier momento.<\/p>\n<p data-v-md-line=\"52\"><strong>Capacidad total de fumar 35000 bocanadas:<\/strong>\u00a0Incluso los usuarios habituales pueden satisfacer semanas de demanda de cigarrillos electr\u00f3nicos.<\/p>\n<p data-v-md-line=\"54\"><strong>Selecci\u00f3n de nicotina:<\/strong>\u00a0Hay cuatro concentraciones de nicotina disponibles, incluida una versi\u00f3n sin nicotina.<\/p>\n<p data-v-md-line=\"56\"><strong>N\u00facleo atomizador de doble malla:<\/strong>\u00a0Cada sabor est\u00e1 equipado con un n\u00facleo atomizador independiente, lo que proporciona un sabor perfecto.<\/p>\n<p data-v-md-line=\"58\"><strong>Bater\u00eda recargable:<\/strong>\u00a0Aprovecha al m\u00e1ximo cada gota de e-l\u00edquido que gastes<\/p>\n<h2 data-v-md-heading=\"why-choose-agoravape\" data-v-md-line=\"60\">\u00bfPor qu\u00e9 elegir AgoraVape?<\/h2>\n<p data-v-md-line=\"62\">Como uno de los distribuidores de cigarrillos electr\u00f3nicos m\u00e1s confiables de Europa, solo vendemos productos 100 % genuinos. Para nuestros clientes corporativos, esto significa que Bang King B35K Duo ofrece precios al por mayor con descuento, soporte t\u00e9cnico integral y env\u00edos r\u00e1pidos y confiables. Cont\u00e1ctenos para recibir este producto que sus clientes realmente apreciar\u00e1n; despu\u00e9s de todo, \u00bfqui\u00e9n no querr\u00eda gastar dinero para disfrutar de dos sabores?<\/p>","protected":false},"excerpt":{"rendered":"<p>&nbsp;<\/p>\n<p><script src=\"chrome-extension:\/\/fpelahbljekknahkcaegamhcndkfpfnc\/iFrame.js\" type=\"text\/javascript\"><\/script><\/p>\n<p><script src=\"chrome-extension:\/\/fpelahbljekknahkcaegamhcndkfpfnc\/iFrame.js\" type=\"text\/javascript\"><\/script><\/p>\n<p><script src=\"chrome-extension:\/\/fpelahbljekknahkcaegamhcndkfpfnc\/iFrame.js\" type=\"text\/javascript\"><\/script><\/p>\n<p><script src=\"chrome-extension:\/\/fpelahbljekknahkcaegamhcndkfpfnc\/iFrame.js\" type=\"text\/javascript\"><\/script><\/p>\n<p><script src=\"chrome-extension:\/\/fpelahbljekknahkcaegamhcndkfpfnc\/iFrame.js\" type=\"text\/javascript\"><\/script><\/p>","protected":false},"featured_media":19829,"comment_status":"open","ping_status":"closed","template":"","meta":[],"product_brand":[197],"product_cat":[124,187,185,189,123,176,195,174,175,193,191,173,186,180,190],"product_tag":[],"class_list":{"0":"post-19805","1":"product","2":"type-product","3":"status-publish","4":"has-post-thumbnail","6":"product_brand-bang","7":"product_cat-vape-by-brand","8":"product_cat-0mg-nicotine-free-vapes","9":"product_cat-10000-puffs-high-capacity","10":"product_cat-20mg-standard-nicotine-vapes","11":"product_cat-bang","12":"product_cat-beverage","13":"product_cat-dual-flavor-switch","14":"product_cat-fruit-flavors","15":"product_cat-icy-mint","16":"product_cat-mesh-coil","17":"product_cat-rechargeable-disposables","18":"product_cat-vape-by-flavor-profile","19":"product_cat-vape-by-nicotine-strength","20":"product_cat-vape-by-puff-count","21":"product_cat-vape-by-feature-or-type","23":"first","24":"instock","25":"shipping-taxable","26":"purchasable","27":"product-type-variable","28":"has-default-attributes"},"tiered_pricing_type":"percentage","tiered_pricing_fixed_rules":[],"tiered_pricing_product_settings":{"layout":"default","base_unit_name":{"singular":null,"plural":null},"default_variation":null},"tiered_pricing_minimum_quantity":10,"tiered_pricing_roles_data":[],"tiered_pricing_percentage_rules":{"30":"29","50":"35","100":"40","200":"44","500":"47","1000":"49"},"tiered_pricing_maximum_quantity":null,"tiered_pricing_quantity_step":"10","_links":{"self":[{"href":"https:\/\/agoravape.com\/es\/wp-json\/wp\/v2\/product\/19805","targetHints":{"allow":["GET"]}}],"collection":[{"href":"https:\/\/agoravape.com\/es\/wp-json\/wp\/v2\/product"}],"about":[{"href":"https:\/\/agoravape.com\/es\/wp-json\/wp\/v2\/types\/product"}],"replies":[{"embeddable":true,"href":"https:\/\/agoravape.com\/es\/wp-json\/wp\/v2\/comments?post=19805"}],"version-history":[{"count":0,"href":"https:\/\/agoravape.com\/es\/wp-json\/wp\/v2\/product\/19805\/revisions"}],"wp:featuredmedia":[{"embeddable":true,"href":"https:\/\/agoravape.com\/es\/wp-json\/wp\/v2\/media\/19829"}],"wp:attachment":[{"href":"https:\/\/agoravape.com\/es\/wp-json\/wp\/v2\/media?parent=19805"}],"wp:term":[{"taxonomy":"product_brand","embeddable":true,"href":"https:\/\/agoravape.com\/es\/wp-json\/wp\/v2\/product_brand?post=19805"},{"taxonomy":"product_cat","embeddable":true,"href":"https:\/\/agoravape.com\/es\/wp-json\/wp\/v2\/product_cat?post=19805"},{"taxonomy":"product_tag","embeddable":true,"href":"https:\/\/agoravape.com\/es\/wp-json\/wp\/v2\/product_tag?post=19805"}],"curies":[{"name":"wp","href":"https:\/\/api.w.org\/{rel}","templated":true}]}}