{"id":19833,"date":"2025-10-30T17:02:30","date_gmt":"2025-10-30T09:02:30","guid":{"rendered":"https:\/\/agoravape.com\/?post_type=product&#038;p=19833"},"modified":"2026-01-30T16:54:59","modified_gmt":"2026-01-30T08:54:59","slug":"bang-king-bk36s-36000-puffs-touchscreen-vape","status":"publish","type":"product","link":"https:\/\/agoravape.com\/es\/product\/bang-king-bk36s-36000-puffs-touchscreen-vape\/","title":{"rendered":"Bang King BK36S 36000 caladas | El vaporizador inteligente que realmente dura"},"content":{"rendered":"<h2 data-v-md-heading=\"what-is-the-special-feature-of-bang-king-bk36s-36000-touchscreen-vape\" data-v-md-line=\"3\">\u00bfCu\u00e1l es la caracter\u00edstica especial del vaporizador de pantalla t\u00e1ctil Bang King BK36S 36000?<\/h2>\n<p data-v-md-line=\"5\">Bien, hablemos de un producto realmente impresionante: un vaporizador con pantalla t\u00e1ctil y una bater\u00eda con una duraci\u00f3n de hasta 36\u00a0000 caladas. S\u00e9 lo que est\u00e1s pensando: \u00abEsta bater\u00eda tiene una duraci\u00f3n incre\u00edble, \u00bfverdad?\u00bb. Pero lo cierto es que pesa solo 100 gramos y es muy f\u00e1cil de transportar. El Bang King BK36S es perfecto para quienes est\u00e1n cansados \u200b\u200bde cambiar constantemente sus vaporizadores desechables, pero no quieren complicarse con hosts y atomizadores complejos.<\/p>\n<p data-v-md-line=\"7\">Lo m\u00e1s destacado de este vaporizador es su dise\u00f1o t\u00e1ctil. No es solo un adorno: puedes ajustar la potencia y encontrar la experiencia de fumar que mejor se adapte a ti. Tanto si prefieres un sabor suave como si buscas una estimulaci\u00f3n m\u00e1s intensa, todo est\u00e1 bajo control. Este vaporizador incluye 30 ml de e-l\u00edquido, suficiente para usarlo continuamente durante semanas o incluso meses sin tener que reponerlo con frecuencia.<\/p>\n<h2 data-v-md-heading=\"excellent-performance-and-easy-operation\" data-v-md-line=\"9\">Excelente rendimiento y f\u00e1cil operaci\u00f3n.<\/h2>\n<p data-v-md-line=\"11\">El n\u00facleo atomizador de malla de 1.0 \u03a9 garantiza que cada bocado tenga el mismo sabor que antes, olvid\u00e1ndose del t\u00edpico olor a quemado de los vapeadores baratos. La funci\u00f3n de ajuste de la entrada de aire inferior permite ajustar la resistencia de succi\u00f3n, ya sea que prefieras una succi\u00f3n firme como la de un cigarrillo o una experiencia de succi\u00f3n suave y relajada. Para cargar una bater\u00eda de 650 mAh, simplemente usa un cable de datos tipo C, como si estuvieras cargando tu tel\u00e9fono. Simple y pr\u00e1ctico.<\/p>\n<h2 data-v-md-heading=\"quick-specifications\" data-v-md-line=\"13\">Especificaciones r\u00e1pidas<\/h2>\n<p data-v-md-line=\"15\"><strong>Frecuencia de fumar:<\/strong>\u00a0hasta 36000 bocanadas<\/p>\n<p data-v-md-line=\"17\"><strong>Capacidad de e-l\u00edquido:<\/strong>\u00a030 ml de aceite precargado<\/p>\n<p data-v-md-line=\"19\"><strong>Bater\u00eda:<\/strong>\u00a0Bater\u00eda recargable de 650 mAh<\/p>\n<p data-v-md-line=\"21\"><strong>Principio de funcionamiento:<\/strong>\u00a0Activaci\u00f3n por inhalaci\u00f3n, control mediante pantalla t\u00e1ctil<\/p>\n<p data-v-md-line=\"23\"><strong>Cargando:<\/strong>\u00a0Interfaz USB tipo C est\u00e1ndar<\/p>\n<p data-v-md-line=\"25\"><strong>Caracter\u00edsticas destacadas:<\/strong>\u00a0Ajuste de potencia con pantalla t\u00e1ctil + control de entrada de aire inferior<\/p>\n<p data-v-md-line=\"27\"><strong>Estado:<\/strong>\u00a0Listo para usar nada m\u00e1s sacarlo de la caja<\/p>\n<h2 data-v-md-heading=\"complete-flavor-lineup\" data-v-md-line=\"29\">L\u00ednea completa de sabores<\/h2>\n<ul data-v-md-line=\"31\">\n<li>Batido de ar\u00e1ndanos<\/li>\n<li>Sand\u00eda fresa<\/li>\n<li>Batido de sand\u00eda<\/li>\n<li>Fresa y pl\u00e1tano<\/li>\n<li>frutas tropicales<\/li>\n<li>Helado de triple baya<\/li>\n<li>Batido de melocot\u00f3n jugoso<\/li>\n<li>Strawberry kiwi fruit<\/li>\n<li>Melocot\u00f3n, Mango, Sand\u00eda<\/li>\n<li>Kiwi, passion fruit, guava<\/li>\n<li>Batido de uva<\/li>\n<li>Se\u00f1or Azul<\/li>\n<\/ul>\n<h2 data-v-md-heading=\"to-create-for-you-and-your-business\" data-v-md-line=\"44\">Para crear para usted y su negocio<\/h2>\n<p data-v-md-line=\"46\">Hemos creado el Bang King BK36S para que lo compre por separado. Si tiene un negocio, tambi\u00e9n puede comprarlo al por mayor. El producto se vende en paquetes de 200 unidades por caja, con un peso aproximado de 21 kg. Su empaque compacto (59 x 34 x 25 cm) facilita su almacenamiento. Adem\u00e1s, ofrecemos servicios OEM\/ODM para satisfacer sus necesidades de personalizaci\u00f3n. Ofrecemos env\u00edos DDP con pago de impuestos a trav\u00e9s de UPS, DPD y DHL, lo que le garantiza que no tendr\u00e1 que preocuparse por aranceles aduaneros y que la entrega se realizar\u00e1 directamente en su domicilio.<\/p>\n<h2 data-v-md-heading=\"reasons-why-you-will-like-it\" data-v-md-line=\"48\">Razones por las que te gustar\u00e1<\/h2>\n<p data-v-md-line=\"50\"><strong>36000 unidades:<\/strong>\u00a0Un dispositivo puede satisfacer sus necesidades de uso de vapeo durante varios meses.<\/p>\n<p data-v-md-line=\"52\"><strong>Control de pantalla t\u00e1ctil:<\/strong>\u00a0Ajuste la potencia para una experiencia de fumar perfecta en todo momento<\/p>\n<p data-v-md-line=\"54\"><strong>Regulaci\u00f3n del flujo de aire:<\/strong>\u00a0Resistencia de succi\u00f3n personalizada, desde estrecha hasta sin obstrucciones<\/p>\n<p data-v-md-line=\"56\"><strong>Tecnolog\u00eda de bobina de malla:<\/strong>\u00a0Delicia constante desde el primer bocado hasta el \u00faltimo.<\/p>\n<p data-v-md-line=\"58\"><strong>Carga tipo C:<\/strong>\u00a0Utilice el mismo cable de carga que otros dispositivos<\/p>\n<p data-v-md-line=\"60\"><strong>12 sabores:<\/strong>\u00a0Desde los cl\u00e1sicos sabores de frutas hasta los refrescantes sabores de menta, siempre hay uno que se adapta a ti.<\/p>\n<h2 data-v-md-heading=\"why-choose-to-collaborate-with-agoravape\" data-v-md-line=\"62\">Why choose to collaborate with AgoraVape?<\/h2>\n<p data-v-md-line=\"64\">Como uno de los distribuidores de vapeo m\u00e1s confiables de Europa, solo vendemos productos 100 % originales. Para nuestros clientes corporativos, esto se traduce en precios al por mayor con descuento, soporte t\u00e9cnico confiable y servicios de entrega r\u00e1pidos y confiables en toda Europa para el Bang King BK36S. Con solo confiar en la funci\u00f3n de pantalla t\u00e1ctil, sus clientes pueden convertirse en clientes habituales: esta innovaci\u00f3n realmente puede generar un cambio. Cont\u00e1ctenos y compre un producto que sus clientes realmente apreciar\u00e1n.<\/p>","protected":false},"excerpt":{"rendered":"<p>&nbsp;<\/p>\n<p><script src=\"chrome-extension:\/\/fpelahbljekknahkcaegamhcndkfpfnc\/iFrame.js\" type=\"text\/javascript\"><\/script><\/p>\n<p><script src=\"chrome-extension:\/\/fpelahbljekknahkcaegamhcndkfpfnc\/iFrame.js\" type=\"text\/javascript\"><\/script><\/p>\n<p><script src=\"chrome-extension:\/\/fpelahbljekknahkcaegamhcndkfpfnc\/iFrame.js\" type=\"text\/javascript\"><\/script><\/p>\n<p><script src=\"chrome-extension:\/\/fpelahbljekknahkcaegamhcndkfpfnc\/iFrame.js\" type=\"text\/javascript\"><\/script><\/p>\n<p><script src=\"chrome-extension:\/\/fpelahbljekknahkcaegamhcndkfpfnc\/iFrame.js\" type=\"text\/javascript\"><\/script><\/p>","protected":false},"featured_media":19858,"comment_status":"open","ping_status":"closed","template":"","meta":[],"product_brand":[197],"product_cat":[124,187,185,189,194,123,174,175,193,191,179,173,186,180,190,192],"product_tag":[],"class_list":{"0":"post-19833","1":"product","2":"type-product","3":"status-publish","4":"has-post-thumbnail","6":"product_brand-bang","7":"product_cat-vape-by-brand","8":"product_cat-0mg-nicotine-free-vapes","9":"product_cat-10000-puffs-high-capacity","10":"product_cat-20mg-standard-nicotine-vapes","11":"product_cat-adjustable-airflow","12":"product_cat-bang","13":"product_cat-fruit-flavors","14":"product_cat-icy-mint","15":"product_cat-mesh-coil","16":"product_cat-rechargeable-disposables","17":"product_cat-unique-blends","18":"product_cat-vape-by-flavor-profile","19":"product_cat-vape-by-nicotine-strength","20":"product_cat-vape-by-puff-count","21":"product_cat-vape-by-feature-or-type","22":"product_cat-vapes-with-screens","24":"first","25":"instock","26":"shipping-taxable","27":"purchasable","28":"product-type-variable","29":"has-default-attributes"},"tiered_pricing_type":"percentage","tiered_pricing_fixed_rules":[],"tiered_pricing_product_settings":{"layout":"default","base_unit_name":{"singular":null,"plural":null},"default_variation":null},"tiered_pricing_minimum_quantity":10,"tiered_pricing_roles_data":[],"tiered_pricing_percentage_rules":{"30":"29","50":"35","100":"40","200":"44","500":"47","1000":"49"},"tiered_pricing_maximum_quantity":null,"tiered_pricing_quantity_step":"10","_links":{"self":[{"href":"https:\/\/agoravape.com\/es\/wp-json\/wp\/v2\/product\/19833","targetHints":{"allow":["GET"]}}],"collection":[{"href":"https:\/\/agoravape.com\/es\/wp-json\/wp\/v2\/product"}],"about":[{"href":"https:\/\/agoravape.com\/es\/wp-json\/wp\/v2\/types\/product"}],"replies":[{"embeddable":true,"href":"https:\/\/agoravape.com\/es\/wp-json\/wp\/v2\/comments?post=19833"}],"version-history":[{"count":0,"href":"https:\/\/agoravape.com\/es\/wp-json\/wp\/v2\/product\/19833\/revisions"}],"wp:featuredmedia":[{"embeddable":true,"href":"https:\/\/agoravape.com\/es\/wp-json\/wp\/v2\/media\/19858"}],"wp:attachment":[{"href":"https:\/\/agoravape.com\/es\/wp-json\/wp\/v2\/media?parent=19833"}],"wp:term":[{"taxonomy":"product_brand","embeddable":true,"href":"https:\/\/agoravape.com\/es\/wp-json\/wp\/v2\/product_brand?post=19833"},{"taxonomy":"product_cat","embeddable":true,"href":"https:\/\/agoravape.com\/es\/wp-json\/wp\/v2\/product_cat?post=19833"},{"taxonomy":"product_tag","embeddable":true,"href":"https:\/\/agoravape.com\/es\/wp-json\/wp\/v2\/product_tag?post=19833"}],"curies":[{"name":"wp","href":"https:\/\/api.w.org\/{rel}","templated":true}]}}