{"id":19940,"date":"2025-10-30T21:17:39","date_gmt":"2025-10-30T13:17:39","guid":{"rendered":"https:\/\/agoravape.com\/?post_type=product&#038;p=19940"},"modified":"2026-02-22T15:14:30","modified_gmt":"2026-02-22T14:14:30","slug":"bang-king-85000-puffs-triple-mesh-vape","status":"publish","type":"product","link":"https:\/\/agoravape.com\/es\/product\/bang-king-85000-puffs-triple-mesh-vape\/","title":{"rendered":"Bang King 85000 | El vaporizador que dura much\u00edsimo"},"content":{"rendered":"<h2 data-v-md-heading=\"what-is-the-special-feature-of-bang-king-85000-three-network-atomizer-core-vape\" data-v-md-line=\"3\"><img loading=\"lazy\" decoding=\"async\" class=\"size-full wp-image-19954 alignright\" src=\"https:\/\/agoravape.com\/wp-content\/uploads\/2025\/10\/Bang-King-85000-The-Vape-That-Just-Keeps-Going_Agora_vape-1.webp\" alt=\"\" width=\"800\" height=\"800\" srcset=\"https:\/\/agoravape.com\/wp-content\/uploads\/2025\/10\/Bang-King-85000-The-Vape-That-Just-Keeps-Going_Agora_vape-1.webp 800w, https:\/\/agoravape.com\/wp-content\/uploads\/2025\/10\/Bang-King-85000-The-Vape-That-Just-Keeps-Going_Agora_vape-1-600x600.webp 600w, https:\/\/agoravape.com\/wp-content\/uploads\/2025\/10\/Bang-King-85000-The-Vape-That-Just-Keeps-Going_Agora_vape-1-300x300.webp 300w, https:\/\/agoravape.com\/wp-content\/uploads\/2025\/10\/Bang-King-85000-The-Vape-That-Just-Keeps-Going_Agora_vape-1-150x150.webp 150w, https:\/\/agoravape.com\/wp-content\/uploads\/2025\/10\/Bang-King-85000-The-Vape-That-Just-Keeps-Going_Agora_vape-1-768x768.webp 768w\" sizes=\"auto, (max-width: 800px) 100vw, 800px\" \/><\/h2>\n<h2 data-v-md-heading=\"what-is-the-special-feature-of-bang-king-85000-three-network-atomizer-core-vape\" data-v-md-line=\"3\">\u00bfCu\u00e1l es la caracter\u00edstica especial del n\u00facleo atomizador de tres redes Bang King 85000?<\/h2>\n<p data-v-md-line=\"5\">Bueno, hablemos de un producto un poco loco: un vaporizador con 85.000 caladas. S\u00e9 lo que est\u00e1s pensando: \"\u00bfEs imposible?\". Pero lo cierto es que la vida \u00fatil del Bang King 85.000 es de varios meses, no de semanas. Si est\u00e1s cansado de comprar dispositivos nuevos constantemente o simplemente quieres un producto fiable que no se estropee cuando m\u00e1s lo necesitas, es la opci\u00f3n perfecta.<\/p>\n<p data-v-md-line=\"7\">Con su n\u00facleo atomizador de tres mallas y su capacidad ultragrande de 63 ml para e-l\u00edquido, no es un vaporizador cualquiera. Te ofrece una experiencia de vapeo de alta gama y larga duraci\u00f3n. Adem\u00e1s, es recargable; despu\u00e9s de todo, \u00a1no se pueden vaciar 85\u00a0000 puertos con una sola carga!<\/p>\n<h2 data-v-md-heading=\"excellent-performance-easy-and-convenient\" data-v-md-line=\"9\">Excellent performance, easy and convenient<\/h2>\n<p data-v-md-line=\"11\">El secreto de este producto reside en su sistema de tres bobinas de malla. No funciona de forma independiente con una sola bobina, sino con tres bobinas que trabajan juntas con una resistencia de 1,0 \u03a9. \u00bfQu\u00e9 significa esto para ti? Es simple: desde el primer bocado hasta los 85\u00a0000, cada bocado tiene un sabor fresco y suave. La bater\u00eda de 600 mAh puede no parecer grande, pero es suficiente para una carga regular con un cable de datos tipo C, igual que el cable que usas para cargar tu tel\u00e9fono. Sin necesidad de cargadores especiales, es f\u00e1cil y pr\u00e1ctico.<\/p>\n<h2 data-v-md-heading=\"quick-specifications\" data-v-md-line=\"13\">Especificaciones r\u00e1pidas<\/h2>\n<p data-v-md-line=\"15\"><strong>Frecuencia de fumar:<\/strong>\u00a0hasta 85000 bocanadas<\/p>\n<p data-v-md-line=\"17\"><strong>Concentraci\u00f3n de nicotina:<\/strong>\u00a02%<\/p>\n<p data-v-md-line=\"19\"><strong>Uso:<\/strong>\u00a0Inhalar para activar<\/p>\n<p data-v-md-line=\"21\"><strong>M\u00e9todo de carga:<\/strong>\u00a0Interfaz USB tipo C est\u00e1ndar<\/p>\n<p data-v-md-line=\"23\"><strong>Capacidad de e-l\u00edquido:<\/strong>\u00a0Almac\u00e9n de e-l\u00edquido de gran capacidad de 63 ml<\/p>\n<p data-v-md-line=\"25\"><strong>Tecnolog\u00eda de n\u00facleo de atomizaci\u00f3n:<\/strong>\u00a0Tres n\u00facleos de atomizaci\u00f3n de malla de 1,0 \u03a9<\/p>\n<p data-v-md-line=\"27\"><strong>Bater\u00eda:<\/strong>\u00a0Bater\u00eda recargable de 600 mAh<\/p>\n<p data-v-md-line=\"29\"><strong>Tama\u00f1o:<\/strong>\u00a045 \u00d7 45 \u00d7 130 mm (funci\u00f3n potente, tama\u00f1o compacto).<\/p>\n<p data-v-md-line=\"31\"><strong>Estado:<\/strong>\u00a0Listo para usar nada m\u00e1s sacarlo de la caja<\/p>\n<h2 data-v-md-heading=\"rich-flavor-options\" data-v-md-line=\"33\">Ricas opciones de sabor<\/h2>\n<p data-v-md-line=\"35\">Bang King 85000 ofrece 16 combinaciones de sabores diferentes, cada una con m\u00faltiples opciones. Aqu\u00ed tienes algunos sabores:<\/p>\n<ul data-v-md-line=\"37\">\n<li>Sand\u00eda\/Red Bull\/Fresa Kiwi<\/li>\n<li>Menta fresca\/melocot\u00f3n, mango\/fruta tropical<\/li>\n<li>Agua de ar\u00e1ndanos y frambuesa\/lim\u00f3n rosa\/frambuesa y sand\u00eda<\/li>\n<li>Cola de fresa y vainilla\/Hielo de drag\u00f3n negro\/Hielo de melocot\u00f3n<\/li>\n<li>Amor 66\/Helado de pl\u00e1tano\/Donut de fresa<\/li>\n<li>Coca-Cola helada\/Coca-Cola de cereza\/Mr. Blue<\/li>\n<li>Helado doble de manzana\/mezcla de frutas\/pi\u00f1a<\/li>\n<li>T\u00e9 helado de lichi\/hielo de mango\/hielo de lim\u00f3n<\/li>\n<li>Hay m\u00e1s combinaciones disponibles, que incluyen bayas mixtas, helado de uva, helado de naranja y kiwi con maracuy\u00e1 y guayaba.<\/li>\n<\/ul>\n<h2 data-v-md-heading=\"for-you-and-your-business\" data-v-md-line=\"47\">For you and your business<\/h2>\n<p data-v-md-line=\"49\">Bang King 85000 ya est\u00e1 disponible para compra personal, pero si tiene un negocio y desea abastecerse de productos verdaderamente \u00fanicos, ofrecemos empaques al por mayor de 200 unidades. Cada caja de cart\u00f3n est\u00e1 empaquetada de forma eficiente (48 x 47 x 27,6 cm, peso total 26 kg) para facilitar el almacenamiento y la gesti\u00f3n del inventario. Ofrecemos servicios de Entrega con Derechos Pagados (DDP) a trav\u00e9s de socios de confianza como UPS, DPD y DHL para garantizar la entrega segura de todos los productos sin preocuparse por los aranceles aduaneros. Su pedido puede venderse o utilizarse a su llegada.<\/p>\n<h2 data-v-md-heading=\"reasons-why-you-will-like-it\" data-v-md-line=\"51\">Razones por las que te gustar\u00e1<\/h2>\n<p data-v-md-line=\"53\"><strong>85000 bocanadas:<\/strong>\u00a0Para la mayor\u00eda de los usuarios, esto equivale a m\u00e1s de 6 meses de uso de vaporizador: una opci\u00f3n de gran valor.<\/p>\n<p data-v-md-line=\"55\"><strong>Bobina de triple malla:<\/strong>\u00a0En comparaci\u00f3n con los dispositivos de bobina simple, la estabilidad del sabor es tres veces mayor.<\/p>\n<p data-v-md-line=\"57\"><strong>Tanque de combustible de ultra gran capacidad de 63 ml:<\/strong>\u00a0Dile adi\u00f3s al problema de quedarte sin e-l\u00edquido por completo.<\/p>\n<p data-v-md-line=\"59\"><strong>Carga tipo C:<\/strong>\u00a0Utilice el mismo cable de carga que la mayor\u00eda de los dispositivos modernos: c\u00f3modo y r\u00e1pido<\/p>\n<p data-v-md-line=\"61\"><strong>2% de nicotina:<\/strong>\u00a0Concentraci\u00f3n moderada de nicotina que satisface tus necesidades sin ser demasiado estimulante.<\/p>\n<p data-v-md-line=\"63\"><strong>Dise\u00f1o compacto:<\/strong>\u00a0A pesar de su enorme capacidad, pesa solo 120 gramos y sigue siendo c\u00f3modo de llevar.<\/p>\n<h2 data-v-md-heading=\"why-choose-agoravape\" data-v-md-line=\"65\">\u00bfPor qu\u00e9 elegir AgoraVape?<\/h2>\n<p data-v-md-line=\"67\">Como uno de los distribuidores de vapeo m\u00e1s confiables de Europa, solo vendemos productos 100% genuinos. Para nuestros clientes corporativos, esto significa descuentos al por mayor en Bang King 85000, soporte t\u00e9cnico confiable y servicios de entrega r\u00e1pidos y confiables que cubren toda Europa. Bang King 85000 no es un vapeo com\u00fan: puede generar conversaci\u00f3n y sus clientes sin duda le agradecer\u00e1n su compra. Cont\u00e1ctenos para agregar un producto verdaderamente \u00fanico a su l\u00ednea de productos.<\/p>","protected":false},"excerpt":{"rendered":"<p>&nbsp;<\/p>\n<p><script src=\"chrome-extension:\/\/fpelahbljekknahkcaegamhcndkfpfnc\/iFrame.js\" type=\"text\/javascript\"><\/script><\/p>\n<p><script src=\"chrome-extension:\/\/fpelahbljekknahkcaegamhcndkfpfnc\/iFrame.js\" type=\"text\/javascript\"><\/script><\/p>\n<p><script src=\"chrome-extension:\/\/fpelahbljekknahkcaegamhcndkfpfnc\/iFrame.js\" type=\"text\/javascript\"><\/script><\/p>\n<p><script src=\"chrome-extension:\/\/fpelahbljekknahkcaegamhcndkfpfnc\/iFrame.js\" type=\"text\/javascript\"><\/script><\/p>\n<p><script src=\"chrome-extension:\/\/fpelahbljekknahkcaegamhcndkfpfnc\/iFrame.js\" type=\"text\/javascript\"><\/script><\/p>\n<p><script src=\"chrome-extension:\/\/fpelahbljekknahkcaegamhcndkfpfnc\/iFrame.js\" type=\"text\/javascript\"><\/script><\/p>","protected":false},"featured_media":19961,"comment_status":"open","ping_status":"closed","template":"","meta":[],"product_brand":[197],"product_cat":[124,187,185,189,123,176,177,195,174,175,193,191,173,186,180,190],"product_tag":[],"class_list":{"0":"post-19940","1":"product","2":"type-product","3":"status-publish","4":"has-post-thumbnail","6":"product_brand-bang","7":"product_cat-vape-by-brand","8":"product_cat-0mg-nicotine-free-vapes","9":"product_cat-10000-puffs-high-capacity","10":"product_cat-20mg-standard-nicotine-vapes","11":"product_cat-bang","12":"product_cat-beverage","13":"product_cat-dessert-sweets","14":"product_cat-dual-flavor-switch","15":"product_cat-fruit-flavors","16":"product_cat-icy-mint","17":"product_cat-mesh-coil","18":"product_cat-rechargeable-disposables","19":"product_cat-vape-by-flavor-profile","20":"product_cat-vape-by-nicotine-strength","21":"product_cat-vape-by-puff-count","22":"product_cat-vape-by-feature-or-type","24":"first","25":"instock","26":"shipping-taxable","27":"purchasable","28":"product-type-variable","29":"has-default-attributes"},"tiered_pricing_type":"percentage","tiered_pricing_fixed_rules":[],"tiered_pricing_product_settings":{"layout":"default","base_unit_name":{"singular":null,"plural":null},"default_variation":null},"tiered_pricing_minimum_quantity":10,"tiered_pricing_roles_data":[],"tiered_pricing_percentage_rules":{"30":"29","50":"35","100":"40","200":"44","500":"47","1000":"49"},"tiered_pricing_maximum_quantity":null,"tiered_pricing_quantity_step":"10","_links":{"self":[{"href":"https:\/\/agoravape.com\/es\/wp-json\/wp\/v2\/product\/19940","targetHints":{"allow":["GET"]}}],"collection":[{"href":"https:\/\/agoravape.com\/es\/wp-json\/wp\/v2\/product"}],"about":[{"href":"https:\/\/agoravape.com\/es\/wp-json\/wp\/v2\/types\/product"}],"replies":[{"embeddable":true,"href":"https:\/\/agoravape.com\/es\/wp-json\/wp\/v2\/comments?post=19940"}],"version-history":[{"count":0,"href":"https:\/\/agoravape.com\/es\/wp-json\/wp\/v2\/product\/19940\/revisions"}],"wp:featuredmedia":[{"embeddable":true,"href":"https:\/\/agoravape.com\/es\/wp-json\/wp\/v2\/media\/19961"}],"wp:attachment":[{"href":"https:\/\/agoravape.com\/es\/wp-json\/wp\/v2\/media?parent=19940"}],"wp:term":[{"taxonomy":"product_brand","embeddable":true,"href":"https:\/\/agoravape.com\/es\/wp-json\/wp\/v2\/product_brand?post=19940"},{"taxonomy":"product_cat","embeddable":true,"href":"https:\/\/agoravape.com\/es\/wp-json\/wp\/v2\/product_cat?post=19940"},{"taxonomy":"product_tag","embeddable":true,"href":"https:\/\/agoravape.com\/es\/wp-json\/wp\/v2\/product_tag?post=19940"}],"curies":[{"name":"wp","href":"https:\/\/api.w.org\/{rel}","templated":true}]}}