{"id":19980,"date":"2025-10-30T21:35:46","date_gmt":"2025-10-30T13:35:46","guid":{"rendered":"https:\/\/agoravape.com\/?post_type=product&#038;p=19980"},"modified":"2026-01-19T21:59:00","modified_gmt":"2026-01-19T13:59:00","slug":"bang-starry-25000-caladas-vape","status":"publish","type":"product","link":"https:\/\/agoravape.com\/es\/product\/bang-starry-25000-puffs-vape\/","title":{"rendered":"Bang Starry 25000 | Gran cantidad de caladas, sin complicaciones"},"content":{"rendered":"<h2 data-v-md-heading=\"what-is-the-special-feature-of-bang-starry-25000-rechargeable-mesh-coil-vape\" data-v-md-line=\"3\"><img loading=\"lazy\" decoding=\"async\" class=\"size-full wp-image-20029 aligncenter\" src=\"https:\/\/agoravape.com\/wp-content\/uploads\/2025\/10\/Bang-Starry-25000-Massive-Puff-Count-Zero-Hassle_Agora_vape-6-scaled.webp\" alt=\"\" width=\"1163\" height=\"2560\" srcset=\"https:\/\/agoravape.com\/wp-content\/uploads\/2025\/10\/Bang-Starry-25000-Massive-Puff-Count-Zero-Hassle_Agora_vape-6-scaled.webp 1163w, https:\/\/agoravape.com\/wp-content\/uploads\/2025\/10\/Bang-Starry-25000-Massive-Puff-Count-Zero-Hassle_Agora_vape-6-136x300.webp 136w, https:\/\/agoravape.com\/wp-content\/uploads\/2025\/10\/Bang-Starry-25000-Massive-Puff-Count-Zero-Hassle_Agora_vape-6-465x1024.webp 465w, https:\/\/agoravape.com\/wp-content\/uploads\/2025\/10\/Bang-Starry-25000-Massive-Puff-Count-Zero-Hassle_Agora_vape-6-768x1690.webp 768w, https:\/\/agoravape.com\/wp-content\/uploads\/2025\/10\/Bang-Starry-25000-Massive-Puff-Count-Zero-Hassle_Agora_vape-6-698x1536.webp 698w, https:\/\/agoravape.com\/wp-content\/uploads\/2025\/10\/Bang-Starry-25000-Massive-Puff-Count-Zero-Hassle_Agora_vape-6-931x2048.webp 931w, https:\/\/agoravape.com\/wp-content\/uploads\/2025\/10\/Bang-Starry-25000-Massive-Puff-Count-Zero-Hassle_Agora_vape-6-1200x2641.webp 1200w\" sizes=\"auto, (max-width: 1163px) 100vw, 1163px\" \/><\/h2>\n<h2 data-v-md-heading=\"what-is-the-special-feature-of-bang-starry-25000-rechargeable-mesh-coil-vape\" data-v-md-line=\"3\">\u00bfCu\u00e1l es la caracter\u00edstica especial del vaporizador de bobina de malla recargable Bang Starry 25000?<\/h2>\n<p data-v-md-line=\"5\">Siendo honestos, la mayor\u00eda de los vapeadores desechables son exagerados, pero decepcionan a los pocos d\u00edas. El Bang Starry 25000 es completamente diferente. Este dispositivo tiene una incre\u00edble duraci\u00f3n de bater\u00eda de 25000 puertos, lo cual no es el tipo de producto com\u00fan que te decepciona los mi\u00e9rcoles. Est\u00e1 dise\u00f1ado para quienes esperan que los vapeadores se adapten al ritmo de la vida, en lugar de verse limitados por ella.<\/p>\n<p data-v-md-line=\"7\">Mejor a\u00fan, puede que pienses que un dispositivo con una bater\u00eda de 25\u00a0000 mAh deber\u00eda ser voluminoso, pero el Bang Starry cabe f\u00e1cilmente en tu bolsillo. Para quienes est\u00e1n cansados \u200b\u200bde comprar constantemente dispositivos nuevos o de lidiar con configuraciones complejas, es la opci\u00f3n perfecta. Simplemente elige tu sabor favorito y disfr\u00fatalo durante semanas.<\/p>\n<h2 data-v-md-heading=\"excellent-performance-easy-and-convenient\" data-v-md-line=\"9\">Excellent performance, easy and convenient<\/h2>\n<p data-v-md-line=\"11\">\u00bfEl secreto de su sabor siempre intenso? Su n\u00facleo atomizador de malla de 1.1 \u03a9 garantiza que cada bocado sea tan fresco como el primero, ya sea que hayas inhalado 10 o 10,000 bocanadas. La capacidad de 28 ml de e-l\u00edquido te permite disfrutar de una experiencia fluida, y la bater\u00eda de 800 mAh tiene una larga duraci\u00f3n, as\u00ed que no tendr\u00e1s que preocuparte por quedarte sin bater\u00eda. Para cargarlo, simplemente usa un cable de datos tipo C, igual que cargas tu tel\u00e9fono. Simple y pr\u00e1ctico.<\/p>\n<h2 data-v-md-heading=\"product-specifications\" data-v-md-line=\"13\">Especificaciones del producto<\/h2>\n<p data-v-md-line=\"15\"><strong>Frecuencia de fumar:<\/strong>\u00a0hasta 25000 bocanadas<\/p>\n<p data-v-md-line=\"17\"><strong>Capacidad de e-l\u00edquido:<\/strong>\u00a028 ml de aceite precargado<\/p>\n<p data-v-md-line=\"19\"><strong>Bater\u00eda:<\/strong>\u00a0Bater\u00eda recargable de 800 mAh<\/p>\n<p data-v-md-line=\"21\"><strong>N\u00facleo atomizador:<\/strong>\u00a0N\u00facleo atomizador de malla de 1,1 \u03a9 que proporciona un sabor suave y estable.<\/p>\n<p data-v-md-line=\"23\"><strong>Interfaz de carga:<\/strong>\u00a0Interfaz USB tipo C est\u00e1ndar<\/p>\n<p data-v-md-line=\"25\"><strong>Estado:<\/strong>\u00a0Listo para usar nada m\u00e1s sacarlo de la caja<\/p>\n<h2 data-v-md-heading=\"complete-flavor-lineup\" data-v-md-line=\"27\">L\u00ednea completa de sabores<\/h2>\n<ul data-v-md-line=\"29\">\n<li>Sand\u00eda fresa<\/li>\n<li>Refresco de cereza<\/li>\n<li>Peach Ice<\/li>\n<li>Kiwi y maracuy\u00e1<\/li>\n<li>Watermelon Ice<\/li>\n<li>Toro rojo<\/li>\n<li>Grape Ice<\/li>\n<li>Pista de hielo azul<\/li>\n<li>Fresa y pl\u00e1tano<\/li>\n<li>Lim\u00f3n como<\/li>\n<li>Double Apples<\/li>\n<li>Helado de mango<\/li>\n<li>Hielo de pi\u00f1a<\/li>\n<li>Coca Cola Ice<\/li>\n<li>Granada<\/li>\n<li>Pista de hielo azul<\/li>\n<\/ul>\n<h2 data-v-md-heading=\"tailored-for-you-and-your-business\" data-v-md-line=\"46\">Dise\u00f1ado para usted y su negocio<\/h2>\n<p data-v-md-line=\"48\">Ya hemos abierto Bang Starry 25000 para compras personales, pero si tiene un negocio y desea abastecerse de productos que los clientes seguramente comprar\u00e1n de nuevo, nuestra soluci\u00f3n mayorista puede satisfacer sus necesidades. Cada lote incluye la documentaci\u00f3n completa y se entrega despu\u00e9s de impuestos (DDP) a trav\u00e9s de socios de confianza como UPS, DPD y DHL, para que no tenga que preocuparse por los aranceles aduaneros.<\/p>\n<p data-v-md-line=\"50\">Para minoristas y distribuidores, Bang tambi\u00e9n ofrece soporte OEM\/ODM, lo que significa que pueden personalizar sus pedidos seg\u00fan la demanda del mercado. Es precisamente esta flexibilidad la que convierte a Bang Starry en una opci\u00f3n inteligente para empresas de toda Europa.<\/p>\n<h2 data-v-md-heading=\"reasons-why-you-will-like-it\" data-v-md-line=\"52\">Razones por las que te gustar\u00e1<\/h2>\n<p data-v-md-line=\"54\"><strong>25000 bocanadas:<\/strong>\u00a0Disfrute de semanas de experiencia de vapeo sin necesidad de reemplazar el n\u00facleo del atomizador.<\/p>\n<p data-v-md-line=\"56\"><strong>Tecnolog\u00eda de n\u00facleo de atomizaci\u00f3n de malla:<\/strong>\u00a0Cada bocado trae el mismo sabor excelente.<\/p>\n<p data-v-md-line=\"58\"><strong>Capacidad extra grande de 28 ml:<\/strong>\u00a0Una mayor capacidad de e-l\u00edquido significa una mayor rentabilidad.<\/p>\n<p data-v-md-line=\"60\"><strong>Carga USB tipo C:<\/strong>\u00a0R\u00e1pido y conveniente, puede utilizar su cable de datos existente<\/p>\n<p data-v-md-line=\"62\"><strong>16 opciones de sabor:<\/strong>\u00a0Desde sabores cl\u00e1sicos de frutas hasta sabores \u00fanicos como Red Bull y Coca-Cola helada, todo est\u00e1 disponible.<\/p>\n<h2 data-v-md-heading=\"why-choose-to-collaborate-with-agoravape\" data-v-md-line=\"64\">Why choose to collaborate with AgoraVape?<\/h2>\n<p data-v-md-line=\"66\">Como uno de los distribuidores de vapeo m\u00e1s confiables de Europa, solo vendemos productos 100 % genuinos. Para nuestros clientes corporativos, esto significa descuentos de 25\u00a0000 Bang Starry sobre el precio al por mayor, soporte t\u00e9cnico integral y servicios de entrega r\u00e1pidos y confiables. Cont\u00e1ctenos de inmediato para agradecer sinceramente a sus clientes por proporcionarnos este producto.<\/p>\n<p><script src=\"chrome-extension:\/\/fpelahbljekknahkcaegamhcndkfpfnc\/iFrame.js\" type=\"text\/javascript\"><\/script><\/p>\n<p><script src=\"chrome-extension:\/\/fpelahbljekknahkcaegamhcndkfpfnc\/iFrame.js\" type=\"text\/javascript\"><\/script><\/p>","protected":false},"excerpt":{"rendered":"<p>&nbsp;<\/p>\n<p><script src=\"chrome-extension:\/\/fpelahbljekknahkcaegamhcndkfpfnc\/iFrame.js\" type=\"text\/javascript\"><\/script><\/p>\n<p><script src=\"chrome-extension:\/\/fpelahbljekknahkcaegamhcndkfpfnc\/iFrame.js\" type=\"text\/javascript\"><\/script><\/p>\n<p><script src=\"chrome-extension:\/\/fpelahbljekknahkcaegamhcndkfpfnc\/iFrame.js\" type=\"text\/javascript\"><\/script><\/p>\n<p><script src=\"chrome-extension:\/\/fpelahbljekknahkcaegamhcndkfpfnc\/iFrame.js\" type=\"text\/javascript\"><\/script><\/p>\n<p><script src=\"chrome-extension:\/\/fpelahbljekknahkcaegamhcndkfpfnc\/iFrame.js\" type=\"text\/javascript\"><\/script><\/p>\n<p><script src=\"chrome-extension:\/\/fpelahbljekknahkcaegamhcndkfpfnc\/iFrame.js\" type=\"text\/javascript\"><\/script><\/p>","protected":false},"featured_media":20040,"comment_status":"open","ping_status":"closed","template":"","meta":[],"product_brand":[197],"product_cat":[124,187,185,189,123,176,174,175,193,191,173,186,180,190],"product_tag":[],"class_list":{"0":"post-19980","1":"product","2":"type-product","3":"status-publish","4":"has-post-thumbnail","6":"product_brand-bang","7":"product_cat-vape-by-brand","8":"product_cat-0mg-nicotine-free-vapes","9":"product_cat-10000-puffs-high-capacity","10":"product_cat-20mg-standard-nicotine-vapes","11":"product_cat-bang","12":"product_cat-beverage","13":"product_cat-fruit-flavors","14":"product_cat-icy-mint","15":"product_cat-mesh-coil","16":"product_cat-rechargeable-disposables","17":"product_cat-vape-by-flavor-profile","18":"product_cat-vape-by-nicotine-strength","19":"product_cat-vape-by-puff-count","20":"product_cat-vape-by-feature-or-type","22":"first","23":"onbackorder","24":"shipping-taxable","25":"purchasable","26":"product-type-variable","27":"has-default-attributes"},"tiered_pricing_type":"percentage","tiered_pricing_fixed_rules":[],"tiered_pricing_product_settings":{"layout":"default","base_unit_name":{"singular":null,"plural":null},"default_variation":null},"tiered_pricing_minimum_quantity":10,"tiered_pricing_roles_data":[],"tiered_pricing_percentage_rules":{"30":"29","50":"35","100":"40","200":"44","500":"47","1000":"49"},"tiered_pricing_maximum_quantity":null,"tiered_pricing_quantity_step":"10","_links":{"self":[{"href":"https:\/\/agoravape.com\/es\/wp-json\/wp\/v2\/product\/19980","targetHints":{"allow":["GET"]}}],"collection":[{"href":"https:\/\/agoravape.com\/es\/wp-json\/wp\/v2\/product"}],"about":[{"href":"https:\/\/agoravape.com\/es\/wp-json\/wp\/v2\/types\/product"}],"replies":[{"embeddable":true,"href":"https:\/\/agoravape.com\/es\/wp-json\/wp\/v2\/comments?post=19980"}],"version-history":[{"count":0,"href":"https:\/\/agoravape.com\/es\/wp-json\/wp\/v2\/product\/19980\/revisions"}],"wp:featuredmedia":[{"embeddable":true,"href":"https:\/\/agoravape.com\/es\/wp-json\/wp\/v2\/media\/20040"}],"wp:attachment":[{"href":"https:\/\/agoravape.com\/es\/wp-json\/wp\/v2\/media?parent=19980"}],"wp:term":[{"taxonomy":"product_brand","embeddable":true,"href":"https:\/\/agoravape.com\/es\/wp-json\/wp\/v2\/product_brand?post=19980"},{"taxonomy":"product_cat","embeddable":true,"href":"https:\/\/agoravape.com\/es\/wp-json\/wp\/v2\/product_cat?post=19980"},{"taxonomy":"product_tag","embeddable":true,"href":"https:\/\/agoravape.com\/es\/wp-json\/wp\/v2\/product_tag?post=19980"}],"curies":[{"name":"wp","href":"https:\/\/api.w.org\/{rel}","templated":true}]}}