{"id":20080,"date":"2025-10-31T10:57:56","date_gmt":"2025-10-31T02:57:56","guid":{"rendered":"https:\/\/agoravape.com\/?post_type=product&#038;p=20080"},"modified":"2026-02-22T15:14:39","modified_gmt":"2026-02-22T14:14:39","slug":"fluum-box-12000-caladas-vape","status":"publish","type":"product","link":"https:\/\/agoravape.com\/es\/product\/fluum-box-12000-puffs-vape\/","title":{"rendered":"Fluum Box 12000 | Caladas enormes, cero complicaciones"},"content":{"rendered":"<h2 data-v-md-heading=\"what-is-special-about-fluum-box-12000\" data-v-md-line=\"3\"><img loading=\"lazy\" decoding=\"async\" class=\"wp-image-20100 size-full alignright\" src=\"https:\/\/agoravape.com\/wp-content\/uploads\/2025\/10\/Fluum-Box-12000-Massive-Puffs-Zero-Hassle_Agora_vape-7.webp\" alt=\"\" width=\"1080\" height=\"1678\" srcset=\"https:\/\/agoravape.com\/wp-content\/uploads\/2025\/10\/Fluum-Box-12000-Massive-Puffs-Zero-Hassle_Agora_vape-7.webp 1080w, https:\/\/agoravape.com\/wp-content\/uploads\/2025\/10\/Fluum-Box-12000-Massive-Puffs-Zero-Hassle_Agora_vape-7-193x300.webp 193w, https:\/\/agoravape.com\/wp-content\/uploads\/2025\/10\/Fluum-Box-12000-Massive-Puffs-Zero-Hassle_Agora_vape-7-659x1024.webp 659w, https:\/\/agoravape.com\/wp-content\/uploads\/2025\/10\/Fluum-Box-12000-Massive-Puffs-Zero-Hassle_Agora_vape-7-768x1193.webp 768w, https:\/\/agoravape.com\/wp-content\/uploads\/2025\/10\/Fluum-Box-12000-Massive-Puffs-Zero-Hassle_Agora_vape-7-989x1536.webp 989w\" sizes=\"auto, (max-width: 1080px) 100vw, 1080px\" \/><\/h2>\n<h2 data-v-md-heading=\"what-is-special-about-fluum-box-12000\" data-v-md-line=\"3\">\u00bfQu\u00e9 tiene de especial Fluum Box 12000?<\/h2>\n<p data-v-md-line=\"5\">Si est\u00e1s cansado de los vapeadores desechables que no duran mucho, este producto sin duda te encantar\u00e1. El Fluum Box 12000 ofrece hasta 12\u00a0000 caladas de bater\u00eda de una sola vez, suficiente para disfrutar de semanas de vapeo en lugar de solo unos d\u00edas. Para quienes buscan una experiencia de vapeo fiable y completa sin preocuparse constantemente por quedarse sin e-l\u00edquido, es la opci\u00f3n perfecta.<\/p>\n<p data-v-md-line=\"7\">Hemos probado muchos vaporizadores de alta capacidad y, siendo sinceros, la mayor\u00eda son voluminosos. Pero Fluum Box lo ha logrado: tiene una capacidad enorme sin la sensaci\u00f3n de ser una bater\u00eda externa port\u00e1til. Adopta un c\u00f3modo dise\u00f1o cuadrado con excelente agarre, y su superficie mate garantiza que no se te resbale de la mano al salir.<\/p>\n<h2 data-v-md-heading=\"excellent-performance-easy-and-convenient\" data-v-md-line=\"9\">Excellent performance, easy and convenient<\/h2>\n<p data-v-md-line=\"11\">El secreto del sabor consistente de Fluum Box reside en su n\u00facleo atomizador de malla de 1.1 \u03a9: calienta el e-l\u00edquido de manera uniforme, garantizando que cada bocado sea tan delicioso como el primero. Olv\u00eddate del sabor a quemado y de la sensaci\u00f3n de debilidad repentina a mitad de la vapeada. Disfruta de una experiencia de vapeo suave y satisfactoria de principio a fin. La bater\u00eda de 650 mAh tiene una capacidad muy peque\u00f1a, y cuando necesites cargarla (algo poco com\u00fan), simplemente con\u00e9ctala a cualquier cable de datos tipo C, probablemente el que usas para cargar tu tel\u00e9fono. Simple y pr\u00e1ctico.<\/p>\n<h2 data-v-md-heading=\"quick-specifications\" data-v-md-line=\"13\">Especificaciones r\u00e1pidas<\/h2>\n<p data-v-md-line=\"15\"><strong>Frecuencia de fumar:<\/strong>\u00a0hasta 12000 bocanadas<\/p>\n<p data-v-md-line=\"17\"><strong>Capacidad de e-l\u00edquido:<\/strong>\u00a020 ml de aceite precargado<\/p>\n<p data-v-md-line=\"19\"><strong>Bater\u00eda:<\/strong>\u00a0Bater\u00eda recargable de 650 mAh<\/p>\n<p data-v-md-line=\"21\"><strong>N\u00facleo atomizador:<\/strong>\u00a0N\u00facleo atomizador de malla de 1,1 \u03a9 que ofrece un sabor delicioso y constante.<\/p>\n<p data-v-md-line=\"23\"><strong>Uso:<\/strong>\u00a0Inhalar para activar<\/p>\n<p data-v-md-line=\"25\"><strong>M\u00e9todo de carga:<\/strong>\u00a0Interfaz USB tipo C est\u00e1ndar<\/p>\n<p data-v-md-line=\"27\"><strong>Estado:<\/strong>\u00a0Listo para usar nada m\u00e1s sacarlo de la caja<\/p>\n<h2 data-v-md-heading=\"complete-flavor-lineup\" data-v-md-line=\"29\">L\u00ednea completa de sabores<\/h2>\n<ul data-v-md-line=\"31\">\n<li>Sand\u00eda fresa<\/li>\n<li>Mango fresa<\/li>\n<li>Triple baya<\/li>\n<li>Watermelon Ice<\/li>\n<li>Mango Melocot\u00f3n<\/li>\n<li>Blueberries and raspberries<\/li>\n<li>Peach Ice<\/li>\n<li>Pista de hielo azul<\/li>\n<li>manzanas agrias<\/li>\n<li>Strawberry kiwi fruit<\/li>\n<li>Kiwi, passion fruit, guava<\/li>\n<li>Grape Ice<\/li>\n<\/ul>\n<h2 data-v-md-heading=\"tailored-for-you-and-your-business\" data-v-md-line=\"44\">Dise\u00f1ado para usted y su negocio<\/h2>\n<p data-v-md-line=\"46\">Hemos lanzado Fluum Box 12000, que puede adquirir por separado o elegir nuestra soluci\u00f3n mayorista para compras al por mayor. Cada dispositivo se empaqueta adecuadamente y se vende directamente. Trabajamos con socios de confianza como UPS, DPD y DHL, utilizando el env\u00edo DDP para cubrir todos los aranceles de importaci\u00f3n, as\u00ed que no tiene que preocuparse por los aranceles aduaneros. Simplemente lo entregamos f\u00e1cilmente a domicilio o en su tienda.<\/p>\n<p data-v-md-line=\"48\">El n\u00famero de producto (FLUUM-Box-12000) facilita y agiliza el reabastecimiento. Ofrecemos 12 sabores para brindar a sus clientes una amplia selecci\u00f3n. Desde refrescantes helados de sand\u00eda hasta sabores tropicales de kiwi, maracuy\u00e1 y guayaba, siempre hay uno que se adapta a sus gustos.<\/p>\n<h2 data-v-md-heading=\"reasons-why-you-will-like-it\" data-v-md-line=\"50\">Razones por las que te gustar\u00e1<\/h2>\n<p data-v-md-line=\"52\"><strong>12000 puertos:<\/strong>\u00a0Duraci\u00f3n de la bater\u00eda durante semanas, no d\u00edas: una opci\u00f3n de gran valor<\/p>\n<p data-v-md-line=\"54\"><strong>20 ml de e-l\u00edquido:<\/strong>\u00a0Mayor capacidad, buena relaci\u00f3n calidad-precio<\/p>\n<p data-v-md-line=\"56\"><strong>Bater\u00eda recargable:<\/strong>\u00a0Aprovecha al m\u00e1ximo cada gota de e-l\u00edquido y no lo desperdicies nunca.<\/p>\n<p data-v-md-line=\"58\"><strong>Tecnolog\u00eda de bobina de malla:<\/strong>\u00a0Sabor suave y consistente desde el primer bocado hasta el \u00faltimo.<\/p>\n<p data-v-md-line=\"60\"><strong>Carga tipo C:<\/strong>\u00a0Utilice el mismo cable de carga que la mayor\u00eda de los dispositivos modernos<\/p>\n<p data-v-md-line=\"62\"><strong>12 opciones de sabor:<\/strong>\u00a0Desde afrutado hasta refrescante, siempre hay uno que se adapta a ti.<\/p>\n<h2 data-v-md-heading=\"why-choose-to-collaborate-with-agoravape\" data-v-md-line=\"64\">Why choose to collaborate with AgoraVape?<\/h2>\n<p data-v-md-line=\"66\">Como uno de los distribuidores de vapeo m\u00e1s confiables de Europa, solo vendemos productos 100 % originales. Para nuestros clientes corporativos, esto significa precios al por mayor con descuento, soporte t\u00e9cnico integral y servicios de entrega r\u00e1pidos y confiables para Fluum Box 12000. Cont\u00e1ctenos para agradecer sinceramente a sus clientes por proporcionarnos este producto.<\/p>\n<p><script src=\"chrome-extension:\/\/fpelahbljekknahkcaegamhcndkfpfnc\/iFrame.js\" type=\"text\/javascript\"><\/script><\/p>","protected":false},"excerpt":{"rendered":"<p>&nbsp;<\/p>\n<p><script src=\"chrome-extension:\/\/fpelahbljekknahkcaegamhcndkfpfnc\/iFrame.js\" type=\"text\/javascript\"><\/script><\/p>\n<p><script src=\"chrome-extension:\/\/fpelahbljekknahkcaegamhcndkfpfnc\/iFrame.js\" type=\"text\/javascript\"><\/script><\/p>\n<p><script src=\"chrome-extension:\/\/fpelahbljekknahkcaegamhcndkfpfnc\/iFrame.js\" type=\"text\/javascript\"><\/script><\/p>\n<p><script src=\"chrome-extension:\/\/fpelahbljekknahkcaegamhcndkfpfnc\/iFrame.js\" type=\"text\/javascript\"><\/script><\/p>\n<p><script src=\"chrome-extension:\/\/fpelahbljekknahkcaegamhcndkfpfnc\/iFrame.js\" type=\"text\/javascript\"><\/script><\/p>\n<p><script src=\"chrome-extension:\/\/fpelahbljekknahkcaegamhcndkfpfnc\/iFrame.js\" type=\"text\/javascript\"><\/script><\/p>\n<p><script src=\"chrome-extension:\/\/fpelahbljekknahkcaegamhcndkfpfnc\/iFrame.js\" type=\"text\/javascript\"><\/script><\/p>","protected":false},"featured_media":20106,"comment_status":"open","ping_status":"closed","template":"","meta":[],"product_brand":[197],"product_cat":[124,187,185,1634,189,123,174,175,193,191,179,173,186,180,190],"product_tag":[],"class_list":{"0":"post-20080","1":"product","2":"type-product","3":"status-publish","4":"has-post-thumbnail","6":"product_brand-bang","7":"product_cat-vape-by-brand","8":"product_cat-0mg-nicotine-free-vapes","9":"product_cat-10000-puffs-high-capacity","10":"product_cat-12000-puffs","11":"product_cat-20mg-standard-nicotine-vapes","12":"product_cat-bang","13":"product_cat-fruit-flavors","14":"product_cat-icy-mint","15":"product_cat-mesh-coil","16":"product_cat-rechargeable-disposables","17":"product_cat-unique-blends","18":"product_cat-vape-by-flavor-profile","19":"product_cat-vape-by-nicotine-strength","20":"product_cat-vape-by-puff-count","21":"product_cat-vape-by-feature-or-type","23":"first","24":"onbackorder","25":"shipping-taxable","26":"purchasable","27":"product-type-variable","28":"has-default-attributes"},"tiered_pricing_type":"percentage","tiered_pricing_fixed_rules":[],"tiered_pricing_product_settings":{"layout":"default","base_unit_name":{"singular":null,"plural":null},"default_variation":null},"tiered_pricing_minimum_quantity":10,"tiered_pricing_roles_data":[],"tiered_pricing_percentage_rules":{"30":"29","50":"35","100":"40","200":"44","500":"47","1000":"49"},"tiered_pricing_maximum_quantity":null,"tiered_pricing_quantity_step":"10","_links":{"self":[{"href":"https:\/\/agoravape.com\/es\/wp-json\/wp\/v2\/product\/20080","targetHints":{"allow":["GET"]}}],"collection":[{"href":"https:\/\/agoravape.com\/es\/wp-json\/wp\/v2\/product"}],"about":[{"href":"https:\/\/agoravape.com\/es\/wp-json\/wp\/v2\/types\/product"}],"replies":[{"embeddable":true,"href":"https:\/\/agoravape.com\/es\/wp-json\/wp\/v2\/comments?post=20080"}],"version-history":[{"count":0,"href":"https:\/\/agoravape.com\/es\/wp-json\/wp\/v2\/product\/20080\/revisions"}],"wp:featuredmedia":[{"embeddable":true,"href":"https:\/\/agoravape.com\/es\/wp-json\/wp\/v2\/media\/20106"}],"wp:attachment":[{"href":"https:\/\/agoravape.com\/es\/wp-json\/wp\/v2\/media?parent=20080"}],"wp:term":[{"taxonomy":"product_brand","embeddable":true,"href":"https:\/\/agoravape.com\/es\/wp-json\/wp\/v2\/product_brand?post=20080"},{"taxonomy":"product_cat","embeddable":true,"href":"https:\/\/agoravape.com\/es\/wp-json\/wp\/v2\/product_cat?post=20080"},{"taxonomy":"product_tag","embeddable":true,"href":"https:\/\/agoravape.com\/es\/wp-json\/wp\/v2\/product_tag?post=20080"}],"curies":[{"name":"wp","href":"https:\/\/api.w.org\/{rel}","templated":true}]}}