{"id":20109,"date":"2025-10-31T11:05:58","date_gmt":"2025-10-31T03:05:58","guid":{"rendered":"https:\/\/agoravape.com\/?post_type=product&#038;p=20109"},"modified":"2026-02-22T15:15:18","modified_gmt":"2026-02-22T14:15:18","slug":"fluum-box-15000-puffs-display-vape","status":"publish","type":"product","link":"https:\/\/agoravape.com\/es\/product\/fluum-box-15000-puffs-display-vape\/","title":{"rendered":"Fluum Box 15000 | El vaporizador inteligente que realmente dura"},"content":{"rendered":"<h2 data-v-md-heading=\"what-is-the-special-feature-of-fluum-box-15000-vape-with-display-screen\" data-v-md-line=\"3\"><img loading=\"lazy\" decoding=\"async\" class=\"aligncenter size-full wp-image-20123\" src=\"https:\/\/agoravape.com\/wp-content\/uploads\/2025\/10\/Fluum-Box-15000-The-Smart-Vape-That-Actually-Lasts_Agora_vape-1-scaled.webp\" alt=\"\" width=\"1091\" height=\"2560\" srcset=\"https:\/\/agoravape.com\/wp-content\/uploads\/2025\/10\/Fluum-Box-15000-The-Smart-Vape-That-Actually-Lasts_Agora_vape-1-scaled.webp 1091w, https:\/\/agoravape.com\/wp-content\/uploads\/2025\/10\/Fluum-Box-15000-The-Smart-Vape-That-Actually-Lasts_Agora_vape-1-128x300.webp 128w, https:\/\/agoravape.com\/wp-content\/uploads\/2025\/10\/Fluum-Box-15000-The-Smart-Vape-That-Actually-Lasts_Agora_vape-1-437x1024.webp 437w, https:\/\/agoravape.com\/wp-content\/uploads\/2025\/10\/Fluum-Box-15000-The-Smart-Vape-That-Actually-Lasts_Agora_vape-1-768x1802.webp 768w, https:\/\/agoravape.com\/wp-content\/uploads\/2025\/10\/Fluum-Box-15000-The-Smart-Vape-That-Actually-Lasts_Agora_vape-1-655x1536.webp 655w, https:\/\/agoravape.com\/wp-content\/uploads\/2025\/10\/Fluum-Box-15000-The-Smart-Vape-That-Actually-Lasts_Agora_vape-1-873x2048.webp 873w, https:\/\/agoravape.com\/wp-content\/uploads\/2025\/10\/Fluum-Box-15000-The-Smart-Vape-That-Actually-Lasts_Agora_vape-1-1200x2815.webp 1200w\" sizes=\"auto, (max-width: 1091px) 100vw, 1091px\" \/><\/h2>\n<h2 data-v-md-heading=\"what-is-the-special-feature-of-fluum-box-15000-vape-with-display-screen\" data-v-md-line=\"3\">\u00bfCu\u00e1l es la caracter\u00edstica especial del vaporizador Fluum Box 15000 con pantalla?<\/h2>\n<p data-v-md-line=\"5\">Este vaporizador desechable te impresionar\u00e1 sin duda, sin necesidad de adivinar el nivel de bater\u00eda ni el e-l\u00edquido restante. El Fluum Box 15000 no solo es un vaporizador de alta capacidad, sino que tambi\u00e9n cuenta con una pantalla integrada que muestra claramente la bater\u00eda restante y el nivel de e-l\u00edquido. Olv\u00eddate de preocuparte por quedarte sin bater\u00eda. Este dispositivo tiene una bater\u00eda de 15000 puertos, lo que te permite disfrutar de semanas de uso confiable sin necesidad de comprar repuestos con frecuencia.<\/p>\n<p data-v-md-line=\"7\">Para quienes est\u00e1n cansados \u200b\u200bde calcular el nivel de bater\u00eda y el e-l\u00edquido restante de los vapeadores tradicionales, es la opci\u00f3n perfecta. \u00bfAlguna vez has tenido el problema de que un dispositivo deja de funcionar repentinamente y no puedes determinar si la bater\u00eda est\u00e1 muerta o el e-l\u00edquido se ha agotado? Con \u00e9l, todo se solucionar\u00e1 f\u00e1cilmente. La pantalla mostrar\u00e1 la bater\u00eda restante en tiempo real, y su capacidad de 25 ml de e-l\u00edquido te sorprender\u00e1 con su duraci\u00f3n.<\/p>\n<h2 data-v-md-heading=\"excellent-performance-and-easy-operation\" data-v-md-line=\"9\">Excelente rendimiento y f\u00e1cil operaci\u00f3n.<\/h2>\n<p data-v-md-line=\"11\">El n\u00facleo atomizador de malla integrado (con una resistencia de 1,1 \u03a9, por si te interesa) garantiza un sabor fresco y completo en cada bocado, olvid\u00e1ndose del t\u00edpico sabor a quemado de los dispositivos baratos. La bater\u00eda de 650 mAh se carga mediante la interfaz tipo C. Cuando la pantalla muestre bater\u00eda baja, simplemente usa el mismo cable de datos que usas habitualmente para cargar tu tel\u00e9fono. La pantalla no es un simple truco, sino que te ayuda a planificar el tiempo de carga con antelaci\u00f3n.<\/p>\n<h2 data-v-md-heading=\"quick-specifications\" data-v-md-line=\"13\">Especificaciones r\u00e1pidas<\/h2>\n<p data-v-md-line=\"15\"><strong>Frecuencia de fumar:<\/strong>\u00a0hasta 15000 bocanadas<\/p>\n<p data-v-md-line=\"17\"><strong>Capacidad de e-l\u00edquido:<\/strong>\u00a025 ml de aceite precargado<\/p>\n<p data-v-md-line=\"19\"><strong>Pantalla de visualizaci\u00f3n:<\/strong>\u00a0La pantalla LED muestra el nivel de bater\u00eda y la cantidad restante de e-l\u00edquido.<\/p>\n<p data-v-md-line=\"21\"><strong>Uso:<\/strong>\u00a0Inhalar para activar<\/p>\n<p data-v-md-line=\"23\"><strong>M\u00e9todo de carga:<\/strong>\u00a0Interfaz USB tipo C est\u00e1ndar<\/p>\n<p data-v-md-line=\"25\"><strong>N\u00facleo atomizador:<\/strong>\u00a0N\u00facleo atomizador de malla de 1,1 \u03a9 que ofrece un sabor delicioso y constante.<\/p>\n<p data-v-md-line=\"27\"><strong>Bater\u00eda:<\/strong>\u00a0Bater\u00eda recargable de 650 mAh<\/p>\n<p data-v-md-line=\"29\"><strong>Estado:<\/strong>\u00a0Listo para usar nada m\u00e1s sacarlo de la caja<\/p>\n<h2 data-v-md-heading=\"complete-flavor-lineup\" data-v-md-line=\"31\">L\u00ednea completa de sabores<\/h2>\n<ul data-v-md-line=\"33\">\n<li>Sand\u00eda fresa<\/li>\n<li>Mango fresa<\/li>\n<li>Triple baya<\/li>\n<li>Watermelon Ice<\/li>\n<li>Mango Melocot\u00f3n<\/li>\n<li>Blueberries and raspberries<\/li>\n<li>Peach Ice<\/li>\n<li>Pista de hielo azul<\/li>\n<li>manzanas agrias<\/li>\n<li>Strawberry kiwi fruit<\/li>\n<li>Kiwi, passion fruit, guava<\/li>\n<li>Grape Ice<\/li>\n<\/ul>\n<h2 data-v-md-heading=\"for-commercial-use-by-you-and-your-family-friends\" data-v-md-line=\"46\">Para uso comercial por usted y su familia\/amigos<\/h2>\n<p data-v-md-line=\"48\">Fluum Box 15000 ya est\u00e1 disponible para compra personal, pero si tiene un negocio y desea abastecerse de productos que sus clientes volver\u00e1n a comprar, puede solicitar un embalaje al por mayor de 200 unidades por caja. Cada caja de cart\u00f3n mide 64 x 34,5 x 25 cent\u00edmetros para facilitar su almacenamiento. Trabajamos con socios de confianza como UPS, DPD y DHL para gestionar todos los env\u00edos. Todos los productos incluyen impuestos (DDP), por lo que no tendr\u00e1 que preocuparse por aranceles aduaneros adicionales. Le ofrecemos un servicio de entrega a domicilio fluido y fiable.<\/p>\n<p data-v-md-line=\"50\">La pantalla puede parecer insignificante, pero es precisamente lo que eleva este producto de un vapeador com\u00fan a uno que los clientes recomendar\u00edan sin duda a sus amigos. Soluciona los problemas pr\u00e1cticos que enfrentan las personas al usar vapeadores, lo cual es clave para fidelizar a los usuarios.<\/p>\n<h2 data-v-md-heading=\"reasons-why-you-will-like-it\" data-v-md-line=\"52\">Razones por las que te gustar\u00e1<\/h2>\n<p data-v-md-line=\"54\"><strong>Pantalla de visualizaci\u00f3n:<\/strong>\u00a0No es necesario adivinar: siempre podr\u00e1 saber claramente cu\u00e1ndo cargar o cu\u00e1ndo est\u00e1 a punto de cargarse por completo.<\/p>\n<p data-v-md-line=\"56\"><strong>15000 unidades:<\/strong>\u00a0Un dispositivo puede satisfacer tus necesidades de vapeo durante varias semanas.<\/p>\n<p data-v-md-line=\"58\"><strong>Almacenamiento de e-l\u00edquido de gran capacidad de 25 ml:<\/strong>\u00a0La capacidad adecuada de e-l\u00edquido garantiza un sabor delicioso constante desde el primer hasta el \u00faltimo sorbo.<\/p>\n<p data-v-md-line=\"60\"><strong>Carga tipo C:<\/strong>\u00a0Utilice su cable de carga existente para cargar<\/p>\n<p data-v-md-line=\"62\"><strong>12 sabores:<\/strong>\u00a0Desde los cl\u00e1sicos sabores de frutas hasta los refrescantes sabores mixtos, siempre hay uno que se adapta a ti.<\/p>\n<p data-v-md-line=\"64\"><strong>Tecnolog\u00eda de bobina de malla:<\/strong>\u00a0Aporta un sabor suave y rico, evitando la irritaci\u00f3n de la garganta.<\/p>\n<h2 data-v-md-heading=\"why-choose-to-collaborate-with-agoravape\" data-v-md-line=\"66\">Why choose to collaborate with AgoraVape?<\/h2>\n<p data-v-md-line=\"68\">Como uno de los distribuidores de vapeo m\u00e1s confiables de Europa, solo vendemos productos 100% originales. Para nuestros clientes corporativos, esto significa que Fluum Box 15000 ofrece precios al por mayor altamente competitivos, soporte t\u00e9cnico confiable y servicios de entrega r\u00e1pidos y estables. Su funci\u00f3n de visualizaci\u00f3n lo distingue de la competencia: esta pr\u00e1ctica innovaci\u00f3n sin duda encantar\u00e1 a sus clientes. Cont\u00e1ctenos de inmediato para presentarles este producto que dejar\u00e1 a sus clientes maravillados.<\/p>\n<p><script src=\"chrome-extension:\/\/fpelahbljekknahkcaegamhcndkfpfnc\/iFrame.js\" type=\"text\/javascript\"><\/script><\/p>\n<p><script src=\"chrome-extension:\/\/fpelahbljekknahkcaegamhcndkfpfnc\/iFrame.js\" type=\"text\/javascript\"><\/script><\/p>","protected":false},"excerpt":{"rendered":"<p>&nbsp;<\/p>\n<p><script src=\"chrome-extension:\/\/fpelahbljekknahkcaegamhcndkfpfnc\/iFrame.js\" type=\"text\/javascript\"><\/script><\/p>\n<p><script src=\"chrome-extension:\/\/fpelahbljekknahkcaegamhcndkfpfnc\/iFrame.js\" type=\"text\/javascript\"><\/script><\/p>\n<p><script src=\"chrome-extension:\/\/fpelahbljekknahkcaegamhcndkfpfnc\/iFrame.js\" type=\"text\/javascript\"><\/script><\/p>\n<p><script src=\"chrome-extension:\/\/fpelahbljekknahkcaegamhcndkfpfnc\/iFrame.js\" type=\"text\/javascript\"><\/script><\/p>\n<p><script src=\"chrome-extension:\/\/fpelahbljekknahkcaegamhcndkfpfnc\/iFrame.js\" type=\"text\/javascript\"><\/script><\/p>\n<p><script src=\"chrome-extension:\/\/fpelahbljekknahkcaegamhcndkfpfnc\/iFrame.js\" type=\"text\/javascript\"><\/script><\/p>\n<p><script src=\"chrome-extension:\/\/fpelahbljekknahkcaegamhcndkfpfnc\/iFrame.js\" type=\"text\/javascript\"><\/script><\/p>","protected":false},"featured_media":20135,"comment_status":"open","ping_status":"closed","template":"","meta":[],"product_brand":[197],"product_cat":[124,187,185,189,123,174,175,193,191,173,186,180,190,192],"product_tag":[],"class_list":{"0":"post-20109","1":"product","2":"type-product","3":"status-publish","4":"has-post-thumbnail","6":"product_brand-bang","7":"product_cat-vape-by-brand","8":"product_cat-0mg-nicotine-free-vapes","9":"product_cat-10000-puffs-high-capacity","10":"product_cat-20mg-standard-nicotine-vapes","11":"product_cat-bang","12":"product_cat-fruit-flavors","13":"product_cat-icy-mint","14":"product_cat-mesh-coil","15":"product_cat-rechargeable-disposables","16":"product_cat-vape-by-flavor-profile","17":"product_cat-vape-by-nicotine-strength","18":"product_cat-vape-by-puff-count","19":"product_cat-vape-by-feature-or-type","20":"product_cat-vapes-with-screens","22":"first","23":"onbackorder","24":"shipping-taxable","25":"purchasable","26":"product-type-variable","27":"has-default-attributes"},"tiered_pricing_type":"percentage","tiered_pricing_fixed_rules":[],"tiered_pricing_product_settings":{"layout":"default","base_unit_name":{"singular":null,"plural":null},"default_variation":null},"tiered_pricing_minimum_quantity":10,"tiered_pricing_roles_data":[],"tiered_pricing_percentage_rules":{"30":"29","50":"35","100":"40","200":"44","500":"47","1000":"49"},"tiered_pricing_maximum_quantity":null,"tiered_pricing_quantity_step":"10","_links":{"self":[{"href":"https:\/\/agoravape.com\/es\/wp-json\/wp\/v2\/product\/20109","targetHints":{"allow":["GET"]}}],"collection":[{"href":"https:\/\/agoravape.com\/es\/wp-json\/wp\/v2\/product"}],"about":[{"href":"https:\/\/agoravape.com\/es\/wp-json\/wp\/v2\/types\/product"}],"replies":[{"embeddable":true,"href":"https:\/\/agoravape.com\/es\/wp-json\/wp\/v2\/comments?post=20109"}],"version-history":[{"count":0,"href":"https:\/\/agoravape.com\/es\/wp-json\/wp\/v2\/product\/20109\/revisions"}],"wp:featuredmedia":[{"embeddable":true,"href":"https:\/\/agoravape.com\/es\/wp-json\/wp\/v2\/media\/20135"}],"wp:attachment":[{"href":"https:\/\/agoravape.com\/es\/wp-json\/wp\/v2\/media?parent=20109"}],"wp:term":[{"taxonomy":"product_brand","embeddable":true,"href":"https:\/\/agoravape.com\/es\/wp-json\/wp\/v2\/product_brand?post=20109"},{"taxonomy":"product_cat","embeddable":true,"href":"https:\/\/agoravape.com\/es\/wp-json\/wp\/v2\/product_cat?post=20109"},{"taxonomy":"product_tag","embeddable":true,"href":"https:\/\/agoravape.com\/es\/wp-json\/wp\/v2\/product_tag?post=20109"}],"curies":[{"name":"wp","href":"https:\/\/api.w.org\/{rel}","templated":true}]}}