{"id":21146,"date":"2026-01-18T00:53:54","date_gmt":"2026-01-17T16:53:54","guid":{"rendered":"https:\/\/agoravape.com\/?post_type=product&#038;p=21146"},"modified":"2026-03-26T13:22:26","modified_gmt":"2026-03-26T12:22:26","slug":"myde-ak80000-80000-puffs-dtl-vape","status":"publish","type":"product","link":"https:\/\/agoravape.com\/es\/product\/myde-ak80000-80000-puffs-dtl-vape\/","title":{"rendered":"MYDE AK80000 80000 inhalaciones, vaporizador DTL de alta potencia | Nubes grandes, menos complicaciones"},"content":{"rendered":"<h2 data-v-md-heading=\"what-is-myde-ak80000-80000-high-power-dtl-electronic-cigarette-like\" data-v-md-line=\"1\"><\/h2>\n<p><img loading=\"lazy\" decoding=\"async\" class=\"size-full wp-image-21205 alignright\" src=\"https:\/\/agoravape.com\/wp-content\/uploads\/2026\/01\/MYDE-AK80000-80000-Puffs-High-Power-DTL-Vape_Agora_vape-2.webp\" alt=\"\" width=\"1280\" height=\"1659\" srcset=\"https:\/\/agoravape.com\/wp-content\/uploads\/2026\/01\/MYDE-AK80000-80000-Puffs-High-Power-DTL-Vape_Agora_vape-2.webp 1280w, https:\/\/agoravape.com\/wp-content\/uploads\/2026\/01\/MYDE-AK80000-80000-Puffs-High-Power-DTL-Vape_Agora_vape-2-1200x1555.webp 1200w, https:\/\/agoravape.com\/wp-content\/uploads\/2026\/01\/MYDE-AK80000-80000-Puffs-High-Power-DTL-Vape_Agora_vape-2-231x300.webp 231w, https:\/\/agoravape.com\/wp-content\/uploads\/2026\/01\/MYDE-AK80000-80000-Puffs-High-Power-DTL-Vape_Agora_vape-2-790x1024.webp 790w, https:\/\/agoravape.com\/wp-content\/uploads\/2026\/01\/MYDE-AK80000-80000-Puffs-High-Power-DTL-Vape_Agora_vape-2-768x995.webp 768w, https:\/\/agoravape.com\/wp-content\/uploads\/2026\/01\/MYDE-AK80000-80000-Puffs-High-Power-DTL-Vape_Agora_vape-2-1185x1536.webp 1185w, https:\/\/agoravape.com\/wp-content\/uploads\/2026\/01\/MYDE-AK80000-80000-Puffs-High-Power-DTL-Vape_Agora_vape-2-9x12.webp 9w\" sizes=\"auto, (max-width: 1280px) 100vw, 1280px\" \/> <img loading=\"lazy\" decoding=\"async\" class=\"size-full wp-image-21206 alignright\" src=\"https:\/\/agoravape.com\/wp-content\/uploads\/2026\/01\/MYDE-AK80000-80000-Puffs-High-Power-DTL-Vape_Agora_vape-3-scaled.webp\" alt=\"\" width=\"765\" height=\"2560\" srcset=\"https:\/\/agoravape.com\/wp-content\/uploads\/2026\/01\/MYDE-AK80000-80000-Puffs-High-Power-DTL-Vape_Agora_vape-3-scaled.webp 765w, https:\/\/agoravape.com\/wp-content\/uploads\/2026\/01\/MYDE-AK80000-80000-Puffs-High-Power-DTL-Vape_Agora_vape-3-90x300.webp 90w, https:\/\/agoravape.com\/wp-content\/uploads\/2026\/01\/MYDE-AK80000-80000-Puffs-High-Power-DTL-Vape_Agora_vape-3-306x1024.webp 306w, https:\/\/agoravape.com\/wp-content\/uploads\/2026\/01\/MYDE-AK80000-80000-Puffs-High-Power-DTL-Vape_Agora_vape-3-768x2570.webp 768w, https:\/\/agoravape.com\/wp-content\/uploads\/2026\/01\/MYDE-AK80000-80000-Puffs-High-Power-DTL-Vape_Agora_vape-3-459x1536.webp 459w, https:\/\/agoravape.com\/wp-content\/uploads\/2026\/01\/MYDE-AK80000-80000-Puffs-High-Power-DTL-Vape_Agora_vape-3-612x2048.webp 612w, https:\/\/agoravape.com\/wp-content\/uploads\/2026\/01\/MYDE-AK80000-80000-Puffs-High-Power-DTL-Vape_Agora_vape-3-4x12.webp 4w, https:\/\/agoravape.com\/wp-content\/uploads\/2026\/01\/MYDE-AK80000-80000-Puffs-High-Power-DTL-Vape_Agora_vape-3-1200x4015.webp 1200w\" sizes=\"auto, (max-width: 765px) 100vw, 765px\" \/><\/p>\n<h2 data-v-md-heading=\"what-is-myde-ak80000-80000-high-power-dtl-electronic-cigarette-like\" data-v-md-line=\"1\">\u00bfC\u00f3mo es el cigarrillo electr\u00f3nico DTL de alta potencia MYDE AK80000 80000?<\/h2>\n<p data-v-md-line=\"3\">Si est\u00e1s cansado de los cigarrillos electr\u00f3nicos desechables que parecen gastados al principio, el MYDE AK80000 es tu opci\u00f3n ideal. Es un cigarrillo electr\u00f3nico desechable DTL (succi\u00f3n pulmonar directa) de alta potencia, dise\u00f1ado para usuarios que buscan una resistencia m\u00e1s suave y un humo m\u00e1s intenso, en lugar de la resistencia ajustada de los cigarrillos tradicionales.<\/p>\n<p data-v-md-line=\"5\">Hay algo m\u00e1s inesperado. Quiz\u00e1s pienses que sostener un dispositivo con 80\u00a0000 puertos ser\u00eda tan pesado como sostener un ladrillo, pero en realidad es muy f\u00e1cil de sostener. Si buscas una salida de humo potente, un sabor consistente y menos tiempo de reemplazo, este cigarrillo electr\u00f3nico es tu mejor opci\u00f3n.<\/p>\n<h2 data-v-md-heading=\"excellent-performance-simple-and-easy-to-use\" data-v-md-line=\"7\">Excelente rendimiento, simple y f\u00e1cil de usar.<\/h2>\n<p data-v-md-line=\"9\">MYDE se esfuerza por la simplicidad en aspectos clave. La resistencia de malla de 0,4 \u03a9 ayuda a mantener un sabor estable y ofrece un humo denso en lugar de fino. Adem\u00e1s, su potencia de salida de 30 W lo hace ideal para el modo de aspiraci\u00f3n pulmonar directa (DTL).<\/p>\n<p data-v-md-line=\"11\">Cuando la bater\u00eda est\u00e1 baja, no es necesario usar un cargador espec\u00edfico. Simplemente con\u00e9ctalo a trav\u00e9s del puerto USB tipo C (quiz\u00e1s ya hayas usado el mismo cable USB para cargar tu tel\u00e9fono) y podr\u00e1s seguir us\u00e1ndolo.<\/p>\n<h2 data-v-md-heading=\"quick-specifications\" data-v-md-line=\"13\">Especificaciones r\u00e1pidas<\/h2>\n<ul data-v-md-line=\"14\">\n<li>Frecuencia de fumado: hasta 80000 bocanadas<\/li>\n<li>Capacidad del e-l\u00edquido: 45 ml<\/li>\n<li>Contenido de nicotina: 5 mg<\/li>\n<li>Potencia de salida: 30W<\/li>\n<li>N\u00facleo atomizador: n\u00facleo atomizador de malla de 0,4 \u03a9<\/li>\n<li>Capacidad de la bater\u00eda: 1300 mAh (recargable)<\/li>\n<li>Uso: Inhalar para activar.<\/li>\n<li>M\u00e9todo de carga: Interfaz USB tipo C est\u00e1ndar<\/li>\n<li>Material: Aleaci\u00f3n + PCTG<\/li>\n<li>Tama\u00f1o\/Peso: 157 \u00d7 36,3 \u00d7 36,3 mm, 135 g<\/li>\n<li>Status: Ready to use out of the box<\/li>\n<\/ul>\n<h2 data-v-md-heading=\"complete-flavor-lineup\" data-v-md-line=\"26\">L\u00ednea completa de sabores<\/h2>\n<ul data-v-md-line=\"27\">\n<li>Lady Killer<\/li>\n<li>Grape Ice<\/li>\n<li>Lanza de menta<\/li>\n<li>Lemon and lime<\/li>\n<li>Watermelon Ice<\/li>\n<li>Refresco de cola de cereza<\/li>\n<li>Strawberry kiwi fruit<\/li>\n<li>Pistola de mel\u00f3n<\/li>\n<li>Sand\u00eda fresa<\/li>\n<li>Pistola de burbujas de sand\u00eda<\/li>\n<\/ul>\n<h2 data-v-md-heading=\"suitable-for-you-and-your-business\" data-v-md-line=\"38\">Adecuado para usted y su negocio<\/h2>\n<p data-v-md-line=\"40\">Puede adquirir estos productos para uso personal, pero si vende al por menor, este producto es una opci\u00f3n ideal como opci\u00f3n de succi\u00f3n directa de alta potencia en su l\u00ednea de productos. Cada caja contiene 100 unidades, lo que facilita el pedido y permite controlar la cantidad.<\/p>\n<p data-v-md-line=\"42\">En cuanto a log\u00edstica, comprendemos las preocupaciones de los compradores de la UE: retrasos, tr\u00e1mites engorrosos y costes inesperados. Por ello, nos centramos en colaborar con transportistas de confianza, elegir rutas de transporte fiables, garantizar la entrega fluida de sus mercanc\u00edas y evitar problemas en los tr\u00e1mites aduaneros.<\/p>\n<h2 data-v-md-heading=\"the-reason-why-you-will-like-it\" data-v-md-line=\"44\">The reason why you will like it<\/h2>\n<ul data-v-md-line=\"45\">\n<li>\n<p data-v-md-line=\"45\">Duradero y de larga duraci\u00f3n: con una vida \u00fatil m\u00e1s larga, no es necesario reemplazar el equipo con frecuencia.<\/p>\n<\/li>\n<li>\n<p data-v-md-line=\"47\">Experiencia de potencia fuerte DTL: la potencia de salida de 30 W brinda una experiencia de succi\u00f3n suave m\u00e1s satisfactoria.<\/p>\n<\/li>\n<li>\n<p data-v-md-line=\"48\">Bater\u00eda recargable: puedes aprovechar al m\u00e1ximo la capacidad de la bater\u00eda sin desecharla de antemano.<\/p>\n<\/li>\n<li>\n<p data-v-md-line=\"49\">N\u00facleo atomizador de malla: garantiza un sabor consistente y una salida de humo estable.<\/p>\n<\/li>\n<\/ul>\n<h2 data-v-md-heading=\"why-choose-to-collaborate-with-agoravape\" data-v-md-line=\"51\">Why choose to collaborate with AgoraVape?<\/h2>\n<p data-v-md-line=\"53\">AgoraVape siempre se adhiere a un principio: vendemos \u00fanicamente productos originales. Para dispositivos de alta capacidad como este, esto es especialmente importante, ya que el mercado est\u00e1 inundado de productos falsificados. Si es un comprador corporativo, tambi\u00e9n puede disfrutar de cantidades al por mayor convenientes, soporte confiable y servicios de env\u00edo r\u00e1pido para los cigarrillos electr\u00f3nicos DTL de alta potencia MYDE AK80000 80000. Si desea reservar un producto para sus clientes DTL que volver\u00e1n a comprar, cont\u00e1ctenos.<\/p>","protected":false},"excerpt":{"rendered":"<p>\u00bfC\u00f3mo es el cigarrillo electr\u00f3nico MYDE AK80000 80000 DTL de alta potencia? Si est\u00e1s cansado de los cigarrillos electr\u00f3nicos desechables que<\/p>","protected":false},"featured_media":21212,"comment_status":"open","ping_status":"closed","template":"","meta":[],"product_brand":[221],"product_cat":[124,185,194,176,177,174,175,148,191,173,186,180,190],"product_tag":[],"class_list":{"0":"post-21146","1":"product","2":"type-product","3":"status-publish","4":"has-post-thumbnail","6":"product_brand-myde","7":"product_cat-vape-by-brand","8":"product_cat-10000-puffs-high-capacity","9":"product_cat-adjustable-airflow","10":"product_cat-beverage","11":"product_cat-dessert-sweets","12":"product_cat-fruit-flavors","13":"product_cat-icy-mint","14":"product_cat-myde","15":"product_cat-rechargeable-disposables","16":"product_cat-vape-by-flavor-profile","17":"product_cat-vape-by-nicotine-strength","18":"product_cat-vape-by-puff-count","19":"product_cat-vape-by-feature-or-type","21":"first","22":"instock","23":"shipping-taxable","24":"purchasable","25":"product-type-variable","26":"has-default-attributes"},"tiered_pricing_type":"percentage","tiered_pricing_fixed_rules":[],"tiered_pricing_product_settings":{"layout":"default","base_unit_name":{"singular":null,"plural":null},"default_variation":null},"tiered_pricing_minimum_quantity":10,"tiered_pricing_roles_data":[],"tiered_pricing_percentage_rules":{"30":"29","50":"35","100":"40","200":"44","500":"47","1000":"49"},"tiered_pricing_maximum_quantity":null,"tiered_pricing_quantity_step":"10","_links":{"self":[{"href":"https:\/\/agoravape.com\/es\/wp-json\/wp\/v2\/product\/21146","targetHints":{"allow":["GET"]}}],"collection":[{"href":"https:\/\/agoravape.com\/es\/wp-json\/wp\/v2\/product"}],"about":[{"href":"https:\/\/agoravape.com\/es\/wp-json\/wp\/v2\/types\/product"}],"replies":[{"embeddable":true,"href":"https:\/\/agoravape.com\/es\/wp-json\/wp\/v2\/comments?post=21146"}],"version-history":[{"count":0,"href":"https:\/\/agoravape.com\/es\/wp-json\/wp\/v2\/product\/21146\/revisions"}],"wp:featuredmedia":[{"embeddable":true,"href":"https:\/\/agoravape.com\/es\/wp-json\/wp\/v2\/media\/21212"}],"wp:attachment":[{"href":"https:\/\/agoravape.com\/es\/wp-json\/wp\/v2\/media?parent=21146"}],"wp:term":[{"taxonomy":"product_brand","embeddable":true,"href":"https:\/\/agoravape.com\/es\/wp-json\/wp\/v2\/product_brand?post=21146"},{"taxonomy":"product_cat","embeddable":true,"href":"https:\/\/agoravape.com\/es\/wp-json\/wp\/v2\/product_cat?post=21146"},{"taxonomy":"product_tag","embeddable":true,"href":"https:\/\/agoravape.com\/es\/wp-json\/wp\/v2\/product_tag?post=21146"}],"curies":[{"name":"wp","href":"https:\/\/api.w.org\/{rel}","templated":true}]}}