{"id":21214,"date":"2026-01-18T01:26:07","date_gmt":"2026-01-17T17:26:07","guid":{"rendered":"https:\/\/agoravape.com\/?post_type=product&#038;p=21214"},"modified":"2026-03-31T04:20:23","modified_gmt":"2026-03-31T02:20:23","slug":"myde-miou-60k-60000-caladas-doble-sabor","status":"publish","type":"product","link":"https:\/\/agoravape.com\/es\/product\/myde-miou-60k-60000-puffs-dual-flavor\/","title":{"rendered":"MYDE MIOU 60k 60000 caladas, vaporizador de doble sabor | Dos sabores, un producto f\u00e1cil de usar a diario"},"content":{"rendered":"<h2 data-v-md-heading=\"what-are-the-special-features-of-myde-miou-60k-60000-dual-flavored-vapes\" data-v-md-line=\"3\"><img loading=\"lazy\" decoding=\"async\" class=\"size-full wp-image-21228 alignright\" src=\"https:\/\/agoravape.com\/wp-content\/uploads\/2026\/01\/MYDE-MIOU-60k-60000-Puffs-Dual-Flavor-Vape-Two-Flavours-One-Easy-Daily-Driver_Agora_vape-3.webp\" alt=\"\" width=\"800\" height=\"800\" srcset=\"https:\/\/agoravape.com\/wp-content\/uploads\/2026\/01\/MYDE-MIOU-60k-60000-Puffs-Dual-Flavor-Vape-Two-Flavours-One-Easy-Daily-Driver_Agora_vape-3.webp 800w, https:\/\/agoravape.com\/wp-content\/uploads\/2026\/01\/MYDE-MIOU-60k-60000-Puffs-Dual-Flavor-Vape-Two-Flavours-One-Easy-Daily-Driver_Agora_vape-3-600x600.webp 600w, https:\/\/agoravape.com\/wp-content\/uploads\/2026\/01\/MYDE-MIOU-60k-60000-Puffs-Dual-Flavor-Vape-Two-Flavours-One-Easy-Daily-Driver_Agora_vape-3-300x300.webp 300w, https:\/\/agoravape.com\/wp-content\/uploads\/2026\/01\/MYDE-MIOU-60k-60000-Puffs-Dual-Flavor-Vape-Two-Flavours-One-Easy-Daily-Driver_Agora_vape-3-150x150.webp 150w, https:\/\/agoravape.com\/wp-content\/uploads\/2026\/01\/MYDE-MIOU-60k-60000-Puffs-Dual-Flavor-Vape-Two-Flavours-One-Easy-Daily-Driver_Agora_vape-3-768x768.webp 768w, https:\/\/agoravape.com\/wp-content\/uploads\/2026\/01\/MYDE-MIOU-60k-60000-Puffs-Dual-Flavor-Vape-Two-Flavours-One-Easy-Daily-Driver_Agora_vape-3-12x12.webp 12w\" sizes=\"auto, (max-width: 800px) 100vw, 800px\" \/><\/h2>\n<h2 data-v-md-heading=\"what-are-the-special-features-of-myde-miou-60k-60000-dual-flavored-vapes\" data-v-md-line=\"3\">\u00bfCu\u00e1les son las caracter\u00edsticas especiales de los vapes de doble sabor MYDE MIOU 60k 60000?<\/h2>\n<p data-v-md-line=\"5\">Si est\u00e1s cansado de los vapeos que solo duran uno o dos d\u00edas y pierden su frescura r\u00e1pidamente, el MYDE MIOU 60k es tu opci\u00f3n ideal. Est\u00e1 dise\u00f1ado para un uso prolongado (hasta 60\u00a0000 caladas) y se basa en un concepto simple pero pr\u00e1ctico: dos sabores en uno, lo que te permite cambiar f\u00e1cilmente de sabor sin tener que llevar un segundo vapeador.<\/p>\n<p data-v-md-line=\"7\">Quiz\u00e1s pienses que un vaporizador con una capacidad nominal de 60\u00a0000 caladas ser\u00eda un peso enorme en tu bolsillo, pero en realidad, su experiencia de usuario es m\u00e1s ligera y port\u00e1til de lo que imaginas. Este vaporizador es simple y f\u00e1cil de usar, equipado con bater\u00edas recargables, e-l\u00edquido preinstalado y m\u00faltiples opciones de sabor, que te brindar\u00e1 frescura incluso si tus papilas gustativas se sienten aburridas.<\/p>\n<h2 data-v-md-heading=\"excellent-performance-and-easy-operation\" data-v-md-line=\"9\">Excelente rendimiento y f\u00e1cil operaci\u00f3n.<\/h2>\n<p data-v-md-line=\"11\">Equipado internamente con un n\u00facleo atomizador de 1.2 \u03a9 y un compartimento para e-l\u00edquido de gran capacidad de 40 ml. Esto significa que puede mantener un sabor estable sin experimentar deterioro a mitad de uso. Adem\u00e1s, est\u00e1 equipado con una bater\u00eda de 600 mAh, por lo que no tiene que preocuparse incluso si la bater\u00eda se descarga antes de que se agote el e-l\u00edquido. Simplemente rell\u00e9nelo con e-l\u00edquido para continuar us\u00e1ndolo.<\/p>\n<p data-v-md-line=\"13\">No necesitas botones ni ajustes. Solo toma un sorbo y disfruta de la experiencia definitiva.<\/p>\n<h2 data-v-md-heading=\"quick-specifications\" data-v-md-line=\"15\">Especificaciones r\u00e1pidas<\/h2>\n<ul data-v-md-line=\"17\">\n<li>N\u00famero de puertos: hasta 60000 puertos<\/li>\n<li>Capacidad de e-l\u00edquido: Total 40 mililitros (Sistema de doble sabor, aproximadamente 7 mililitros por compartimento)<\/li>\n<li>Bater\u00eda: 600 mAh (recargable)<\/li>\n<li>Resistencia de la bobina: 1,2 ohmios<\/li>\n<li>Contenido de nicotina: 2% o 5%<\/li>\n<li>Uso: Simplemente inhale para activar.<\/li>\n<li>Status: Ready to use out of the box<\/li>\n<\/ul>\n<h2 data-v-md-heading=\"complete-flavor-lineup\" data-v-md-line=\"24\">L\u00ednea completa de sabores<\/h2>\n<ul data-v-md-line=\"25\">\n<li>Hielo de lim\u00f3n, lima y sand\u00eda<\/li>\n<li>Hielo de uva y kiwi de fresa<\/li>\n<li>Pi\u00f1a, coco y fresa, pl\u00e1tano<\/li>\n<li>Naranja, mang, sand\u00eda y Red Bull<\/li>\n<li>Refresco de ar\u00e1ndanos, hielo y cereza<\/li>\n<li>Helado de sand\u00eda y frutos rojos mixtos<\/li>\n<li>Fresa, pl\u00e1tano y cereza espumosa<\/li>\n<li>Helado de fresa, frambuesa, cereza y uva<\/li>\n<li>Agua de ar\u00e1ndanos, lim\u00f3n y lima-lim\u00f3n<\/li>\n<li>Helado de sand\u00eda y mango de fresa<\/li>\n<\/ul>\n<h2 data-v-md-heading=\"suitable-for-personal-and-commercial-use\" data-v-md-line=\"36\">Adecuado para uso personal y comercial.<\/h2>\n<p data-v-md-line=\"38\"><a class=\"wpil_keyword_link\" href=\"https:\/\/agoravape.com\/es\/vapear-por-marca\/mrvi\/\" target=\"_blank\" rel=\"noopener\" title=\"DIMINUTO\" data-wpil-keyword-link=\"linked\" data-wpil-monitor-id=\"7189\">MI DE<\/a> MIOU 60k is a durable vape that won\u2019t leave you feeling bored after a few days, making it the ideal choice for your personal use. At the same time, it is also suitable as a retail inventory product because consumers prefer convenient \u201cintegrated\u201d products, especially the dual flavor version.<\/p>\n<p data-v-md-line=\"40\">Si compra para revender, AgoraVape ofrece servicios de env\u00edo europeos r\u00e1pidos y fiables. Trabajamos con transportistas de confianza como DHL, DPD y UPS para garantizar un transporte sin problemas y evitar imprevistos en la frontera. Si necesita la cantidad exacta para la venta al por mayor, p\u00f3ngase en contacto con nuestro equipo y nos encargaremos de los detalles de embalaje.<\/p>\n<h2 data-v-md-heading=\"reasons-why-you-will-like-it\" data-v-md-line=\"42\">Razones por las que te gustar\u00e1<\/h2>\n<ul data-v-md-line=\"44\">\n<li>Bater\u00eda de duraci\u00f3n ultralarga: mayor vida \u00fatil, sin necesidad de reemplazar dispositivos con frecuencia.<\/li>\n<li>Configuraci\u00f3n de doble sabor: no necesitas comprar un segundo vaporizador para cambiar de sabor.<\/li>\n<li>Selecci\u00f3n de concentraci\u00f3n de nicotina: 2% para un sabor m\u00e1s suave, 5% para una experiencia m\u00e1s fuerte.<\/li>\n<li>Bater\u00eda recargable: Aseg\u00farate de que realmente hayas agotado el e-l\u00edquido que has adquirido.<\/li>\n<li>Bobina de 1,2 \u03a9: mantiene una resistencia de succi\u00f3n estable para evitar que el sabor se deteriore demasiado r\u00e1pido.<\/li>\n<\/ul>\n<h2 data-v-md-heading=\"why-choose-agoravape\" data-v-md-line=\"50\">\u00bfPor qu\u00e9 elegir AgoraVape?<\/h2>\n<p data-v-md-line=\"52\">En AgoraVape, nos centramos en lo que realmente importa: garant\u00eda genuina de producto, log\u00edstica de entrega confiable y respuestas transparentes. Si vende vapeadores MYDE MIOU 60k 60000 de doble sabor, le ayudaremos a aumentar sus ventas con precios al por mayor altamente competitivos, soporte t\u00e9cnico eficiente y soluciones de env\u00edo flexibles. Cont\u00e1ctenos y le proporcionaremos suficiente suministro para que sus clientes regresen.<\/p>","protected":false},"excerpt":{"rendered":"<p>\u00bfCu\u00e1les son las caracter\u00edsticas especiales de los vapes MYDE MIOU 60k 60000 dual flavored? Si est\u00e1 cansado de los vapes que<\/p>","protected":false},"featured_media":21235,"comment_status":"open","ping_status":"closed","template":"","meta":[],"product_brand":[221],"product_cat":[124,185,1642,176,177,195,174,175,148,191,173,186,180,190],"product_tag":[],"class_list":{"0":"post-21214","1":"product","2":"type-product","3":"status-publish","4":"has-post-thumbnail","6":"product_brand-myde","7":"product_cat-vape-by-brand","8":"product_cat-10000-puffs-high-capacity","9":"product_cat-60000-puffs","10":"product_cat-beverage","11":"product_cat-dessert-sweets","12":"product_cat-dual-flavor-switch","13":"product_cat-fruit-flavors","14":"product_cat-icy-mint","15":"product_cat-myde","16":"product_cat-rechargeable-disposables","17":"product_cat-vape-by-flavor-profile","18":"product_cat-vape-by-nicotine-strength","19":"product_cat-vape-by-puff-count","20":"product_cat-vape-by-feature-or-type","22":"first","23":"onbackorder","24":"shipping-taxable","25":"purchasable","26":"product-type-variable","27":"has-default-attributes"},"tiered_pricing_type":"percentage","tiered_pricing_fixed_rules":[],"tiered_pricing_product_settings":{"layout":"default","base_unit_name":{"singular":null,"plural":null},"default_variation":null},"tiered_pricing_minimum_quantity":10,"tiered_pricing_roles_data":[],"tiered_pricing_percentage_rules":{"30":"29","50":"35","100":"40","200":"44","500":"47","1000":"49"},"tiered_pricing_maximum_quantity":null,"tiered_pricing_quantity_step":"10","_links":{"self":[{"href":"https:\/\/agoravape.com\/es\/wp-json\/wp\/v2\/product\/21214","targetHints":{"allow":["GET"]}}],"collection":[{"href":"https:\/\/agoravape.com\/es\/wp-json\/wp\/v2\/product"}],"about":[{"href":"https:\/\/agoravape.com\/es\/wp-json\/wp\/v2\/types\/product"}],"replies":[{"embeddable":true,"href":"https:\/\/agoravape.com\/es\/wp-json\/wp\/v2\/comments?post=21214"}],"version-history":[{"count":2,"href":"https:\/\/agoravape.com\/es\/wp-json\/wp\/v2\/product\/21214\/revisions"}],"predecessor-version":[{"id":29882,"href":"https:\/\/agoravape.com\/es\/wp-json\/wp\/v2\/product\/21214\/revisions\/29882"}],"wp:featuredmedia":[{"embeddable":true,"href":"https:\/\/agoravape.com\/es\/wp-json\/wp\/v2\/media\/21235"}],"wp:attachment":[{"href":"https:\/\/agoravape.com\/es\/wp-json\/wp\/v2\/media?parent=21214"}],"wp:term":[{"taxonomy":"product_brand","embeddable":true,"href":"https:\/\/agoravape.com\/es\/wp-json\/wp\/v2\/product_brand?post=21214"},{"taxonomy":"product_cat","embeddable":true,"href":"https:\/\/agoravape.com\/es\/wp-json\/wp\/v2\/product_cat?post=21214"},{"taxonomy":"product_tag","embeddable":true,"href":"https:\/\/agoravape.com\/es\/wp-json\/wp\/v2\/product_tag?post=21214"}],"curies":[{"name":"wp","href":"https:\/\/api.w.org\/{rel}","templated":true}]}}