{"id":21412,"date":"2026-01-18T16:11:02","date_gmt":"2026-01-18T08:11:02","guid":{"rendered":"https:\/\/agoravape.com\/?post_type=product&#038;p=21412"},"modified":"2026-03-19T11:37:04","modified_gmt":"2026-03-19T10:37:04","slug":"saimeo-tequila-30k-30000-caladas-vape","status":"publish","type":"product","link":"https:\/\/agoravape.com\/es\/product\/saimeo-tequila-30k-30000-puffs-vape\/","title":{"rendered":"Saimeo Tequila 30k, 30\u00a0000 inhalaciones, botella \u00fanica para vapear | Larga duraci\u00f3n, f\u00e1cil de usar"},"content":{"rendered":"<h2 data-v-md-heading=\"what-s-special-about-saimeo-tequila-flavored-30k-30000-unique-bottled-vapes\" data-v-md-line=\"3\"><img loading=\"lazy\" decoding=\"async\" class=\"size-full wp-image-21435 alignright\" src=\"https:\/\/agoravape.com\/wp-content\/uploads\/2026\/01\/Saimeo-Tequila-30k-30000-Puffs-Unique-Bottle-Vape-Long-Runs-Simple-Use_Agora_vape-12-scaled.webp\" alt=\"\" width=\"795\" height=\"2560\" srcset=\"https:\/\/agoravape.com\/wp-content\/uploads\/2026\/01\/Saimeo-Tequila-30k-30000-Puffs-Unique-Bottle-Vape-Long-Runs-Simple-Use_Agora_vape-12-scaled.webp 795w, https:\/\/agoravape.com\/wp-content\/uploads\/2026\/01\/Saimeo-Tequila-30k-30000-Puffs-Unique-Bottle-Vape-Long-Runs-Simple-Use_Agora_vape-12-93x300.webp 93w, https:\/\/agoravape.com\/wp-content\/uploads\/2026\/01\/Saimeo-Tequila-30k-30000-Puffs-Unique-Bottle-Vape-Long-Runs-Simple-Use_Agora_vape-12-318x1024.webp 318w, https:\/\/agoravape.com\/wp-content\/uploads\/2026\/01\/Saimeo-Tequila-30k-30000-Puffs-Unique-Bottle-Vape-Long-Runs-Simple-Use_Agora_vape-12-768x2472.webp 768w, https:\/\/agoravape.com\/wp-content\/uploads\/2026\/01\/Saimeo-Tequila-30k-30000-Puffs-Unique-Bottle-Vape-Long-Runs-Simple-Use_Agora_vape-12-477x1536.webp 477w, https:\/\/agoravape.com\/wp-content\/uploads\/2026\/01\/Saimeo-Tequila-30k-30000-Puffs-Unique-Bottle-Vape-Long-Runs-Simple-Use_Agora_vape-12-636x2048.webp 636w, https:\/\/agoravape.com\/wp-content\/uploads\/2026\/01\/Saimeo-Tequila-30k-30000-Puffs-Unique-Bottle-Vape-Long-Runs-Simple-Use_Agora_vape-12-4x12.webp 4w, https:\/\/agoravape.com\/wp-content\/uploads\/2026\/01\/Saimeo-Tequila-30k-30000-Puffs-Unique-Bottle-Vape-Long-Runs-Simple-Use_Agora_vape-12-1200x3862.webp 1200w\" sizes=\"auto, (max-width: 795px) 100vw, 795px\" \/><\/h2>\n<h2 data-v-md-heading=\"what-s-special-about-saimeo-tequila-flavored-30k-30000-unique-bottled-vapes\" data-v-md-line=\"3\">\u00bfQu\u00e9 tienen de especial los 30k 30000 vaporizadores embotellados \u00fanicos con sabor a tequila Saimeo?<\/h2>\n<p data-v-md-line=\"5\">Si est\u00e1s cansado de los vapeadores desechables que se agotan r\u00e1pidamente, este producto est\u00e1 dise\u00f1ado para un uso duradero. Saimeo Tequila Don Le\u00f3n 1942 (Botella \u00danica) est\u00e1 dise\u00f1ado para quienes buscan vapeos diarios f\u00e1ciles de usar y con una sensaci\u00f3n de agarre ligeramente diferente.<\/p>\n<p data-v-md-line=\"7\">Puede que el dispositivo de 30\u00a0000 bocas te parezca pesado como un ladrillo en la mano, pero su dise\u00f1o en forma de botella lo hace c\u00f3modo de sostener. Es un vaporizador que puedes llevar contigo cuando sales, porque sabes que es absolutamente fiable y duradero.<\/p>\n<h2 data-v-md-heading=\"excellent-performance-and-easy-operation\" data-v-md-line=\"9\">Excelente rendimiento y f\u00e1cil operaci\u00f3n.<\/h2>\n<p data-v-md-line=\"11\">Este vaporizador desechable se activa por inhalaci\u00f3n y no requiere botones ni ajustes. Simplemente inhala para empezar. Si buscas un producto sencillo y f\u00e1cil de usar, esta es sin duda la opci\u00f3n ideal.<\/p>\n<p data-v-md-line=\"13\">En t\u00e9rminos de nicotina, contiene un 2% de sal de nicotina, que tiene un sabor suave y puede satisfacer las necesidades de la mayor\u00eda de los usuarios diarios.<\/p>\n<h2 data-v-md-heading=\"quick-specifications\" data-v-md-line=\"15\">Especificaciones r\u00e1pidas<\/h2>\n<ul data-v-md-line=\"16\">\n<li>Frecuencia de fumado: hasta 30000 bocanadas<\/li>\n<li>Contenido de nicotina: 2% de sal de nicotina<\/li>\n<li>Uso: Simplemente inhale para activar.<\/li>\n<li>Status: Ready to use out of the box<\/li>\n<li>Tama\u00f1o del equipo: 37 * 40 * 160 mil\u00edmetros<\/li>\n<li>Especificaciones del embalaje: 10 piezas por paquete.<\/li>\n<li>Especificaciones del embalaje: 200 piezas por caja.<\/li>\n<li>Tama\u00f1o de la caja exterior: 427 \u00d7 395 \u00d7 353 mil\u00edmetros, Peso bruto: 21 kilogramos<\/li>\n<\/ul>\n<h2 data-v-md-heading=\"complete-flavor-lineup\" data-v-md-line=\"25\">L\u00ednea completa de sabores<\/h2>\n<ul data-v-md-line=\"26\">\n<li>Watermelon Ice<\/li>\n<li>Strawberry kiwi fruit<\/li>\n<li>Melocot\u00f3n jugoso<\/li>\n<li>Sand\u00eda fresa<\/li>\n<li>Champ\u00e1n de melocot\u00f3n rojo<\/li>\n<li>Blueberries and raspberries<\/li>\n<li>Pista de hielo azul<\/li>\n<li>Mixed berries<\/li>\n<li>Mango de maracuy\u00e1<\/li>\n<li>Fruta del drag\u00f3n cereza<\/li>\n<\/ul>\n<h2 data-v-md-heading=\"suitable-for-you-and-your-business\" data-v-md-line=\"37\">Adecuado para usted y su negocio<\/h2>\n<p data-v-md-line=\"39\">Puede comprar estos productos para uso personal, pero si los compra para su tienda o necesita reabastecerlos regularmente en grandes cantidades, este empaque es conveniente para la gesti\u00f3n del inventario. 10 piezas por paquete, 200 piezas por caja, por lo que no necesita reabastecerse con frecuencia.<\/p>\n<p data-v-md-line=\"41\">AgoraVape se centra en ofrecer servicios de env\u00edo fiables en la UE. Colaboramos con transportistas de confianza como UPS, DPD y DHL, y ofrecemos opciones de Entrega con Derechos Pagados (DDP) cuando las condiciones lo permiten. Esto se traduce en un proceso de importaci\u00f3n m\u00e1s \u00e1gil y menos preocupaci\u00f3n por el estado de su paquete.<\/p>\n<h2 data-v-md-heading=\"the-reason-why-you-will-like-it\" data-v-md-line=\"43\">The reason why you will like it<\/h2>\n<ul data-v-md-line=\"44\">\n<li>\n<p data-v-md-line=\"44\">Duradero y de larga duraci\u00f3n: duradero y de larga duraci\u00f3n, sin necesidad de reemplazo frecuente.<\/p>\n<\/li>\n<li>\n<p data-v-md-line=\"46\">Sal de nicotina al 2%: adecuada para la concentraci\u00f3n familiar de la mayor\u00eda de los usuarios diarios.<\/p>\n<\/li>\n<li>\n<p data-v-md-line=\"48\">Activaci\u00f3n por inhalaci\u00f3n: No requiere botones ni aprendizaje. \u00a1C\u00f3gelo y \u00fasalo!<\/p>\n<\/li>\n<li>\n<p data-v-md-line=\"50\">Dise\u00f1o del cuerpo de la botella: agarre c\u00f3modo, discreto pero sobrio.<\/p>\n<\/li>\n<\/ul>\n<h2 data-v-md-heading=\"why-choose-to-collaborate-with-agoravape\" data-v-md-line=\"52\">Why choose to collaborate with AgoraVape?<\/h2>\n<p data-v-md-line=\"54\">Solo vendemos productos de vapeo 100% genuinos porque nadie quiere sufrir por una calidad inestable. Si es un comprador corporativo, tambi\u00e9n recibir\u00e1 excelentes opciones de venta al por mayor, un soporte t\u00e9cnico conveniente y servicios de env\u00edo r\u00e1pidos y confiables. \u00bfDesea comprar Saimeo Tequila 30k en botellas \u00fanicas? Cont\u00e1ctenos y le ayudaremos a elegir el sabor y la cantidad adecuados para sus clientes.<\/p>","protected":false},"excerpt":{"rendered":"<p>\u00bfQu\u00e9 tienen de especial los 30k 30000 vapes embotellados Saimeo con sabor a Tequila? Si est\u00e1s cansado de los vapes desechables que se acaban<\/p>","protected":false},"featured_media":21433,"comment_status":"open","ping_status":"closed","template":"","meta":[],"product_brand":[1663],"product_cat":[124,185,1637,177,1674,174,191,1666,179,173,186,180,190],"product_tag":[],"class_list":{"0":"post-21412","1":"product","2":"type-product","3":"status-publish","4":"has-post-thumbnail","6":"product_brand-saimeo","7":"product_cat-vape-by-brand","8":"product_cat-10000-puffs-high-capacity","9":"product_cat-30000-puffs","10":"product_cat-dessert-sweets","11":"product_cat-eu-warehouse","12":"product_cat-fruit-flavors","13":"product_cat-rechargeable-disposables","14":"product_cat-saimeo","15":"product_cat-unique-blends","16":"product_cat-vape-by-flavor-profile","17":"product_cat-vape-by-nicotine-strength","18":"product_cat-vape-by-puff-count","19":"product_cat-vape-by-feature-or-type","21":"first","22":"instock","23":"shipping-taxable","24":"purchasable","25":"product-type-variable","26":"has-default-attributes"},"tiered_pricing_type":"percentage","tiered_pricing_fixed_rules":[],"tiered_pricing_product_settings":{"layout":"default","base_unit_name":{"singular":null,"plural":null},"default_variation":null},"tiered_pricing_minimum_quantity":10,"tiered_pricing_roles_data":[],"tiered_pricing_percentage_rules":{"30":"12.41","50":"27","100":"33","200":"35","500":"39","1000":"42"},"tiered_pricing_maximum_quantity":null,"tiered_pricing_quantity_step":"10","_links":{"self":[{"href":"https:\/\/agoravape.com\/es\/wp-json\/wp\/v2\/product\/21412","targetHints":{"allow":["GET"]}}],"collection":[{"href":"https:\/\/agoravape.com\/es\/wp-json\/wp\/v2\/product"}],"about":[{"href":"https:\/\/agoravape.com\/es\/wp-json\/wp\/v2\/types\/product"}],"replies":[{"embeddable":true,"href":"https:\/\/agoravape.com\/es\/wp-json\/wp\/v2\/comments?post=21412"}],"version-history":[{"count":0,"href":"https:\/\/agoravape.com\/es\/wp-json\/wp\/v2\/product\/21412\/revisions"}],"wp:featuredmedia":[{"embeddable":true,"href":"https:\/\/agoravape.com\/es\/wp-json\/wp\/v2\/media\/21433"}],"wp:attachment":[{"href":"https:\/\/agoravape.com\/es\/wp-json\/wp\/v2\/media?parent=21412"}],"wp:term":[{"taxonomy":"product_brand","embeddable":true,"href":"https:\/\/agoravape.com\/es\/wp-json\/wp\/v2\/product_brand?post=21412"},{"taxonomy":"product_cat","embeddable":true,"href":"https:\/\/agoravape.com\/es\/wp-json\/wp\/v2\/product_cat?post=21412"},{"taxonomy":"product_tag","embeddable":true,"href":"https:\/\/agoravape.com\/es\/wp-json\/wp\/v2\/product_tag?post=21412"}],"curies":[{"name":"wp","href":"https:\/\/api.w.org\/{rel}","templated":true}]}}