{"id":21811,"date":"2026-01-18T21:41:30","date_gmt":"2026-01-18T13:41:30","guid":{"rendered":"https:\/\/agoravape.com\/?post_type=product&#038;p=21811"},"modified":"2026-04-13T18:03:17","modified_gmt":"2026-04-13T16:03:17","slug":"saimeo-champagne-30k-30000-caladas-vape","status":"publish","type":"product","link":"https:\/\/agoravape.com\/es\/product\/saimeo-champagne-30k-30000-puffs-vape\/","title":{"rendered":"Saimeo Champagne 30k - Vaporizador para fiestas (30\u00a0000 caladas) | Gran cantidad de caladas, f\u00e1cil de usar a diario"},"content":{"rendered":"<div style=\"width: 720px;\" class=\"wp-video\"><video class=\"wp-video-shortcode\" id=\"video-21811-1\" width=\"720\" height=\"1280\" preload=\"metadata\" controls=\"controls\"><source type=\"video\/mp4\" src=\"https:\/\/agoravape.com\/wp-content\/uploads\/2026\/01\/champagne-30k.mp4?_=1\" \/><a href=\"https:\/\/agoravape.com\/wp-content\/uploads\/2026\/01\/champagne-30k.mp4\">https:\/\/agoravape.com\/wp-content\/uploads\/2026\/01\/champagne-30k.mp4<\/a><\/video><\/div>\n<h2 data-v-md-heading=\"what-is-special-about-saimeo-champagne-30k-30000-party-vapes\" data-v-md-line=\"3\"><img loading=\"lazy\" decoding=\"async\" class=\"aligncenter size-full wp-image-21829\" src=\"https:\/\/agoravape.com\/wp-content\/uploads\/2026\/01\/Saimeo-Champagne-30k-30000-Puffs-Party-Vape-Big-Puff-Count-Easy-Everyday-Use_Agora_vape-7-scaled.webp\" alt=\"\" width=\"2560\" height=\"1808\" srcset=\"https:\/\/agoravape.com\/wp-content\/uploads\/2026\/01\/Saimeo-Champagne-30k-30000-Puffs-Party-Vape-Big-Puff-Count-Easy-Everyday-Use_Agora_vape-7-scaled.webp 2560w, https:\/\/agoravape.com\/wp-content\/uploads\/2026\/01\/Saimeo-Champagne-30k-30000-Puffs-Party-Vape-Big-Puff-Count-Easy-Everyday-Use_Agora_vape-7-scaled-1200x848.webp 1200w, https:\/\/agoravape.com\/wp-content\/uploads\/2026\/01\/Saimeo-Champagne-30k-30000-Puffs-Party-Vape-Big-Puff-Count-Easy-Everyday-Use_Agora_vape-7-300x212.webp 300w, https:\/\/agoravape.com\/wp-content\/uploads\/2026\/01\/Saimeo-Champagne-30k-30000-Puffs-Party-Vape-Big-Puff-Count-Easy-Everyday-Use_Agora_vape-7-1024x723.webp 1024w, https:\/\/agoravape.com\/wp-content\/uploads\/2026\/01\/Saimeo-Champagne-30k-30000-Puffs-Party-Vape-Big-Puff-Count-Easy-Everyday-Use_Agora_vape-7-768x543.webp 768w, https:\/\/agoravape.com\/wp-content\/uploads\/2026\/01\/Saimeo-Champagne-30k-30000-Puffs-Party-Vape-Big-Puff-Count-Easy-Everyday-Use_Agora_vape-7-1536x1085.webp 1536w, https:\/\/agoravape.com\/wp-content\/uploads\/2026\/01\/Saimeo-Champagne-30k-30000-Puffs-Party-Vape-Big-Puff-Count-Easy-Everyday-Use_Agora_vape-7-2048x1447.webp 2048w, https:\/\/agoravape.com\/wp-content\/uploads\/2026\/01\/Saimeo-Champagne-30k-30000-Puffs-Party-Vape-Big-Puff-Count-Easy-Everyday-Use_Agora_vape-7-18x12.webp 18w\" sizes=\"auto, (max-width: 2560px) 100vw, 2560px\" \/><\/h2>\n<h2 data-v-md-heading=\"what-is-special-about-saimeo-champagne-30k-30000-party-vapes\" data-v-md-line=\"3\"><img loading=\"lazy\" decoding=\"async\" class=\"size-full wp-image-21823 alignright\" src=\"https:\/\/agoravape.com\/wp-content\/uploads\/2026\/01\/Saimeo-Champagne-30k-30000-Puffs-Party-Vape-Big-Puff-Count-Easy-Everyday-Use_Agora_vape-1-scaled.webp\" alt=\"\" width=\"604\" height=\"2560\" srcset=\"https:\/\/agoravape.com\/wp-content\/uploads\/2026\/01\/Saimeo-Champagne-30k-30000-Puffs-Party-Vape-Big-Puff-Count-Easy-Everyday-Use_Agora_vape-1-scaled.webp 604w, https:\/\/agoravape.com\/wp-content\/uploads\/2026\/01\/Saimeo-Champagne-30k-30000-Puffs-Party-Vape-Big-Puff-Count-Easy-Everyday-Use_Agora_vape-1-71x300.webp 71w, https:\/\/agoravape.com\/wp-content\/uploads\/2026\/01\/Saimeo-Champagne-30k-30000-Puffs-Party-Vape-Big-Puff-Count-Easy-Everyday-Use_Agora_vape-1-768x3257.webp 768w, https:\/\/agoravape.com\/wp-content\/uploads\/2026\/01\/Saimeo-Champagne-30k-30000-Puffs-Party-Vape-Big-Puff-Count-Easy-Everyday-Use_Agora_vape-1-483x2048.webp 483w, https:\/\/agoravape.com\/wp-content\/uploads\/2026\/01\/Saimeo-Champagne-30k-30000-Puffs-Party-Vape-Big-Puff-Count-Easy-Everyday-Use_Agora_vape-1-3x12.webp 3w\" sizes=\"auto, (max-width: 604px) 100vw, 604px\" \/><\/h2>\n<h2 data-v-md-heading=\"what-is-special-about-saimeo-champagne-30k-30000-party-vapes\" data-v-md-line=\"3\">\u00bfQu\u00e9 tienen de especial los vaporizadores de fiesta Saimeo Champagne 30k 30000?<\/h2>\n<p data-v-md-line=\"5\">Si est\u00e1s cansado de los vapeadores desechables que se agotan en pocos d\u00edas, Saimeo Champagne 30k es sin duda tu opci\u00f3n ideal. Est\u00e1 dise\u00f1ado para un uso prolongado, con hasta 30\u00a0000 caladas con una sola carga, lo que elimina la necesidad de cambiar los cartuchos con frecuencia.<\/p>\n<p data-v-md-line=\"7\">Quiz\u00e1s pienses que un dispositivo con una capacidad de 30k es engorroso, como un ladrillo. Pero este vaporizador tiene un agarre c\u00f3modo, no requiere ajustes y se puede usar directamente. Sin botones ni ajustes, solo inhala y disfruta.<\/p>\n<h2 data-v-md-heading=\"excellent-performance-and-easy-operation\" data-v-md-line=\"9\">Excelente rendimiento y f\u00e1cil operaci\u00f3n.<\/h2>\n<p data-v-md-line=\"11\">El concepto de dise\u00f1o de Saimeo es muy simple: se activa por inhalaci\u00f3n y su uso es similar al de los vaporizadores desechables. Adem\u00e1s, al ser recargable, es m\u00e1s probable que uses el e-l\u00edquido que contiene en lugar de tirarlo cuando se agote la bater\u00eda.<\/p>\n<h2 data-v-md-heading=\"quick-specifications\" data-v-md-line=\"13\">Especificaciones r\u00e1pidas<\/h2>\n<ul data-v-md-line=\"14\">\n<li>Frecuencia de fumado: hasta 30000 bocanadas<\/li>\n<li>Contenido de nicotina: 2% de sal de nicotina<\/li>\n<li>Uso: Simplemente inhale para activar.<\/li>\n<li>M\u00e9todo de carga: Recargable (m\u00e9todo de carga no especificado)<\/li>\n<li>Status: Ready to use upon unboxing<\/li>\n<\/ul>\n<h2 data-v-md-heading=\"complete-flavor-lineup\" data-v-md-line=\"20\">L\u00ednea completa de sabores<\/h2>\n<ul data-v-md-line=\"21\">\n<li>Strawberry kiwi fruit<\/li>\n<li>Ar\u00e1ndanos, frambuesas, cerezas<\/li>\n<li>Mixed berries<\/li>\n<li>Blueberries and raspberries<\/li>\n<li>Champ\u00e1n de uva blanca<\/li>\n<li>Melocot\u00f3n jugoso<\/li>\n<li>Sand\u00eda fresa<\/li>\n<li>Uva sand\u00eda<\/li>\n<li>Watermelon Ice<\/li>\n<li>Triple Mango<\/li>\n<li>Mamba<\/li>\n<li>Mango de maracuy\u00e1<\/li>\n<li>frutas tropicales<\/li>\n<li>Sabor a fruta del drag\u00f3n y cereza<\/li>\n<li>Sabor a melocot\u00f3n rojo y champ\u00e1n<\/li>\n<\/ul>\n<h2 data-v-md-heading=\"suitable-for-you-and-your-business\" data-v-md-line=\"37\">Adecuado para usted y su negocio<\/h2>\n<p data-v-md-line=\"39\">Puedes comprar f\u00e1cilmente el vaporizador Saimeo de 30k con sabor a champ\u00e1n para uso personal. Si compras para una tienda o necesitas comprar al por mayor, tambi\u00e9n ofrecemos especificaciones adecuadas para mayoristas.<\/p>\n<p data-v-md-line=\"41\">El empaque es simple y claro: 10 unidades por paquete, 200 unidades por caja. As\u00ed, puedes planificar f\u00e1cilmente el inventario y los precios sin tener que adivinar.<\/p>\n<h2 data-v-md-heading=\"the-reason-why-you-will-like-it\" data-v-md-line=\"43\">The reason why you will like it<\/h2>\n<ul data-v-md-line=\"44\">\n<li>Duradero y de larga duraci\u00f3n: Duradero y de larga duraci\u00f3n, reduciendo la frecuencia de compras.<\/li>\n<li>Sal de nicotina al 2%: sabor suave, gran familiaridad, especialmente adecuado para fumadores.<\/li>\n<li>Recargable: Te permite aprovechar todo al m\u00e1ximo.<\/li>\n<li>F\u00e1cil de operar: activaci\u00f3n por inhalaci\u00f3n, cualquiera puede usarlo inmediatamente.<\/li>\n<\/ul>\n<h2 data-v-md-heading=\"why-choose-to-collaborate-with-agoravape\" data-v-md-line=\"49\">Why choose to collaborate with AgoraVape?<\/h2>\n<p data-v-md-line=\"51\">En AgoraVape, nos centramos en los aspectos realmente importantes de su consumo de dinero real y plata: garant\u00eda de producto genuino, fuentes confiables y log\u00edstica y distribuci\u00f3n estables en Europa. Si vende vapeadores para fiestas Saimeo Champagne 30k (paquete de 30000), le proporcionaremos especificaciones pr\u00e1cticas de empaquetado al por mayor, soporte t\u00e9cnico de respuesta r\u00e1pida y una cadena de suministro que le ayudar\u00e1 a gestionar su negocio. \u00bfNecesita precios al por mayor o suministros al por mayor? Cont\u00e1ctenos; estaremos encantados de atenderle.<\/p>\n<p><script src=\"chrome-extension:\/\/fpelahbljekknahkcaegamhcndkfpfnc\/iFrame.js\" type=\"text\/javascript\"><\/script><\/p>","protected":false},"excerpt":{"rendered":"<p>&nbsp;<\/p>\n<p><script src=\"chrome-extension:\/\/fpelahbljekknahkcaegamhcndkfpfnc\/iFrame.js\" type=\"text\/javascript\"><\/script><\/p>","protected":false},"featured_media":21832,"comment_status":"open","ping_status":"closed","template":"","meta":[],"product_brand":[1663],"product_cat":[124,185,189,1637,1674,174,191,1666,179,173,186,180,190],"product_tag":[],"class_list":{"0":"post-21811","1":"product","2":"type-product","3":"status-publish","4":"has-post-thumbnail","6":"product_brand-saimeo","7":"product_cat-vape-by-brand","8":"product_cat-10000-puffs-high-capacity","9":"product_cat-20mg-standard-nicotine-vapes","10":"product_cat-30000-puffs","11":"product_cat-eu-warehouse","12":"product_cat-fruit-flavors","13":"product_cat-rechargeable-disposables","14":"product_cat-saimeo","15":"product_cat-unique-blends","16":"product_cat-vape-by-flavor-profile","17":"product_cat-vape-by-nicotine-strength","18":"product_cat-vape-by-puff-count","19":"product_cat-vape-by-feature-or-type","21":"first","22":"instock","23":"shipping-taxable","24":"purchasable","25":"product-type-variable","26":"has-default-attributes"},"tiered_pricing_type":"percentage","tiered_pricing_fixed_rules":[],"tiered_pricing_product_settings":{"layout":"default","base_unit_name":{"singular":null,"plural":null},"default_variation":null},"tiered_pricing_minimum_quantity":10,"tiered_pricing_roles_data":[],"tiered_pricing_percentage_rules":{"30":"12.41","50":"35","100":"40","200":"44","500":"47","1000":"49"},"tiered_pricing_maximum_quantity":null,"tiered_pricing_quantity_step":"10","_links":{"self":[{"href":"https:\/\/agoravape.com\/es\/wp-json\/wp\/v2\/product\/21811","targetHints":{"allow":["GET"]}}],"collection":[{"href":"https:\/\/agoravape.com\/es\/wp-json\/wp\/v2\/product"}],"about":[{"href":"https:\/\/agoravape.com\/es\/wp-json\/wp\/v2\/types\/product"}],"replies":[{"embeddable":true,"href":"https:\/\/agoravape.com\/es\/wp-json\/wp\/v2\/comments?post=21811"}],"version-history":[{"count":1,"href":"https:\/\/agoravape.com\/es\/wp-json\/wp\/v2\/product\/21811\/revisions"}],"predecessor-version":[{"id":29873,"href":"https:\/\/agoravape.com\/es\/wp-json\/wp\/v2\/product\/21811\/revisions\/29873"}],"wp:featuredmedia":[{"embeddable":true,"href":"https:\/\/agoravape.com\/es\/wp-json\/wp\/v2\/media\/21832"}],"wp:attachment":[{"href":"https:\/\/agoravape.com\/es\/wp-json\/wp\/v2\/media?parent=21811"}],"wp:term":[{"taxonomy":"product_brand","embeddable":true,"href":"https:\/\/agoravape.com\/es\/wp-json\/wp\/v2\/product_brand?post=21811"},{"taxonomy":"product_cat","embeddable":true,"href":"https:\/\/agoravape.com\/es\/wp-json\/wp\/v2\/product_cat?post=21811"},{"taxonomy":"product_tag","embeddable":true,"href":"https:\/\/agoravape.com\/es\/wp-json\/wp\/v2\/product_tag?post=21811"}],"curies":[{"name":"wp","href":"https:\/\/api.w.org\/{rel}","templated":true}]}}