{"id":21870,"date":"2026-01-18T22:03:21","date_gmt":"2026-01-18T14:03:21","guid":{"rendered":"https:\/\/agoravape.com\/?post_type=product&#038;p=21870"},"modified":"2026-04-12T10:39:07","modified_gmt":"2026-04-12T08:39:07","slug":"saimeo-humo-azul-24k-24000-bocanadas","status":"publish","type":"product","link":"https:\/\/agoravape.com\/es\/product\/saimeo-humo-azul-24k-24000-puffs\/","title":{"rendered":"Saimeo Humo AZUL 24k 24000 caladas, vaporizador con resistencia de malla | Sabor duradero, menos complicaciones"},"content":{"rendered":"<h2 data-v-md-heading=\"what-is-saimeo-humo-azul-24k-24000-mouth-mesh-atomizer-core-vape\" data-v-md-line=\"3\"><\/h2>\n<h2 data-v-md-heading=\"what-is-saimeo-humo-azul-24k-24000-mouth-mesh-atomizer-core-vape\" data-v-md-line=\"3\">\u00bfQu\u00e9 es el n\u00facleo del atomizador de malla bucal Saimeo Humo AZUL 24k 24000?<\/h2>\n<p data-v-md-line=\"5\">Si est\u00e1s cansado de los vapeadores desechables que te dejan sin sabor despu\u00e9s de solo unos d\u00edas de uso, este producto es ideal para ti. El Saimeo Humo AZUL 24k est\u00e1 dise\u00f1ado para un uso prolongado, con una capacidad de succi\u00f3n de hasta 24\u00a0000 puertos y es recargable, as\u00ed que no tendr\u00e1s que tirarlo solo porque se agote la bater\u00eda.<\/p>\n<p data-v-md-line=\"7\">Quiz\u00e1s pienses que un dispositivo con capacidad de 24k es un ladrillo voluminoso. Pero al sostenerlo en la mano, su peso es sorprendentemente ligero. Para quienes buscan un vapeo diario estable y confiable sin preocuparse por reemplazar el cartucho, el n\u00facleo del atomizador o la botella de e-l\u00edquido, este producto es la opci\u00f3n ideal.<\/p>\n<h2 data-v-md-heading=\"excellent-performance-and-easy-operation\" data-v-md-line=\"9\">Excelente rendimiento y f\u00e1cil operaci\u00f3n.<\/h2>\n<p data-v-md-line=\"11\">Saimeo utiliza bobinas de malla, lo que permite una transmisi\u00f3n m\u00e1s uniforme del sabor. En la pr\u00e1ctica, esto se traduce en un sabor menos ins\u00edpido y un sabor suave y uniforme durante el uso.<\/p>\n<p data-v-md-line=\"13\">Cuando la bater\u00eda est\u00e9 baja, simplemente c\u00e1rgala. Simple y pr\u00e1ctico. La informaci\u00f3n del producto confirma que es recargable, pero no especifica el tipo de interfaz (como USB-C), as\u00ed que no puedo adivinarlo. En resumen, la clave es que se puede seguir usando despu\u00e9s de cargarlo.<\/p>\n<h2 data-v-md-heading=\"quick-specifications\" data-v-md-line=\"15\">Especificaciones r\u00e1pidas<\/h2>\n<ul data-v-md-line=\"16\">\n<li>Frecuencia de tabaquismo: hasta 24000<\/li>\n<li>Contenido de nicotina: 2% de sal de nicotina<\/li>\n<li>Uso: Activaci\u00f3n por inhalaci\u00f3n<\/li>\n<li>M\u00e9todo de carga: Recargable (tipo de interfaz de carga no especificado)<\/li>\n<li>Status: Ready to use out of the box<\/li>\n<li>Tama\u00f1o del equipo: 135 41,5 41,5 mil\u00edmetros<\/li>\n<li>Versi\u00f3n: Versi\u00f3n est\u00e1ndar y versi\u00f3n rosa<\/li>\n<\/ul>\n<h2 data-v-md-heading=\"complete-flavor-lineup\" data-v-md-line=\"24\">L\u00ednea completa de sabores<\/h2>\n<ul data-v-md-line=\"25\">\n<li>Peach Ice<\/li>\n<li>Pista de hielo azul<\/li>\n<li>Grape Ice<\/li>\n<li>Hielo de mel\u00f3n dulce<\/li>\n<li>Fresa, sand\u00eda, uva<\/li>\n<li>Blackberry dragon fruit<\/li>\n<li>Fruta del drag\u00f3n de ar\u00e1ndano<\/li>\n<li>Helado de ar\u00e1ndanos y frambuesa<\/li>\n<li>Lemon and lime<\/li>\n<li>Watermelon Ice<\/li>\n<li>Sabor a fresa, ar\u00e1ndano y cereza.<\/li>\n<li>Sabor a uva<\/li>\n<li>Sabor a maracuy\u00e1, kiwi y guayaba.<\/li>\n<\/ul>\n<h2 data-v-md-heading=\"suitable-for-you-and-your-business\" data-v-md-line=\"39\">Adecuado para usted y su negocio<\/h2>\n<p data-v-md-line=\"41\">Saimeo Humo AZUL 24k se puede comprar directamente como producto minorista, y tambi\u00e9n es adecuado para tiendas que desean ofrecer a los clientes productos con una alta tasa de devoluci\u00f3n.<\/p>\n<p data-v-md-line=\"43\">Para la venta al por mayor, el empaque es sencillo y f\u00e1cil de usar: 10 unidades por paquete, 200 unidades por caja. Si compra para revender, este empaque facilita el almacenamiento y el conteo de entrada y salida.<\/p>\n<h2 data-v-md-heading=\"the-reason-why-you-will-like-it\" data-v-md-line=\"45\">The reason why you will like it<\/h2>\n<ul data-v-md-line=\"46\">\n<li>Bater\u00eda de larga duraci\u00f3n: duradera y de larga duraci\u00f3n, sin necesidad de reemplazo frecuente.<\/li>\n<li>Sal de nicotina al 2%: adecuada para la concentraci\u00f3n com\u00fanmente utilizada por la mayor\u00eda de los usuarios de vaporizadores diarios.<\/li>\n<li>Recargable: le permite utilizar realmente el dispositivo en lugar de desecharlo demasiado pronto. Bobina de malla: garantiza un sabor consistente de principio a fin.<\/li>\n<\/ul>\n<h2 data-v-md-heading=\"why-choose-to-collaborate-with-agoravape\" data-v-md-line=\"50\">Why choose to collaborate with AgoraVape?<\/h2>\n<p data-v-md-line=\"52\">AgoraVape se rige por un principio simple: solo vendemos productos genuinos. Esto es especialmente importante en el sector de los vapeadores de boca ancha, donde las falsificaciones surgen constantemente. Si compra para sus clientes, necesita productos confiables.<\/p>\n<p data-v-md-line=\"54\">Para compradores corporativos, tambi\u00e9n recibir\u00e1n excelentes opciones de venta al por mayor, soporte t\u00e9cnico eficiente y una log\u00edstica de entrega fluida que cubre toda Europa. \u00bfDesea comprar vaporizadores Saimeo Humo AZUL 24k con resistencia de malla de 24000? Cont\u00e1ctenos y coordinaremos la cantidad del pedido y el plan de suministro.<\/p>","protected":false},"excerpt":{"rendered":"<p>\u00bfQu\u00e9 es Saimeo Humo AZUL 24k 24000 boca de malla atomizador n\u00facleo vape? Si est\u00e1s cansado de los vapeadores desechables que<\/p>","protected":false},"featured_media":0,"comment_status":"open","ping_status":"closed","template":"","meta":[],"product_brand":[1663],"product_cat":[124,185,189,174,191,1666,179,173,186,180,190],"product_tag":[],"class_list":{"0":"post-21870","1":"product","2":"type-product","3":"status-publish","5":"product_brand-saimeo","6":"product_cat-vape-by-brand","7":"product_cat-10000-puffs-high-capacity","8":"product_cat-20mg-standard-nicotine-vapes","9":"product_cat-fruit-flavors","10":"product_cat-rechargeable-disposables","11":"product_cat-saimeo","12":"product_cat-unique-blends","13":"product_cat-vape-by-flavor-profile","14":"product_cat-vape-by-nicotine-strength","15":"product_cat-vape-by-puff-count","16":"product_cat-vape-by-feature-or-type","18":"first","19":"outofstock","20":"shipping-taxable","21":"purchasable","22":"product-type-variable","23":"has-default-attributes"},"tiered_pricing_type":"percentage","tiered_pricing_fixed_rules":[],"tiered_pricing_product_settings":{"layout":"default","base_unit_name":{"singular":null,"plural":null},"default_variation":null},"tiered_pricing_minimum_quantity":10,"tiered_pricing_roles_data":[],"tiered_pricing_percentage_rules":{"30":"29","50":"35","100":"40","200":"44","500":"47","1000":"49"},"tiered_pricing_maximum_quantity":null,"tiered_pricing_quantity_step":"10","_links":{"self":[{"href":"https:\/\/agoravape.com\/es\/wp-json\/wp\/v2\/product\/21870","targetHints":{"allow":["GET"]}}],"collection":[{"href":"https:\/\/agoravape.com\/es\/wp-json\/wp\/v2\/product"}],"about":[{"href":"https:\/\/agoravape.com\/es\/wp-json\/wp\/v2\/types\/product"}],"replies":[{"embeddable":true,"href":"https:\/\/agoravape.com\/es\/wp-json\/wp\/v2\/comments?post=21870"}],"version-history":[{"count":1,"href":"https:\/\/agoravape.com\/es\/wp-json\/wp\/v2\/product\/21870\/revisions"}],"predecessor-version":[{"id":29865,"href":"https:\/\/agoravape.com\/es\/wp-json\/wp\/v2\/product\/21870\/revisions\/29865"}],"wp:attachment":[{"href":"https:\/\/agoravape.com\/es\/wp-json\/wp\/v2\/media?parent=21870"}],"wp:term":[{"taxonomy":"product_brand","embeddable":true,"href":"https:\/\/agoravape.com\/es\/wp-json\/wp\/v2\/product_brand?post=21870"},{"taxonomy":"product_cat","embeddable":true,"href":"https:\/\/agoravape.com\/es\/wp-json\/wp\/v2\/product_cat?post=21870"},{"taxonomy":"product_tag","embeddable":true,"href":"https:\/\/agoravape.com\/es\/wp-json\/wp\/v2\/product_tag?post=21870"}],"curies":[{"name":"wp","href":"https:\/\/api.w.org\/{rel}","templated":true}]}}