{"id":21948,"date":"2026-01-18T22:32:15","date_gmt":"2026-01-18T14:32:15","guid":{"rendered":"https:\/\/agoravape.com\/?post_type=product&#038;p=21948"},"modified":"2026-03-10T07:11:12","modified_gmt":"2026-03-10T06:11:12","slug":"saimeo-humo-azul-limitada-15k-15000-bocanadas","status":"publish","type":"product","link":"https:\/\/agoravape.com\/es\/product\/saimeo-humo-azul-limited-15k-15000-puffs\/","title":{"rendered":"Saimeo Humo AZUL Limited 15k 15000 caladas | Sabor duradero, simple"},"content":{"rendered":"<h2 data-v-md-heading=\"what-is-saimeo-humo-azul-limited-s-15k-15000-pack-vape\" data-v-md-line=\"3\"><\/h2>\n<h2 data-v-md-heading=\"what-is-saimeo-humo-azul-limited-s-15k-15000-pack-vape\" data-v-md-line=\"3\"><\/h2>\n<h2 data-v-md-heading=\"what-is-saimeo-humo-azul-limited-s-15k-15000-pack-vape\" data-v-md-line=\"3\"><\/h2>\n<h2 data-v-md-heading=\"what-is-saimeo-humo-azul-limited-s-15k-15000-pack-vape\" data-v-md-line=\"3\">\u00bfQu\u00e9 es el paquete de vapeo 15k 15000 de Saimeo Humo AZUL Limited?<\/h2>\n<p data-v-md-line=\"5\">Si est\u00e1s cansado de los vapeadores desechables que se quedan sin bater\u00eda al principio, el Saimeo Humo AZUL Limited 15k es sin duda tu opci\u00f3n ideal. Su bater\u00eda dura hasta 15\u00a0000 unidades, lo que te permite evitar cambios frecuentes de dispositivo o comprar nuevos vapeadores a toda prisa entre semana.<\/p>\n<p data-v-md-line=\"7\">Este vaporizador est\u00e1 listo para usar. Sin botones, sin ajustes, sin operaciones tediosas. Simplemente inhala y disfruta de una experiencia de inhalaci\u00f3n estable y familiar, ideal para el uso diario.<\/p>\n<h2 data-v-md-heading=\"excellent-performance-and-easy-operation\" data-v-md-line=\"9\">Excelente rendimiento y f\u00e1cil operaci\u00f3n.<\/h2>\n<p data-v-md-line=\"11\">La filosof\u00eda de dise\u00f1o de Saimeo es simple y clara: se trata de un vaporizador desechable activado por inhalaci\u00f3n, dise\u00f1ado para mantener un rendimiento estable, especialmente apto para uso continuo. Aunque parezca que el dispositivo de $15,000 ser\u00eda demasiado pesado en el bolsillo, el dise\u00f1o exterior de AZUL Limited lo hace c\u00f3modo de sostener y no resulta voluminoso.<\/p>\n<h2 data-v-md-heading=\"quick-specifications\" data-v-md-line=\"13\">Especificaciones r\u00e1pidas<\/h2>\n<ul data-v-md-line=\"14\">\n<li>Frecuencia de fumado: hasta 15000 bocanadas<\/li>\n<li>Contenido de nicotina: 2% de sal de nicotina<\/li>\n<li>Uso: Simplemente inhale para activar.<\/li>\n<li>M\u00e9todo de carga: No especificado (consulte los detalles\/im\u00e1genes del producto o consulte a nuestro equipo para confirmarlo)<\/li>\n<li>Estado del producto: Listo para usar al desembalarlo<\/li>\n<li>Tama\u00f1o del equipo: 135 41,5 41,5 mil\u00edmetros<\/li>\n<li>Especificaciones del embalaje: 10 piezas por paquete.<\/li>\n<li>Especificaciones del embalaje: 200 piezas por caja.<\/li>\n<\/ul>\n<h2 data-v-md-heading=\"complete-flavor-lineup\" data-v-md-line=\"23\">L\u00ednea completa de sabores<\/h2>\n<ul data-v-md-line=\"24\">\n<li>Ar\u00e1ndanos y limones<\/li>\n<li>Grape Ice<\/li>\n<li>Melocot\u00f3n con miel<\/li>\n<li>Asesina femenina<\/li>\n<li>Amor- Miel, mel\u00f3n y baya<\/li>\n<li>Bayas mixtas<\/li>\n<li>Maracuy\u00e1 y kiwi<\/li>\n<li>Caramelos arcoiris<\/li>\n<li>Grado cero absoluto<\/li>\n<li>Hawai<\/li>\n<li>Lemon and lime<\/li>\n<li>Baya de melocot\u00f3n<\/li>\n<li>Melocot\u00f3n blanco y frambuesa<\/li>\n<\/ul>\n<h2 data-v-md-heading=\"tailored-for-you-and-your-business\" data-v-md-line=\"38\">Dise\u00f1ado para usted y su negocio<\/h2>\n<p data-v-md-line=\"40\">Si busca productos duraderos, estos son ideales para uso personal. Si compra para revender, Saimeo facilita la gesti\u00f3n de su inventario: 10 unidades por paquete, 200 unidades por caja. Este tipo de empaque facilita la planificaci\u00f3n de anaqueles y tambi\u00e9n le permite vender r\u00e1pidamente diversos sabores.<\/p>\n<p data-v-md-line=\"42\">AgoraVape se centra en una log\u00edstica de entregas fluida en Europa. Colaboramos con socios log\u00edsticos de confianza como UPS, DPD y DHL y ofrecemos un servicio de atenci\u00f3n al cliente realmente eficaz. Si necesita ayuda para encontrar el sabor que mejor se adapte a la demanda del mercado, seremos sinceros con usted.<\/p>\n<h2 data-v-md-heading=\"reasons-why-you-will-like-it\" data-v-md-line=\"44\">Razones por las que te gustar\u00e1<\/h2>\n<ul data-v-md-line=\"45\">\n<li>Puerto de succi\u00f3n extra largo: le permite usarlo de forma continua durante un per\u00edodo de tiempo m\u00e1s prolongado, reduciendo la frecuencia de reemplazo del dispositivo.<\/li>\n<li>Sal de nicotina al 2%: si prefieres una concentraci\u00f3n de nicotina moderada, esta es una opci\u00f3n clara y sencilla.<\/li>\n<li>Activaci\u00f3n por inhalaci\u00f3n: No requiere bot\u00f3n. Rec\u00f3jalo y aspire.<\/li>\n<li>Amplia selecci\u00f3n de sabores: encuentre f\u00e1cilmente varios sabores populares para rotarlos o revenderlos f\u00e1cilmente.<\/li>\n<\/ul>\n<h2 data-v-md-heading=\"why-choose-to-collaborate-with-agoravape\" data-v-md-line=\"50\">Why choose to collaborate with AgoraVape?<\/h2>\n<p data-v-md-line=\"52\">Solo vendemos productos 100% genuinos, sin enga\u00f1os. Si es un comprador corporativo, tambi\u00e9n puede disfrutar de excelentes opciones de venta al por mayor, soporte t\u00e9cnico de respuesta r\u00e1pida y servicios de entrega r\u00e1pidos y confiables dentro de la UE para los vapeadores Saimeo Humo AZUL Limited 15k 15000. \u00bfQuiere comprar con inteligencia? Cont\u00e1ctenos y le ayudaremos a elegir los sabores m\u00e1s populares.<\/p>","protected":false},"excerpt":{"rendered":"<p>\u00bfQu\u00e9 es el vapeador 15k 15000 pack de Saimeo Humo AZUL Limited? Si est\u00e1s cansado de los vapeadores desechables que se acaban<\/p>","protected":false},"featured_media":0,"comment_status":"open","ping_status":"closed","template":"","meta":[],"product_brand":[1663],"product_cat":[124,185,1635,189,174,191,1666,179,173,186,180,190],"product_tag":[],"class_list":{"0":"post-21948","1":"product","2":"type-product","3":"status-publish","5":"product_brand-saimeo","6":"product_cat-vape-by-brand","7":"product_cat-10000-puffs-high-capacity","8":"product_cat-15000-puffs","9":"product_cat-20mg-standard-nicotine-vapes","10":"product_cat-fruit-flavors","11":"product_cat-rechargeable-disposables","12":"product_cat-saimeo","13":"product_cat-unique-blends","14":"product_cat-vape-by-flavor-profile","15":"product_cat-vape-by-nicotine-strength","16":"product_cat-vape-by-puff-count","17":"product_cat-vape-by-feature-or-type","19":"first","20":"outofstock","21":"shipping-taxable","22":"purchasable","23":"product-type-variable","24":"has-default-attributes"},"tiered_pricing_type":"percentage","tiered_pricing_fixed_rules":[],"tiered_pricing_product_settings":{"layout":"default","base_unit_name":{"singular":null,"plural":null},"default_variation":null},"tiered_pricing_minimum_quantity":10,"tiered_pricing_roles_data":[],"tiered_pricing_percentage_rules":{"30":"29","50":"35","100":"40","200":"44","500":"47","1000":"49"},"tiered_pricing_maximum_quantity":null,"tiered_pricing_quantity_step":"10","_links":{"self":[{"href":"https:\/\/agoravape.com\/es\/wp-json\/wp\/v2\/product\/21948","targetHints":{"allow":["GET"]}}],"collection":[{"href":"https:\/\/agoravape.com\/es\/wp-json\/wp\/v2\/product"}],"about":[{"href":"https:\/\/agoravape.com\/es\/wp-json\/wp\/v2\/types\/product"}],"replies":[{"embeddable":true,"href":"https:\/\/agoravape.com\/es\/wp-json\/wp\/v2\/comments?post=21948"}],"version-history":[{"count":0,"href":"https:\/\/agoravape.com\/es\/wp-json\/wp\/v2\/product\/21948\/revisions"}],"wp:attachment":[{"href":"https:\/\/agoravape.com\/es\/wp-json\/wp\/v2\/media?parent=21948"}],"wp:term":[{"taxonomy":"product_brand","embeddable":true,"href":"https:\/\/agoravape.com\/es\/wp-json\/wp\/v2\/product_brand?post=21948"},{"taxonomy":"product_cat","embeddable":true,"href":"https:\/\/agoravape.com\/es\/wp-json\/wp\/v2\/product_cat?post=21948"},{"taxonomy":"product_tag","embeddable":true,"href":"https:\/\/agoravape.com\/es\/wp-json\/wp\/v2\/product_tag?post=21948"}],"curies":[{"name":"wp","href":"https:\/\/api.w.org\/{rel}","templated":true}]}}