{"id":21993,"date":"2026-01-18T22:45:15","date_gmt":"2026-01-18T14:45:15","guid":{"rendered":"https:\/\/agoravape.com\/?post_type=product&#038;p=21993"},"modified":"2026-03-26T13:22:25","modified_gmt":"2026-03-26T12:22:25","slug":"saimeo-humo-funda-iphone-16-pro-30000","status":"publish","type":"product","link":"https:\/\/agoravape.com\/es\/product\/saimeo-humo-case-iphone-16-pro-30000\/","title":{"rendered":"Funda Saimeo Humo para iPhone 16 Pro, 30\u00a0000 caladas | Gran cantidad de caladas, f\u00e1cil de usar a diario"},"content":{"rendered":"<h2 data-v-md-heading=\"what-is-the-special-feature-of-saimeo-humo-case-iphone-16-pro-30k-30000-port\" data-v-md-line=\"3\"><img loading=\"lazy\" decoding=\"async\" class=\"size-full wp-image-22100 alignright\" src=\"https:\/\/agoravape.com\/wp-content\/uploads\/2026\/01\/Saimeo-Humo-Case-30k-30000-Puffs-iPhone-Series-Vape-Big-Puff-Convenience-in-a-Pocketable-Shape_Agora_vape-15.webp\" alt=\"\" width=\"446\" height=\"2048\" srcset=\"https:\/\/agoravape.com\/wp-content\/uploads\/2026\/01\/Saimeo-Humo-Case-30k-30000-Puffs-iPhone-Series-Vape-Big-Puff-Convenience-in-a-Pocketable-Shape_Agora_vape-15.webp 446w, https:\/\/agoravape.com\/wp-content\/uploads\/2026\/01\/Saimeo-Humo-Case-30k-30000-Puffs-iPhone-Series-Vape-Big-Puff-Convenience-in-a-Pocketable-Shape_Agora_vape-15-223x1024.webp 223w\" sizes=\"auto, (max-width: 446px) 100vw, 446px\" \/><\/h2>\n<h2 data-v-md-heading=\"what-is-the-special-feature-of-saimeo-humo-case-iphone-16-pro-30k-30000-port\" data-v-md-line=\"3\">\u00bfCu\u00e1l es la caracter\u00edstica especial de Saimeo Humo Case iPhone 16 Pro 30k 30000 port?<\/h2>\n<p data-v-md-line=\"5\">Si est\u00e1s cansado de los vapeadores desechables que parecen agotados al principio, este vape, dise\u00f1ado para un uso duradero, es sin duda una buena opci\u00f3n. La funda Saimeo Humo para iPhone 16 Pro 30k ofrece una bater\u00eda con una duraci\u00f3n de hasta 30\u00a0000 puertos y su dise\u00f1o ergon\u00f3mico garantiza un agarre c\u00f3modo.<\/p>\n<p data-v-md-line=\"7\">Quiz\u00e1s pienses que los vaporizadores de alta duraci\u00f3n son como ladrillos voluminosos. Pero este vaporizador tiene un dise\u00f1o similar al de un tel\u00e9fono m\u00f3vil, con un agarre natural y se guarda f\u00e1cilmente en un bolsillo o bolso, sin ninguna molestia.<\/p>\n<h2 data-v-md-heading=\"excellent-performance-and-easy-operation\" data-v-md-line=\"9\">Excelente rendimiento y f\u00e1cil operaci\u00f3n.<\/h2>\n<p data-v-md-line=\"11\">Saimeo se adhiere al principio de \"simplicidad ante todo\": simplemente toma un sorbo y disfr\u00fatalo. Incorpora una bobina de malla en su interior, que ayuda a mantener un sabor estable y evita que pierda sabor repentinamente despu\u00e9s de uno o dos d\u00edas. Cuando la bater\u00eda est\u00e9 baja, puedes usar el puerto tipo C para cargarlo; este tipo de cable de carga es com\u00fan en la mayor\u00eda de los hogares.<\/p>\n<h2 data-v-md-heading=\"quick-specifications\" data-v-md-line=\"13\">Especificaciones r\u00e1pidas<\/h2>\n<ul data-v-md-line=\"14\">\n<li>N\u00famero de puertos: hasta 30000 puertos<\/li>\n<li>Capacidad del e-l\u00edquido: 13 mililitros<\/li>\n<li>Bater\u00eda: 680 mAh (recargable)<\/li>\n<li>Contenido de nicotina: 5%<\/li>\n<li>Uso: Inhalar para activar.<\/li>\n<li>Interfaz de carga: Interfaz tipo C<\/li>\n<li>Status: Ready to use out of the box<\/li>\n<li>Tama\u00f1o del equipo: 75,8 \u00d7 21,92 \u00d7 166,66 mil\u00edmetros<\/li>\n<li>Rendimiento antica\u00eddas: probado mediante una prueba de ca\u00edda de 10 pisos<\/li>\n<\/ul>\n<h2 data-v-md-heading=\"complete-flavor-lineup\" data-v-md-line=\"24\">L\u00ednea completa de sabores<\/h2>\n<ul data-v-md-line=\"25\">\n<li>Watermelon Ice<\/li>\n<li>Helado de ar\u00e1ndanos<\/li>\n<li>Casa de la Moneda de Miami<\/li>\n<li>Sour apple ice<\/li>\n<li>Triple Berry Fruit<\/li>\n<\/ul>\n<h2 data-v-md-heading=\"tailored-for-you-and-your-business\" data-v-md-line=\"31\">Dise\u00f1ado para usted y su negocio<\/h2>\n<p data-v-md-line=\"33\">Si lo usas para uso personal, puedes comprar la funda Saimeo Humo para iPhone 16 Pro 30k por separado. Si eres mayorista, tambi\u00e9n ofrecemos un elegante empaquetado al por mayor: 5 unidades por caja, 100 unidades por caja.<\/p>\n<p data-v-md-line=\"35\">Para los compradores europeos, nos comprometemos a ofrecer un servicio de entrega sin contratiempos. Colaboramos con socios de confianza como DHL, DPD y UPS para garantizar que su pedido se entregue de forma r\u00e1pida y segura, sin preocupaciones.<\/p>\n<h2 data-v-md-heading=\"reasons-why-you-will-like-it\" data-v-md-line=\"37\">Razones por las que te gustar\u00e1<\/h2>\n<ul data-v-md-line=\"38\">\n<li>Duradero y de larga duraci\u00f3n: la bater\u00eda tiene una vida \u00fatil m\u00e1s larga y no requiere reemplazo frecuente.<\/li>\n<li>Bater\u00eda recargable: permite aprovechar al m\u00e1ximo el e-l\u00edquido adquirido y evitar su desperdicio prematuro.<\/li>\n<li>N\u00facleo atomizador de malla: desde el primer bocado, siempre mantiene un sabor rico y suave.<\/li>\n<li>Activaci\u00f3n por inhalaci\u00f3n: no requiere men\u00fa ni operaci\u00f3n complicada, simplemente t\u00f3melo y \u00faselo.<\/li>\n<\/ul>\n<h2 data-v-md-heading=\"why-choose-to-collaborate-with-agoravape\" data-v-md-line=\"43\">Why choose to collaborate with AgoraVape?<\/h2>\n<p data-v-md-line=\"45\">AgoraVape solo ofrece productos 100 % genuinos: sin inventario de fuentes desconocidas ni imitaciones de baja calidad. Si es minorista o distribuidor, le ofrecemos soluciones de venta al por mayor de alta calidad, soporte t\u00e9cnico de respuesta r\u00e1pida y un servicio de entrega r\u00e1pido y fiable en toda Europa para la funda protectora Saimeo Humo para iPhone 16 Pro (capacidad de 30 000, 30 000 puertos). \u00bfDesea comprar productos? Cont\u00e1ctenos y encontraremos la mejor soluci\u00f3n de compra seg\u00fan sus necesidades.<\/p>","protected":false},"excerpt":{"rendered":"<p>\u00bfCu\u00e1l es la particularidad de Saimeo Humo Funda iPhone 16 Pro 30k 30000 puerto? Si est\u00e1s cansado de desechables<\/p>","protected":false},"featured_media":22103,"comment_status":"open","ping_status":"closed","template":"","meta":[],"product_brand":[1663],"product_cat":[124,185,189,1637,174,191,1666,179,173,186,180,190],"product_tag":[],"class_list":{"0":"post-21993","1":"product","2":"type-product","3":"status-publish","4":"has-post-thumbnail","6":"product_brand-saimeo","7":"product_cat-vape-by-brand","8":"product_cat-10000-puffs-high-capacity","9":"product_cat-20mg-standard-nicotine-vapes","10":"product_cat-30000-puffs","11":"product_cat-fruit-flavors","12":"product_cat-rechargeable-disposables","13":"product_cat-saimeo","14":"product_cat-unique-blends","15":"product_cat-vape-by-flavor-profile","16":"product_cat-vape-by-nicotine-strength","17":"product_cat-vape-by-puff-count","18":"product_cat-vape-by-feature-or-type","20":"first","21":"instock","22":"shipping-taxable","23":"purchasable","24":"product-type-variable","25":"has-default-attributes"},"tiered_pricing_type":"percentage","tiered_pricing_fixed_rules":[],"tiered_pricing_product_settings":{"layout":"default","base_unit_name":{"singular":null,"plural":null},"default_variation":null},"tiered_pricing_minimum_quantity":10,"tiered_pricing_roles_data":[],"tiered_pricing_percentage_rules":{"30":"29","50":"35","100":"40","200":"44","500":"47","1000":"49"},"tiered_pricing_maximum_quantity":null,"tiered_pricing_quantity_step":"10","_links":{"self":[{"href":"https:\/\/agoravape.com\/es\/wp-json\/wp\/v2\/product\/21993","targetHints":{"allow":["GET"]}}],"collection":[{"href":"https:\/\/agoravape.com\/es\/wp-json\/wp\/v2\/product"}],"about":[{"href":"https:\/\/agoravape.com\/es\/wp-json\/wp\/v2\/types\/product"}],"replies":[{"embeddable":true,"href":"https:\/\/agoravape.com\/es\/wp-json\/wp\/v2\/comments?post=21993"}],"version-history":[{"count":0,"href":"https:\/\/agoravape.com\/es\/wp-json\/wp\/v2\/product\/21993\/revisions"}],"wp:featuredmedia":[{"embeddable":true,"href":"https:\/\/agoravape.com\/es\/wp-json\/wp\/v2\/media\/22103"}],"wp:attachment":[{"href":"https:\/\/agoravape.com\/es\/wp-json\/wp\/v2\/media?parent=21993"}],"wp:term":[{"taxonomy":"product_brand","embeddable":true,"href":"https:\/\/agoravape.com\/es\/wp-json\/wp\/v2\/product_brand?post=21993"},{"taxonomy":"product_cat","embeddable":true,"href":"https:\/\/agoravape.com\/es\/wp-json\/wp\/v2\/product_cat?post=21993"},{"taxonomy":"product_tag","embeddable":true,"href":"https:\/\/agoravape.com\/es\/wp-json\/wp\/v2\/product_tag?post=21993"}],"curies":[{"name":"wp","href":"https:\/\/api.w.org\/{rel}","templated":true}]}}