{"id":23780,"date":"2026-01-25T14:06:41","date_gmt":"2026-01-25T06:06:41","guid":{"rendered":"https:\/\/agoravape.com\/?post_type=product&#038;p=23780"},"modified":"2026-03-26T13:22:25","modified_gmt":"2026-03-26T12:22:25","slug":"saimeo-humo-funda-iphone-16-30000-puffs","status":"publish","type":"product","link":"https:\/\/agoravape.com\/es\/product\/saimeo-humo-case-iphone-16-30000-puffs\/","title":{"rendered":"Funda Saimeo Humo para iPhone 16 (30\u00a0000 caladas) | Gran cantidad de caladas, tama\u00f1o compacto"},"content":{"rendered":"<h2 data-v-md-heading=\"what-is-the-special-feature-of-saimeo-humo-case-iphone-16-30k-30000-pack-vape\" data-v-md-line=\"3\">\u00bfCu\u00e1l es la caracter\u00edstica especial de Saimeo Humo Case iPhone 16 30k 30000 pack vape?<\/h2>\n<p data-v-md-line=\"5\">Si est\u00e1s cansado de los vapeadores desechables que no tienen cigarrillo al empezar a disfrutarlos, este producto es sin duda tu opci\u00f3n ideal. La funda Saimeo Humo para iPhone 16 30k est\u00e1 dise\u00f1ada para un uso prolongado, con una duraci\u00f3n de bater\u00eda de hasta 30\u00a0000 puertos y una bater\u00eda recargable que te permite disfrutar al m\u00e1ximo de tu e-l\u00edquido.<\/p>\n<p data-v-md-line=\"7\">Podr\u00edas pensar que un vaporizador con una bater\u00eda tan larga ser\u00eda voluminoso como un ladrillo, pero su apariencia es como la de una delgada funda de tel\u00e9fono. Para quien busca un vaporizador fiable, port\u00e1til y f\u00e1cil de usar, esta es una opci\u00f3n sencilla y f\u00e1cil de usar.<\/p>\n<h2 data-v-md-heading=\"excellent-performance-and-easy-operation\" data-v-md-line=\"9\">Excelente rendimiento y f\u00e1cil operaci\u00f3n.<\/h2>\n<p data-v-md-line=\"11\">La filosof\u00eda de dise\u00f1o de Saimeo es muy sencilla: basta con inhalar para activarlo. Cuando la bater\u00eda se agota, se puede cargar mediante la interfaz Tipo-C, lo que significa que puedes usar el mismo cable de carga que quiz\u00e1s ya tengas en casa.<\/p>\n<p data-v-md-line=\"13\">Tambi\u00e9n cuenta con protecci\u00f3n antica\u00eddas (probado para resistir ca\u00eddas de hasta 10 pisos). La vida inevitablemente nos depara situaciones inesperadas, y este producto est\u00e1 claramente dise\u00f1ado con eso en mente.<\/p>\n<h2 data-v-md-heading=\"quick-specifications\" data-v-md-line=\"15\">Especificaciones r\u00e1pidas<\/h2>\n<ul data-v-md-line=\"16\">\n<li>Frecuencia de fumado: hasta 30000 bocanadas<\/li>\n<li>Capacidad del e-l\u00edquido: 13 mililitros<\/li>\n<li>Capacidad de la bater\u00eda: 680 mAh (recargable)<\/li>\n<li>Contenido de nicotina: 5%<\/li>\n<li>Uso: Inhalar para activar.<\/li>\n<li>Interfaz de carga: Tipo-C<\/li>\n<li>Tama\u00f1o: 75,8 \u00d7 21,92 \u00d7 166,66 mil\u00edmetros<\/li>\n<li>Status: Ready to use out of the box<\/li>\n<\/ul>\n<h2 data-v-md-heading=\"complete-flavor-lineup\" data-v-md-line=\"25\">L\u00ednea completa de sabores<\/h2>\n<ul data-v-md-line=\"26\">\n<li>Watermelon Ice<\/li>\n<li>Helado de ar\u00e1ndanos<\/li>\n<li>Casa de la Moneda de Miami<\/li>\n<li>Sour apple ice<\/li>\n<li>Triple baya<\/li>\n<\/ul>\n<h2 data-v-md-heading=\"tailored-for-you-and-your-business\" data-v-md-line=\"32\">Dise\u00f1ado para usted y su negocio<\/h2>\n<p data-v-md-line=\"34\">Puede comprar la funda Saimeo Humo para iPhone 16 por 30000 yuanes la unidad, pero si vende al por menor, el embalaje tambi\u00e9n es adecuado para la venta al por mayor. 5 piezas por caja, 100 piezas por caja.<\/p>\n<p data-v-md-line=\"36\">Trabajamos en estrecha colaboraci\u00f3n con socios log\u00edsticos de confianza para ofrecer servicios de entrega sin complicaciones a nuestros clientes europeos, evitando as\u00ed la preocupaci\u00f3n de \"\u00bfD\u00f3nde est\u00e1 mi paquete?\". \u00bfPor qu\u00e9 tiene que pasar por aduanas? Si es un cliente corporativo, le confirmaremos la soluci\u00f3n de transporte m\u00e1s adecuada para su pa\u00eds\/regi\u00f3n al finalizar la compra o a trav\u00e9s de nuestro equipo de ventas.<\/p>\n<h2 data-v-md-heading=\"reasons-why-you-will-like-it\" data-v-md-line=\"38\">Razones por las que te gustar\u00e1<\/h2>\n<ul data-v-md-line=\"39\">\n<li>Durable y de larga duraci\u00f3n: reduce la cantidad de reemplazos, minimiza los problemas y garantiza una experiencia m\u00e1s estable todos los d\u00edas.<\/li>\n<li>Bater\u00eda recargable: le ayuda a aprovechar al m\u00e1ximo el e-l\u00edquido y evitar su eliminaci\u00f3n prematura.<\/li>\n<li>Resistencia de succi\u00f3n simple: no necesita botones, no necesita aprender, se puede utilizar f\u00e1cilmente.<\/li>\n<li>Dise\u00f1o antica\u00edda: es m\u00e1s adecuado para colocarlo en bolsillos o bolsos, lo que hace que sea conveniente para su uso en cualquier momento y en cualquier lugar.<\/li>\n<\/ul>\n<h2 data-v-md-heading=\"why-choose-to-collaborate-with-agoravape\" data-v-md-line=\"44\">Why choose to collaborate with AgoraVape?<\/h2>\n<p data-v-md-line=\"46\">AgoraVape insiste en ofrecer productos 100% genuinos y garantizar un proceso de compra claro y transparente con el soporte adecuado. Si es cliente corporativo, le ofreceremos soluciones mayoristas altamente competitivas, canales de comunicaci\u00f3n confiables y servicios log\u00edsticos dise\u00f1ados para compradores europeos que valoran la rapidez y la previsibilidad. \u00bfDesea comprar la funda Saimeo Humo para iPhone 16 (30k)? Cont\u00e1ctenos y coordinaremos la cantidad y el plan de entrega adecuados para usted.<\/p>","protected":false},"excerpt":{"rendered":"<p>\u00bfCu\u00e1l es la particularidad de Saimeo Humo Case iPhone 16 30k 30000 pack vape? Si usted est\u00e1 cansado de desechables<\/p>","protected":false},"featured_media":22104,"comment_status":"open","ping_status":"closed","template":"","meta":[],"product_brand":[1663],"product_cat":[124,185,189,1637,174,191,1666,179,173,186,180,190],"product_tag":[],"class_list":{"0":"post-23780","1":"product","2":"type-product","3":"status-publish","4":"has-post-thumbnail","6":"product_brand-saimeo","7":"product_cat-vape-by-brand","8":"product_cat-10000-puffs-high-capacity","9":"product_cat-20mg-standard-nicotine-vapes","10":"product_cat-30000-puffs","11":"product_cat-fruit-flavors","12":"product_cat-rechargeable-disposables","13":"product_cat-saimeo","14":"product_cat-unique-blends","15":"product_cat-vape-by-flavor-profile","16":"product_cat-vape-by-nicotine-strength","17":"product_cat-vape-by-puff-count","18":"product_cat-vape-by-feature-or-type","20":"first","21":"instock","22":"shipping-taxable","23":"purchasable","24":"product-type-variable","25":"has-default-attributes"},"tiered_pricing_type":"percentage","tiered_pricing_fixed_rules":[],"tiered_pricing_product_settings":{"layout":"default","base_unit_name":{"singular":null,"plural":null},"default_variation":null},"tiered_pricing_minimum_quantity":10,"tiered_pricing_roles_data":[],"tiered_pricing_percentage_rules":{"30":"29","50":"35","100":"40","200":"44","500":"47","1000":"49"},"tiered_pricing_maximum_quantity":null,"tiered_pricing_quantity_step":"10","_links":{"self":[{"href":"https:\/\/agoravape.com\/es\/wp-json\/wp\/v2\/product\/23780","targetHints":{"allow":["GET"]}}],"collection":[{"href":"https:\/\/agoravape.com\/es\/wp-json\/wp\/v2\/product"}],"about":[{"href":"https:\/\/agoravape.com\/es\/wp-json\/wp\/v2\/types\/product"}],"replies":[{"embeddable":true,"href":"https:\/\/agoravape.com\/es\/wp-json\/wp\/v2\/comments?post=23780"}],"version-history":[{"count":0,"href":"https:\/\/agoravape.com\/es\/wp-json\/wp\/v2\/product\/23780\/revisions"}],"wp:featuredmedia":[{"embeddable":true,"href":"https:\/\/agoravape.com\/es\/wp-json\/wp\/v2\/media\/22104"}],"wp:attachment":[{"href":"https:\/\/agoravape.com\/es\/wp-json\/wp\/v2\/media?parent=23780"}],"wp:term":[{"taxonomy":"product_brand","embeddable":true,"href":"https:\/\/agoravape.com\/es\/wp-json\/wp\/v2\/product_brand?post=23780"},{"taxonomy":"product_cat","embeddable":true,"href":"https:\/\/agoravape.com\/es\/wp-json\/wp\/v2\/product_cat?post=23780"},{"taxonomy":"product_tag","embeddable":true,"href":"https:\/\/agoravape.com\/es\/wp-json\/wp\/v2\/product_tag?post=23780"}],"curies":[{"name":"wp","href":"https:\/\/api.w.org\/{rel}","templated":true}]}}