{"id":23813,"date":"2026-01-25T14:23:09","date_gmt":"2026-01-25T06:23:09","guid":{"rendered":"https:\/\/agoravape.com\/?post_type=product&#038;p=23813"},"modified":"2026-03-21T12:43:57","modified_gmt":"2026-03-21T11:43:57","slug":"saimeo-humo-funda-iphone-15-30000-puffs","status":"publish","type":"product","link":"https:\/\/agoravape.com\/es\/product\/saimeo-humo-case-iphone-15-30000-puffs\/","title":{"rendered":"Funda Saimeo Humo para iPhone 15, 30\u00a0000 caladas, vaporizador | Gran duraci\u00f3n de caladas, agarre estilo tel\u00e9fono"},"content":{"rendered":"<h2 data-v-md-heading=\"what-is-the-special-feature-of-saimeo-humo-case-iphone-15-30k-30000-pack-vape\" data-v-md-line=\"3\">\u00bfCu\u00e1l es la caracter\u00edstica especial de Saimeo Humo Case iPhone 15 30k 30000 pack vape?<\/h2>\n<p data-v-md-line=\"5\">Si est\u00e1s cansado de los vapeadores desechables que se quedan sin bater\u00eda al principio, definitivamente vale la pena considerar este producto. La funda Saimeo Humo para iPhone 15 est\u00e1 dise\u00f1ada para un uso prolongado (hasta 30\u00a0000 unidades), con un dise\u00f1o similar a una funda de tel\u00e9fono que ofrece un agarre c\u00f3modo y se puede guardar f\u00e1cilmente en un bolsillo o bolso.<\/p>\n<p data-v-md-line=\"7\">Quiz\u00e1s pienses que un producto etiquetado como \"30k\" es demasiado pesado para sostenerlo. Pero no es as\u00ed. Es delgado y elegante, con un dise\u00f1o general de \"funda para iPhone\" que facilita enormemente su uso diario.<\/p>\n<h2 data-v-md-heading=\"excellent-performance-and-easy-operation\" data-v-md-line=\"9\">Excelente rendimiento y f\u00e1cil operaci\u00f3n.<\/h2>\n<p data-v-md-line=\"11\">La filosof\u00eda de dise\u00f1o de Saimeo es muy concisa. Simplemente inhala para activarlo, sin botones ni operaciones engorrosas. Incorpora una bater\u00eda recargable de 680 mAh y admite carga tipo C, por lo que, cuando la bater\u00eda est\u00e9 baja, puedes usar los cables de carga m\u00e1s comunes. Esta es la diferencia entre los vapeadores desechables y los vapeadores completamente usados.<\/p>\n<h2 data-v-md-heading=\"quick-specifications\" data-v-md-line=\"13\">Especificaciones r\u00e1pidas<\/h2>\n<ul data-v-md-line=\"14\">\n<li>N\u00famero de puertos: hasta 30000 puertos<\/li>\n<li>Capacidad del e-l\u00edquido: 13 mililitros<\/li>\n<li>Bater\u00eda: 680 mAh (recargable)<\/li>\n<li>Contenido de nicotina: 2% o 5% (seg\u00fan el gusto)<\/li>\n<li>Uso: Activaci\u00f3n por inhalaci\u00f3n<\/li>\n<li>Interfaz de carga: Tipo-C<\/li>\n<li>Rendimiento antica\u00eddas: Probado para soportar una ca\u00edda de 10 pisos<\/li>\n<li>Tama\u00f1o: 75,8 \u00d7 21,92 \u00d7 166,66 mil\u00edmetros<\/li>\n<li>Status: Ready to use upon unboxing<\/li>\n<li>Compatible con iPhone 13; iPhone 12 y 12 Pro; iPhone 14;<\/li>\n<\/ul>\n<h2 data-v-md-heading=\"complete-flavor-lineup\" data-v-md-line=\"24\">L\u00ednea completa de sabores<\/h2>\n<ul data-v-md-line=\"25\">\n<li>Lady Killer (2%)<\/li>\n<li>Haw\u00e1i (2%)<\/li>\n<li>Kiwi de maracuy\u00e1 (2%)<\/li>\n<li>Amor 66 (2%)<\/li>\n<li>Ar\u00e1ndanos y limones (2%)<\/li>\n<li>Helado de sand\u00eda (5%)<\/li>\n<li>Helado de ar\u00e1ndanos (5%)<\/li>\n<li>Casa de la Moneda de Miami (5%)<\/li>\n<li>Helado de manzana \u00e1cida (5%)<\/li>\n<li>Triple baya (5%)<\/li>\n<\/ul>\n<h2 data-v-md-heading=\"tailored-for-you-and-your-business\" data-v-md-line=\"36\">Dise\u00f1ado para usted y su negocio<\/h2>\n<p data-v-md-line=\"38\">La funda Saimeo Humo para iPhone 15 de 30k es un vaporizador desechable sencillo y f\u00e1cil de usar, ideal para uso personal. Si compras en tiendas f\u00edsicas o en l\u00ednea, tambi\u00e9n es conveniente comprar al por mayor. Las especificaciones del empaque son 5 y 100 unidades por caja.<\/p>\n<p data-v-md-line=\"40\">Sabemos que, adem\u00e1s del sabor, otros aspectos son igualmente importantes. Por eso, en AgoraVape nos comprometemos a ofrecer servicios de entrega convenientes en Europa y a trabajar con empresas de mensajer\u00eda confiables como UPS, DPD y DHL para garantizar que no tenga problemas con el despacho de aduanas y disfrute de una entrega predecible.<\/p>\n<h2 data-v-md-heading=\"reasons-why-you-will-like-it\" data-v-md-line=\"42\">Razones por las que te gustar\u00e1<\/h2>\n<ul data-v-md-line=\"43\">\n<li>Bater\u00eda de duraci\u00f3n ultralarga: mayor vida \u00fatil, sin necesidad de reemplazar dispositivos con frecuencia.<\/li>\n<li>Dos opciones de concentraci\u00f3n de nicotina: concentraci\u00f3n de nicotina del 2%, adecuada para usuarios que prefieren un sabor ligero;<\/li>\n<li>Concentraci\u00f3n de nicotina del 5%, adecuada para usuarios que disfrutan de sabores ricos (con mejor gusto).<\/li>\n<li>Recargable: Aseg\u00farate de que realmente puedas utilizar todo el e-l\u00edquido adquirido.<\/li>\n<li>Dise\u00f1o de la funda del tel\u00e9fono: agarre c\u00f3modo, no se resbala f\u00e1cilmente.<\/li>\n<li>Prueba de ca\u00edda: m\u00e1s duradero, incluso si se cae accidentalmente, no hay necesidad de preocuparse.<\/li>\n<\/ul>\n<h2 data-v-md-heading=\"why-choose-agoravape\" data-v-md-line=\"50\">\u00bfPor qu\u00e9 elegir AgoraVape?<\/h2>\n<p data-v-md-line=\"52\">AgoraVape se adhiere a un principio: nunca usar productos de baja calidad ni contrabandear cadenas de suministro desconocidas. Ofrecemos una garant\u00eda de producto 100% genuino, precios con descuento y soporte profesional, especialmente indicado para compras empresariales. Si desea comprar la funda Saimeo Humo para iPhone 15 de 30k y 30000 caladas, cont\u00e1ctenos y le ayudaremos a elegir la combinaci\u00f3n de sabor y concentraci\u00f3n de nicotina adecuada para sus clientes.<\/p>","protected":false},"excerpt":{"rendered":"<p>\u00bfCu\u00e1l es la particularidad de Saimeo Humo Case iPhone 15 30k 30000 pack vape? Si usted est\u00e1 cansado de desechables<\/p>","protected":false},"featured_media":22096,"comment_status":"open","ping_status":"closed","template":"","meta":[],"product_brand":[1663],"product_cat":[124,185,189,1637,174,191,1666,179,173,186,180,190],"product_tag":[],"class_list":{"0":"post-23813","1":"product","2":"type-product","3":"status-publish","4":"has-post-thumbnail","6":"product_brand-saimeo","7":"product_cat-vape-by-brand","8":"product_cat-10000-puffs-high-capacity","9":"product_cat-20mg-standard-nicotine-vapes","10":"product_cat-30000-puffs","11":"product_cat-fruit-flavors","12":"product_cat-rechargeable-disposables","13":"product_cat-saimeo","14":"product_cat-unique-blends","15":"product_cat-vape-by-flavor-profile","16":"product_cat-vape-by-nicotine-strength","17":"product_cat-vape-by-puff-count","18":"product_cat-vape-by-feature-or-type","20":"first","21":"instock","22":"shipping-taxable","23":"purchasable","24":"product-type-variable","25":"has-default-attributes"},"tiered_pricing_type":"percentage","tiered_pricing_fixed_rules":[],"tiered_pricing_product_settings":{"layout":"default","base_unit_name":{"singular":null,"plural":null},"default_variation":null},"tiered_pricing_minimum_quantity":10,"tiered_pricing_roles_data":[],"tiered_pricing_percentage_rules":{"30":"29","50":"35","100":"40","200":"44","500":"47","1000":"49"},"tiered_pricing_maximum_quantity":null,"tiered_pricing_quantity_step":"10","_links":{"self":[{"href":"https:\/\/agoravape.com\/es\/wp-json\/wp\/v2\/product\/23813","targetHints":{"allow":["GET"]}}],"collection":[{"href":"https:\/\/agoravape.com\/es\/wp-json\/wp\/v2\/product"}],"about":[{"href":"https:\/\/agoravape.com\/es\/wp-json\/wp\/v2\/types\/product"}],"replies":[{"embeddable":true,"href":"https:\/\/agoravape.com\/es\/wp-json\/wp\/v2\/comments?post=23813"}],"version-history":[{"count":0,"href":"https:\/\/agoravape.com\/es\/wp-json\/wp\/v2\/product\/23813\/revisions"}],"wp:featuredmedia":[{"embeddable":true,"href":"https:\/\/agoravape.com\/es\/wp-json\/wp\/v2\/media\/22096"}],"wp:attachment":[{"href":"https:\/\/agoravape.com\/es\/wp-json\/wp\/v2\/media?parent=23813"}],"wp:term":[{"taxonomy":"product_brand","embeddable":true,"href":"https:\/\/agoravape.com\/es\/wp-json\/wp\/v2\/product_brand?post=23813"},{"taxonomy":"product_cat","embeddable":true,"href":"https:\/\/agoravape.com\/es\/wp-json\/wp\/v2\/product_cat?post=23813"},{"taxonomy":"product_tag","embeddable":true,"href":"https:\/\/agoravape.com\/es\/wp-json\/wp\/v2\/product_tag?post=23813"}],"curies":[{"name":"wp","href":"https:\/\/api.w.org\/{rel}","templated":true}]}}