{"id":23827,"date":"2026-01-25T14:39:14","date_gmt":"2026-01-25T06:39:14","guid":{"rendered":"https:\/\/agoravape.com\/?post_type=product&#038;p=23827"},"modified":"2026-03-26T13:22:25","modified_gmt":"2026-03-26T12:22:25","slug":"saimeo-humo-funda-iphone-15-pro-30000","status":"publish","type":"product","link":"https:\/\/agoravape.com\/es\/product\/saimeo-humo-case-iphone-15-pro-30000\/","title":{"rendered":"Funda Saimeo Humo para iPhone 15 Pro 30k (30\u00a0000 caladas) | Tu funda para tel\u00e9fono y un vaporizador sin complicaciones"},"content":{"rendered":"<h2 data-v-md-heading=\"what-s-special-about-the-saimeo-humo-iphone-15-pro-30k-30000-port-phone-case\" data-v-md-line=\"3\">\u00bfQu\u00e9 tiene de especial la funda para tel\u00e9fono Saimeo Humo para iPhone 15 Pro 30k 30000 Port?<\/h2>\n<p data-v-md-line=\"5\">Si est\u00e1s cansado de llevar el vapeador en un bolsillo y el tel\u00e9fono en otro, la funda Saimeo Humo te soluciona este problema. Es una funda profesional para iPhone con vapeador integrado, que te permite usarla simplemente sacando el tel\u00e9fono.<\/p>\n<p data-v-md-line=\"7\">Puede que este producto te parezca voluminoso o llamativo, pero su filosof\u00eda de dise\u00f1o es tan pr\u00e1ctica como cualquier art\u00edculo de uso diario. En otras palabras, es ideal para quienes buscan comodidad, buen gusto y no quieren llenar sus bolsillos con cajones.<\/p>\n<h2 data-v-md-heading=\"excellent-performance-and-easy-operation\" data-v-md-line=\"9\">Excelente rendimiento y f\u00e1cil operaci\u00f3n.<\/h2>\n<p data-v-md-line=\"11\">Saimeo ha equipado este vaporizador con una bater\u00eda recargable de 680 mAh y un puerto de carga tipo C. As\u00ed, cuando la bater\u00eda est\u00e9 baja, podr\u00e1s usar el mismo cable que la mayor\u00eda de los dispositivos modernos. Sencillo y pr\u00e1ctico. Tiene una capacidad de 13 ml de e-l\u00edquido y est\u00e1 dise\u00f1ado con activaci\u00f3n por succi\u00f3n, sin necesidad de botones ni ajustes. \u00a1Cons\u00edguelo y disfruta del placer de fumar!<\/p>\n<h2 data-v-md-heading=\"quick-specifications\" data-v-md-line=\"13\">Especificaciones r\u00e1pidas<\/h2>\n<ul data-v-md-line=\"14\">\n<li>N\u00famero de puertos: hasta 30000 puertos<\/li>\n<li>Capacidad del e-l\u00edquido: 13 mililitros<\/li>\n<li>Bater\u00eda: 680 mAh (recargable)<\/li>\n<li>Contenido de nicotina: 2% o 5% (seg\u00fan el gusto)<\/li>\n<li>Uso: Inhalar para activar.<\/li>\n<li>Interfaz de carga: Tipo-C<\/li>\n<li>Protecci\u00f3n para tel\u00e9fono m\u00f3vil: super\u00f3 una prueba de ca\u00edda de 10 pisos<\/li>\n<li>Status: Ready to use out of the box<\/li>\n<li>Compatible con los tama\u00f1os de iPhone 12 y 12 Pro<\/li>\n<\/ul>\n<h2 data-v-md-heading=\"complete-flavor-lineup\" data-v-md-line=\"23\">L\u00ednea completa de sabores<\/h2>\n<ul data-v-md-line=\"24\">\n<li>Helado de sand\u00eda (5%)<\/li>\n<li>Helado de ar\u00e1ndanos (5%)<\/li>\n<li>Casa de la Moneda de Miami (5%)<\/li>\n<li>Helado de manzana \u00e1cida (5%)<\/li>\n<li>Triple baya (5%)<\/li>\n<li>Haw\u00e1i (2%)<\/li>\n<li>Maracuy\u00e1 y kiwi (2%)<\/li>\n<li>Melocot\u00f3n con miel (2%)<\/li>\n<\/ul>\n<h2 data-v-md-heading=\"suitable-for-you-and-your-business\" data-v-md-line=\"33\">Adecuado para usted y su negocio<\/h2>\n<p data-v-md-line=\"35\">Si buscas una funda sencilla, f\u00e1cil de usar y port\u00e1til, puedes pedir la funda Saimeo Humo para iPhone 15 Pro de 30k para uso personal. Si la compras para revenderla, este producto tambi\u00e9n es ideal para exhibir en el mostrador, ya que se puede apreciar su valor a simple vista.<\/p>\n<p data-v-md-line=\"37\">\u00bfNecesita ayuda para planificar pedidos al por mayor o seleccionar las combinaciones de sabores adecuadas? Contacte con el equipo de AgoraVape. Le brindaremos asesoramiento profesional y nos comunicaremos con empresas de log\u00edstica confiables como UPS, DPD y DHL para garantizar una entrega sin problemas.<\/p>\n<h2 data-v-md-heading=\"the-reason-why-you-will-like-it\" data-v-md-line=\"39\">The reason why you will like it<\/h2>\n<ul data-v-md-line=\"40\">\n<li>Integrado y conveniente: tu vaporizador se coloca junto con tu tel\u00e9fono, por lo que es poco probable que olvides llevarlo.<\/li>\n<li>Duradero y de larga duraci\u00f3n: duradero y de larga duraci\u00f3n, sin necesidad de reemplazo frecuente.<\/li>\n<li>Selecci\u00f3n de concentraci\u00f3n de nicotina: seg\u00fan su preferencia de gusto, elija una concentraci\u00f3n de nicotina del 2% o del 5%.<\/li>\n<li>Bater\u00eda recargable tipo C: permite aprovechar al m\u00e1ximo el e-l\u00edquido adquirido y evitar su eliminaci\u00f3n prematura.<\/li>\n<li>Protecci\u00f3n real: el dise\u00f1o de la carcasa protectora que ha sido sometido a pruebas de ca\u00eddas le brinda tranquilidad en el uso diario.<\/li>\n<\/ul>\n<h2 data-v-md-heading=\"why-choose-agoravape\" data-v-md-line=\"46\">\u00bfPor qu\u00e9 elegir AgoraVape?<\/h2>\n<p data-v-md-line=\"48\">Nos enfocamos en brindar soluciones directas y efectivas, adem\u00e1s de un inventario genuino. Al comprar productos en AgoraVape, recibir\u00e1 una garant\u00eda 100% genuina, un servicio de atenci\u00f3n al cliente atento y una log\u00edstica de entrega confiable. Si desea vender la funda Saimeo Humo para iPhone 15 Pro (capacidad de 30k, con capacidad para 30000 caladas), cont\u00e1ctenos y le ayudaremos a crear un pedido que le permita a sus clientes volver.<\/p>","protected":false},"excerpt":{"rendered":"<p>\u00bfQu\u00e9 tiene de especial la funda Saimeo Humo iPhone 15 Pro 30k 30000 port? Si est\u00e1s cansado de poner<\/p>","protected":false},"featured_media":22089,"comment_status":"open","ping_status":"closed","template":"","meta":[],"product_brand":[1663],"product_cat":[124,185,189,1637,174,191,1666,179,173,186,180,190],"product_tag":[],"class_list":{"0":"post-23827","1":"product","2":"type-product","3":"status-publish","4":"has-post-thumbnail","6":"product_brand-saimeo","7":"product_cat-vape-by-brand","8":"product_cat-10000-puffs-high-capacity","9":"product_cat-20mg-standard-nicotine-vapes","10":"product_cat-30000-puffs","11":"product_cat-fruit-flavors","12":"product_cat-rechargeable-disposables","13":"product_cat-saimeo","14":"product_cat-unique-blends","15":"product_cat-vape-by-flavor-profile","16":"product_cat-vape-by-nicotine-strength","17":"product_cat-vape-by-puff-count","18":"product_cat-vape-by-feature-or-type","20":"first","21":"instock","22":"shipping-taxable","23":"purchasable","24":"product-type-variable","25":"has-default-attributes"},"tiered_pricing_type":"percentage","tiered_pricing_fixed_rules":[],"tiered_pricing_product_settings":{"layout":"default","base_unit_name":{"singular":null,"plural":null},"default_variation":null},"tiered_pricing_minimum_quantity":10,"tiered_pricing_roles_data":[],"tiered_pricing_percentage_rules":{"30":"29","50":"35","100":"40","200":"44","500":"47","1000":"49"},"tiered_pricing_maximum_quantity":null,"tiered_pricing_quantity_step":"10","_links":{"self":[{"href":"https:\/\/agoravape.com\/es\/wp-json\/wp\/v2\/product\/23827","targetHints":{"allow":["GET"]}}],"collection":[{"href":"https:\/\/agoravape.com\/es\/wp-json\/wp\/v2\/product"}],"about":[{"href":"https:\/\/agoravape.com\/es\/wp-json\/wp\/v2\/types\/product"}],"replies":[{"embeddable":true,"href":"https:\/\/agoravape.com\/es\/wp-json\/wp\/v2\/comments?post=23827"}],"version-history":[{"count":0,"href":"https:\/\/agoravape.com\/es\/wp-json\/wp\/v2\/product\/23827\/revisions"}],"wp:featuredmedia":[{"embeddable":true,"href":"https:\/\/agoravape.com\/es\/wp-json\/wp\/v2\/media\/22089"}],"wp:attachment":[{"href":"https:\/\/agoravape.com\/es\/wp-json\/wp\/v2\/media?parent=23827"}],"wp:term":[{"taxonomy":"product_brand","embeddable":true,"href":"https:\/\/agoravape.com\/es\/wp-json\/wp\/v2\/product_brand?post=23827"},{"taxonomy":"product_cat","embeddable":true,"href":"https:\/\/agoravape.com\/es\/wp-json\/wp\/v2\/product_cat?post=23827"},{"taxonomy":"product_tag","embeddable":true,"href":"https:\/\/agoravape.com\/es\/wp-json\/wp\/v2\/product_tag?post=23827"}],"curies":[{"name":"wp","href":"https:\/\/api.w.org\/{rel}","templated":true}]}}