{"id":23840,"date":"2026-01-25T14:47:58","date_gmt":"2026-01-25T06:47:58","guid":{"rendered":"https:\/\/agoravape.com\/?post_type=product&#038;p=23840"},"modified":"2026-03-26T13:22:25","modified_gmt":"2026-03-26T12:22:25","slug":"saimeo-humo-funda-iphone-14-30000-puffs","status":"publish","type":"product","link":"https:\/\/agoravape.com\/es\/product\/saimeo-humo-case-iphone-14-30000-puffs\/","title":{"rendered":"Funda Saimeo Humo para iPhone 14 Pro (30k, 30000 caladas) | Protecci\u00f3n para el tel\u00e9fono + vaporizador recargable, f\u00e1cil de usar"},"content":{"rendered":"<h2 data-v-md-heading=\"what-s-special-about-the-saimeo-humo-iphone-14-pro-case-30k-30000-ports\" data-v-md-line=\"3\">\u00bfQu\u00e9 tiene de especial la funda Saimeo Humo para iPhone 14 Pro, con 30 000 puertos?<\/h2>\n<p data-v-md-line=\"5\">Si est\u00e1s cansado de llevar tu tel\u00e9fono y vaporizador en dos bolsillos separados, la funda Saimeo Humo es perfecta para ti. Es una funda para iPhone 14 Pro con un vaporizador desechable integrado. Se usa igual que una funda normal: simplemente col\u00f3cala en el tel\u00e9fono y aspira directamente cuando quieras. Sin botones ni operaciones tediosas.<\/p>\n<p data-v-md-line=\"7\">Quiz\u00e1s pienses que, con una capacidad de hasta 30\u00a0000 puertos, la funda deber\u00eda ser pesada, pero el concepto de dise\u00f1o de esta funda es precisamente la comodidad. Est\u00e1 dise\u00f1ada espec\u00edficamente para usuarios que buscan simplicidad y facilidad de uso, y que no quieren comprar dispositivos nuevos cada pocos d\u00edas.<\/p>\n<h2 data-v-md-heading=\"excellent-performance-and-easy-operation\" data-v-md-line=\"9\">Excelente rendimiento y f\u00e1cil operaci\u00f3n.<\/h2>\n<p data-v-md-line=\"11\">El concepto de dise\u00f1o de Saimeo es muy simple: se activa al inhalar y se abre inmediatamente. Cuando la bater\u00eda est\u00e1 baja, se puede cargar a trav\u00e9s de la interfaz Tipo-C, lo que permite seguir usando el e-l\u00edquido comprado y evitar el desperdicio prematuro. Adem\u00e1s, cuenta con un dise\u00f1o robusto comparable a las fundas de tel\u00e9fono profesionales, super\u00f3 una prueba de ca\u00edda de 10 pisos y no es un simple producto de imitaci\u00f3n para la parte trasera de un iPhone.<\/p>\n<h2 data-v-md-heading=\"quick-specifications\" data-v-md-line=\"13\">Especificaciones r\u00e1pidas<\/h2>\n<ul data-v-md-line=\"14\">\n<li>N\u00famero de puertos: hasta 30000 puertos<\/li>\n<li>Capacidad del e-l\u00edquido: 13 mililitros<\/li>\n<li>Capacidad de la bater\u00eda: 680 mAh<\/li>\n<li>Contenido de nicotina: 5%<\/li>\n<li>Uso: Inhalar para activar.<\/li>\n<li>Interfaz de carga: Interfaz tipo C<\/li>\n<li>Tama\u00f1o del equipo: 75,8 \u00d7 21,92 \u00d7 166,66 mil\u00edmetros<\/li>\n<li>Rendimiento antica\u00eddas: Probado para soportar una ca\u00edda desde una altura de 10 pisos.<\/li>\n<li>Listo para usar nada m\u00e1s sacarlo de la caja:<\/li>\n<\/ul>\n<h2 data-v-md-heading=\"complete-flavor-lineup\" data-v-md-line=\"24\">L\u00ednea completa de sabores<\/h2>\n<ul data-v-md-line=\"25\">\n<li>Watermelon Ice<\/li>\n<li>Helado de ar\u00e1ndanos<\/li>\n<li>Casa de la Moneda de Miami<\/li>\n<li>Sour apple ice<\/li>\n<li>Tr\u00edo Berry<\/li>\n<\/ul>\n<h2 data-v-md-heading=\"suitable-for-you-and-your-business\" data-v-md-line=\"31\">Adecuado para usted y su negocio<\/h2>\n<p data-v-md-line=\"33\">Si buscas una funda divertida y pr\u00e1ctica, la Saimeo Humo para iPhone 14 Pro 30k es la opci\u00f3n ideal. Si eres vendedor, esta funda tambi\u00e9n es f\u00e1cil de almacenar y transportar: viene en una caja de 5 unidades, con capacidad para 100 unidades (dimensiones de la caja: 47,8 \u00d7 32,4 \u00d7 41,5 cm, peso: 15,59 kg).<\/p>\n<p data-v-md-line=\"35\">Si compra en Europa, una entrega fiable es crucial. Por eso, nos centramos en colaborar con transportistas de confianza para ofrecerle opciones de entrega claras y garantizar que no se encuentre con imprevistos.<\/p>\n<h2 data-v-md-heading=\"the-reason-why-you-will-like-it\" data-v-md-line=\"37\">The reason why you will like it<\/h2>\n<ul data-v-md-line=\"38\">\n<li>Duradero y de larga duraci\u00f3n: duradero y de larga duraci\u00f3n, sin necesidad de reemplazo frecuente.<\/li>\n<li>Recargable: el dise\u00f1o de carga tipo C le ayuda a utilizar f\u00e1cilmente el e-l\u00edquido.<\/li>\n<li>Activaci\u00f3n por inhalaci\u00f3n: sin botones, sin necesidad de aprendizaje, f\u00e1cil y conveniente.<\/li>\n<li>Estuche protector real: dise\u00f1ado espec\u00edficamente para proteger tu tel\u00e9fono, no solo para contener vaporizadores.<\/li>\n<li>Rica selecci\u00f3n de sabores: Serie de sabores simples y familiares, f\u00e1ciles de vender y comprar.<\/li>\n<\/ul>\n<h2 data-v-md-heading=\"why-choose-to-collaborate-with-agoravape\" data-v-md-line=\"44\">Why choose to collaborate with AgoraVape?<\/h2>\n<p data-v-md-line=\"46\">En AgoraVape, siempre nos adherimos a nuestros principios m\u00e1s importantes: garant\u00eda de producto 100% genuino, respuestas honestas a preguntas y garant\u00eda de suministro confiable para clientes europeos. Para los compradores corporativos, esto significa soluciones mayoristas altamente competitivas, un servicio de atenci\u00f3n al cliente atento y opciones de env\u00edo flexibles, lo que facilita la organizaci\u00f3n. \u00bfQuieres comprar fundas Saimeo Humo para iPhone 14 Pro 30k con 30000 puertos? Cont\u00e1ctanos y te ofreceremos el plan de tienda que mejor se adapte a tus necesidades.<\/p>","protected":false},"excerpt":{"rendered":"<p>\u00bfQu\u00e9 tiene de especial la funda Saimeo Humo iPhone 14 Pro, 30k\/30000 puertos? Si est\u00e1s cansado de tener tu tel\u00e9fono y<\/p>","protected":false},"featured_media":22105,"comment_status":"open","ping_status":"closed","template":"","meta":[],"product_brand":[1663],"product_cat":[124,185,189,1637,174,191,1666,179,173,186,180,190],"product_tag":[],"class_list":{"0":"post-23840","1":"product","2":"type-product","3":"status-publish","4":"has-post-thumbnail","6":"product_brand-saimeo","7":"product_cat-vape-by-brand","8":"product_cat-10000-puffs-high-capacity","9":"product_cat-20mg-standard-nicotine-vapes","10":"product_cat-30000-puffs","11":"product_cat-fruit-flavors","12":"product_cat-rechargeable-disposables","13":"product_cat-saimeo","14":"product_cat-unique-blends","15":"product_cat-vape-by-flavor-profile","16":"product_cat-vape-by-nicotine-strength","17":"product_cat-vape-by-puff-count","18":"product_cat-vape-by-feature-or-type","20":"first","21":"instock","22":"shipping-taxable","23":"purchasable","24":"product-type-variable","25":"has-default-attributes"},"tiered_pricing_type":"percentage","tiered_pricing_fixed_rules":[],"tiered_pricing_product_settings":{"layout":"default","base_unit_name":{"singular":null,"plural":null},"default_variation":null},"tiered_pricing_minimum_quantity":10,"tiered_pricing_roles_data":[],"tiered_pricing_percentage_rules":{"30":"29","50":"35","100":"40","200":"44","500":"47","1000":"49"},"tiered_pricing_maximum_quantity":null,"tiered_pricing_quantity_step":"10","_links":{"self":[{"href":"https:\/\/agoravape.com\/es\/wp-json\/wp\/v2\/product\/23840","targetHints":{"allow":["GET"]}}],"collection":[{"href":"https:\/\/agoravape.com\/es\/wp-json\/wp\/v2\/product"}],"about":[{"href":"https:\/\/agoravape.com\/es\/wp-json\/wp\/v2\/types\/product"}],"replies":[{"embeddable":true,"href":"https:\/\/agoravape.com\/es\/wp-json\/wp\/v2\/comments?post=23840"}],"version-history":[{"count":0,"href":"https:\/\/agoravape.com\/es\/wp-json\/wp\/v2\/product\/23840\/revisions"}],"wp:featuredmedia":[{"embeddable":true,"href":"https:\/\/agoravape.com\/es\/wp-json\/wp\/v2\/media\/22105"}],"wp:attachment":[{"href":"https:\/\/agoravape.com\/es\/wp-json\/wp\/v2\/media?parent=23840"}],"wp:term":[{"taxonomy":"product_brand","embeddable":true,"href":"https:\/\/agoravape.com\/es\/wp-json\/wp\/v2\/product_brand?post=23840"},{"taxonomy":"product_cat","embeddable":true,"href":"https:\/\/agoravape.com\/es\/wp-json\/wp\/v2\/product_cat?post=23840"},{"taxonomy":"product_tag","embeddable":true,"href":"https:\/\/agoravape.com\/es\/wp-json\/wp\/v2\/product_tag?post=23840"}],"curies":[{"name":"wp","href":"https:\/\/api.w.org\/{rel}","templated":true}]}}