{"id":23885,"date":"2026-01-25T19:18:23","date_gmt":"2026-01-25T11:18:23","guid":{"rendered":"https:\/\/agoravape.com\/?post_type=product&#038;p=23885"},"modified":"2026-03-26T13:22:39","modified_gmt":"2026-03-26T12:22:39","slug":"bang-blaze-60k-60000-bocanadas","status":"publish","type":"product","link":"https:\/\/agoravape.com\/es\/product\/bang-blaze-60k-60000-puffs\/","title":{"rendered":"Bang Blaze 60k, 60.000 caladas, vaporizador 4 en 1 | Cuatro sabores de barril, un dispositivo duradero"},"content":{"rendered":"<h2 data-v-md-heading=\"what-is-the-special-feature-of-bang-blaze-60k-60000-mouth-4-in-1-flavor-vape\" data-v-md-line=\"3\"><img loading=\"lazy\" decoding=\"async\" class=\"aligncenter size-full wp-image-23904\" src=\"https:\/\/agoravape.com\/wp-content\/uploads\/2026\/01\/Bang-Blaze-60k-60000-Puffs-4in1-Flavor-Vape-Four-Flavours-On-Tap-One-Device-That-Lasts_Agora_vape-13-scaled.webp\" alt=\"\" width=\"2560\" height=\"1280\" srcset=\"https:\/\/agoravape.com\/wp-content\/uploads\/2026\/01\/Bang-Blaze-60k-60000-Puffs-4in1-Flavor-Vape-Four-Flavours-On-Tap-One-Device-That-Lasts_Agora_vape-13-scaled.webp 2560w, https:\/\/agoravape.com\/wp-content\/uploads\/2026\/01\/Bang-Blaze-60k-60000-Puffs-4in1-Flavor-Vape-Four-Flavours-On-Tap-One-Device-That-Lasts_Agora_vape-13-scaled-1200x600.webp 1200w, https:\/\/agoravape.com\/wp-content\/uploads\/2026\/01\/Bang-Blaze-60k-60000-Puffs-4in1-Flavor-Vape-Four-Flavours-On-Tap-One-Device-That-Lasts_Agora_vape-13-300x150.webp 300w, https:\/\/agoravape.com\/wp-content\/uploads\/2026\/01\/Bang-Blaze-60k-60000-Puffs-4in1-Flavor-Vape-Four-Flavours-On-Tap-One-Device-That-Lasts_Agora_vape-13-1024x512.webp 1024w, https:\/\/agoravape.com\/wp-content\/uploads\/2026\/01\/Bang-Blaze-60k-60000-Puffs-4in1-Flavor-Vape-Four-Flavours-On-Tap-One-Device-That-Lasts_Agora_vape-13-768x384.webp 768w, https:\/\/agoravape.com\/wp-content\/uploads\/2026\/01\/Bang-Blaze-60k-60000-Puffs-4in1-Flavor-Vape-Four-Flavours-On-Tap-One-Device-That-Lasts_Agora_vape-13-1536x768.webp 1536w, https:\/\/agoravape.com\/wp-content\/uploads\/2026\/01\/Bang-Blaze-60k-60000-Puffs-4in1-Flavor-Vape-Four-Flavours-On-Tap-One-Device-That-Lasts_Agora_vape-13-2048x1024.webp 2048w, https:\/\/agoravape.com\/wp-content\/uploads\/2026\/01\/Bang-Blaze-60k-60000-Puffs-4in1-Flavor-Vape-Four-Flavours-On-Tap-One-Device-That-Lasts_Agora_vape-13-18x9.webp 18w\" sizes=\"auto, (max-width: 2560px) 100vw, 2560px\" \/><\/h2>\n<h2 data-v-md-heading=\"what-is-the-special-feature-of-bang-blaze-60k-60000-mouth-4-in-1-flavor-vape\" data-v-md-line=\"3\">\u00bfCu\u00e1l es la caracter\u00edstica especial del vaporizador de sabor 4 en 1 Bang Blaze 60K de 60000 bocas?<\/h2>\n<p data-v-md-line=\"5\">Si est\u00e1s cansado de los vapeadores desechables que solo duran un d\u00eda y pierden su sabor r\u00e1pidamente, este producto es sin duda tu opci\u00f3n ideal. El Bang Blaze 60K ofrece una bater\u00eda de hasta 60\u00a0000 puertos y (\u00e9nfasis a\u00f1adido) incluye cuatro sabores, lo que te permite cambiar cuando te canses.<\/p>\n<p data-v-md-line=\"7\">Quiz\u00e1s pienses que vapear tantas bocanadas es un peso enorme, pero es mucho m\u00e1s ligero de lo que imaginas. Est\u00e1 dise\u00f1ado para quienes desean disfrutar de una comida deliciosa durante mucho tiempo sin tener que configurarlo todo. Simplemente t\u00f3malo, dale un sorbo y contin\u00faa con tu d\u00eda.<\/p>\n<h2 data-v-md-heading=\"excellent-performance-and-easy-operation\" data-v-md-line=\"9\">Excelente rendimiento y f\u00e1cil operaci\u00f3n.<\/h2>\n<p data-v-md-line=\"11\">Bang utiliza bobinas de malla de 1.0 \u03a9 para que el sabor sea m\u00e1s estable y evite la p\u00e9rdida de intensidad. Su bater\u00eda de 650 mAh admite carga tipo C. Cuando la bater\u00eda est\u00e9 baja, simplemente usa el mismo cable de datos que usas habitualmente para cargar tu tel\u00e9fono f\u00e1cilmente. Olv\u00eddate de las tediosas operaciones y de buscar un cargador espec\u00edfico.<\/p>\n<h2 data-v-md-heading=\"quick-specifications\" data-v-md-line=\"13\">Especificaciones r\u00e1pidas<\/h2>\n<ul data-v-md-line=\"14\">\n<li>Frecuencia de tabaquismo: hasta 60.000<\/li>\n<li>Capacidad del e-l\u00edquido: 56 mililitros<\/li>\n<li>Bater\u00eda: 650 mAh (recargable)<\/li>\n<li>Atomizing core: 1.0 \u03a9 mesh atomizing core<\/li>\n<li>Uso: Inhalar para activar.<\/li>\n<li>M\u00e9todo de carga: Interfaz USB tipo C<\/li>\n<li>Status: Ready to use out of the box<\/li>\n<li>Sabores incluidos en cada dispositivo: combinaci\u00f3n de sabores 4 en 1<\/li>\n<\/ul>\n<h2 data-v-md-heading=\"complete-flavor-lineup\" data-v-md-line=\"23\">L\u00ednea completa de sabores<\/h2>\n<p data-v-md-line=\"25\">Cada dispositivo contiene 4 combinaciones de sabores. Los siguientes son sabores opcionales:<\/p>\n<ul data-v-md-line=\"26\">\n<li>Hielo de sand\u00eda\/Menta de ar\u00e1ndano\/Hielo de Fuji\/Romance de lima<\/li>\n<li>Hielo de sand\u00eda\/Ar\u00e1ndano y cereza\/Verano\/Mango y pi\u00f1a agria<\/li>\n<li>Helado de ar\u00e1ndanos\/Helado de melocot\u00f3n\/Az\u00facar arco\u00edris\/Lim\u00f3n y naranja<\/li>\n<li>Ar\u00e1ndano helado\/Melocot\u00f3n, mango, sand\u00eda\/Beso apasionado\/Manzana mel\u00f3n<\/li>\n<li>Ar\u00e1ndanos, frambuesas, frutos rojos mixtos, cerezas de California, maracuy\u00e1 y mangos.<\/li>\n<li>Ar\u00e1ndanos, frambuesas, helado de uva, helado de bayas, aloe vera, mango, mel\u00f3n dulce<\/li>\n<li>Bebidas energ\u00e9ticas\/fresas, pl\u00e1tanos, mangos, melocotones, albaricoques, maracuy\u00e1, kiwi, lima<\/li>\n<li>Bebida energ\u00e9tica\/Sand\u00eda y ar\u00e1ndanos\/Frambuesa y manzana \u00e1cida\/Gomitas de osito de peluche<\/li>\n<li>Mango de fresa\/Chicle de sand\u00eda\/Mojito rojo\/Love66<\/li>\n<li>Fresa Mango\/Fresa Kiwi\/Manzana Uva\/Sand\u00eda Fruta del drag\u00f3n<\/li>\n<li>Sand\u00eda fresa\/Hielo negro\/Trece melones\/Uvas ar\u00e1ndano<\/li>\n<li>Fresa sand\u00eda\/kiwi maracuy\u00e1 guayaba\/mango helado\/sand\u00eda melocot\u00f3n agrio<\/li>\n<\/ul>\n<h2 data-v-md-heading=\"suitable-for-you-and-your-business\" data-v-md-line=\"39\">Adecuado para usted y su negocio<\/h2>\n<ul data-v-md-line=\"40\">\n<li>Bang Blaze 60k 4 en 1 es un vaporizador desechable sencillo y f\u00e1cil de usar. Si lo compras en una tienda f\u00edsica o en l\u00ednea, tambi\u00e9n es ideal para quienes buscan una experiencia de trago abundante pero no quieren usar el mismo sabor durante varias semanas seguidas.<\/li>\n<\/ul>\n<p data-v-md-line=\"42\">\u00bfNecesita una entrega sin contratiempos dentro de Europa? Podemos ayudarle a elegir el plan de transporte adecuado para garantizar que todo transcurra sin contratiempos y evitar problemas aduaneros y costes inesperados.<\/p>\n<h2 data-v-md-heading=\"the-reason-why-you-will-like-it\" data-v-md-line=\"44\">The reason why you will like it<\/h2>\n<ul data-v-md-line=\"45\">\n<li>Bater\u00eda de duraci\u00f3n ultralarga: duradera y de larga duraci\u00f3n, lo que reduce la cantidad de reemplazos y ahorra tiempo y esfuerzo.<\/li>\n<li>Cuatro en un sabor: cambia de sabor a voluntad sin necesidad de comprar cuatro dispositivos.<\/li>\n<li>Carga tipo C: te ayuda a aprovechar al m\u00e1ximo el e-l\u00edquido que compras.<\/li>\n<li>N\u00facleo atomizador de malla: garantiza un sabor consistente desde el primer bocado hasta el \u00faltimo bocado.<\/li>\n<\/ul>\n<h2 data-v-md-heading=\"why-choose-to-collaborate-with-agoravape\" data-v-md-line=\"50\">Why choose to collaborate with AgoraVape?<\/h2>\n<p data-v-md-line=\"52\">AgoraVape se centra en un inventario aut\u00e9ntico e informaci\u00f3n clara y pr\u00e1ctica sobre los productos, en lugar de publicidad enga\u00f1osa. Para los clientes corporativos, esto significa un suministro confiable, un soporte atento y una entrega r\u00e1pida de los vapeadores Bang Blaze 60k 60000 con cuatro sabores en uno. \u00bfDesea conocer los detalles de venta al por mayor y el estado actual del inventario? Cont\u00e1ctenos; estaremos encantados de atenderle.<\/p>\n<p><script src=\"chrome-extension:\/\/fpelahbljekknahkcaegamhcndkfpfnc\/iFrame.js\" type=\"text\/javascript\"><\/script><\/p>","protected":false},"excerpt":{"rendered":"<p>&nbsp;<\/p>\n<p><script src=\"chrome-extension:\/\/fpelahbljekknahkcaegamhcndkfpfnc\/iFrame.js\" type=\"text\/javascript\"><\/script><\/p>","protected":false},"featured_media":23903,"comment_status":"open","ping_status":"closed","template":"","meta":[],"product_brand":[197],"product_cat":[124,187,188,189,1642,123,1674,174,193,191,179,173,186,180,190,192],"product_tag":[],"class_list":{"0":"post-23885","1":"product","2":"type-product","3":"status-publish","4":"has-post-thumbnail","6":"product_brand-bang","7":"product_cat-vape-by-brand","8":"product_cat-0mg-nicotine-free-vapes","9":"product_cat-10mg-low-nicotine-vapes","10":"product_cat-20mg-standard-nicotine-vapes","11":"product_cat-60000-puffs","12":"product_cat-bang","13":"product_cat-eu-warehouse","14":"product_cat-fruit-flavors","15":"product_cat-mesh-coil","16":"product_cat-rechargeable-disposables","17":"product_cat-unique-blends","18":"product_cat-vape-by-flavor-profile","19":"product_cat-vape-by-nicotine-strength","20":"product_cat-vape-by-puff-count","21":"product_cat-vape-by-feature-or-type","22":"product_cat-vapes-with-screens","24":"first","25":"instock","26":"shipping-taxable","27":"purchasable","28":"product-type-variable","29":"has-default-attributes"},"tiered_pricing_type":"percentage","tiered_pricing_fixed_rules":[],"tiered_pricing_product_settings":{"layout":"default","base_unit_name":{"singular":null,"plural":null},"default_variation":null},"tiered_pricing_minimum_quantity":10,"tiered_pricing_roles_data":[],"tiered_pricing_percentage_rules":{"30":"10","50":"18","100":"26","200":"33","500":"38","1000":"44"},"tiered_pricing_maximum_quantity":null,"tiered_pricing_quantity_step":"10","_links":{"self":[{"href":"https:\/\/agoravape.com\/es\/wp-json\/wp\/v2\/product\/23885","targetHints":{"allow":["GET"]}}],"collection":[{"href":"https:\/\/agoravape.com\/es\/wp-json\/wp\/v2\/product"}],"about":[{"href":"https:\/\/agoravape.com\/es\/wp-json\/wp\/v2\/types\/product"}],"replies":[{"embeddable":true,"href":"https:\/\/agoravape.com\/es\/wp-json\/wp\/v2\/comments?post=23885"}],"version-history":[{"count":0,"href":"https:\/\/agoravape.com\/es\/wp-json\/wp\/v2\/product\/23885\/revisions"}],"wp:featuredmedia":[{"embeddable":true,"href":"https:\/\/agoravape.com\/es\/wp-json\/wp\/v2\/media\/23903"}],"wp:attachment":[{"href":"https:\/\/agoravape.com\/es\/wp-json\/wp\/v2\/media?parent=23885"}],"wp:term":[{"taxonomy":"product_brand","embeddable":true,"href":"https:\/\/agoravape.com\/es\/wp-json\/wp\/v2\/product_brand?post=23885"},{"taxonomy":"product_cat","embeddable":true,"href":"https:\/\/agoravape.com\/es\/wp-json\/wp\/v2\/product_cat?post=23885"},{"taxonomy":"product_tag","embeddable":true,"href":"https:\/\/agoravape.com\/es\/wp-json\/wp\/v2\/product_tag?post=23885"}],"curies":[{"name":"wp","href":"https:\/\/api.w.org\/{rel}","templated":true}]}}